{"id":4421,"date":"2021-12-03T15:46:35","date_gmt":"2021-12-03T15:46:35","guid":{"rendered":"https:\/\/www.zirasilah.com.tr\/?page_id=4421"},"modified":"2022-10-19T13:30:09","modified_gmt":"2022-10-19T13:30:09","slug":"guvenlik","status":"publish","type":"page","link":"https:\/\/www.zirasilah.com.tr\/ru\/%d0%be%d1%82%d0%bd%d0%be%d1%88%d0%b5%d0%bd%d0%b8%d1%8f-%d1%81-%d0%ba%d0%bb%d0%b8%d0%b5%d0%bd%d1%82%d0%b0%d0%bc%d0%b8\/%d0%b1%d0%b5%d0%b7%d0%be%d0%bf%d0%b0%d1%81%d0%bd%d0%be%d1%81%d1%82%d1%8c\/","title":{"rendered":"\u0411\u0435\u0437\u043e\u043f\u0430\u0441\u043d\u043e\u0441\u0442\u044c"},"content":{"rendered":"<div style=\"max-width:1300px;\" class=\"nm-row nm-row-boxed nm-row-max-width vc_row wpb_row nm-row-flex nm-row-col-middle  vc_custom_1630483776074\"><div class=\"nm_column wpb_column vc_column_container col-sm-12 vc_custom_1439335914871\"><div class=\"vc_column-inner\"><div class=\"wpb_wrapper\"><div class=\"vc_empty_space\"   style=\"height: 50px\"><span class=\"vc_empty_space_inner\"><\/span><\/div><div class=\"vc_empty_space\"   style=\"height: 20px\"><span class=\"vc_empty_space_inner\"><\/span><\/div><\/div><\/div><\/div><\/div><div class=\"nm-row nm-row-full vc_row wpb_row  vc_custom_1639573426437\"><div class=\"nm_column wpb_column vc_column_container col-sm-12 hidden-md hidden-sm hidden-xs\"><div class=\"vc_column-inner\"><div class=\"wpb_wrapper\">\n\t<div class=\"wpb_text_column wpb_content_element\" >\n\t\t<div class=\"wpb_wrapper\">\n\t\t\t\t\t\t<!-- Flexy Breadcrumb -->\r\n\t\t\t<div class=\"fbc fbc-page\">\r\n\r\n\t\t\t\t<!-- Breadcrumb wrapper -->\r\n\t\t\t\t<div class=\"fbc-wrap\">\r\n\r\n\t\t\t\t\t<!-- Ordered list-->\r\n\t\t\t\t\t<ol class=\"fbc-items\" itemscope itemtype=\"https:\/\/schema.org\/BreadcrumbList\">\r\n\t\t\t\t\t\t            <li itemprop=\"itemListElement\" itemscope itemtype=\"https:\/\/schema.org\/ListItem\">\r\n                <span itemprop=\"name\">\r\n                    <!-- Home Link -->\r\n                    <a itemprop=\"item\" href=\"https:\/\/www.zirasilah.com.tr\/ru\">\r\n                    \r\n                        \u041f\u041e\u0414\u041f\u0418\u0421\u0410\u0422\u042c\u0421\u042f                    <\/a>\r\n                <\/span>\r\n                <meta itemprop=\"position\" content=\"1\" \/><!-- Meta Position-->\r\n             <\/li><li><span class=\"fbc-separator\">\/<\/span><\/li><li class=\"active\" itemprop=\"itemListElement\" itemscope itemtype=\"https:\/\/schema.org\/ListItem\"><span itemprop=\"name\" title=\"Blog\">Blog<\/span><meta itemprop=\"position\" content=\"2\" \/><\/li>\t\t\t\t\t<\/ol>\r\n\t\t\t\t\t<div class=\"clearfix\"><\/div>\r\n\t\t\t\t<\/div>\r\n\t\t\t<\/div>\r\n\t\t\t\n\n\t\t<\/div>\n\t<\/div>\n<\/div><\/div><\/div><\/div><div style=\"max-width:1300px;\" class=\"nm-row nm-row-boxed nm-row-max-width vc_row wpb_row nm-row-flex nm-row-col-middle  vc_custom_1638013014177\"><div class=\"nm_column wpb_column vc_column_container col-sm-10 vc_custom_1439335914871\"><div class=\"vc_column-inner\"><div class=\"wpb_wrapper\"><div class=\"vc_empty_space\"   style=\"height: 40px\"><span class=\"vc_empty_space_inner\"><\/span><\/div><h2 style=\"font-size: 48px;color: #000000;text-align: left;font-family:Open Sans Condensed;font-weight:700;font-style:normal\" class=\"vc_custom_heading\" >\u0411\u0415\u0417\u041e\u041f\u0410\u0421\u041d\u041e\u0421\u0422\u042c<\/h2><div class=\"vc_empty_space\"   style=\"height: 40px\"><span class=\"vc_empty_space_inner\"><\/span><\/div><h4 style=\"font-size: 48px;color: #000000;text-align: left;font-family:Open Sans Condensed;font-weight:700;font-style:normal\" class=\"vc_custom_heading\" >\u0420\u0423\u041a\u041e\u0412\u041e\u0414\u0421\u0422\u0412\u041e \u041f\u041e \u0411\u0415\u0417\u041e\u041f\u0410\u0421\u041d\u041e\u041c\u0423 \u041e\u0411\u0420\u0410\u0429\u0415\u041d\u0418\u042e \u0421 \u041e\u0420\u0423\u0416\u0418\u0415\u041c<\/h4>\n\t<div class=\"wpb_text_column wpb_content_element\" >\n\t\t<div class=\"wpb_wrapper\">\n\t\t\t<p><span style=\"font-size: 14px; color: #444444;\">\u041b\u0438\u0446\u043e, \u0438\u0441\u043f\u043e\u043b\u044c\u0437\u0443\u044e\u0449\u0435\u0435 \u043f\u0438\u0441\u0442\u043e\u043b\u0435\u0442, \u043d\u0435\u0441\u0435\u0442 \u043e\u0442\u0432\u0435\u0442\u0441\u0442\u0432\u0435\u043d\u043d\u043e\u0441\u0442\u044c \u0437\u0430 \u043f\u0440\u0435\u0434\u043e\u0442\u0432\u0440\u0430\u0449\u0435\u043d\u0438\u0435 \u043d\u0435\u0441\u0447\u0430\u0441\u0442\u043d\u044b\u0445 \u0441\u043b\u0443\u0447\u0430\u0435\u0432. \u041d\u0435\u0437\u0430\u0432\u0438\u0441\u0438\u043c\u043e \u043e\u0442 \u0446\u0435\u043b\u0438, \u043d\u0438\u043a\u043e\u0433\u0434\u0430 \u043d\u0435\u043b\u044c\u0437\u044f \u0448\u0443\u0442\u0438\u0442\u044c \u0441 \u043f\u0438\u0441\u0442\u043e\u043b\u0435\u0442\u043e\u043c. <\/span><\/p>\n\n\t\t<\/div>\n\t<\/div>\n\n\t<div class=\"wpb_text_column wpb_content_element\" >\n\t\t<div class=\"wpb_wrapper\">\n\t\t\t<p><span style=\"font-size: 14px; color: #444444;\">\u0421\u043e\u0431\u043b\u044e\u0434\u0430\u0439\u0442\u0435 \u043f\u0440\u0430\u0432\u0438\u043b\u0430 \u0431\u0435\u0437\u043e\u043f\u0430\u0441\u043d\u043e\u0441\u0442\u0438 \u0438 \u0441\u0434\u0435\u043b\u0430\u0439\u0442\u0435 \u044d\u0442\u043e \u043f\u0440\u0438\u0432\u044b\u0447\u043a\u043e\u0439. <\/span><\/p>\n\n\t\t<\/div>\n\t<\/div>\n\n\t<div class=\"wpb_text_column wpb_content_element\" >\n\t\t<div class=\"wpb_wrapper\">\n\t\t\t<p><span style=\"font-size: 14px; color: #444444;\">\u0412\u0441\u0435\u0433\u0434\u0430 \u0441\u0447\u0438\u0442\u0430\u0439\u0442\u0435, \u0447\u0442\u043e \u0432\u0430\u0448 \u043f\u0438\u0441\u0442\u043e\u043b\u0435\u0442 \u0437\u0430\u0440\u044f\u0436\u0435\u043d. \u0414\u0435\u0440\u0436\u0438\u0442\u0435 \u043f\u0438\u0441\u0442\u043e\u043b\u0435\u0442 \u0440\u0430\u0437\u0440\u044f\u0436\u0435\u043d\u043d\u044b\u043c, \u043a\u043e\u0433\u0434\u0430 \u043e\u043d \u043d\u0435 \u0438\u0441\u043f\u043e\u043b\u044c\u0437\u0443\u0435\u0442\u0441\u044f. <\/span><\/p>\n\n\t\t<\/div>\n\t<\/div>\n\n\t<div class=\"wpb_text_column wpb_content_element\" >\n\t\t<div class=\"wpb_wrapper\">\n\t\t\t<p><span style=\"font-size: 14px; color: #444444;\">\u0423\u0431\u0435\u0434\u0438\u0442\u0435\u0441\u044c, \u0447\u0442\u043e \u0432\u044b \u0438\u0441\u043f\u043e\u043b\u044c\u0437\u0443\u0435\u0442\u0435 \u043f\u043e\u0434\u0445\u043e\u0434\u044f\u0449\u0438\u0439 \u043f\u0430\u0442\u0440\u043e\u043d \u0438 \u0442\u0438\u043f \u043f\u0443\u043b\u0438. \u0414\u0435\u0440\u0436\u0438\u0442\u0435 \u043f\u0438\u0441\u0442\u043e\u043b\u0435\u0442 \u0438 \u043f\u0430\u0442\u0440\u043e\u043d\u044b \u0432\u0434\u0430\u043b\u0438 \u043e\u0442 \u0432\u043b\u0430\u0433\u0438 \u0438 \u0441\u044b\u0440\u043e\u0441\u0442\u0438. <\/span><\/p>\n\n\t\t<\/div>\n\t<\/div>\n\n\t<div class=\"wpb_text_column wpb_content_element\" >\n\t\t<div class=\"wpb_wrapper\">\n\t\t\t<p><span style=\"font-size: 14px; color: #444444;\">\u0414\u0435\u0440\u0436\u0438\u0442\u0435 \u043f\u0438\u0441\u0442\u043e\u043b\u0435\u0442 \u0438 \u043f\u0430\u0442\u0440\u043e\u043d\u044b \u0432\u0434\u0430\u043b\u0438 \u043e\u0442 \u0432\u043b\u0430\u0433\u0438 \u0438 \u0441\u044b\u0440\u043e\u0441\u0442\u0438. <\/span><\/p>\n\n\t\t<\/div>\n\t<\/div>\n\n\t<div class=\"wpb_text_column wpb_content_element\" >\n\t\t<div class=\"wpb_wrapper\">\n\t\t\t<p><span style=\"font-size: 14px; color: #444444;\">\u041d\u0435 \u0445\u0440\u0430\u043d\u0438\u0442\u0435 \u043f\u0430\u0442\u0440\u043e\u043d\u044b \u0432 \u043f\u0430\u0442\u0440\u043e\u043d\u043d\u0438\u043a\u0435 \u0441\u0442\u0432\u043e\u043b\u0430, \u0435\u0441\u043b\u0438 \u043d\u0435\u0442 \u043d\u0435\u043f\u043e\u0441\u0440\u0435\u0434\u0441\u0442\u0432\u0435\u043d\u043d\u043e\u0439 \u043e\u043f\u0430\u0441\u043d\u043e\u0441\u0442\u0438.\n\u0415\u0441\u043b\u0438 \u0432\u0430\u0448 \u043f\u0438\u0441\u0442\u043e\u043b\u0435\u0442 \u043d\u0435\u043e\u0431\u0445\u043e\u0434\u0438\u043c\u043e \u043d\u043e\u0441\u0438\u0442\u044c \u0432 \u043f\u043e\u043b\u043e\u0436\u0435\u043d\u0438\u0438 \u00ab\u0433\u043e\u0442\u043e\u0432 \u043a \u0441\u0442\u0440\u0435\u043b\u044c\u0431\u0435\u00bb, \u0437\u0430\u043a\u0440\u043e\u0439\u0442\u0435 \u043f\u0440\u0435\u0434\u043e\u0445\u0440\u0430\u043d\u0438\u0442\u0435\u043b\u044c\u043d\u0443\u044e \u0437\u0430\u0449\u0435\u043b\u043a\u0443. \u041f\u0440\u0435\u0434\u043e\u0445\u0440\u0430\u043d\u0438\u0442\u0435\u043b\u044c \u0434\u043e\u043b\u0436\u0435\u043d \u043d\u0430\u0445\u043e\u0434\u0438\u0442\u044c\u0441\u044f \u0432 \u043f\u043e\u043b\u043e\u0436\u0435\u043d\u0438\u0438 \u00ab\u0411\u0415\u0417\u041e\u041f\u0410\u0421\u041d\u041e\u0421\u0422\u042c\u00bb, \u0447\u0442\u043e\u0431\u044b \u043f\u0438\u0441\u0442\u043e\u043b\u0435\u0442 \u0431\u044b\u043b \u0432 \u0431\u0435\u0437\u043e\u043f\u0430\u0441\u043d\u043e\u0441\u0442\u0438. <\/span><\/p>\n\n\t\t<\/div>\n\t<\/div>\n\n\t<div class=\"wpb_text_column wpb_content_element\" >\n\t\t<div class=\"wpb_wrapper\">\n\t\t\t<p><span style=\"font-size: 14px; color: #444444;\">\u041d\u0435 \u043d\u0430\u043f\u0440\u0430\u0432\u043b\u044f\u0439\u0442\u0435 \u043f\u0438\u0441\u0442\u043e\u043b\u0435\u0442 \u043d\u0430 \u0436\u0438\u0432\u0443\u044e \u0446\u0435\u043b\u044c \u0438\u043b\u0438 \u043d\u0430 \u043e\u0431\u044a\u0435\u043a\u0442\u044b, \u0432 \u043a\u043e\u0442\u043e\u0440\u044b\u0435 \u0432\u044b \u043d\u0435 \u0445\u043e\u0442\u0438\u0442\u0435 \u0441\u0442\u0440\u0435\u043b\u044f\u0442\u044c. <\/span><\/p>\n\n\t\t<\/div>\n\t<\/div>\n\n\t<div class=\"wpb_text_column wpb_content_element\" >\n\t\t<div class=\"wpb_wrapper\">\n\t\t\t<p><span style=\"font-size: 14px; color: #444444;\">\u041a\u043e\u0441\u043d\u0438\u0442\u0435\u0441\u044c \u043a\u0443\u0440\u043a\u0430 \u0442\u043e\u043b\u044c\u043a\u043e \u0434\u043b\u044f \u0441\u0442\u0440\u0435\u043b\u044c\u0431\u044b. \u0412 \u043f\u0440\u043e\u0442\u0438\u0432\u043d\u043e\u043c \u0441\u043b\u0443\u0447\u0430\u0435 \u043d\u0435 \u0434\u0435\u0440\u0436\u0438\u0442\u0435 \u043f\u0430\u043b\u0435\u0446 \u043d\u0430 \u0441\u043f\u0443\u0441\u043a\u043e\u0432\u043e\u043c \u043a\u0440\u044e\u0447\u043a\u0435.<\/span><\/p>\n\n\t\t<\/div>\n\t<\/div>\n\n\t<div class=\"wpb_text_column wpb_content_element\" >\n\t\t<div class=\"wpb_wrapper\">\n\t\t\t<p><span style=\"font-size: 14px; color: #444444;\">\u041f\u0440\u0438 \u0437\u0430\u0440\u044f\u0436\u0430\u043d\u0438\u0438 \u0438 \u0440\u0430\u0437\u0440\u044f\u0436\u0430\u043d\u0438\u0438 \u043f\u0438\u0441\u0442\u043e\u043b\u0435\u0442\u0430 \u043d\u0430\u043f\u0440\u0430\u0432\u043b\u044f\u0439\u0442\u0435 \u0441\u0442\u0432\u043e\u043b \u0432 \u0431\u0435\u0437\u043e\u043f\u0430\u0441\u043d\u043e\u043c \u043d\u0430\u043f\u0440\u0430\u0432\u043b\u0435\u043d\u0438\u0438.<\/span><\/p>\n\n\t\t<\/div>\n\t<\/div>\n\n\t<div class=\"wpb_text_column wpb_content_element\" >\n\t\t<div class=\"wpb_wrapper\">\n\t\t\t<p><span style=\"font-size: 14px; color: #444444;\">\u0412\u043e \u0438\u0437\u0431\u0435\u0436\u0430\u043d\u0438\u0435 \u043e\u043f\u0430\u0441\u043d\u044b\u0445 \u0440\u0438\u043a\u043e\u0448\u0435\u0442\u043e\u0432 \u043d\u0435 \u0441\u0442\u0440\u0435\u043b\u044f\u0439\u0442\u0435 \u043f\u043e \u0442\u0432\u0435\u0440\u0434\u044b\u043c \u043f\u043e\u0432\u0435\u0440\u0445\u043d\u043e\u0441\u0442\u044f\u043c \u0438\u043b\u0438 \u0432\u043e\u0434\u0435. \u041d\u0435 \u043f\u0435\u0439\u0442\u0435 \u0430\u043b\u043a\u043e\u0433\u043e\u043b\u044c \u0438 \u043d\u0435 \u043f\u0440\u0438\u043d\u0438\u043c\u0430\u0439\u0442\u0435 \u043d\u0430\u0440\u043a\u043e\u0442\u0438\u043a\u0438, \u0438\u043c\u0435\u044f \u043f\u0440\u0438 \u0441\u0435\u0431\u0435 \u043f\u0438\u0441\u0442\u043e\u043b\u0435\u0442.<\/span><\/p>\n\n\t\t<\/div>\n\t<\/div>\n\n\t<div class=\"wpb_text_column wpb_content_element\" >\n\t\t<div class=\"wpb_wrapper\">\n\t\t\t<p><span style=\"font-size: 14px; color: #444444;\">Tabanca ta\u015f\u0131rken alkol ve uyu\u015fturucu ila\u00e7 almay\u0131n.<\/span><\/p>\n\n\t\t<\/div>\n\t<\/div>\n\n\t<div class=\"wpb_text_column wpb_content_element\" >\n\t\t<div class=\"wpb_wrapper\">\n\t\t\t<p><span style=\"font-size: 14px; color: #444444;\">\u041e\u0431\u044f\u0437\u0430\u0442\u0435\u043b\u044c\u043d\u043e \u0438\u0441\u043f\u043e\u043b\u044c\u0437\u0443\u0439\u0442\u0435 \u0447\u0438\u0441\u0442\u044b\u0439 \u0438 \u0443\u0445\u043e\u0436\u0435\u043d\u043d\u044b\u0439 \u043f\u0438\u0441\u0442\u043e\u043b\u0435\u0442. \u041f\u043e\u0434\u0434\u0435\u0440\u0436\u0438\u0432\u0430\u0439\u0442\u0435 \u0435\u0433\u043e \u0440\u0435\u0433\u0443\u043b\u044f\u0440\u043d\u043e. <\/span><\/p>\n\n\t\t<\/div>\n\t<\/div>\n\n\t<div class=\"wpb_text_column wpb_content_element\" >\n\t\t<div class=\"wpb_wrapper\">\n\t\t\t<p><span style=\"font-size: 14px; color: #444444;\">\u0414\u0435\u0440\u0436\u0438\u0442\u0435 \u043f\u0438\u0441\u0442\u043e\u043b\u0435\u0442 \u0432 \u043d\u0435\u0434\u043e\u0441\u0442\u0443\u043f\u043d\u043e\u043c \u0434\u043b\u044f \u043d\u0435\u043e\u0441\u0432\u0435\u0434\u043e\u043c\u043b\u0435\u043d\u043d\u044b\u0445 \u043b\u0438\u0446 \u0438 \u0434\u0435\u0442\u0435\u0439 \u043c\u0435\u0441\u0442\u0435.<\/span><\/p>\n\n\t\t<\/div>\n\t<\/div>\n<div class=\"vc_empty_space\"   style=\"height: 40px\"><span class=\"vc_empty_space_inner\"><\/span><\/div><\/div><\/div><\/div><div class=\"nm_column wpb_column vc_column_container col-sm-2\"><div class=\"vc_column-inner\"><div class=\"wpb_wrapper\"><\/div><\/div><\/div><\/div><div style=\"max-width:1300px;\" class=\"nm-row nm-row-boxed nm-row-max-width vc_row wpb_row nm-row-flex nm-row-col-middle  vc_custom_1630483776074\"><div class=\"nm_column wpb_column vc_column_container col-sm-12 vc_custom_1439335914871\"><div class=\"vc_column-inner\"><div class=\"wpb_wrapper\"><div class=\"vc_empty_space  slider-alti-bosluk\"   style=\"height: 50px\"><span class=\"vc_empty_space_inner\"><\/span><\/div><\/div><\/div><\/div><\/div><div style=\"max-width:1920px; min-height:600px; background-image:url(https:\/\/www.zirasilah.com.tr\/wp-content\/uploads\/2022\/10\/zrabnnr.png) !important;\" class=\"nm-row nm-row-boxed nm-row-max-width vc_row wpb_row nm-row-flex nm-row-col-middle nm-row-parallax nm-row-parallax-static  anasayfa-parallax-gun\"><div class=\"nm_column wpb_column vc_column_container col-sm-12 vc_custom_1635124555644\"><div class=\"vc_column-inner\"><div class=\"wpb_wrapper\"><h2 style=\"color: #ffffff;text-align: center;font-family:Abril Fatface;font-weight:400;font-style:normal\" class=\"vc_custom_heading\" >\u041f\u0420\u0418\u0421\u041e\u0415\u0414\u0418\u041d\u042f\u0419\u0422\u0415\u0421\u042c \u041a \u041d\u0410\u0428\u0415\u041c\u0423 \u0421\u041e\u041e\u0411\u0429\u0415\u0421\u0422\u0412\u0423<\/h2>\n\t<div class=\"wpb_text_column wpb_content_element\" >\n\t\t<div class=\"wpb_wrapper\">\n\t\t\t<p style=\"color: white; text-align: center;\">\u041f\u043e\u043b\u0443\u0447\u0430\u0439\u0442\u0435 \u043d\u043e\u0432\u044b\u0435 \u0438 \u043f\u043e\u0441\u043b\u0435\u0434\u043d\u0438\u0435 \u043e\u0431\u043d\u043e\u0432\u043b\u0435\u043d\u0438\u044f \u043e \u043f\u0440\u043e\u0434\u0443\u043a\u0442\u0430\u0445, \u043d\u043e\u0432\u043e\u0441\u0442\u044f\u0445 \u0438 \u0441\u043e\u0431\u044b\u0442\u0438\u044f\u0445<\/p>\n\n\t\t<\/div>\n\t<\/div>\n<div role=\"form\" class=\"wpcf7\" id=\"wpcf7-f5-o1\" lang=\"en-US\" dir=\"ltr\">\n<div class=\"screen-reader-response\"><p role=\"status\" aria-live=\"polite\" aria-atomic=\"true\"><\/p> <ul><\/ul><\/div>\n<form action=\"\/ru\/wp-json\/wp\/v2\/pages\/4421#wpcf7-f5-o1\" method=\"post\" class=\"wpcf7-form init\" novalidate=\"novalidate\" data-status=\"init\" data-trp-original-action=\"\/ru\/wp-json\/wp\/v2\/pages\/4421#wpcf7-f5-o1\">\n<div style=\"display: none;\">\n<input type=\"hidden\" name=\"_wpcf7\" value=\"5\" \/>\n<input type=\"hidden\" name=\"_wpcf7_version\" value=\"5.5.2\" \/>\n<input type=\"hidden\" name=\"_wpcf7_locale\" value=\"en_US\" \/>\n<input type=\"hidden\" name=\"_wpcf7_unit_tag\" value=\"wpcf7-f5-o1\" \/>\n<input type=\"hidden\" name=\"_wpcf7_container_post\" value=\"0\" \/>\n<input type=\"hidden\" name=\"_wpcf7_posted_data_hash\" value=\"\" \/>\n<\/div>\n<p class=\"half\"><label style=\"margin-left:-60px !important;\" >\u0410\u0434\u0440\u0435\u0441 \u044d\u043b\u0435\u043a\u0442\u0440\u043e\u043d\u043d\u043e\u0439 \u043f\u043e\u0447\u0442\u044b<\/label> <span class=\"wpcf7-form-control-wrap your-email\"><input type=\"email\" name=\"your-email\" value=\"\" size=\"40\" class=\"wpcf7-form-control wpcf7-text wpcf7-email wpcf7-validates-as-required wpcf7-validates-as-email\" aria-required=\"true\" aria-invalid=\"false\" placeholder=\"\u0410\u0434\u0440\u0435\u0441 \u044d\u043b\u0435\u043a\u0442\u0440\u043e\u043d\u043d\u043e\u0439 \u043f\u043e\u0447\u0442\u044b\" \/><\/span><\/p>\n<p class=\"helfa\" style=\"color:white; font-size:12px !important;\"><span class=\"wpcf7-form-control-wrap checkbox-711\"><span class=\"wpcf7-form-control wpcf7-checkbox wpcf7-validates-as-required\"><span class=\"wpcf7-list-item first last\"><label><input type=\"checkbox\" name=\"checkbox-711[]\" value=\"\u015eartlar &amp; Ko\u015fullar ve Gizlilik Politikas\u0131n\u0131 kabul ediyorum.\" \/><span class=\"wpcf7-list-item-label\">\u042f \u043f\u0440\u0438\u043d\u0438\u043c\u0430\u044e \u0423\u0441\u043b\u043e\u0432\u0438\u044f \u0438\u0441\u043f\u043e\u043b\u044c\u0437\u043e\u0432\u0430\u043d\u0438\u044f \u0438 \u041f\u043e\u043b\u0438\u0442\u0438\u043a\u0443 \u043a\u043e\u043d\u0444\u0438\u0434\u0435\u043d\u0446\u0438\u0430\u043b\u044c\u043d\u043e\u0441\u0442\u0438.<\/span><\/label><\/span><\/span><\/span><\/p>\n<p class=\"half\"><input type=\"submit\" value=\"\u041f\u041e\u0414\u041f\u0418\u0421\u0410\u0422\u042c\u0421\u042f\" class=\"wpcf7-form-control has-spinner wpcf7-submit\" \/><\/p>\n<div class=\"wpcf7-response-output\" aria-hidden=\"true\"><\/div><input type=\"hidden\" name=\"trp-form-language\" value=\"ru\"\/><\/form><\/div><\/div><\/div><\/div><\/div>","protected":false},"excerpt":{"rendered":"Anasayfa \/Blog G\u00dcVENL\u0130KG\u00dcVENL\u0130 S\u0130LAH KULLANIM KILAVUZU Silah\u0131 kullanan ki\u015fi, olabilecek kazalar\u0131 \u00f6nlemekle y\u00fck\u00fcml\u00fcd\u00fcr. Amac\u0131 ne olursa olsun kesinlikle tabancayla \u015faka yap\u0131lmamal\u0131d\u0131r. Emniyet kurallar\u0131na riayet edin ve bunu al\u0131\u015fkanl\u0131k haline getirin. Tabancan\u0131z\u0131, her zaman dolu kabul edin. Kullanmad\u0131\u011f\u0131n\u0131z tabancan\u0131z\u0131 bo\u015f muhafaza edin. Uygun fi\u015fek ve mermi tipi kulland\u0131\u011f\u0131n\u0131zdan emin olun. Tabancay\u0131 ve fi\u015fekleri nem, rutubet vb. [...]","protected":false},"author":1,"featured_media":0,"parent":4594,"menu_order":0,"comment_status":"closed","ping_status":"closed","template":"templates\/page-full.php","meta":[],"yoast_head":"<!-- This site is optimized with the Yoast SEO plugin v19.8 - https:\/\/yoast.com\/wordpress\/plugins\/seo\/ -->\n<title>G\u00fcvenlik &raquo; Zira Silah<\/title>\n<meta name=\"description\" content=\"Silah\u0131 kullanan ki\u015fi, olabilecek kazalar\u0131 \u00f6nlemekle y\u00fck\u00fcml\u00fcd\u00fcr. Amac\u0131 ne olursa olsun kesinlikle tabancayla \u015faka yap\u0131lmamal\u0131d\u0131r.\" \/>\n<meta name=\"robots\" content=\"index, follow, max-snippet:-1, max-image-preview:large, max-video-preview:-1\" \/>\n<link rel=\"canonical\" href=\"https:\/\/www.zirasilah.com.tr\/ru\/\u043e\u0442\u043d\u043e\u0448\u0435\u043d\u0438\u044f-\u0441-\u043a\u043b\u0438\u0435\u043d\u0442\u0430\u043c\u0438\/\u0431\u0435\u0437\u043e\u043f\u0430\u0441\u043d\u043e\u0441\u0442\u044c\/\" \/>\n<meta property=\"og:locale\" content=\"ru_RU\" \/>\n<meta property=\"og:type\" content=\"article\" \/>\n<meta property=\"og:title\" content=\"G\u00fcvenlik &raquo; Zira Silah\" \/>\n<meta property=\"og:description\" content=\"Silah\u0131 kullanan ki\u015fi, olabilecek kazalar\u0131 \u00f6nlemekle y\u00fck\u00fcml\u00fcd\u00fcr. Amac\u0131 ne olursa olsun kesinlikle tabancayla \u015faka yap\u0131lmamal\u0131d\u0131r.\" \/>\n<meta property=\"og:url\" content=\"https:\/\/www.zirasilah.com.tr\/ru\/\u043e\u0442\u043d\u043e\u0448\u0435\u043d\u0438\u044f-\u0441-\u043a\u043b\u0438\u0435\u043d\u0442\u0430\u043c\u0438\/\u0431\u0435\u0437\u043e\u043f\u0430\u0441\u043d\u043e\u0441\u0442\u044c\/\" \/>\n<meta property=\"og:site_name\" content=\"Zira Silah\" \/>\n<meta property=\"article:modified_time\" content=\"2022-10-19T13:30:09+00:00\" \/>\n<meta name=\"twitter:card\" content=\"summary_large_image\" \/>\n<meta name=\"twitter:label1\" content=\"Est. reading time\" \/>\n\t<meta name=\"twitter:data1\" content=\"2 \u043c\u0438\u043d\u0443\u0442\u044b\" \/>\n<script type=\"application\/ld+json\" class=\"yoast-schema-graph\">{\"@context\":\"https:\/\/schema.org\",\"@graph\":[{\"@type\":\"WebPage\",\"@id\":\"https:\/\/www.zirasilah.com.tr\/musteri-iliskileri\/guvenlik\/\",\"url\":\"https:\/\/www.zirasilah.com.tr\/musteri-iliskileri\/guvenlik\/\",\"name\":\"G\u00fcvenlik &raquo; Zira Silah\",\"isPartOf\":{\"@id\":\"https:\/\/www.zirasilah.com.tr\/#website\"},\"datePublished\":\"2021-12-03T15:46:35+00:00\",\"dateModified\":\"2022-10-19T13:30:09+00:00\",\"description\":\"Silah\u0131 kullanan ki\u015fi, olabilecek kazalar\u0131 \u00f6nlemekle y\u00fck\u00fcml\u00fcd\u00fcr. Amac\u0131 ne olursa olsun kesinlikle tabancayla \u015faka yap\u0131lmamal\u0131d\u0131r.\",\"breadcrumb\":{\"@id\":\"https:\/\/www.zirasilah.com.tr\/musteri-iliskileri\/guvenlik\/#breadcrumb\"},\"inLanguage\":\"ru-RU\",\"potentialAction\":[{\"@type\":\"ReadAction\",\"target\":[\"https:\/\/www.zirasilah.com.tr\/musteri-iliskileri\/guvenlik\/\"]}]},{\"@type\":\"BreadcrumbList\",\"@id\":\"https:\/\/www.zirasilah.com.tr\/musteri-iliskileri\/guvenlik\/#breadcrumb\",\"itemListElement\":[{\"@type\":\"ListItem\",\"position\":1,\"name\":\"Anasayfa\",\"item\":\"https:\/\/www.zirasilah.com.tr\/\"},{\"@type\":\"ListItem\",\"position\":2,\"name\":\"M\u00fc\u015fteri \u0130li\u015fkileri\",\"item\":\"https:\/\/www.zirasilah.com.tr\/musteri-iliskileri\/\"},{\"@type\":\"ListItem\",\"position\":3,\"name\":\"G\u00fcvenlik\"}]},{\"@type\":\"WebSite\",\"@id\":\"https:\/\/www.zirasilah.com.tr\/#website\",\"url\":\"https:\/\/www.zirasilah.com.tr\/\",\"name\":\"Zira Silah\",\"description\":\"Blow\",\"potentialAction\":[{\"@type\":\"SearchAction\",\"target\":{\"@type\":\"EntryPoint\",\"urlTemplate\":\"https:\/\/www.zirasilah.com.tr\/?s={search_term_string}\"},\"query-input\":\"required name=search_term_string\"}],\"inLanguage\":\"ru-RU\"}]}<\/script>\n<!-- \/ Yoast SEO plugin. -->","yoast_head_json":{"title":"G\u00fcvenlik &raquo; Zira Silah","description":"Silah\u0131 kullanan ki\u015fi, olabilecek kazalar\u0131 \u00f6nlemekle y\u00fck\u00fcml\u00fcd\u00fcr. Amac\u0131 ne olursa olsun kesinlikle tabancayla \u015faka yap\u0131lmamal\u0131d\u0131r.","robots":{"index":"index","follow":"follow","max-snippet":"max-snippet:-1","max-image-preview":"max-image-preview:large","max-video-preview":"max-video-preview:-1"},"canonical":"https:\/\/www.zirasilah.com.tr\/ru\/\u043e\u0442\u043d\u043e\u0448\u0435\u043d\u0438\u044f-\u0441-\u043a\u043b\u0438\u0435\u043d\u0442\u0430\u043c\u0438\/\u0431\u0435\u0437\u043e\u043f\u0430\u0441\u043d\u043e\u0441\u0442\u044c\/","og_locale":"ru_RU","og_type":"article","og_title":"G\u00fcvenlik &raquo; Zira Silah","og_description":"Silah\u0131 kullanan ki\u015fi, olabilecek kazalar\u0131 \u00f6nlemekle y\u00fck\u00fcml\u00fcd\u00fcr. Amac\u0131 ne olursa olsun kesinlikle tabancayla \u015faka yap\u0131lmamal\u0131d\u0131r.","og_url":"https:\/\/www.zirasilah.com.tr\/ru\/\u043e\u0442\u043d\u043e\u0448\u0435\u043d\u0438\u044f-\u0441-\u043a\u043b\u0438\u0435\u043d\u0442\u0430\u043c\u0438\/\u0431\u0435\u0437\u043e\u043f\u0430\u0441\u043d\u043e\u0441\u0442\u044c\/","og_site_name":"Zira Silah","article_modified_time":"2022-10-19T13:30:09+00:00","twitter_card":"summary_large_image","twitter_misc":{"Est. reading time":"2 \u043c\u0438\u043d\u0443\u0442\u044b"},"schema":{"@context":"https:\/\/schema.org","@graph":[{"@type":"WebPage","@id":"https:\/\/www.zirasilah.com.tr\/musteri-iliskileri\/guvenlik\/","url":"https:\/\/www.zirasilah.com.tr\/musteri-iliskileri\/guvenlik\/","name":"G\u00fcvenlik &raquo; Zira Silah","isPartOf":{"@id":"https:\/\/www.zirasilah.com.tr\/#website"},"datePublished":"2021-12-03T15:46:35+00:00","dateModified":"2022-10-19T13:30:09+00:00","description":"Silah\u0131 kullanan ki\u015fi, olabilecek kazalar\u0131 \u00f6nlemekle y\u00fck\u00fcml\u00fcd\u00fcr. Amac\u0131 ne olursa olsun kesinlikle tabancayla \u015faka yap\u0131lmamal\u0131d\u0131r.","breadcrumb":{"@id":"https:\/\/www.zirasilah.com.tr\/musteri-iliskileri\/guvenlik\/#breadcrumb"},"inLanguage":"ru-RU","potentialAction":[{"@type":"ReadAction","target":["https:\/\/www.zirasilah.com.tr\/musteri-iliskileri\/guvenlik\/"]}]},{"@type":"BreadcrumbList","@id":"https:\/\/www.zirasilah.com.tr\/musteri-iliskileri\/guvenlik\/#breadcrumb","itemListElement":[{"@type":"ListItem","position":1,"name":"Anasayfa","item":"https:\/\/www.zirasilah.com.tr\/"},{"@type":"ListItem","position":2,"name":"M\u00fc\u015fteri \u0130li\u015fkileri","item":"https:\/\/www.zirasilah.com.tr\/musteri-iliskileri\/"},{"@type":"ListItem","position":3,"name":"G\u00fcvenlik"}]},{"@type":"WebSite","@id":"https:\/\/www.zirasilah.com.tr\/#website","url":"https:\/\/www.zirasilah.com.tr\/","name":"Zira Silah","description":"Blow","potentialAction":[{"@type":"SearchAction","target":{"@type":"EntryPoint","urlTemplate":"https:\/\/www.zirasilah.com.tr\/?s={search_term_string}"},"query-input":"required name=search_term_string"}],"inLanguage":"ru-RU"}]}},"_links":{"self":[{"href":"https:\/\/www.zirasilah.com.tr\/ru\/wp-json\/wp\/v2\/pages\/4421"}],"collection":[{"href":"https:\/\/www.zirasilah.com.tr\/ru\/wp-json\/wp\/v2\/pages"}],"about":[{"href":"https:\/\/www.zirasilah.com.tr\/ru\/wp-json\/wp\/v2\/types\/page"}],"author":[{"embeddable":true,"href":"https:\/\/www.zirasilah.com.tr\/ru\/wp-json\/wp\/v2\/users\/1"}],"replies":[{"embeddable":true,"href":"https:\/\/www.zirasilah.com.tr\/ru\/wp-json\/wp\/v2\/comments?post=4421"}],"version-history":[{"count":10,"href":"https:\/\/www.zirasilah.com.tr\/ru\/wp-json\/wp\/v2\/pages\/4421\/revisions"}],"predecessor-version":[{"id":8801,"href":"https:\/\/www.zirasilah.com.tr\/ru\/wp-json\/wp\/v2\/pages\/4421\/revisions\/8801"}],"up":[{"embeddable":true,"href":"https:\/\/www.zirasilah.com.tr\/ru\/wp-json\/wp\/v2\/pages\/4594"}],"wp:attachment":[{"href":"https:\/\/www.zirasilah.com.tr\/ru\/wp-json\/wp\/v2\/media?parent=4421"}],"curies":[{"name":"wp","href":"https:\/\/api.w.org\/{rel}","templated":true}]}}