{"id":2445,"date":"2021-11-12T13:33:00","date_gmt":"2021-11-12T13:33:00","guid":{"rendered":"https:\/\/www.zirasilah.com.tr\/?post_type=product&#038;p=2445"},"modified":"2022-10-14T06:35:37","modified_gmt":"2022-10-14T06:35:37","slug":"f92-i","status":"publish","type":"product","link":"https:\/\/www.zirasilah.com.tr\/pt\/product\/f92-i\/","title":{"rendered":"F92 Pe\u00e7a de ouro bordada"},"content":{"rendered":"<div style=\" min-height:250px;\" class=\"nm-row nm-row-full-nopad vc_row wpb_row  urun-detay-desktop vc_custom_1637842045342\"><div class=\"nm_column wpb_column vc_column_container col-sm-12\"><div class=\"vc_column-inner\"><div class=\"wpb_wrapper\"><div class=\"nm-row nm-row-boxed inner nm-row-flex nm-row-col-middle\"><div class=\"nm_column nm_column_inner col-sm-3\"><div class=\"wpb_wrapper\">\n\t<div class=\"wpb_text_column wpb_content_element\" >\n\t\t<div class=\"wpb_wrapper\">\n\t\t\t<p class=\"urun-detay1\">9 MM<\/p>\n<p class=\"urun-detay2\">CAL\u0130BRE<\/p>\n\n\t\t<\/div>\n\t<\/div>\n<\/div><\/div><div class=\"nm_column nm_column_inner col-sm-3\"><div class=\"wpb_wrapper\">\n\t<div class=\"wpb_text_column wpb_content_element\" >\n\t\t<div class=\"wpb_wrapper\">\n\t\t\t<p class=\"urun-detay1\">17+1<br \/>\nPEDA\u00c7O<\/p>\n<p class=\"urun-detay2\">CAPACIDADE<\/p>\n\n\t\t<\/div>\n\t<\/div>\n<\/div><\/div><div class=\"nm_column nm_column_inner col-sm-3\"><div class=\"wpb_wrapper\">\n\t<div class=\"wpb_text_column wpb_content_element\" >\n\t\t<div class=\"wpb_wrapper\">\n\t\t\t<p class=\"urun-detay1\">40 MM<\/p>\n<p class=\"urun-detay2\">LARGURA<\/p>\n\n\t\t<\/div>\n\t<\/div>\n<\/div><\/div><div class=\"nm_column nm_column_inner col-sm-3\"><div class=\"wpb_wrapper\">\n\t<div class=\"wpb_text_column wpb_content_element\" >\n\t\t<div class=\"wpb_wrapper\">\n\t\t\t<p class=\"urun-detay1\">PESO: 1135 G<br \/>\nCOMPRIMENTO:214 MM<br \/>\nALTURA:141,7 MM<\/p>\n<p class=\"urun-detay2\">DIMENSAO<\/p>\n\n\t\t<\/div>\n\t<\/div>\n<\/div><\/div><\/div><\/div><\/div><\/div><\/div><div class=\"nm-row nm-row-full-nopad vc_row wpb_row  urun-detay-mobile vc_custom_1637841580984\"><div class=\"nm_column wpb_column vc_column_container col-sm-12\"><div class=\"vc_column-inner\"><div class=\"wpb_wrapper\"><div class=\"nm-row nm-row-boxed inner\"><div class=\"nm_column nm_column_inner col-sm-6\"><div class=\"wpb_wrapper\">\n\t<div class=\"wpb_text_column wpb_content_element\" >\n\t\t<div class=\"wpb_wrapper\">\n\t\t\t<p class=\"urun-detay1\">9 MM<\/p>\n<p class=\"urun-detay2\">CAL\u0130BRE<\/p>\n\n\t\t<\/div>\n\t<\/div>\n<\/div><\/div><div class=\"nm_column nm_column_inner col-sm-6\"><div class=\"wpb_wrapper\">\n\t<div class=\"wpb_text_column wpb_content_element\" >\n\t\t<div class=\"wpb_wrapper\">\n\t\t\t<p class=\"urun-detay1\">17+1<br \/>\nPEDA\u00c7O<\/p>\n<p class=\"urun-detay2\">CAPACIDADE<\/p>\n\n\t\t<\/div>\n\t<\/div>\n<\/div><\/div><\/div><div class=\"vc_empty_space\"   style=\"height: 67px\"><span class=\"vc_empty_space_inner\"><\/span><\/div><div class=\"nm-row nm-row-boxed inner\"><div class=\"nm_column nm_column_inner col-sm-6\"><div class=\"wpb_wrapper\">\n\t<div class=\"wpb_text_column wpb_content_element\" >\n\t\t<div class=\"wpb_wrapper\">\n\t\t\t<p class=\"urun-detay1\">40 MM<\/p>\n<p class=\"urun-detay2\">LARGURA<\/p>\n\n\t\t<\/div>\n\t<\/div>\n<\/div><\/div><div class=\"nm_column nm_column_inner col-sm-6\"><div class=\"wpb_wrapper\">\n\t<div class=\"wpb_text_column wpb_content_element\" >\n\t\t<div class=\"wpb_wrapper\">\n\t\t\t<p class=\"urun-detay1\">PESO: 1135 G<br \/>\nCOMPRIMENTO:214 MM<br \/>\nALTURA:141,7 MM<\/p>\n<p class=\"urun-detay2\">DIMENSAO<\/p>\n\n\t\t<\/div>\n\t<\/div>\n<\/div><\/div><\/div><\/div><\/div><\/div><\/div><div class=\"nm-row nm-row-full-nopad vc_row wpb_row\"><div class=\"nm_column wpb_column vc_column_container col-sm-12\"><div class=\"vc_column-inner\"><div class=\"wpb_wrapper\"><div class=\"vc_empty_space\"   style=\"height: 30px\"><span class=\"vc_empty_space_inner\"><\/span><\/div><\/div><\/div><\/div><\/div><div class=\"nm-row nm-row-full vc_row wpb_row\"><div class=\"nm_column wpb_column vc_column_container col-sm-6\"><div class=\"vc_column-inner\"><div class=\"wpb_wrapper\"><h2 style=\"font-size: 22px;color: #1354a1;text-align: left;font-family:Open Sans;font-weight:700;font-style:normal\" class=\"vc_custom_heading\" >Descri\u00e7\u00e3o do Produto<\/h2>\r\n    <div class=\"nm-divider separator_align_center\">\r\n        <div class=\"nm-divider-line\" style=\"background:#e2e2e2;\"><\/div>\r\n    <\/div><div class=\"vc_empty_space\"   style=\"height: 20px\"><span class=\"vc_empty_space_inner\"><\/span><\/div>\n\t<div class=\"wpb_text_column wpb_content_element  urun-detay\" >\n\t\t<div class=\"wpb_wrapper\">\n\t\t\t<div role=\"listitem\"><strong>F92 Pe\u00e7a de ouro bordada<\/strong>pistolis em branco uma pistola em branco semiautom\u00e1tica e autom\u00e1tica. <strong>F92 Pe\u00e7a de ouro bordada<\/strong> \u00a0O pistolframe do ouro do sopro \u00e9 feito do zamak. Esta pistola em branco, que tem um calibre de 9 mm, tem uma capacidade de 17+1 revistas. Esta pistola em branco pesando 1135 gramas <label>&amp; Mecanismo <\/label>est\u00e1 dispon\u00edvel em preto, fumos, cetim, cromo mate, cromo brilhante e op\u00e7\u00f5es de cor dourada para o quadro e slide.<\/div>\n\n\t\t<\/div>\n\t<\/div>\n<div class=\"vc_empty_space\"   style=\"height: 20px\"><span class=\"vc_empty_space_inner\"><\/span><\/div>\n\t<div class=\"wpb_text_column wpb_content_element  urun-detay\" >\n\t\t<div class=\"wpb_wrapper\">\n\t\t\t<p>A pistola em branco vem com uma bela caixa de pl\u00e1stico. Em geral, pistolas em branco s\u00e3o armas cujos cartuchos s\u00e3o preenchidos apenas com p\u00f3lvora e n\u00e3o cont\u00eam uma bala e s\u00f3 podem criar um som quando disparados. Embora o objetivo principal das pistolas em branco seja criar som, elas tamb\u00e9m podem disparar cartuchos de sinal com um aparelho preso \u00e0 extremidade. Pistolas em branco, que podem disparar cartuchos de g\u00e1s e som, s\u00e3o frequentemente preferidas pelos amantes de armas. Enquanto as pistolas que chamam a aten\u00e7\u00e3o, especialmente em termos de design, est\u00e3o inclu\u00eddas nas cole\u00e7\u00f5es de amantes de armas, as pistolas que podem produzir sons altos e de alta qualidade s\u00e3o preferidas a usar cartuchos de som e g\u00e1s.<\/p>\n\n\t\t<\/div>\n\t<\/div>\n<div class=\"vc_empty_space\"   style=\"height: 20px\"><span class=\"vc_empty_space_inner\"><\/span><\/div><\/div><\/div><\/div><div class=\"nm_column wpb_column vc_column_container col-sm-6\"><div class=\"vc_column-inner\"><div class=\"wpb_wrapper\"><h2 style=\"font-size: 22px;color: #1354a1;text-align: left;font-family:Open Sans;font-weight:700;font-style:normal\" class=\"vc_custom_heading\" >Especifica\u00e7\u00f5es t\u00e9cnicas<\/h2>\r\n    <div class=\"nm-divider separator_align_center\">\r\n        <div class=\"nm-divider-line\" style=\"background:#e2e2e2;\"><\/div>\r\n    <\/div><div class=\"vc_empty_space\"   style=\"height: 20px\"><span class=\"vc_empty_space_inner\"><\/span><\/div>\n\t<div class=\"wpb_text_column wpb_content_element  urun-detay\" >\n\t\t<div class=\"wpb_wrapper\">\n\t\t\t<div role=\"listitem\">\n<div role=\"listitem\">\n<div role=\"listitem\">\n<div role=\"listitem\"><label>SKU<\/label>\u00a0<strong><span class=\"strong\" data-condition=\"nullHideParent\" data-sku=\"html\">F92 Pe\u00e7a de ouro bordada<\/span><\/strong><\/div>\n<div role=\"listitem\"><label>Modelo<\/label>\u00a0<strong><span class=\"strong\" data-condition=\"nullHideParent\" data-title=\"html\">F92 Pe\u00e7a de ouro bordada<\/span><\/strong><\/div>\n<div role=\"listitem\">Calibre\u00a0<strong><span class=\"strong\" data-condition=\"nullHideParent\" data-caliber-all=\"html\">9 mm<\/span><\/strong><\/div>\n<div role=\"listitem\">Capacidade <strong><span class=\"strong\" data-condition=\"nullHideParent\" data-capacity=\"html\">17+1<\/span><\/strong><\/div>\n<div role=\"listitem\"><strong>Capacidade 30 + 1 Compat\u00edvel<\/strong><\/div>\n<div role=\"listitem\"><label>Comprimento geral<\/label>\u00a0<strong><span class=\"strong\" data-condition=\"nullHideParent\" data-color=\"html\">214 mm<\/span><\/strong><\/div>\n<div role=\"listitem\"><label>Larguraa<\/label> <strong><span class=\"strong\" data-condition=\"nullHideParent\" data-length=\"html\">40 mm<\/span><\/strong><\/div>\n<div role=\"listitem\"><span class=\"strong\" data-condition=\"nullHideParent\" data-action=\"html\">Altura\u00a0<b>141,7 mm<\/b><\/span><\/div>\n<div role=\"listitem\"><span class=\"strong\" data-condition=\"nullHideParent\" data-grip=\"html\">Peso\u00a0<b>1135 g<\/b><\/span><\/div>\n<div role=\"listitem\"><label>Lidar com Cor<\/label>\u00a0<strong><span class=\"strong\" data-condition=\"nullHideParent\" data-barrel-material=\"html\">Madeira-Preto\u00a0<\/span><\/strong><\/div>\n<div role=\"listitem\"><label>Cor do Corpo e Mecanismo<\/label>\u00a0<strong><span class=\"strong\" data-condition=\"nullHideParent\" data-barrel=\"html\">Noir-Fum\u00e9-Satin\u00e9-Chrome Mat-Chrome Brillant-Or-Partie Dor\u00e9e-Brod\u00e9.<\/span><\/strong><\/div>\n<\/div>\n<\/div>\n<\/div>\n\n\t\t<\/div>\n\t<\/div>\n<\/div><\/div><\/div><\/div><div class=\"nm-row nm-row-full vc_row wpb_row\"><div class=\"nm_column wpb_column vc_column_container col-sm-6\"><div class=\"vc_column-inner\"><div class=\"wpb_wrapper\"><h2 style=\"font-size: 22px;color: #1354a1;text-align: left;font-family:Open Sans;font-weight:700;font-style:normal\" class=\"vc_custom_heading\" >Descri\u00e7\u00e3o do Produto<\/h2>\r\n    <div class=\"nm-divider separator_align_center\">\r\n        <div class=\"nm-divider-line\" style=\"background:#e2e2e2;\"><\/div>\r\n    <\/div><div class=\"vc_empty_space\"   style=\"height: 20px\"><span class=\"vc_empty_space_inner\"><\/span><\/div>\n\t<div class=\"wpb_text_column wpb_content_element  urun-detay\" >\n\t\t<div class=\"wpb_wrapper\">\n\t\t\t<p><img src=\"https:\/\/www.zirasilah.com.tr\/wp-content\/uploads\/2021\/11\/pdf-icon3.png\" \/><strong><a style=\"color: #777777;\" href=\"https:\/\/www.zirasilah.com.tr\/wp-content\/uploads\/2022\/04\/f92-parca-listesi-turkce.xlsx\" target=\"_blank\" rel=\"noopener\"> Ver Lista De Pe\u00e7as<\/a><\/strong><\/p>\n\n\t\t<\/div>\n\t<\/div>\n\n\t<div class=\"wpb_text_column wpb_content_element  urun-detay\" >\n\t\t<div class=\"wpb_wrapper\">\n\t\t\t<p><img src=\"https:\/\/www.zirasilah.com.tr\/wp-content\/uploads\/2021\/11\/pdf-icon3.png\" \/>\u00a0<strong><a style=\"color: #777777;\" href=\"https:\/\/www.zirasilah.com.tr\/wp-content\/uploads\/2022\/08\/f92.jpg\" target=\"_blank\" rel=\"noopener\">Visualizar<\/a><\/strong><\/p>\n\n\t\t<\/div>\n\t<\/div>\n<div class=\"vc_empty_space\"   style=\"height: 40px\"><span class=\"vc_empty_space_inner\"><\/span><\/div><\/div><\/div><\/div><div class=\"nm_column wpb_column vc_column_container col-sm-6\"><div class=\"vc_column-inner\"><div class=\"wpb_wrapper\"><\/div><\/div><\/div><\/div><div class=\"nm-row nm-row-full vc_row wpb_row\"><div class=\"nm_column wpb_column vc_column_container col-sm-12\"><div class=\"vc_column-inner\"><div class=\"wpb_wrapper\"><div class=\"vc_empty_space\"   style=\"height: 40px\"><span class=\"vc_empty_space_inner\"><\/span><\/div>\n\t<div class=\"wpb_text_column wpb_content_element\" >\n\t\t<div class=\"wpb_wrapper\">\n\t\t\t<p style=\"text-align: center;\"><strong>TODOS OS PRODUTOS S\u00c3O APOIADOS PELA POL\u00cdTICA DE QUALIDADE VITAL\u00cdCIA DA ZIRA SILAH.<\/strong><br \/>\n<strong>A DISPONIBILIDADE EST\u00c1 SUJEITA \u00c0S LEIS E REGULAMENTOS LOCAIS DA REGI\u00c3O.<\/strong><\/p>\n\n\t\t<\/div>\n\t<\/div>\n<\/div><\/div><\/div><\/div><div style=\"max-width:1300px;\" class=\"nm-row nm-row-boxed nm-row-max-width vc_row wpb_row nm-row-flex nm-row-col-middle  vc_custom_1630483776074\"><div class=\"nm_column wpb_column vc_column_container col-sm-12 vc_custom_1439335914871\"><div class=\"vc_column-inner\"><div class=\"wpb_wrapper\"><div class=\"vc_empty_space\"   style=\"height: 50px\"><span class=\"vc_empty_space_inner\"><\/span><\/div><\/div><\/div><\/div><\/div><div style=\"max-width:1920px; min-height:500px; background-image:url(https:\/\/www.zirasilah.com.tr\/wp-content\/uploads\/2021\/11\/bannerf92i.png) !important;\" class=\"nm-row nm-row-boxed nm-row-max-width vc_row wpb_row nm-row-full-height nm-row-flex nm-row-col-middle nm-row-parallax nm-row-parallax-static  anasayfa-parallax-gun vc_custom_1650288557080\"><div class=\"nm_column wpb_column vc_column_container col-sm-12 vc_custom_1650288564615\"><div class=\"vc_column-inner\"><div class=\"wpb_wrapper\">\n\t<div class=\"wpb_text_column wpb_content_element  anasayfa-parallax-gun\" >\n\t\t<div class=\"wpb_wrapper\">\n\t\t\t<h3 class=\"hl-1\" style=\"text-align: center;\">VER MAIS ARMAS BRANCAS<\/h3>\n\n\t\t<\/div>\n\t<\/div>\n\r\n\t\t\t<div class=\"nm_btn_align_center\">\r\n\t\t\t\t<a href=\"\" class=\"nm_btn nm_btn_md nm_btn_filled\">\r\n\t\t\t\t\t<span class=\"nm_btn_title\">V\u0130SUAL\u0130ZAR<\/span>\r\n\t\t\t\t\t<span class=\"nm_btn_bg\"><\/span>\r\n\t\t\t\t<\/a>\r\n\t\t\t<\/div><\/div><\/div><\/div><\/div><div style=\"max-width:1920px; min-height:600px; background-image:url(https:\/\/www.zirasilah.com.tr\/wp-content\/uploads\/2022\/10\/zrabnnr.png) !important;\" class=\"nm-row nm-row-boxed nm-row-max-width vc_row wpb_row nm-row-flex nm-row-col-middle nm-row-parallax nm-row-parallax-static  anasayfa-parallax-gun\"><div class=\"nm_column wpb_column vc_column_container col-sm-12 vc_custom_1635124555644\"><div class=\"vc_column-inner\"><div class=\"wpb_wrapper\"><h2 style=\"color: #ffffff;text-align: center;font-family:Abril Fatface;font-weight:400;font-style:normal\" class=\"vc_custom_heading\" >JUNTE-SE \u00c0 NOSSA COMUNIDADE<\/h2>\n\t<div class=\"wpb_text_column wpb_content_element\" >\n\t\t<div class=\"wpb_wrapper\">\n\t\t\t<p style=\"color: white; text-align: center;\">Receba atualiza\u00e7\u00f5es novas e mais recentes sobre produtos, not\u00edcias e eventos<\/p>\n\n\t\t<\/div>\n\t<\/div>\n<div role=\"form\" class=\"wpcf7\" id=\"wpcf7-f5-o1\" lang=\"en-US\" dir=\"ltr\">\n<div class=\"screen-reader-response\"><p role=\"status\" aria-live=\"polite\" aria-atomic=\"true\"><\/p> <ul><\/ul><\/div>\n<form action=\"\/pt\/wp-json\/wp\/v2\/product\/2445#wpcf7-f5-o1\" method=\"post\" class=\"wpcf7-form init\" novalidate=\"novalidate\" data-status=\"init\" data-trp-original-action=\"\/pt\/wp-json\/wp\/v2\/product\/2445#wpcf7-f5-o1\">\n<div style=\"display: none;\">\n<input type=\"hidden\" name=\"_wpcf7\" value=\"5\" \/>\n<input type=\"hidden\" name=\"_wpcf7_version\" value=\"5.5.2\" \/>\n<input type=\"hidden\" name=\"_wpcf7_locale\" value=\"en_US\" \/>\n<input type=\"hidden\" name=\"_wpcf7_unit_tag\" value=\"wpcf7-f5-o1\" \/>\n<input type=\"hidden\" name=\"_wpcf7_container_post\" value=\"0\" \/>\n<input type=\"hidden\" name=\"_wpcf7_posted_data_hash\" value=\"\" \/>\n<\/div>\n<p class=\"half\"><label style=\"margin-left:-60px !important;\" >Endere\u00e7o de E-mail<\/label> <span class=\"wpcf7-form-control-wrap your-email\"><input type=\"email\" name=\"your-email\" value=\"\" size=\"40\" class=\"wpcf7-form-control wpcf7-text wpcf7-email wpcf7-validates-as-required wpcf7-validates-as-email\" aria-required=\"true\" aria-invalid=\"false\" placeholder=\"Endere\u00e7o de E-mail\" \/><\/span><\/p>\n<p class=\"helfa\" style=\"color:white; font-size:12px !important;\"><span class=\"wpcf7-form-control-wrap checkbox-711\"><span class=\"wpcf7-form-control wpcf7-checkbox wpcf7-validates-as-required\"><span class=\"wpcf7-list-item first last\"><label><input type=\"checkbox\" name=\"checkbox-711[]\" value=\"\u015eartlar &amp; Ko\u015fullar ve Gizlilik Politikas\u0131n\u0131 kabul ediyorum.\" \/><span class=\"wpcf7-list-item-label\">Concordo com os Termos e Condi\u00e7\u00f5es e com a Pol\u00edtica de Privacidade.<\/span><\/label><\/span><\/span><\/span><\/p>\n<p class=\"half\"><input type=\"submit\" value=\"SE INSCREVER\" class=\"wpcf7-form-control has-spinner wpcf7-submit\" \/><\/p>\n<div class=\"wpcf7-response-output\" aria-hidden=\"true\"><\/div><input type=\"hidden\" name=\"trp-form-language\" value=\"pt\"\/><\/form><\/div><\/div><\/div><\/div><\/div>","protected":false},"excerpt":{"rendered":"<p><strong>BLOW F92 Pe\u00e7a De Ouro Gravada<\/strong> pistolis em branco uma pistola em branco semiautom\u00e1tica e autom\u00e1tica.<\/p>","protected":false},"featured_media":7353,"comment_status":"open","ping_status":"closed","template":"","meta":[],"product_cat":[15,189,20],"product_tag":[],"yoast_head":"<!-- This site is optimized with the Yoast SEO plugin v19.8 - https:\/\/yoast.com\/wordpress\/plugins\/seo\/ -->\n<title>F92 \u0130\u015flemeli Alt\u0131n Par\u00e7al\u0131 Kurus\u0131k\u0131 Tabanca &raquo; Zira Silah<\/title>\n<meta name=\"robots\" content=\"index, follow, max-snippet:-1, max-image-preview:large, max-video-preview:-1\" \/>\n<link rel=\"canonical\" href=\"https:\/\/www.zirasilah.com.tr\/pt\/product\/f92-i\/\" \/>\n<meta property=\"og:locale\" content=\"pt_PT\" \/>\n<meta property=\"og:type\" content=\"article\" \/>\n<meta property=\"og:title\" content=\"F92 \u0130\u015flemeli Alt\u0131n Par\u00e7al\u0131 Kurus\u0131k\u0131 Tabanca &raquo; Zira Silah\" \/>\n<meta property=\"og:description\" content=\"Blow F92 \u0130\u015flemeli Alt\u0131n Par\u00e7al\u0131 Kurus\u0131k\u0131 Silah, yar\u0131 otomatik ve otomatik bir kurus\u0131k\u0131 tabancad\u0131r.\" \/>\n<meta property=\"og:url\" content=\"https:\/\/www.zirasilah.com.tr\/pt\/product\/f92-i\/\" \/>\n<meta property=\"og:site_name\" content=\"Zira Silah\" \/>\n<meta property=\"article:modified_time\" content=\"2022-10-14T06:35:37+00:00\" \/>\n<meta property=\"og:image\" content=\"https:\/\/www.zirasilah.com.tr\/wp-content\/uploads\/2022\/03\/f92-siyah-altinparca-islemeli-ahsap-kabze-2.jpg\" \/>\n\t<meta property=\"og:image:width\" content=\"1000\" \/>\n\t<meta property=\"og:image:height\" content=\"1000\" \/>\n\t<meta property=\"og:image:type\" content=\"image\/jpeg\" \/>\n<meta name=\"twitter:card\" content=\"summary_large_image\" \/>\n<meta name=\"twitter:label1\" content=\"Est. reading time\" \/>\n\t<meta name=\"twitter:data1\" content=\"6 minutos\" \/>\n<script type=\"application\/ld+json\" class=\"yoast-schema-graph\">{\"@context\":\"https:\/\/schema.org\",\"@graph\":[{\"@type\":\"WebPage\",\"@id\":\"https:\/\/www.zirasilah.com.tr\/urun\/f92-i\/\",\"url\":\"https:\/\/www.zirasilah.com.tr\/urun\/f92-i\/\",\"name\":\"F92 \u0130\u015flemeli Alt\u0131n Par\u00e7al\u0131 Kurus\u0131k\u0131 Tabanca &raquo; Zira Silah\",\"isPartOf\":{\"@id\":\"https:\/\/www.zirasilah.com.tr\/#website\"},\"datePublished\":\"2021-11-12T13:33:00+00:00\",\"dateModified\":\"2022-10-14T06:35:37+00:00\",\"breadcrumb\":{\"@id\":\"https:\/\/www.zirasilah.com.tr\/urun\/f92-i\/#breadcrumb\"},\"inLanguage\":\"pt-PT\",\"potentialAction\":[{\"@type\":\"ReadAction\",\"target\":[\"https:\/\/www.zirasilah.com.tr\/urun\/f92-i\/\"]}]},{\"@type\":\"BreadcrumbList\",\"@id\":\"https:\/\/www.zirasilah.com.tr\/urun\/f92-i\/#breadcrumb\",\"itemListElement\":[{\"@type\":\"ListItem\",\"position\":1,\"name\":\"Anasayfa\",\"item\":\"https:\/\/www.zirasilah.com.tr\/\"},{\"@type\":\"ListItem\",\"position\":2,\"name\":\"F92 \u0130\u015flemeli Alt\u0131n Par\u00e7al\u0131\"}]},{\"@type\":\"WebSite\",\"@id\":\"https:\/\/www.zirasilah.com.tr\/#website\",\"url\":\"https:\/\/www.zirasilah.com.tr\/\",\"name\":\"Zira Silah\",\"description\":\"Blow\",\"potentialAction\":[{\"@type\":\"SearchAction\",\"target\":{\"@type\":\"EntryPoint\",\"urlTemplate\":\"https:\/\/www.zirasilah.com.tr\/?s={search_term_string}\"},\"query-input\":\"required name=search_term_string\"}],\"inLanguage\":\"pt-PT\"}]}<\/script>\n<!-- \/ Yoast SEO plugin. -->","yoast_head_json":{"title":"F92 \u0130\u015flemeli Alt\u0131n Par\u00e7al\u0131 Kurus\u0131k\u0131 Tabanca &raquo; Zira Silah","robots":{"index":"index","follow":"follow","max-snippet":"max-snippet:-1","max-image-preview":"max-image-preview:large","max-video-preview":"max-video-preview:-1"},"canonical":"https:\/\/www.zirasilah.com.tr\/pt\/product\/f92-i\/","og_locale":"pt_PT","og_type":"article","og_title":"F92 \u0130\u015flemeli Alt\u0131n Par\u00e7al\u0131 Kurus\u0131k\u0131 Tabanca &raquo; Zira Silah","og_description":"Blow F92 \u0130\u015flemeli Alt\u0131n Par\u00e7al\u0131 Kurus\u0131k\u0131 Silah, yar\u0131 otomatik ve otomatik bir kurus\u0131k\u0131 tabancad\u0131r.","og_url":"https:\/\/www.zirasilah.com.tr\/pt\/product\/f92-i\/","og_site_name":"Zira Silah","article_modified_time":"2022-10-14T06:35:37+00:00","og_image":[{"width":1000,"height":1000,"url":"https:\/\/www.zirasilah.com.tr\/wp-content\/uploads\/2022\/03\/f92-siyah-altinparca-islemeli-ahsap-kabze-2.jpg","type":"image\/jpeg"}],"twitter_card":"summary_large_image","twitter_misc":{"Est. reading time":"6 minutos"},"schema":{"@context":"https:\/\/schema.org","@graph":[{"@type":"WebPage","@id":"https:\/\/www.zirasilah.com.tr\/urun\/f92-i\/","url":"https:\/\/www.zirasilah.com.tr\/urun\/f92-i\/","name":"F92 \u0130\u015flemeli Alt\u0131n Par\u00e7al\u0131 Kurus\u0131k\u0131 Tabanca &raquo; Zira Silah","isPartOf":{"@id":"https:\/\/www.zirasilah.com.tr\/#website"},"datePublished":"2021-11-12T13:33:00+00:00","dateModified":"2022-10-14T06:35:37+00:00","breadcrumb":{"@id":"https:\/\/www.zirasilah.com.tr\/urun\/f92-i\/#breadcrumb"},"inLanguage":"pt-PT","potentialAction":[{"@type":"ReadAction","target":["https:\/\/www.zirasilah.com.tr\/urun\/f92-i\/"]}]},{"@type":"BreadcrumbList","@id":"https:\/\/www.zirasilah.com.tr\/urun\/f92-i\/#breadcrumb","itemListElement":[{"@type":"ListItem","position":1,"name":"Anasayfa","item":"https:\/\/www.zirasilah.com.tr\/"},{"@type":"ListItem","position":2,"name":"F92 \u0130\u015flemeli Alt\u0131n Par\u00e7al\u0131"}]},{"@type":"WebSite","@id":"https:\/\/www.zirasilah.com.tr\/#website","url":"https:\/\/www.zirasilah.com.tr\/","name":"Zira Silah","description":"Blow","potentialAction":[{"@type":"SearchAction","target":{"@type":"EntryPoint","urlTemplate":"https:\/\/www.zirasilah.com.tr\/?s={search_term_string}"},"query-input":"required name=search_term_string"}],"inLanguage":"pt-PT"}]}},"_links":{"self":[{"href":"https:\/\/www.zirasilah.com.tr\/pt\/wp-json\/wp\/v2\/product\/2445"}],"collection":[{"href":"https:\/\/www.zirasilah.com.tr\/pt\/wp-json\/wp\/v2\/product"}],"about":[{"href":"https:\/\/www.zirasilah.com.tr\/pt\/wp-json\/wp\/v2\/types\/product"}],"replies":[{"embeddable":true,"href":"https:\/\/www.zirasilah.com.tr\/pt\/wp-json\/wp\/v2\/comments?post=2445"}],"wp:featuredmedia":[{"embeddable":true,"href":"https:\/\/www.zirasilah.com.tr\/pt\/wp-json\/wp\/v2\/media\/7353"}],"wp:attachment":[{"href":"https:\/\/www.zirasilah.com.tr\/pt\/wp-json\/wp\/v2\/media?parent=2445"}],"wp:term":[{"taxonomy":"product_cat","embeddable":true,"href":"https:\/\/www.zirasilah.com.tr\/pt\/wp-json\/wp\/v2\/product_cat?post=2445"},{"taxonomy":"product_tag","embeddable":true,"href":"https:\/\/www.zirasilah.com.tr\/pt\/wp-json\/wp\/v2\/product_tag?post=2445"}],"curies":[{"name":"wp","href":"https:\/\/api.w.org\/{rel}","templated":true}]}}