{"id":237,"date":"2015-08-11T21:48:06","date_gmt":"2015-08-11T21:48:06","guid":{"rendered":"http:\/\/savoy.nordicmade.com\/product\/round-tray-table\/"},"modified":"2022-10-19T13:38:26","modified_gmt":"2022-10-19T13:38:26","slug":"air-pistol","status":"publish","type":"product","link":"https:\/\/www.zirasilah.com.tr\/pt\/product\/pistola-de-ar\/","title":{"rendered":"BLOW Pistola de Ar"},"content":{"rendered":"<div style=\" min-height:250px;\" class=\"nm-row nm-row-full-nopad vc_row wpb_row  urun-detay-desktop vc_custom_1637842045342\"><div class=\"nm_column wpb_column vc_column_container col-sm-12\"><div class=\"vc_column-inner\"><div class=\"wpb_wrapper\"><div class=\"nm-row nm-row-boxed inner nm-row-flex nm-row-col-middle\"><div class=\"nm_column nm_column_inner col-sm-3\"><div class=\"wpb_wrapper\">\n\t<div class=\"wpb_text_column wpb_content_element\" >\n\t\t<div class=\"wpb_wrapper\">\n\t\t\t<p class=\"urun-detay1\">177 &#8211; 4.5 MM<\/p>\n<p class=\"urun-detay2\">CAL\u0130BRE<\/p>\n\n\t\t<\/div>\n\t<\/div>\n<\/div><\/div><div class=\"nm_column nm_column_inner col-sm-3\"><div class=\"wpb_wrapper\">\n\t<div class=\"wpb_text_column wpb_content_element\" >\n\t\t<div class=\"wpb_wrapper\">\n\t\t\t<p class=\"urun-detay1\">A\u00c7O RANHURADO<br \/>\nBARR\u0130L<\/p>\n<p class=\"urun-detay2\">BARR\u0130L<\/p>\n\n\t\t<\/div>\n\t<\/div>\n<\/div><\/div><div class=\"nm_column nm_column_inner col-sm-3\"><div class=\"wpb_wrapper\">\n\t<div class=\"wpb_text_column wpb_content_element\" >\n\t\t<div class=\"wpb_wrapper\">\n\t\t\t<p class=\"urun-detay1\">33 &#8211; MM<\/p>\n<p class=\"urun-detay2\">LARGURA<\/p>\n\n\t\t<\/div>\n\t<\/div>\n<\/div><\/div><div class=\"nm_column nm_column_inner col-sm-3\"><div class=\"wpb_wrapper\">\n\t<div class=\"wpb_text_column wpb_content_element\" >\n\t\t<div class=\"wpb_wrapper\">\n\t\t\t<p class=\"urun-detay1\">PESO: 950 GR<br \/>\nCOMPRIMENTO: 323 MM<br \/>\nALTURA: 152 MM<\/p>\n<p class=\"urun-detay2\">DIMENSAO<\/p>\n\n\t\t<\/div>\n\t<\/div>\n<\/div><\/div><\/div><\/div><\/div><\/div><\/div><div class=\"nm-row nm-row-full-nopad vc_row wpb_row  urun-detay-mobile vc_custom_1637841580984\"><div class=\"nm_column wpb_column vc_column_container col-sm-12\"><div class=\"vc_column-inner\"><div class=\"wpb_wrapper\"><div class=\"nm-row nm-row-boxed inner\"><div class=\"nm_column nm_column_inner col-sm-6\"><div class=\"wpb_wrapper\">\n\t<div class=\"wpb_text_column wpb_content_element\" >\n\t\t<div class=\"wpb_wrapper\">\n\t\t\t<p class=\"urun-detay1\">177 &#8211; 4.5 MM<\/p>\n<p class=\"urun-detay2\">CAL\u0130BRE<\/p>\n\n\t\t<\/div>\n\t<\/div>\n<\/div><\/div><div class=\"nm_column nm_column_inner col-sm-6\"><div class=\"wpb_wrapper\">\n\t<div class=\"wpb_text_column wpb_content_element\" >\n\t\t<div class=\"wpb_wrapper\">\n\t\t\t<p class=\"urun-detay1\">A\u00c7O RANHURADO<br \/>\nBARR\u0130L<\/p>\n<p class=\"urun-detay2\">BARR\u0130L<\/p>\n\n\t\t<\/div>\n\t<\/div>\n<\/div><\/div><\/div><div class=\"vc_empty_space\"   style=\"height: 67px\"><span class=\"vc_empty_space_inner\"><\/span><\/div><div class=\"nm-row nm-row-boxed inner\"><div class=\"nm_column nm_column_inner col-sm-6\"><div class=\"wpb_wrapper\">\n\t<div class=\"wpb_text_column wpb_content_element\" >\n\t\t<div class=\"wpb_wrapper\">\n\t\t\t<p class=\"urun-detay1\">33 MM<\/p>\n<p class=\"urun-detay2\">LARGURA<\/p>\n\n\t\t<\/div>\n\t<\/div>\n<\/div><\/div><div class=\"nm_column nm_column_inner col-sm-6\"><div class=\"wpb_wrapper\">\n\t<div class=\"wpb_text_column wpb_content_element\" >\n\t\t<div class=\"wpb_wrapper\">\n\t\t\t<p class=\"urun-detay1\">PESO: 950 GR<br \/>\nCOMPRIMENTO: 323 MM<br \/>\nY\u00dcKSEKL\u0130K: 140 MM<\/p>\n<p class=\"urun-detay2\">DIMENSAO<\/p>\n\n\t\t<\/div>\n\t<\/div>\n<\/div><\/div><\/div><\/div><\/div><\/div><\/div><div class=\"nm-row nm-row-full-nopad vc_row wpb_row\"><div class=\"nm_column wpb_column vc_column_container col-sm-12\"><div class=\"vc_column-inner\"><div class=\"wpb_wrapper\"><div class=\"vc_empty_space\"   style=\"height: 30px\"><span class=\"vc_empty_space_inner\"><\/span><\/div><\/div><\/div><\/div><\/div><div class=\"nm-row nm-row-full vc_row wpb_row\"><div class=\"nm_column wpb_column vc_column_container col-sm-6\"><div class=\"vc_column-inner\"><div class=\"wpb_wrapper\"><h2 style=\"font-size: 22px;color: #1354a1;text-align: left;font-family:Open Sans;font-weight:700;font-style:normal\" class=\"vc_custom_heading\" >Descri\u00e7\u00e3o do Produto<\/h2>\r\n    <div class=\"nm-divider separator_align_center\">\r\n        <div class=\"nm-divider-line\" style=\"background:#e2e2e2;\"><\/div>\r\n    <\/div><div class=\"vc_empty_space\"   style=\"height: 20px\"><span class=\"vc_empty_space_inner\"><\/span><\/div>\n\t<div class=\"wpb_text_column wpb_content_element  urun-detay\" >\n\t\t<div class=\"wpb_wrapper\">\n\t\t\t<p><strong>Pistola de ar do sopro<\/strong> \u00e9 um calibre de 4.5 mm e um \u00fanico-tiro, Pistola de ar da a\u00e7\u00e3o da mola com sistema do tambor da ruptura. A velocidade do tambor da pelota (tipo pelota do paraquedas) \u00e9 120 medidores\/segundo.<\/p>\n\n\t\t<\/div>\n\t<\/div>\n<div class=\"vc_empty_space\"   style=\"height: 20px\"><span class=\"vc_empty_space_inner\"><\/span><\/div>\n\t<div class=\"wpb_text_column wpb_content_element  urun-detay\" >\n\t\t<div class=\"wpb_wrapper\">\n\t\t\t<p>A pistola de ar de sopro \u00e9 um modelo de pistola de ar de produ\u00e7\u00e3o nacional. \u00c9 produzido em Istambul por Zira Silah Sanayi. O comprimento total do modelo de pistola de ar comprimido \u00e9 de 323 mm. \u00c9 uma pistola de ar f\u00e1cil de usar e acess\u00edvel. \u00c9 um modelo prefer\u00edvel para aqueles que querem come\u00e7ar com uma pistola de ar barata e boa. Como estrutura material, Chama a aten\u00e7\u00e3o pela sua estrutura material muito robusta. Chama a aten\u00e7\u00e3o dos utilizadores com op\u00e7\u00f5es de cor preta e madeira como cor da moldura. \u00c9 um modelo recomendado para utilizadores principiantes e interm\u00e9dios.<\/p>\n\n\t\t<\/div>\n\t<\/div>\n<div class=\"vc_empty_space\"   style=\"height: 20px\"><span class=\"vc_empty_space_inner\"><\/span><\/div><\/div><\/div><\/div><div class=\"nm_column wpb_column vc_column_container col-sm-6\"><div class=\"vc_column-inner\"><div class=\"wpb_wrapper\"><h2 style=\"font-size: 22px;color: #1354a1;text-align: left;font-family:Open Sans;font-weight:700;font-style:normal\" class=\"vc_custom_heading\" >Especifica\u00e7\u00f5es t\u00e9cnicas<\/h2>\r\n    <div class=\"nm-divider separator_align_center\">\r\n        <div class=\"nm-divider-line\" style=\"background:#e2e2e2;\"><\/div>\r\n    <\/div><div class=\"vc_empty_space\"   style=\"height: 20px\"><span class=\"vc_empty_space_inner\"><\/span><\/div>\n\t<div class=\"wpb_text_column wpb_content_element  urun-detay\" >\n\t\t<div class=\"wpb_wrapper\">\n\t\t\t<div role=\"listitem\"><label>SKU<\/label> <strong>BLOW <span class=\"strong\" data-condition=\"nullHideParent\" data-title=\"html\">de ar de sopro<\/span><\/strong><\/div>\n<div role=\"listitem\"><label>Modelo<\/label> <strong>BLOW <span class=\"strong\" data-condition=\"nullHideParent\" data-title=\"html\">de ar de sopro<\/span><\/strong><\/div>\n<div role=\"listitem\"><label>Calibre<\/label>\u00a0<strong><span class=\"strong\" data-condition=\"nullHideParent\" data-caliber-all=\"html\">177 &#8211; 4.5 mm<\/span><\/strong><\/div>\n<div role=\"listitem\"><label>Comprimento geral<\/label>\u00a0<strong><span class=\"strong\" data-condition=\"nullHideParent\" data-optic=\"html\">323 mm<\/span><\/strong><\/div>\n<div role=\"listitem\">Larguraa <strong><span class=\"strong\" data-condition=\"nullHideParent\" data-safety=\"html\">33 mm<\/span><\/strong><\/div>\n<div role=\"listitem\"><label>Altura<\/label> <strong><span class=\"strong\" data-condition=\"nullHideParent\" data-length=\"html\">152 mm<\/span><\/strong><\/div>\n<div role=\"listitem\"><span class=\"strong\" data-condition=\"nullHideParent\" data-action=\"html\">Comprimento Do Cano <b>160 mm<\/b><\/span><\/div>\n<div role=\"listitem\"><label>Barril<\/label>\u00a0<strong><span class=\"strong\" data-condition=\"nullHideParent\" data-stock=\"html\">Cano de A\u00e7o Ranhurado<\/span><\/strong><\/div>\n<div role=\"listitem\"><label>Peso<\/label><strong>\u00a0<span class=\"strong\" data-condition=\"nullHideParent\" data-grip=\"html\">950 gr.<\/span><\/strong><\/div>\n<div role=\"listitem\"><label>Velocidade<\/label>\u00a0<strong><span class=\"strong\" data-condition=\"nullHideParent\" data-barrel-material=\"html\">120 m\/seg<\/span><\/strong><\/div>\n<div role=\"listitem\"><label>For\u00e7a De Armar<\/label>\u00a0<strong><span class=\"strong\" data-condition=\"nullHideParent\" data-barrel=\"html\">13 kgf<\/span><\/strong><\/div>\n<div role=\"listitem\"><label>For\u00e7a de abaixamento do gatilho<\/label> 600 <strong><span class=\"strong\" data-condition=\"nullHideParent\" data-weight=\"html\">gr.<\/span><\/strong><\/div>\n<div role=\"listitem\"><span class=\"strong\" data-condition=\"nullHideParent\" data-weight=\"html\">Lidar com Cor <b>Madeira - Preto<\/b><\/span><\/div>\n<div role=\"listitem\">Cores Do Quadro <strong><span class=\"strong\" data-condition=\"nullHideParent\" data-weight=\"html\">Preto<\/span><\/strong><\/div>\n\n\t\t<\/div>\n\t<\/div>\n<\/div><\/div><\/div><\/div><div class=\"nm-row nm-row-full vc_row wpb_row\"><div class=\"nm_column wpb_column vc_column_container col-sm-6\"><div class=\"vc_column-inner\"><div class=\"wpb_wrapper\"><h2 style=\"font-size: 22px;color: #1354a1;text-align: left;font-family:Open Sans;font-weight:700;font-style:normal\" class=\"vc_custom_heading\" >\u0414\u043e\u043a\u0443\u043c\u0435\u043d\u0442\u0430\u0446\u0438\u044f \u043f\u043e \u043f\u0440\u043e\u0434\u0443\u043a\u0442\u0443<\/h2>\r\n    <div class=\"nm-divider separator_align_center\">\r\n        <div class=\"nm-divider-line\" style=\"background:#e2e2e2;\"><\/div>\r\n    <\/div><div class=\"vc_empty_space\"   style=\"height: 20px\"><span class=\"vc_empty_space_inner\"><\/span><\/div>\n\t<div class=\"wpb_text_column wpb_content_element  urun-detay\" >\n\t\t<div class=\"wpb_wrapper\">\n\t\t\t<p><img src=\"https:\/\/www.zirasilah.com.tr\/wp-content\/uploads\/2021\/11\/pdf-icon3.png\" \/><strong><a style=\"color: #777777;\" href=\"https:\/\/www.zirasilah.com.tr\/wp-content\/uploads\/2015\/08\/c75-parca-listesi-turkce-1.xlsx\" target=\"_blank\" rel=\"noopener\"> Ver Lista De Pe\u00e7as<\/a><\/strong><\/p>\n\n\t\t<\/div>\n\t<\/div>\n\n\t<div class=\"wpb_text_column wpb_content_element  urun-detay\" >\n\t\t<div class=\"wpb_wrapper\">\n\t\t\t<p><img src=\"https:\/\/www.zirasilah.com.tr\/wp-content\/uploads\/2021\/11\/pdf-icon3.png\" \/>\u00a0<strong><a style=\"color: #777777;\" href=\"https:\/\/www.zirasilah.com.tr\/wp-content\/uploads\/2022\/04\/c75-parca-listesi-turkce.jpg\" target=\"_blank\" rel=\"noopener\">Visualizar<\/a><\/strong><\/p>\n\n\t\t<\/div>\n\t<\/div>\n<div class=\"vc_empty_space\"   style=\"height: 40px\"><span class=\"vc_empty_space_inner\"><\/span><\/div><\/div><\/div><\/div><div class=\"nm_column wpb_column vc_column_container col-sm-6\"><div class=\"vc_column-inner\"><div class=\"wpb_wrapper\"><\/div><\/div><\/div><\/div><div class=\"nm-row nm-row-full vc_row wpb_row\"><div class=\"nm_column wpb_column vc_column_container col-sm-12\"><div class=\"vc_column-inner\"><div class=\"wpb_wrapper\"><div class=\"vc_empty_space\"   style=\"height: 40px\"><span class=\"vc_empty_space_inner\"><\/span><\/div>\n\t<div class=\"wpb_text_column wpb_content_element\" >\n\t\t<div class=\"wpb_wrapper\">\n\t\t\t<p style=\"text-align: center;\"><strong>TODOS OS PRODUTOS S\u00c3O APOIADOS PELA POL\u00cdTICA DE QUALIDADE VITAL\u00cdCIA DA ZIRA SILAH.<\/strong><br \/>\n<strong>A DISPONIBILIDADE EST\u00c1 SUJEITA \u00c0S LEIS E REGULAMENTOS LOCAIS DA REGI\u00c3O.<\/strong><\/p>\n\n\t\t<\/div>\n\t<\/div>\n<\/div><\/div><\/div><\/div><div style=\"max-width:1300px;\" class=\"nm-row nm-row-boxed nm-row-max-width vc_row wpb_row nm-row-flex nm-row-col-middle  vc_custom_1630483776074\"><div class=\"nm_column wpb_column vc_column_container col-sm-12 vc_custom_1439335914871\"><div class=\"vc_column-inner\"><div class=\"wpb_wrapper\"><div class=\"vc_empty_space\"   style=\"height: 50px\"><span class=\"vc_empty_space_inner\"><\/span><\/div><\/div><\/div><\/div><\/div><div style=\"max-width:1920px; min-height:500px; background-image:url(https:\/\/www.zirasilah.com.tr\/wp-content\/uploads\/2022\/03\/havalitabanca-banner.jpg) !important;\" class=\"nm-row nm-row-boxed nm-row-max-width vc_row wpb_row nm-row-full-height nm-row-flex nm-row-col-middle nm-row-parallax nm-row-parallax-static  anasayfa-parallax-gun vc_custom_1647420155799\"><div class=\"nm_column wpb_column vc_column_container col-sm-12 vc_custom_1647419558701\"><div class=\"vc_column-inner\"><div class=\"wpb_wrapper\">\n\t<div class=\"wpb_text_column wpb_content_element  anasayfa-parallax-gun\" >\n\t\t<div class=\"wpb_wrapper\">\n\t\t\t<h3 class=\"hl-1\" style=\"text-align: center;\">REVISE MAIS PISTOLA DE AR<\/h3>\n\n\t\t<\/div>\n\t<\/div>\n\r\n\t\t\t<div class=\"nm_btn_align_center\">\r\n\t\t\t\t<a href=\"https:\/\/www.zirasilah.com.tr\/pt\/armas-de-ar\/\" class=\"nm_btn nm_btn_md nm_btn_filled\" title=\"Haval\u0131 Tabancalar\">\r\n\t\t\t\t\t<span class=\"nm_btn_title\">V\u0130SUAL\u0130ZAR<\/span>\r\n\t\t\t\t\t<span class=\"nm_btn_bg\"><\/span>\r\n\t\t\t\t<\/a>\r\n\t\t\t<\/div><\/div><\/div><\/div><\/div><div style=\"max-width:1920px; min-height:600px; background-image:url(https:\/\/www.zirasilah.com.tr\/wp-content\/uploads\/2022\/10\/zrabnnr.png) !important;\" class=\"nm-row nm-row-boxed nm-row-max-width vc_row wpb_row nm-row-flex nm-row-col-middle nm-row-parallax nm-row-parallax-static  anasayfa-parallax-gun\"><div class=\"nm_column wpb_column vc_column_container col-sm-12 vc_custom_1635124555644\"><div class=\"vc_column-inner\"><div class=\"wpb_wrapper\"><h2 style=\"color: #ffffff;text-align: center;font-family:Abril Fatface;font-weight:400;font-style:normal\" class=\"vc_custom_heading\" >JUNTE-SE \u00c0 NOSSA COMUNIDADE<\/h2>\n\t<div class=\"wpb_text_column wpb_content_element\" >\n\t\t<div class=\"wpb_wrapper\">\n\t\t\t<p style=\"color: white; text-align: center;\">Receba atualiza\u00e7\u00f5es novas e mais recentes sobre produtos, not\u00edcias e eventos<\/p>\n\n\t\t<\/div>\n\t<\/div>\n<div role=\"form\" class=\"wpcf7\" id=\"wpcf7-f5-o1\" lang=\"en-US\" dir=\"ltr\">\n<div class=\"screen-reader-response\"><p role=\"status\" aria-live=\"polite\" aria-atomic=\"true\"><\/p> <ul><\/ul><\/div>\n<form action=\"\/pt\/wp-json\/wp\/v2\/product\/237#wpcf7-f5-o1\" method=\"post\" class=\"wpcf7-form init\" novalidate=\"novalidate\" data-status=\"init\" data-trp-original-action=\"\/pt\/wp-json\/wp\/v2\/product\/237#wpcf7-f5-o1\">\n<div style=\"display: none;\">\n<input type=\"hidden\" name=\"_wpcf7\" value=\"5\" \/>\n<input type=\"hidden\" name=\"_wpcf7_version\" value=\"5.5.2\" \/>\n<input type=\"hidden\" name=\"_wpcf7_locale\" value=\"en_US\" \/>\n<input type=\"hidden\" name=\"_wpcf7_unit_tag\" value=\"wpcf7-f5-o1\" \/>\n<input type=\"hidden\" name=\"_wpcf7_container_post\" value=\"0\" \/>\n<input type=\"hidden\" name=\"_wpcf7_posted_data_hash\" value=\"\" \/>\n<\/div>\n<p class=\"half\"><label style=\"margin-left:-60px !important;\" >Endere\u00e7o de E-mail<\/label> <span class=\"wpcf7-form-control-wrap your-email\"><input type=\"email\" name=\"your-email\" value=\"\" size=\"40\" class=\"wpcf7-form-control wpcf7-text wpcf7-email wpcf7-validates-as-required wpcf7-validates-as-email\" aria-required=\"true\" aria-invalid=\"false\" placeholder=\"Endere\u00e7o de E-mail\" \/><\/span><\/p>\n<p class=\"helfa\" style=\"color:white; font-size:12px !important;\"><span class=\"wpcf7-form-control-wrap checkbox-711\"><span class=\"wpcf7-form-control wpcf7-checkbox wpcf7-validates-as-required\"><span class=\"wpcf7-list-item first last\"><label><input type=\"checkbox\" name=\"checkbox-711[]\" value=\"\u015eartlar &amp; Ko\u015fullar ve Gizlilik Politikas\u0131n\u0131 kabul ediyorum.\" \/><span class=\"wpcf7-list-item-label\">Concordo com os Termos e Condi\u00e7\u00f5es e com a Pol\u00edtica de Privacidade.<\/span><\/label><\/span><\/span><\/span><\/p>\n<p class=\"half\"><input type=\"submit\" value=\"SE INSCREVER\" class=\"wpcf7-form-control has-spinner wpcf7-submit\" \/><\/p>\n<div class=\"wpcf7-response-output\" aria-hidden=\"true\"><\/div><input type=\"hidden\" name=\"trp-form-language\" value=\"pt\"\/><\/form><\/div><\/div><\/div><\/div><\/div>","protected":false},"excerpt":{"rendered":"<p><b>Pistola de ar do sopro<\/b> a pistola de ar de 4.5 mm com sistema do tambor da ruptura \u00e9 um tipo de pistola de ar que possa disparar pelotas com a ajuda do ar comprimido.<b> Pistola de ar do sopro<\/b> 4.5 mm usa pelotas do p\u00e1ra-quedas.<b> Pistola de ar do sopro<\/b> A velocidade da boca da 4,5 mm \u00e9 de 120 metros \/ segundo.<\/p>","protected":false},"featured_media":7329,"comment_status":"open","ping_status":"closed","template":"","meta":[],"product_cat":[15,28],"product_tag":[],"yoast_head":"<!-- This site is optimized with the Yoast SEO plugin v19.8 - https:\/\/yoast.com\/wordpress\/plugins\/seo\/ -->\n<title>BLOW Air Pistol Kurus\u0131k\u0131 Tabanca &raquo; Zira Silah<\/title>\n<meta name=\"description\" content=\"Blow Air Pistol 4.5 mm para\u015f\u00fct sa\u00e7ma kullan\u0131l\u0131r. Blow Air Pistol 4.5 mm namlu \u00e7\u0131k\u0131\u015f h\u0131z\u0131 120 metre\/saniyedir.\" \/>\n<meta name=\"robots\" content=\"index, follow, max-snippet:-1, max-image-preview:large, max-video-preview:-1\" \/>\n<link rel=\"canonical\" href=\"https:\/\/www.zirasilah.com.tr\/pt\/product\/pistola-de-ar\/\" \/>\n<meta property=\"og:locale\" content=\"pt_PT\" \/>\n<meta property=\"og:type\" content=\"article\" \/>\n<meta property=\"og:title\" content=\"BLOW Air Pistol Kurus\u0131k\u0131 Tabanca &raquo; Zira Silah\" \/>\n<meta property=\"og:description\" content=\"Blow Air Pistol 4.5 mm para\u015f\u00fct sa\u00e7ma kullan\u0131l\u0131r. Blow Air Pistol 4.5 mm namlu \u00e7\u0131k\u0131\u015f h\u0131z\u0131 120 metre\/saniyedir.\" \/>\n<meta property=\"og:url\" content=\"https:\/\/www.zirasilah.com.tr\/pt\/product\/pistola-de-ar\/\" \/>\n<meta property=\"og:site_name\" content=\"Zira Silah\" \/>\n<meta property=\"article:modified_time\" content=\"2022-10-19T13:38:26+00:00\" \/>\n<meta property=\"og:image\" content=\"https:\/\/www.zirasilah.com.tr\/wp-content\/uploads\/2022\/03\/havali-siyah.jpg\" \/>\n\t<meta property=\"og:image:width\" content=\"1000\" \/>\n\t<meta property=\"og:image:height\" content=\"1000\" \/>\n\t<meta property=\"og:image:type\" content=\"image\/jpeg\" \/>\n<meta name=\"twitter:card\" content=\"summary_large_image\" \/>\n<meta name=\"twitter:label1\" content=\"Est. reading time\" \/>\n\t<meta name=\"twitter:data1\" content=\"4 minutos\" \/>\n<script type=\"application\/ld+json\" class=\"yoast-schema-graph\">{\"@context\":\"https:\/\/schema.org\",\"@graph\":[{\"@type\":\"WebPage\",\"@id\":\"https:\/\/www.zirasilah.com.tr\/urun\/air-pistol\/\",\"url\":\"https:\/\/www.zirasilah.com.tr\/urun\/air-pistol\/\",\"name\":\"BLOW Air Pistol Kurus\u0131k\u0131 Tabanca &raquo; Zira Silah\",\"isPartOf\":{\"@id\":\"https:\/\/www.zirasilah.com.tr\/#website\"},\"datePublished\":\"2015-08-11T21:48:06+00:00\",\"dateModified\":\"2022-10-19T13:38:26+00:00\",\"description\":\"Blow Air Pistol 4.5 mm para\u015f\u00fct sa\u00e7ma kullan\u0131l\u0131r. Blow Air Pistol 4.5 mm namlu \u00e7\u0131k\u0131\u015f h\u0131z\u0131 120 metre\/saniyedir.\",\"breadcrumb\":{\"@id\":\"https:\/\/www.zirasilah.com.tr\/urun\/air-pistol\/#breadcrumb\"},\"inLanguage\":\"pt-PT\",\"potentialAction\":[{\"@type\":\"ReadAction\",\"target\":[\"https:\/\/www.zirasilah.com.tr\/urun\/air-pistol\/\"]}]},{\"@type\":\"BreadcrumbList\",\"@id\":\"https:\/\/www.zirasilah.com.tr\/urun\/air-pistol\/#breadcrumb\",\"itemListElement\":[{\"@type\":\"ListItem\",\"position\":1,\"name\":\"Anasayfa\",\"item\":\"https:\/\/www.zirasilah.com.tr\/\"},{\"@type\":\"ListItem\",\"position\":2,\"name\":\"BLOW Air Pistol\"}]},{\"@type\":\"WebSite\",\"@id\":\"https:\/\/www.zirasilah.com.tr\/#website\",\"url\":\"https:\/\/www.zirasilah.com.tr\/\",\"name\":\"Zira Silah\",\"description\":\"Blow\",\"potentialAction\":[{\"@type\":\"SearchAction\",\"target\":{\"@type\":\"EntryPoint\",\"urlTemplate\":\"https:\/\/www.zirasilah.com.tr\/?s={search_term_string}\"},\"query-input\":\"required name=search_term_string\"}],\"inLanguage\":\"pt-PT\"}]}<\/script>\n<!-- \/ Yoast SEO plugin. -->","yoast_head_json":{"title":"BLOW Air Pistol Kurus\u0131k\u0131 Tabanca &raquo; Zira Silah","description":"Blow Air Pistol 4.5 mm para\u015f\u00fct sa\u00e7ma kullan\u0131l\u0131r. Blow Air Pistol 4.5 mm namlu \u00e7\u0131k\u0131\u015f h\u0131z\u0131 120 metre\/saniyedir.","robots":{"index":"index","follow":"follow","max-snippet":"max-snippet:-1","max-image-preview":"max-image-preview:large","max-video-preview":"max-video-preview:-1"},"canonical":"https:\/\/www.zirasilah.com.tr\/pt\/product\/pistola-de-ar\/","og_locale":"pt_PT","og_type":"article","og_title":"BLOW Air Pistol Kurus\u0131k\u0131 Tabanca &raquo; Zira Silah","og_description":"Blow Air Pistol 4.5 mm para\u015f\u00fct sa\u00e7ma kullan\u0131l\u0131r. Blow Air Pistol 4.5 mm namlu \u00e7\u0131k\u0131\u015f h\u0131z\u0131 120 metre\/saniyedir.","og_url":"https:\/\/www.zirasilah.com.tr\/pt\/product\/pistola-de-ar\/","og_site_name":"Zira Silah","article_modified_time":"2022-10-19T13:38:26+00:00","og_image":[{"width":1000,"height":1000,"url":"https:\/\/www.zirasilah.com.tr\/wp-content\/uploads\/2022\/03\/havali-siyah.jpg","type":"image\/jpeg"}],"twitter_card":"summary_large_image","twitter_misc":{"Est. reading time":"4 minutos"},"schema":{"@context":"https:\/\/schema.org","@graph":[{"@type":"WebPage","@id":"https:\/\/www.zirasilah.com.tr\/urun\/air-pistol\/","url":"https:\/\/www.zirasilah.com.tr\/urun\/air-pistol\/","name":"BLOW Air Pistol Kurus\u0131k\u0131 Tabanca &raquo; Zira Silah","isPartOf":{"@id":"https:\/\/www.zirasilah.com.tr\/#website"},"datePublished":"2015-08-11T21:48:06+00:00","dateModified":"2022-10-19T13:38:26+00:00","description":"Blow Air Pistol 4.5 mm para\u015f\u00fct sa\u00e7ma kullan\u0131l\u0131r. Blow Air Pistol 4.5 mm namlu \u00e7\u0131k\u0131\u015f h\u0131z\u0131 120 metre\/saniyedir.","breadcrumb":{"@id":"https:\/\/www.zirasilah.com.tr\/urun\/air-pistol\/#breadcrumb"},"inLanguage":"pt-PT","potentialAction":[{"@type":"ReadAction","target":["https:\/\/www.zirasilah.com.tr\/urun\/air-pistol\/"]}]},{"@type":"BreadcrumbList","@id":"https:\/\/www.zirasilah.com.tr\/urun\/air-pistol\/#breadcrumb","itemListElement":[{"@type":"ListItem","position":1,"name":"Anasayfa","item":"https:\/\/www.zirasilah.com.tr\/"},{"@type":"ListItem","position":2,"name":"BLOW Air Pistol"}]},{"@type":"WebSite","@id":"https:\/\/www.zirasilah.com.tr\/#website","url":"https:\/\/www.zirasilah.com.tr\/","name":"Zira Silah","description":"Blow","potentialAction":[{"@type":"SearchAction","target":{"@type":"EntryPoint","urlTemplate":"https:\/\/www.zirasilah.com.tr\/?s={search_term_string}"},"query-input":"required name=search_term_string"}],"inLanguage":"pt-PT"}]}},"_links":{"self":[{"href":"https:\/\/www.zirasilah.com.tr\/pt\/wp-json\/wp\/v2\/product\/237"}],"collection":[{"href":"https:\/\/www.zirasilah.com.tr\/pt\/wp-json\/wp\/v2\/product"}],"about":[{"href":"https:\/\/www.zirasilah.com.tr\/pt\/wp-json\/wp\/v2\/types\/product"}],"replies":[{"embeddable":true,"href":"https:\/\/www.zirasilah.com.tr\/pt\/wp-json\/wp\/v2\/comments?post=237"}],"wp:featuredmedia":[{"embeddable":true,"href":"https:\/\/www.zirasilah.com.tr\/pt\/wp-json\/wp\/v2\/media\/7329"}],"wp:attachment":[{"href":"https:\/\/www.zirasilah.com.tr\/pt\/wp-json\/wp\/v2\/media?parent=237"}],"wp:term":[{"taxonomy":"product_cat","embeddable":true,"href":"https:\/\/www.zirasilah.com.tr\/pt\/wp-json\/wp\/v2\/product_cat?post=237"},{"taxonomy":"product_tag","embeddable":true,"href":"https:\/\/www.zirasilah.com.tr\/pt\/wp-json\/wp\/v2\/product_tag?post=237"}],"curies":[{"name":"wp","href":"https:\/\/api.w.org\/{rel}","templated":true}]}}