{"id":3601,"date":"2021-12-02T08:20:35","date_gmt":"2021-12-02T08:20:35","guid":{"rendered":"https:\/\/www.zirasilah.com.tr\/?post_type=product&#038;p=3601"},"modified":"2022-10-14T06:28:47","modified_gmt":"2022-10-14T06:28:47","slug":"f06-kanalli","status":"publish","type":"product","link":"https:\/\/www.zirasilah.com.tr\/fr\/product\/f06-channel\/","title":{"rendered":"F06 K (Avec Canal)"},"content":{"rendered":"<div style=\" min-height:250px;\" class=\"nm-row nm-row-full-nopad vc_row wpb_row  urun-detay-desktop vc_custom_1644323247890\"><div class=\"nm_column wpb_column vc_column_container col-sm-12\"><div class=\"vc_column-inner\"><div class=\"wpb_wrapper\"><div class=\"nm-row nm-row-boxed inner nm-row-flex nm-row-col-middle\"><div class=\"nm_column nm_column_inner col-sm-3\"><div class=\"wpb_wrapper\">\n\t<div class=\"wpb_text_column wpb_content_element\" >\n\t\t<div class=\"wpb_wrapper\">\n\t\t\t<p class=\"urun-detay1\">9 MM<\/p>\n<p class=\"urun-detay2\">CAL\u0130BRE<\/p>\n\n\t\t<\/div>\n\t<\/div>\n<\/div><\/div><div class=\"nm_column nm_column_inner col-sm-3\"><div class=\"wpb_wrapper\">\n\t<div class=\"wpb_text_column wpb_content_element\" >\n\t\t<div class=\"wpb_wrapper\">\n\t\t\t<p class=\"urun-detay1\">17+1<br \/>\nPIECE<\/p>\n<p class=\"urun-detay2\">CAPACIT\u00c9<\/p>\n\n\t\t<\/div>\n\t<\/div>\n<\/div><\/div><div class=\"nm_column nm_column_inner col-sm-3\"><div class=\"wpb_wrapper\">\n\t<div class=\"wpb_text_column wpb_content_element\" >\n\t\t<div class=\"wpb_wrapper\">\n\t\t\t<p class=\"urun-detay1\">40 MM<\/p>\n<p class=\"urun-detay2\">LARGEUR<\/p>\n\n\t\t<\/div>\n\t<\/div>\n<\/div><\/div><div class=\"nm_column nm_column_inner col-sm-3\"><div class=\"wpb_wrapper\">\n\t<div class=\"wpb_text_column wpb_content_element\" >\n\t\t<div class=\"wpb_wrapper\">\n\t\t\t<p class=\"urun-detay1\">PO\u0130DS: 1225 GR<br \/>\nLONGUEUR: 209,3 MM<br \/>\nHAENTEUR: 141,7 MM<\/p>\n<p class=\"urun-detay2\">DIMENSIONS<\/p>\n\n\t\t<\/div>\n\t<\/div>\n<\/div><\/div><\/div><\/div><\/div><\/div><\/div><div class=\"nm-row nm-row-full-nopad vc_row wpb_row  urun-detay-mobile vc_custom_1637841580984\"><div class=\"nm_column wpb_column vc_column_container col-sm-12\"><div class=\"vc_column-inner\"><div class=\"wpb_wrapper\"><div class=\"nm-row nm-row-boxed inner\"><div class=\"nm_column nm_column_inner col-sm-6\"><div class=\"wpb_wrapper\">\n\t<div class=\"wpb_text_column wpb_content_element\" >\n\t\t<div class=\"wpb_wrapper\">\n\t\t\t<p class=\"urun-detay1\">9 MM<\/p>\n<p class=\"urun-detay2\">CAL\u0130BRE<\/p>\n\n\t\t<\/div>\n\t<\/div>\n<\/div><\/div><div class=\"nm_column nm_column_inner col-sm-6\"><div class=\"wpb_wrapper\">\n\t<div class=\"wpb_text_column wpb_content_element\" >\n\t\t<div class=\"wpb_wrapper\">\n\t\t\t<p class=\"urun-detay1\">17+1<br \/>\nPIECE<\/p>\n<p class=\"urun-detay2\">CAPACIT\u00c9<\/p>\n\n\t\t<\/div>\n\t<\/div>\n<\/div><\/div><\/div><div class=\"vc_empty_space\"   style=\"height: 67px\"><span class=\"vc_empty_space_inner\"><\/span><\/div><div class=\"nm-row nm-row-boxed inner\"><div class=\"nm_column nm_column_inner col-sm-6\"><div class=\"wpb_wrapper\">\n\t<div class=\"wpb_text_column wpb_content_element\" >\n\t\t<div class=\"wpb_wrapper\">\n\t\t\t<p class=\"urun-detay1\">40 MM<\/p>\n<p class=\"urun-detay2\">LARGEUR<\/p>\n\n\t\t<\/div>\n\t<\/div>\n<\/div><\/div><div class=\"nm_column nm_column_inner col-sm-6\"><div class=\"wpb_wrapper\">\n\t<div class=\"wpb_text_column wpb_content_element\" >\n\t\t<div class=\"wpb_wrapper\">\n\t\t\t<p class=\"urun-detay1\">PO\u0130DS: 1225 GR<br \/>\nLONGUEUR: 209,3 MM<br \/>\nHAENTEUR: 141,7 MM<\/p>\n<p class=\"urun-detay2\">DIMENSIONS<\/p>\n\n\t\t<\/div>\n\t<\/div>\n<\/div><\/div><\/div><\/div><\/div><\/div><\/div><div class=\"nm-row nm-row-full-nopad vc_row wpb_row\"><div class=\"nm_column wpb_column vc_column_container col-sm-12\"><div class=\"vc_column-inner\"><div class=\"wpb_wrapper\"><div class=\"vc_empty_space\"   style=\"height: 30px\"><span class=\"vc_empty_space_inner\"><\/span><\/div><\/div><\/div><\/div><\/div><div class=\"nm-row nm-row-full vc_row wpb_row\"><div class=\"nm_column wpb_column vc_column_container col-sm-6\"><div class=\"vc_column-inner\"><div class=\"wpb_wrapper\"><h2 style=\"font-size: 22px;color: #1354a1;text-align: left;font-family:Open Sans;font-weight:700;font-style:normal\" class=\"vc_custom_heading\" >Description du Produit<\/h2>\r\n    <div class=\"nm-divider separator_align_center\">\r\n        <div class=\"nm-divider-line\" style=\"background:#e2e2e2;\"><\/div>\r\n    <\/div><div class=\"vc_empty_space\"   style=\"height: 20px\"><span class=\"vc_empty_space_inner\"><\/span><\/div>\n\t<div class=\"wpb_text_column wpb_content_element  urun-detay\" >\n\t\t<div class=\"wpb_wrapper\">\n\t\t\t<div role=\"listitem\">\n<div role=\"listitem\">\n<div role=\"listitem\"><strong>Blow F06 K (AVEC CANAL)<\/strong>Pistolet \u00e0 blanc, est un pistolet \u00e0 blanc semi-automatique et automatique. Cette arme \u00e0 blanc est \u00e9galement disponible avec un m\u00e9canisme lisse et des options de mod\u00e8les brod\u00e9s. <strong>F06 K (Avec Canal) <\/strong>Le corps du pistolet \u00e0 blanc est fabriqu\u00e9 en zamac. Ce pistolet \u00e0 blanc de calibre 9 mm a une capacit\u00e9 de chargeur de 17+1. Pesant 1225 g., ce pistolet \u00e0 blanc est disponible dans les couleurs noir, fum\u00e9, or, satin\u00e9, chrome mat et chrome brillant.<\/div>\n<\/div>\n<\/div>\n\n\t\t<\/div>\n\t<\/div>\n<div class=\"vc_empty_space\"   style=\"height: 20px\"><span class=\"vc_empty_space_inner\"><\/span><\/div>\n\t<div class=\"wpb_text_column wpb_content_element  urun-detay\" >\n\t\t<div class=\"wpb_wrapper\">\n\t\t\t<p>Le pistolet \u00e0 blanc est livr\u00e9 avec une belle bo\u00eete en plastique.\nLes pistolets \u00e0 blanc sont g\u00e9n\u00e9ralement des armes qui ne peuvent \u00e9mettre un son que lorsqu'elles sont tir\u00e9es, dont la cartouche n'est remplie que de poudre \u00e0 canon et ne contient pas de noyau de balle.<\/p>\n\n\t\t<\/div>\n\t<\/div>\n<div class=\"vc_empty_space\"   style=\"height: 20px\"><span class=\"vc_empty_space_inner\"><\/span><\/div><\/div><\/div><\/div><div class=\"nm_column wpb_column vc_column_container col-sm-6\"><div class=\"vc_column-inner\"><div class=\"wpb_wrapper\"><h2 style=\"font-size: 22px;color: #1354a1;text-align: left;font-family:Open Sans;font-weight:700;font-style:normal\" class=\"vc_custom_heading\" >Specifications Techniques<\/h2>\r\n    <div class=\"nm-divider separator_align_center\">\r\n        <div class=\"nm-divider-line\" style=\"background:#e2e2e2;\"><\/div>\r\n    <\/div><div class=\"vc_empty_space\"   style=\"height: 20px\"><span class=\"vc_empty_space_inner\"><\/span><\/div>\n\t<div class=\"wpb_text_column wpb_content_element  urun-detay\" >\n\t\t<div class=\"wpb_wrapper\">\n\t\t\t<div role=\"listitem\">\n<div role=\"listitem\"><label>SKU<\/label> <strong>F06 K (Avec Canal)<\/strong><\/div>\n<div role=\"listitem\"><label>Mod\u00e8le<\/label>\u00a0<strong><span class=\"strong\" data-condition=\"nullHideParent\" data-title=\"html\">F06 K<\/span><\/strong><\/div>\n<div role=\"listitem\">Calibre\u00a0<strong><span class=\"strong\" data-condition=\"nullHideParent\" data-caliber-all=\"html\">9 mm<\/span><\/strong><\/div>\n<div role=\"listitem\">Capacite <strong><span class=\"strong\" data-condition=\"nullHideParent\" data-capacity=\"html\">17+1<\/span><\/strong><\/div>\n<div role=\"listitem\"><strong>Capacit\u00e9 30+1 Compatible<\/strong><\/div>\n<div role=\"listitem\"><label>Longueur Totale<\/label> <strong><span class=\"strong\" data-condition=\"nullHideParent\" data-color=\"html\">209,3 mm<\/span><\/strong><\/div>\n<div role=\"listitem\"><label>Largeur<\/label> <strong><span class=\"strong\" data-condition=\"nullHideParent\" data-length=\"html\">40 mm<\/span><\/strong><\/div>\n<div role=\"listitem\"><span class=\"strong\" data-condition=\"nullHideParent\" data-action=\"html\">Hauteur <b>141,7 mm<\/b><\/span><\/div>\n<div role=\"listitem\"><span class=\"strong\" data-condition=\"nullHideParent\" data-grip=\"html\">Poids\u00a0<b>1225 g<\/b><\/span><\/div>\n<div role=\"listitem\"><label>Couleur de la Poign\u00e9e<\/label>\u00a0<strong><span class=\"strong\" data-condition=\"nullHideParent\" data-barrel-material=\"html\">Bois-Noir<\/span><\/strong><\/div>\n<div role=\"listitem\">Couleurs du Corps et du M\u00e9canisme <strong><span class=\"strong\" data-condition=\"nullHideParent\" data-barrel=\"html\">Noir-Fum\u00e9-Satin\u00e9-Chrome Mat-Chrome Brillant-Or-Partie Dor\u00e9e-Brod\u00e9.<\/span><\/strong><\/div>\n<\/div>\n\n\t\t<\/div>\n\t<\/div>\n<\/div><\/div><\/div><\/div><div class=\"nm-row nm-row-full vc_row wpb_row\"><div class=\"nm_column wpb_column vc_column_container col-sm-6\"><div class=\"vc_column-inner\"><div class=\"wpb_wrapper\"><h2 style=\"font-size: 22px;color: #1354a1;text-align: left;font-family:Open Sans;font-weight:700;font-style:normal\" class=\"vc_custom_heading\" >Documentation produit<\/h2>\r\n    <div class=\"nm-divider separator_align_center\">\r\n        <div class=\"nm-divider-line\" style=\"background:#e2e2e2;\"><\/div>\r\n    <\/div><div class=\"vc_empty_space\"   style=\"height: 20px\"><span class=\"vc_empty_space_inner\"><\/span><\/div>\n\t<div class=\"wpb_text_column wpb_content_element  urun-detay\" >\n\t\t<div class=\"wpb_wrapper\">\n\t\t\t<p><img src=\"https:\/\/www.zirasilah.com.tr\/wp-content\/uploads\/2021\/11\/pdf-icon3.png\" \/><strong><a style=\"color: #777777;\" href=\"https:\/\/www.zirasilah.com.tr\/wp-content\/uploads\/2022\/04\/f06k-parca-listesi-turkce.xlsx\" target=\"_blank\" rel=\"noopener\"> Voir la liste de pi\u00e8ces<\/a><\/strong><\/p>\n\n\t\t<\/div>\n\t<\/div>\n\n\t<div class=\"wpb_text_column wpb_content_element  urun-detay\" >\n\t\t<div class=\"wpb_wrapper\">\n\t\t\t<p><img src=\"https:\/\/www.zirasilah.com.tr\/wp-content\/uploads\/2021\/11\/pdf-icon3.png\" \/>\u00a0<strong><a style=\"color: #777777;\" href=\"https:\/\/www.zirasilah.com.tr\/wp-content\/uploads\/2022\/08\/f06k.jpg\" target=\"_blank\" rel=\"noopener\">Voir<\/a><\/strong><\/p>\n\n\t\t<\/div>\n\t<\/div>\n<div class=\"vc_empty_space\"   style=\"height: 40px\"><span class=\"vc_empty_space_inner\"><\/span><\/div><\/div><\/div><\/div><div class=\"nm_column wpb_column vc_column_container col-sm-6\"><div class=\"vc_column-inner\"><div class=\"wpb_wrapper\"><\/div><\/div><\/div><\/div><div class=\"nm-row nm-row-full vc_row wpb_row\"><div class=\"nm_column wpb_column vc_column_container col-sm-12\"><div class=\"vc_column-inner\"><div class=\"wpb_wrapper\"><div class=\"vc_empty_space\"   style=\"height: 40px\"><span class=\"vc_empty_space_inner\"><\/span><\/div>\n\t<div class=\"wpb_text_column wpb_content_element\" >\n\t\t<div class=\"wpb_wrapper\">\n\t\t\t<p style=\"text-align: center;\"><strong>TOUS LES PRODUITS SONT SOUTENUS PAR LA POLITIQUE DE QUALIT\u00c9 \u00c0 VIE DE Z\u0130RA S\u0130LAH.<\/strong><br \/>\n<strong>LA DISPONIBILIT\u00c9 EST SOUMISE AUX LOIS ET R\u00c9GLEMENTATIONS LOCALES DE LA R\u00c9GION O\u00d9 ELLE SE TROUVE.<\/strong><\/p>\n\n\t\t<\/div>\n\t<\/div>\n<\/div><\/div><\/div><\/div><div style=\"max-width:1300px;\" class=\"nm-row nm-row-boxed nm-row-max-width vc_row wpb_row nm-row-flex nm-row-col-middle  vc_custom_1630483776074\"><div class=\"nm_column wpb_column vc_column_container col-sm-12 vc_custom_1439335914871\"><div class=\"vc_column-inner\"><div class=\"wpb_wrapper\"><div class=\"vc_empty_space\"   style=\"height: 50px\"><span class=\"vc_empty_space_inner\"><\/span><\/div><\/div><\/div><\/div><\/div><div style=\"max-width:1920px; min-height:500px; background-image:url(https:\/\/www.zirasilah.com.tr\/wp-content\/uploads\/2022\/03\/f06kanallibanner.jpg) !important;\" class=\"nm-row nm-row-boxed nm-row-max-width vc_row wpb_row nm-row-full-height nm-row-flex nm-row-col-middle nm-row-parallax nm-row-parallax-static  anasayfa-parallax-gun vc_custom_1647421419769\"><div class=\"nm_column wpb_column vc_column_container col-sm-12 vc_custom_1647421028274\"><div class=\"vc_column-inner\"><div class=\"wpb_wrapper\">\n\t<div class=\"wpb_text_column wpb_content_element  anasayfa-parallax-gun\" >\n\t\t<div class=\"wpb_wrapper\">\n\t\t\t<h3 class=\"hl-1\" style=\"text-align: center;\">D\u00c9COUVREZ PLUS DE PISTOLETS \u00c0 BLANC<\/h3>\n\n\t\t<\/div>\n\t<\/div>\n\r\n\t\t\t<div class=\"nm_btn_align_center\">\r\n\t\t\t\t<a href=\"https:\/\/www.zirasilah.com.tr\/fr\/pistolets-a-blanc\/\" class=\"nm_btn nm_btn_md nm_btn_filled\" title=\"PISTOLETS \u00c0 BLANC\">\r\n\t\t\t\t\t<span class=\"nm_btn_title\">VO\u0130R<\/span>\r\n\t\t\t\t\t<span class=\"nm_btn_bg\"><\/span>\r\n\t\t\t\t<\/a>\r\n\t\t\t<\/div><\/div><\/div><\/div><\/div><div style=\"max-width:1920px; min-height:600px; background-image:url(https:\/\/www.zirasilah.com.tr\/wp-content\/uploads\/2022\/10\/zrabnnr.png) !important;\" class=\"nm-row nm-row-boxed nm-row-max-width vc_row wpb_row nm-row-flex nm-row-col-middle nm-row-parallax nm-row-parallax-static  anasayfa-parallax-gun\"><div class=\"nm_column wpb_column vc_column_container col-sm-12 vc_custom_1635124555644\"><div class=\"vc_column-inner\"><div class=\"wpb_wrapper\"><h2 style=\"color: #ffffff;text-align: center;font-family:Abril Fatface;font-weight:400;font-style:normal\" class=\"vc_custom_heading\" >REJOIGNEZ NOTRE COMMUNAUT\u00c9<\/h2>\n\t<div class=\"wpb_text_column wpb_content_element\" >\n\t\t<div class=\"wpb_wrapper\">\n\t\t\t<p style=\"color: white; text-align: center;\">Recevez les nouvelles et les derni\u00e8res mises \u00e0 jour sur les produits, les actualit\u00e9s et les \u00e9v\u00e9nements<\/p>\n\n\t\t<\/div>\n\t<\/div>\n<div role=\"form\" class=\"wpcf7\" id=\"wpcf7-f5-o1\" lang=\"en-US\" dir=\"ltr\">\n<div class=\"screen-reader-response\"><p role=\"status\" aria-live=\"polite\" aria-atomic=\"true\"><\/p> <ul><\/ul><\/div>\n<form action=\"\/fr\/wp-json\/wp\/v2\/product\/3601#wpcf7-f5-o1\" method=\"post\" class=\"wpcf7-form init\" novalidate=\"novalidate\" data-status=\"init\" data-trp-original-action=\"\/fr\/wp-json\/wp\/v2\/product\/3601#wpcf7-f5-o1\">\n<div style=\"display: none;\">\n<input type=\"hidden\" name=\"_wpcf7\" value=\"5\" \/>\n<input type=\"hidden\" name=\"_wpcf7_version\" value=\"5.5.2\" \/>\n<input type=\"hidden\" name=\"_wpcf7_locale\" value=\"en_US\" \/>\n<input type=\"hidden\" name=\"_wpcf7_unit_tag\" value=\"wpcf7-f5-o1\" \/>\n<input type=\"hidden\" name=\"_wpcf7_container_post\" value=\"0\" \/>\n<input type=\"hidden\" name=\"_wpcf7_posted_data_hash\" value=\"\" \/>\n<\/div>\n<p class=\"half\"><label style=\"margin-left:-60px !important;\" >Adresse E-Mail<\/label> <span class=\"wpcf7-form-control-wrap your-email\"><input type=\"email\" name=\"your-email\" value=\"\" size=\"40\" class=\"wpcf7-form-control wpcf7-text wpcf7-email wpcf7-validates-as-required wpcf7-validates-as-email\" aria-required=\"true\" aria-invalid=\"false\" placeholder=\"Adresse E-Mail\" \/><\/span><\/p>\n<p class=\"helfa\" style=\"color:white; font-size:12px !important;\"><span class=\"wpcf7-form-control-wrap checkbox-711\"><span class=\"wpcf7-form-control wpcf7-checkbox wpcf7-validates-as-required\"><span class=\"wpcf7-list-item first last\"><label><input type=\"checkbox\" name=\"checkbox-711[]\" value=\"\u015eartlar &amp; Ko\u015fullar ve Gizlilik Politikas\u0131n\u0131 kabul ediyorum.\" \/><span class=\"wpcf7-list-item-label\">J'accepte les Conditions G\u00e9n\u00e9rales et la Politique de confidentialit\u00e9.<\/span><\/label><\/span><\/span><\/span><\/p>\n<p class=\"half\"><input type=\"submit\" value=\"ABONNER\" class=\"wpcf7-form-control has-spinner wpcf7-submit\" \/><\/p>\n<div class=\"wpcf7-response-output\" aria-hidden=\"true\"><\/div><input type=\"hidden\" name=\"trp-form-language\" value=\"fr\"\/><\/form><\/div><\/div><\/div><\/div><\/div>","protected":false},"excerpt":{"rendered":"<p><strong>F06 K (Avec Canal)<\/strong> , est un pistolet \u00e0 blanc semi-automatique et automatique.<\/p>","protected":false},"featured_media":8054,"comment_status":"open","ping_status":"closed","template":"","meta":[],"product_cat":[15,190,20],"product_tag":[],"yoast_head":"<!-- This site is optimized with the Yoast SEO plugin v19.8 - https:\/\/yoast.com\/wordpress\/plugins\/seo\/ -->\n<title>F06 K (Kanall\u0131) Kurus\u0131k\u0131 Tabanca &raquo; Zira Silah<\/title>\n<meta name=\"robots\" content=\"index, follow, max-snippet:-1, max-image-preview:large, max-video-preview:-1\" \/>\n<link rel=\"canonical\" href=\"https:\/\/www.zirasilah.com.tr\/fr\/product\/f06-channel\/\" \/>\n<meta property=\"og:locale\" content=\"fr_FR\" \/>\n<meta property=\"og:type\" content=\"article\" \/>\n<meta property=\"og:title\" content=\"F06 K (Kanall\u0131) Kurus\u0131k\u0131 Tabanca &raquo; Zira Silah\" \/>\n<meta property=\"og:description\" content=\"Blow F06 K ( KANALLI ) Kurus\u0131k\u0131 Silah, yar\u0131 otomatik ve otomatik bir kurus\u0131k\u0131 tabancad\u0131r.\" \/>\n<meta property=\"og:url\" content=\"https:\/\/www.zirasilah.com.tr\/fr\/product\/f06-channel\/\" \/>\n<meta property=\"og:site_name\" content=\"Zira Silah\" \/>\n<meta property=\"article:modified_time\" content=\"2022-10-14T06:28:47+00:00\" \/>\n<meta property=\"og:image\" content=\"https:\/\/www.zirasilah.com.tr\/wp-content\/uploads\/2021\/12\/f06kanalli.png\" \/>\n\t<meta property=\"og:image:width\" content=\"1000\" \/>\n\t<meta property=\"og:image:height\" content=\"1000\" \/>\n\t<meta property=\"og:image:type\" content=\"image\/png\" \/>\n<meta name=\"twitter:card\" content=\"summary_large_image\" \/>\n<meta name=\"twitter:label1\" content=\"Est. reading time\" \/>\n\t<meta name=\"twitter:data1\" content=\"6 minutes\" \/>\n<script type=\"application\/ld+json\" class=\"yoast-schema-graph\">{\"@context\":\"https:\/\/schema.org\",\"@graph\":[{\"@type\":\"WebPage\",\"@id\":\"https:\/\/www.zirasilah.com.tr\/urun\/f06-kanalli\/\",\"url\":\"https:\/\/www.zirasilah.com.tr\/urun\/f06-kanalli\/\",\"name\":\"F06 K (Kanall\u0131) Kurus\u0131k\u0131 Tabanca &raquo; Zira Silah\",\"isPartOf\":{\"@id\":\"https:\/\/www.zirasilah.com.tr\/#website\"},\"datePublished\":\"2021-12-02T08:20:35+00:00\",\"dateModified\":\"2022-10-14T06:28:47+00:00\",\"breadcrumb\":{\"@id\":\"https:\/\/www.zirasilah.com.tr\/urun\/f06-kanalli\/#breadcrumb\"},\"inLanguage\":\"fr-FR\",\"potentialAction\":[{\"@type\":\"ReadAction\",\"target\":[\"https:\/\/www.zirasilah.com.tr\/urun\/f06-kanalli\/\"]}]},{\"@type\":\"BreadcrumbList\",\"@id\":\"https:\/\/www.zirasilah.com.tr\/urun\/f06-kanalli\/#breadcrumb\",\"itemListElement\":[{\"@type\":\"ListItem\",\"position\":1,\"name\":\"Anasayfa\",\"item\":\"https:\/\/www.zirasilah.com.tr\/\"},{\"@type\":\"ListItem\",\"position\":2,\"name\":\"F06 K (Kanall\u0131)\"}]},{\"@type\":\"WebSite\",\"@id\":\"https:\/\/www.zirasilah.com.tr\/#website\",\"url\":\"https:\/\/www.zirasilah.com.tr\/\",\"name\":\"Zira Silah\",\"description\":\"Blow\",\"potentialAction\":[{\"@type\":\"SearchAction\",\"target\":{\"@type\":\"EntryPoint\",\"urlTemplate\":\"https:\/\/www.zirasilah.com.tr\/?s={search_term_string}\"},\"query-input\":\"required name=search_term_string\"}],\"inLanguage\":\"fr-FR\"}]}<\/script>\n<!-- \/ Yoast SEO plugin. -->","yoast_head_json":{"title":"F06 K (Kanall\u0131) Kurus\u0131k\u0131 Tabanca &raquo; Zira Silah","robots":{"index":"index","follow":"follow","max-snippet":"max-snippet:-1","max-image-preview":"max-image-preview:large","max-video-preview":"max-video-preview:-1"},"canonical":"https:\/\/www.zirasilah.com.tr\/fr\/product\/f06-channel\/","og_locale":"fr_FR","og_type":"article","og_title":"F06 K (Kanall\u0131) Kurus\u0131k\u0131 Tabanca &raquo; Zira Silah","og_description":"Blow F06 K ( KANALLI ) Kurus\u0131k\u0131 Silah, yar\u0131 otomatik ve otomatik bir kurus\u0131k\u0131 tabancad\u0131r.","og_url":"https:\/\/www.zirasilah.com.tr\/fr\/product\/f06-channel\/","og_site_name":"Zira Silah","article_modified_time":"2022-10-14T06:28:47+00:00","og_image":[{"width":1000,"height":1000,"url":"https:\/\/www.zirasilah.com.tr\/wp-content\/uploads\/2021\/12\/f06kanalli.png","type":"image\/png"}],"twitter_card":"summary_large_image","twitter_misc":{"Est. reading time":"6 minutes"},"schema":{"@context":"https:\/\/schema.org","@graph":[{"@type":"WebPage","@id":"https:\/\/www.zirasilah.com.tr\/urun\/f06-kanalli\/","url":"https:\/\/www.zirasilah.com.tr\/urun\/f06-kanalli\/","name":"F06 K (Kanall\u0131) Kurus\u0131k\u0131 Tabanca &raquo; Zira Silah","isPartOf":{"@id":"https:\/\/www.zirasilah.com.tr\/#website"},"datePublished":"2021-12-02T08:20:35+00:00","dateModified":"2022-10-14T06:28:47+00:00","breadcrumb":{"@id":"https:\/\/www.zirasilah.com.tr\/urun\/f06-kanalli\/#breadcrumb"},"inLanguage":"fr-FR","potentialAction":[{"@type":"ReadAction","target":["https:\/\/www.zirasilah.com.tr\/urun\/f06-kanalli\/"]}]},{"@type":"BreadcrumbList","@id":"https:\/\/www.zirasilah.com.tr\/urun\/f06-kanalli\/#breadcrumb","itemListElement":[{"@type":"ListItem","position":1,"name":"Anasayfa","item":"https:\/\/www.zirasilah.com.tr\/"},{"@type":"ListItem","position":2,"name":"F06 K (Kanall\u0131)"}]},{"@type":"WebSite","@id":"https:\/\/www.zirasilah.com.tr\/#website","url":"https:\/\/www.zirasilah.com.tr\/","name":"Zira Silah","description":"Blow","potentialAction":[{"@type":"SearchAction","target":{"@type":"EntryPoint","urlTemplate":"https:\/\/www.zirasilah.com.tr\/?s={search_term_string}"},"query-input":"required name=search_term_string"}],"inLanguage":"fr-FR"}]}},"_links":{"self":[{"href":"https:\/\/www.zirasilah.com.tr\/fr\/wp-json\/wp\/v2\/product\/3601"}],"collection":[{"href":"https:\/\/www.zirasilah.com.tr\/fr\/wp-json\/wp\/v2\/product"}],"about":[{"href":"https:\/\/www.zirasilah.com.tr\/fr\/wp-json\/wp\/v2\/types\/product"}],"replies":[{"embeddable":true,"href":"https:\/\/www.zirasilah.com.tr\/fr\/wp-json\/wp\/v2\/comments?post=3601"}],"wp:featuredmedia":[{"embeddable":true,"href":"https:\/\/www.zirasilah.com.tr\/fr\/wp-json\/wp\/v2\/media\/8054"}],"wp:attachment":[{"href":"https:\/\/www.zirasilah.com.tr\/fr\/wp-json\/wp\/v2\/media?parent=3601"}],"wp:term":[{"taxonomy":"product_cat","embeddable":true,"href":"https:\/\/www.zirasilah.com.tr\/fr\/wp-json\/wp\/v2\/product_cat?post=3601"},{"taxonomy":"product_tag","embeddable":true,"href":"https:\/\/www.zirasilah.com.tr\/fr\/wp-json\/wp\/v2\/product_tag?post=3601"}],"curies":[{"name":"wp","href":"https:\/\/api.w.org\/{rel}","templated":true}]}}