{"id":4594,"date":"2021-12-21T10:30:08","date_gmt":"2021-12-21T10:30:08","guid":{"rendered":"https:\/\/www.zirasilah.com.tr\/?page_id=4594"},"modified":"2022-10-19T13:31:33","modified_gmt":"2022-10-19T13:31:33","slug":"musteri-iliskileri","status":"publish","type":"page","link":"https:\/\/www.zirasilah.com.tr\/fr\/relation-client\/","title":{"rendered":"Relations avec La Client\u00e8le"},"content":{"rendered":"<div style=\"max-width:1300px;\" class=\"nm-row nm-row-boxed nm-row-max-width vc_row wpb_row nm-row-flex nm-row-col-middle  vc_custom_1630483776074\"><div class=\"nm_column wpb_column vc_column_container col-sm-12 vc_custom_1439335914871\"><div class=\"vc_column-inner\"><div class=\"wpb_wrapper\"><div class=\"vc_empty_space\"   style=\"height: 50px\"><span class=\"vc_empty_space_inner\"><\/span><\/div><div class=\"vc_empty_space\"   style=\"height: 20px\"><span class=\"vc_empty_space_inner\"><\/span><\/div><\/div><\/div><\/div><\/div><div class=\"nm-row nm-row-full vc_row wpb_row  vc_custom_1639573426437\"><div class=\"nm_column wpb_column vc_column_container col-sm-12 hidden-md hidden-sm hidden-xs\"><div class=\"vc_column-inner\"><div class=\"wpb_wrapper\">\n\t<div class=\"wpb_text_column wpb_content_element\" >\n\t\t<div class=\"wpb_wrapper\">\n\t\t\t\t\t\t<!-- Flexy Breadcrumb -->\r\n\t\t\t<div class=\"fbc fbc-page\">\r\n\r\n\t\t\t\t<!-- Breadcrumb wrapper -->\r\n\t\t\t\t<div class=\"fbc-wrap\">\r\n\r\n\t\t\t\t\t<!-- Ordered list-->\r\n\t\t\t\t\t<ol class=\"fbc-items\" itemscope itemtype=\"https:\/\/schema.org\/BreadcrumbList\">\r\n\t\t\t\t\t\t            <li itemprop=\"itemListElement\" itemscope itemtype=\"https:\/\/schema.org\/ListItem\">\r\n                <span itemprop=\"name\">\r\n                    <!-- Home Link -->\r\n                    <a itemprop=\"item\" href=\"https:\/\/www.zirasilah.com.tr\/fr\">\r\n                    \r\n                        Page d'accueil                    <\/a>\r\n                <\/span>\r\n                <meta itemprop=\"position\" content=\"1\" \/><!-- Meta Position-->\r\n             <\/li><li><span class=\"fbc-separator\">\/<\/span><\/li><li class=\"active\" itemprop=\"itemListElement\" itemscope itemtype=\"https:\/\/schema.org\/ListItem\"><span itemprop=\"name\" title=\"Blog\">Blog<\/span><meta itemprop=\"position\" content=\"2\" \/><\/li>\t\t\t\t\t<\/ol>\r\n\t\t\t\t\t<div class=\"clearfix\"><\/div>\r\n\t\t\t\t<\/div>\r\n\t\t\t<\/div>\r\n\t\t\t\n\n\t\t<\/div>\n\t<\/div>\n<\/div><\/div><\/div><\/div><div style=\"max-width:1300px;\" class=\"nm-row nm-row-boxed nm-row-max-width vc_row wpb_row nm-row-flex nm-row-col-middle  vc_custom_1638013014177\"><div class=\"nm_column wpb_column vc_column_container col-sm-10 vc_custom_1439335914871\"><div class=\"vc_column-inner\"><div class=\"wpb_wrapper\"><div class=\"vc_empty_space\"   style=\"height: 40px\"><span class=\"vc_empty_space_inner\"><\/span><\/div><h2 style=\"font-size: 48px;color: #000000;text-align: left;font-family:Open Sans Condensed;font-weight:700;font-style:normal\" class=\"vc_custom_heading\" >SATISFACTION CLIENT<\/h2><div class=\"vc_empty_space\"   style=\"height: 40px\"><span class=\"vc_empty_space_inner\"><\/span><\/div>\n\t<div class=\"wpb_text_column wpb_content_element\" >\n\t\t<div class=\"wpb_wrapper\">\n\t\t\t<p><span style=\"font-size: 14px; color: #444444;\">Nous am\u00e9liorons continuellement nos processus en fonction des demandes et des attentes des clients et visons \u00e0 \u00e9tablir des relations \u00e0 long terme avec nos clients. Si vous souhaitez \u00e9valuer nos produits et services, vous pouvez nous contacter en remplissant le formulaire de satisfaction.<\/span><\/p>\n\n\t\t<\/div>\n\t<\/div>\n<div class=\"vc_empty_space\"   style=\"height: 40px\"><span class=\"vc_empty_space_inner\"><\/span><\/div><h2 style=\"font-size: 28px;color: #444444;line-height: 31px;text-align: left;font-family:Open Sans Condensed;font-weight:700;font-style:normal\" class=\"vc_custom_heading\" >PROCESSUS DE GESTION DES PLAINTES<\/h2><div class=\"vc_empty_space\"   style=\"height: 40px\"><span class=\"vc_empty_space_inner\"><\/span><\/div>\n\t<div class=\"wpb_text_column wpb_content_element\" >\n\t\t<div class=\"wpb_wrapper\">\n\t\t\t<p><span style=\"font-size: 14px; color: #444444;\">Comme nous \u00e9tant Zira Silah Sanayi ve Tic. Ltd. \u015eti. nous visons \u00e0 maintenir la satisfaction de nos clients au plus haut niveau dans nos services. A cet effet, notre processus de gestion des r\u00e9clamations est mis en \u0153uvre afin d'\u00e9valuer objectivement et impartialement les demandes de r\u00e9clamations qui viendront de vous dans des mati\u00e8res que vous ne jugez pas suffisantes pour r\u00e9pondre aux souhaits et besoins de nos clients, et vos r\u00e9clamations sont \u00e9valu\u00e9es et r\u00e9solues.<\/span><\/p>\n\n\t\t<\/div>\n\t<\/div>\n<div class=\"vc_empty_space\"   style=\"height: 20px\"><span class=\"vc_empty_space_inner\"><\/span><\/div>\n\t<div class=\"wpb_text_column wpb_content_element\" >\n\t\t<div class=\"wpb_wrapper\">\n\t\t\t<p><span style=\"font-size: 14px; color: #444444;\">Toutes les plaintes re\u00e7ues par t\u00e9l\u00e9phone, fax, e-mail et le formulaire de notification de plainte sur le site web de notre soci\u00e9t\u00e9 Zira Silah Sanayi ve Tic. Ltd. \u015eti. sont enregistr\u00e9es et \u00e9valu\u00e9es objectivement, quelle que soit la personne ou l'organisation qui d\u00e9pose la plainte.<\/span><\/p>\n\n\t\t<\/div>\n\t<\/div>\n<div class=\"vc_empty_space\"   style=\"height: 20px\"><span class=\"vc_empty_space_inner\"><\/span><\/div>\n\t<div class=\"wpb_text_column wpb_content_element\" >\n\t\t<div class=\"wpb_wrapper\">\n\t\t\t<p><span style=\"font-size: 14px; color: #444444;\">Apr\u00e8s avoir \u00e9valu\u00e9 le contenu de la plainte, il est d\u00e9cid\u00e9 si cela fait partie du domaine de responsabilit\u00e9 de Zira Silah Sanayi ve Tic. Ltd. \u015eti. Zira Silah Sanayi ve Tic. Ltd. \u015eti personeli taraf\u0131ndan de\u011ferlendirilerek, \u00e7\u00f6z\u00fcm i\u00e7in gerekli faaliyete karar verilir. Plaintes sous la responsabilit\u00e9 de Zira Silah Sanayi ve Tic. Ltd. \u015eti. \u015eikayetin \u00e7\u00f6z\u00fcm\u00fc i\u00e7in yap\u0131lacak faaliyet planland\u0131\u011f\u0131 \u015fekilde uygulanarak, \u015fikayet kapat\u0131l\u0131r. M\u00fc\u015fteri, \u015fikayetlerin de\u011ferlendirilme s\u00fcreci ve ger\u00e7ekle\u015ftirilen faaliyetler hakk\u0131nda bilgilendirilir. <\/span><\/p>\n\n\t\t<\/div>\n\t<\/div>\n<div class=\"vc_empty_space\"   style=\"height: 20px\"><span class=\"vc_empty_space_inner\"><\/span><\/div>\n\t<div class=\"wpb_text_column wpb_content_element\" >\n\t\t<div class=\"wpb_wrapper\">\n\t\t\t<p><span style=\"font-size: 14px; color: #444444;\">Les plaintes sont destin\u00e9es \u00e0 \u00eatre r\u00e9solues au plus tard dans les 3 jours ouvrables.\nToutefois, si la r\u00e9clamation n'est pas r\u00e9solue dans les 3 jours ouvrables, le client en est inform\u00e9. <\/span><\/p>\n\n\t\t<\/div>\n\t<\/div>\n<div class=\"vc_empty_space\"   style=\"height: 20px\"><span class=\"vc_empty_space_inner\"><\/span><\/div><h2 style=\"font-size: 28px;color: #444444;line-height: 31px;text-align: left;font-family:Open Sans Condensed;font-weight:700;font-style:normal\" class=\"vc_custom_heading\" >CONFIDENTIALIT\u00c9<\/h2><div class=\"vc_empty_space\"   style=\"height: 20px\"><span class=\"vc_empty_space_inner\"><\/span><\/div>\n\t<div class=\"wpb_text_column wpb_content_element\" >\n\t\t<div class=\"wpb_wrapper\">\n\t\t\t<p><span style=\"font-size: 14px; color: #444444;\">Les informations, documents et dossiers obtenus lors du traitement des r\u00e9clamations sont confidentiels et ne sont en aucun cas communiqu\u00e9s \u00e0 des tiers.\nZira Silah Sanayi ve Tic. Ltd. \u015eti. informe le client de cette situation lorsqu'elle est oblig\u00e9e de fournir des informations \u00e0 des tiers en raison d'exigences l\u00e9gales. <\/span><\/p>\n\n\t\t<\/div>\n\t<\/div>\n<div class=\"vc_empty_space\"   style=\"height: 40px\"><span class=\"vc_empty_space_inner\"><\/span><\/div>\n\t<div class=\"wpb_text_column wpb_content_element\" >\n\t\t<div class=\"wpb_wrapper\">\n\t\t\t<p><strong> <a href=\"https:\/\/www.zirasilah.com.tr\/fr\/formulaire-de-notification-de-plainte\/\"><span style=\"color: #0000ff;\">FORMULAIRE DE NOTIFICATION DE PLAINTE \u00bb<\/span><\/a><\/strong><\/p>\n\n\t\t<\/div>\n\t<\/div>\n<div class=\"vc_empty_space\"   style=\"height: 20px\"><span class=\"vc_empty_space_inner\"><\/span><\/div>\n\t<div class=\"wpb_text_column wpb_content_element\" >\n\t\t<div class=\"wpb_wrapper\">\n\t\t\t<p><span style=\"font-size: 14px; color: #444444;\">Vous pouvez nous contacter avec votre plainte \u00e0 partir du lien ci-dessus ou via les canaux de communication que nous avons partag\u00e9s ci-dessous. <\/span><\/p>\n\n\t\t<\/div>\n\t<\/div>\n<div class=\"vc_empty_space\"   style=\"height: 20px\"><span class=\"vc_empty_space_inner\"><\/span><\/div>\n\t<div class=\"wpb_text_column wpb_content_element\" >\n\t\t<div class=\"wpb_wrapper\">\n\t\t\t<p>Repr\u00e9sentant en Gestion de la Qualit\u00e9<br \/>\nE-Mail: info@zirasilah.com.tr<br \/>\nT\u00e9l\u00e9phone: +90 216 527 44 99<br \/>\nT\u00e9l\u00e9copieur: +90 216 527 18 29<\/p>\n\n\t\t<\/div>\n\t<\/div>\n<\/div><\/div><\/div><div class=\"nm_column wpb_column vc_column_container col-sm-2\"><div class=\"vc_column-inner\"><div class=\"wpb_wrapper\"><\/div><\/div><\/div><\/div><div style=\"max-width:1300px;\" class=\"nm-row nm-row-boxed nm-row-max-width vc_row wpb_row nm-row-flex nm-row-col-middle  vc_custom_1630483776074\"><div class=\"nm_column wpb_column vc_column_container col-sm-12 vc_custom_1439335914871\"><div class=\"vc_column-inner\"><div class=\"wpb_wrapper\"><div class=\"vc_empty_space  slider-alti-bosluk\"   style=\"height: 50px\"><span class=\"vc_empty_space_inner\"><\/span><\/div><\/div><\/div><\/div><\/div><div style=\"max-width:1920px; min-height:600px; background-image:url(https:\/\/www.zirasilah.com.tr\/wp-content\/uploads\/2022\/10\/zrabnnr.png) !important;\" class=\"nm-row nm-row-boxed nm-row-max-width vc_row wpb_row nm-row-flex nm-row-col-middle nm-row-parallax nm-row-parallax-static  anasayfa-parallax-gun\"><div class=\"nm_column wpb_column vc_column_container col-sm-12 vc_custom_1635124555644\"><div class=\"vc_column-inner\"><div class=\"wpb_wrapper\"><h2 style=\"color: #ffffff;text-align: center;font-family:Abril Fatface;font-weight:400;font-style:normal\" class=\"vc_custom_heading\" >REJOIGNEZ NOTRE COMMUNAUT\u00c9<\/h2>\n\t<div class=\"wpb_text_column wpb_content_element\" >\n\t\t<div class=\"wpb_wrapper\">\n\t\t\t<p style=\"color: white; text-align: center;\">Recevez les nouvelles et les derni\u00e8res mises \u00e0 jour sur les produits, les actualit\u00e9s et les \u00e9v\u00e9nements<\/p>\n\n\t\t<\/div>\n\t<\/div>\n<div role=\"form\" class=\"wpcf7\" id=\"wpcf7-f5-o1\" lang=\"en-US\" dir=\"ltr\">\n<div class=\"screen-reader-response\"><p role=\"status\" aria-live=\"polite\" aria-atomic=\"true\"><\/p> <ul><\/ul><\/div>\n<form action=\"\/fr\/wp-json\/wp\/v2\/pages\/4594#wpcf7-f5-o1\" method=\"post\" class=\"wpcf7-form init\" novalidate=\"novalidate\" data-status=\"init\" data-trp-original-action=\"\/fr\/wp-json\/wp\/v2\/pages\/4594#wpcf7-f5-o1\">\n<div style=\"display: none;\">\n<input type=\"hidden\" name=\"_wpcf7\" value=\"5\" \/>\n<input type=\"hidden\" name=\"_wpcf7_version\" value=\"5.5.2\" \/>\n<input type=\"hidden\" name=\"_wpcf7_locale\" value=\"en_US\" \/>\n<input type=\"hidden\" name=\"_wpcf7_unit_tag\" value=\"wpcf7-f5-o1\" \/>\n<input type=\"hidden\" name=\"_wpcf7_container_post\" value=\"0\" \/>\n<input type=\"hidden\" name=\"_wpcf7_posted_data_hash\" value=\"\" \/>\n<\/div>\n<p class=\"half\"><label style=\"margin-left:-60px !important;\" >Adresse E-Mail<\/label> <span class=\"wpcf7-form-control-wrap your-email\"><input type=\"email\" name=\"your-email\" value=\"\" size=\"40\" class=\"wpcf7-form-control wpcf7-text wpcf7-email wpcf7-validates-as-required wpcf7-validates-as-email\" aria-required=\"true\" aria-invalid=\"false\" placeholder=\"Adresse E-Mail\" \/><\/span><\/p>\n<p class=\"helfa\" style=\"color:white; font-size:12px !important;\"><span class=\"wpcf7-form-control-wrap checkbox-711\"><span class=\"wpcf7-form-control wpcf7-checkbox wpcf7-validates-as-required\"><span class=\"wpcf7-list-item first last\"><label><input type=\"checkbox\" name=\"checkbox-711[]\" value=\"\u015eartlar &amp; Ko\u015fullar ve Gizlilik Politikas\u0131n\u0131 kabul ediyorum.\" \/><span class=\"wpcf7-list-item-label\">J'accepte les Conditions G\u00e9n\u00e9rales et la Politique de confidentialit\u00e9.<\/span><\/label><\/span><\/span><\/span><\/p>\n<p class=\"half\"><input type=\"submit\" value=\"ABONNER\" class=\"wpcf7-form-control has-spinner wpcf7-submit\" \/><\/p>\n<div class=\"wpcf7-response-output\" aria-hidden=\"true\"><\/div><input type=\"hidden\" name=\"trp-form-language\" value=\"fr\"\/><\/form><\/div><\/div><\/div><\/div><\/div>","protected":false},"excerpt":{"rendered":"Anasayfa \/Blog M\u00dc\u015eTER\u0130 MEMNUN\u0130YET\u0130 M\u00fc\u015fteri talep ve beklentileri do\u011frultusunda s\u00fcre\u00e7lerimizi s\u00fcrekli iyile\u015ftirir ve m\u00fc\u015fterilerimizle uzun s\u00fcreli ili\u015fkiler kurmay\u0131 hedefleriz. \u00dcr\u00fcn ve hizmetlerimizi de\u011ferlendirmek isterseniz memnuniyet formunu doldurarak bizlere ula\u015ft\u0131rabilirsiniz. \u015e\u0130KAYET Y\u00d6NET\u0130M S\u00dcREC\u0130 Zira Silah Sanayi ve Tic. Ltd. \u015eti. olarak hizmetlerimizde, m\u00fc\u015fterilerimizin memnuniyetini en \u00fcst seviyede tutmay\u0131 hedeflemekteyiz. Bu ama\u00e7la, siz m\u00fc\u015fterilerimizin istek ve ihtiya\u00e7lar\u0131n\u0131n [...]","protected":false},"author":1,"featured_media":0,"parent":0,"menu_order":0,"comment_status":"closed","ping_status":"closed","template":"templates\/page-full.php","meta":[],"yoast_head":"<!-- This site is optimized with the Yoast SEO plugin v19.8 - https:\/\/yoast.com\/wordpress\/plugins\/seo\/ -->\n<title>M\u00fc\u015fteri \u0130li\u015fkileri &raquo; Zira Silah<\/title>\n<meta name=\"description\" content=\"M\u00fc\u015fteri ili\u015fkileri hakk\u0131nda bilgi sahibi olmak i\u00e7in t\u0131klay\u0131n\u0131z.\" \/>\n<meta name=\"robots\" content=\"index, follow, max-snippet:-1, max-image-preview:large, max-video-preview:-1\" \/>\n<link rel=\"canonical\" href=\"https:\/\/www.zirasilah.com.tr\/fr\/relation-client\/\" \/>\n<meta property=\"og:locale\" content=\"fr_FR\" \/>\n<meta property=\"og:type\" content=\"article\" \/>\n<meta property=\"og:title\" content=\"M\u00fc\u015fteri \u0130li\u015fkileri &raquo; Zira Silah\" \/>\n<meta property=\"og:description\" content=\"M\u00fc\u015fteri ili\u015fkileri hakk\u0131nda bilgi sahibi olmak i\u00e7in t\u0131klay\u0131n\u0131z.\" \/>\n<meta property=\"og:url\" content=\"https:\/\/www.zirasilah.com.tr\/fr\/relation-client\/\" \/>\n<meta property=\"og:site_name\" content=\"Zira Silah\" \/>\n<meta property=\"article:modified_time\" content=\"2022-10-19T13:31:33+00:00\" \/>\n<meta name=\"twitter:card\" content=\"summary_large_image\" \/>\n<meta name=\"twitter:label1\" content=\"Est. reading time\" \/>\n\t<meta name=\"twitter:data1\" content=\"3 minutes\" \/>\n<script type=\"application\/ld+json\" class=\"yoast-schema-graph\">{\"@context\":\"https:\/\/schema.org\",\"@graph\":[{\"@type\":\"WebPage\",\"@id\":\"https:\/\/www.zirasilah.com.tr\/musteri-iliskileri\/\",\"url\":\"https:\/\/www.zirasilah.com.tr\/musteri-iliskileri\/\",\"name\":\"M\u00fc\u015fteri \u0130li\u015fkileri &raquo; Zira Silah\",\"isPartOf\":{\"@id\":\"https:\/\/www.zirasilah.com.tr\/#website\"},\"datePublished\":\"2021-12-21T10:30:08+00:00\",\"dateModified\":\"2022-10-19T13:31:33+00:00\",\"description\":\"M\u00fc\u015fteri ili\u015fkileri hakk\u0131nda bilgi sahibi olmak i\u00e7in t\u0131klay\u0131n\u0131z.\",\"breadcrumb\":{\"@id\":\"https:\/\/www.zirasilah.com.tr\/musteri-iliskileri\/#breadcrumb\"},\"inLanguage\":\"fr-FR\",\"potentialAction\":[{\"@type\":\"ReadAction\",\"target\":[\"https:\/\/www.zirasilah.com.tr\/musteri-iliskileri\/\"]}]},{\"@type\":\"BreadcrumbList\",\"@id\":\"https:\/\/www.zirasilah.com.tr\/musteri-iliskileri\/#breadcrumb\",\"itemListElement\":[{\"@type\":\"ListItem\",\"position\":1,\"name\":\"Anasayfa\",\"item\":\"https:\/\/www.zirasilah.com.tr\/\"},{\"@type\":\"ListItem\",\"position\":2,\"name\":\"M\u00fc\u015fteri \u0130li\u015fkileri\"}]},{\"@type\":\"WebSite\",\"@id\":\"https:\/\/www.zirasilah.com.tr\/#website\",\"url\":\"https:\/\/www.zirasilah.com.tr\/\",\"name\":\"Zira Silah\",\"description\":\"Blow\",\"potentialAction\":[{\"@type\":\"SearchAction\",\"target\":{\"@type\":\"EntryPoint\",\"urlTemplate\":\"https:\/\/www.zirasilah.com.tr\/?s={search_term_string}\"},\"query-input\":\"required name=search_term_string\"}],\"inLanguage\":\"fr-FR\"}]}<\/script>\n<!-- \/ Yoast SEO plugin. -->","yoast_head_json":{"title":"M\u00fc\u015fteri \u0130li\u015fkileri &raquo; Zira Silah","description":"M\u00fc\u015fteri ili\u015fkileri hakk\u0131nda bilgi sahibi olmak i\u00e7in t\u0131klay\u0131n\u0131z.","robots":{"index":"index","follow":"follow","max-snippet":"max-snippet:-1","max-image-preview":"max-image-preview:large","max-video-preview":"max-video-preview:-1"},"canonical":"https:\/\/www.zirasilah.com.tr\/fr\/relation-client\/","og_locale":"fr_FR","og_type":"article","og_title":"M\u00fc\u015fteri \u0130li\u015fkileri &raquo; Zira Silah","og_description":"M\u00fc\u015fteri ili\u015fkileri hakk\u0131nda bilgi sahibi olmak i\u00e7in t\u0131klay\u0131n\u0131z.","og_url":"https:\/\/www.zirasilah.com.tr\/fr\/relation-client\/","og_site_name":"Zira Silah","article_modified_time":"2022-10-19T13:31:33+00:00","twitter_card":"summary_large_image","twitter_misc":{"Est. reading time":"3 minutes"},"schema":{"@context":"https:\/\/schema.org","@graph":[{"@type":"WebPage","@id":"https:\/\/www.zirasilah.com.tr\/musteri-iliskileri\/","url":"https:\/\/www.zirasilah.com.tr\/musteri-iliskileri\/","name":"M\u00fc\u015fteri \u0130li\u015fkileri &raquo; Zira Silah","isPartOf":{"@id":"https:\/\/www.zirasilah.com.tr\/#website"},"datePublished":"2021-12-21T10:30:08+00:00","dateModified":"2022-10-19T13:31:33+00:00","description":"M\u00fc\u015fteri ili\u015fkileri hakk\u0131nda bilgi sahibi olmak i\u00e7in t\u0131klay\u0131n\u0131z.","breadcrumb":{"@id":"https:\/\/www.zirasilah.com.tr\/musteri-iliskileri\/#breadcrumb"},"inLanguage":"fr-FR","potentialAction":[{"@type":"ReadAction","target":["https:\/\/www.zirasilah.com.tr\/musteri-iliskileri\/"]}]},{"@type":"BreadcrumbList","@id":"https:\/\/www.zirasilah.com.tr\/musteri-iliskileri\/#breadcrumb","itemListElement":[{"@type":"ListItem","position":1,"name":"Anasayfa","item":"https:\/\/www.zirasilah.com.tr\/"},{"@type":"ListItem","position":2,"name":"M\u00fc\u015fteri \u0130li\u015fkileri"}]},{"@type":"WebSite","@id":"https:\/\/www.zirasilah.com.tr\/#website","url":"https:\/\/www.zirasilah.com.tr\/","name":"Zira Silah","description":"Blow","potentialAction":[{"@type":"SearchAction","target":{"@type":"EntryPoint","urlTemplate":"https:\/\/www.zirasilah.com.tr\/?s={search_term_string}"},"query-input":"required name=search_term_string"}],"inLanguage":"fr-FR"}]}},"_links":{"self":[{"href":"https:\/\/www.zirasilah.com.tr\/fr\/wp-json\/wp\/v2\/pages\/4594"}],"collection":[{"href":"https:\/\/www.zirasilah.com.tr\/fr\/wp-json\/wp\/v2\/pages"}],"about":[{"href":"https:\/\/www.zirasilah.com.tr\/fr\/wp-json\/wp\/v2\/types\/page"}],"author":[{"embeddable":true,"href":"https:\/\/www.zirasilah.com.tr\/fr\/wp-json\/wp\/v2\/users\/1"}],"replies":[{"embeddable":true,"href":"https:\/\/www.zirasilah.com.tr\/fr\/wp-json\/wp\/v2\/comments?post=4594"}],"version-history":[{"count":16,"href":"https:\/\/www.zirasilah.com.tr\/fr\/wp-json\/wp\/v2\/pages\/4594\/revisions"}],"predecessor-version":[{"id":5261,"href":"https:\/\/www.zirasilah.com.tr\/fr\/wp-json\/wp\/v2\/pages\/4594\/revisions\/5261"}],"wp:attachment":[{"href":"https:\/\/www.zirasilah.com.tr\/fr\/wp-json\/wp\/v2\/media?parent=4594"}],"curies":[{"name":"wp","href":"https:\/\/api.w.org\/{rel}","templated":true}]}}