{"id":239,"date":"2015-08-11T21:52:18","date_gmt":"2015-08-11T21:52:18","guid":{"rendered":"http:\/\/savoy.nordicmade.com\/product\/henry-backpack\/"},"modified":"2022-10-14T06:43:08","modified_gmt":"2022-10-14T06:43:08","slug":"p29","status":"publish","type":"product","link":"https:\/\/www.zirasilah.com.tr\/es\/product\/p29\/","title":{"rendered":"P29"},"content":{"rendered":"<div style=\" min-height:250px;\" class=\"nm-row nm-row-full-nopad vc_row wpb_row  urun-detay-desktop vc_custom_1637842045342\"><div class=\"nm_column wpb_column vc_column_container col-sm-12\"><div class=\"vc_column-inner\"><div class=\"wpb_wrapper\"><div class=\"nm-row nm-row-boxed inner nm-row-flex nm-row-col-middle\"><div class=\"nm_column nm_column_inner col-sm-3\"><div class=\"wpb_wrapper\">\n\t<div class=\"wpb_text_column wpb_content_element\" >\n\t\t<div class=\"wpb_wrapper\">\n\t\t\t<p class=\"urun-detay1\">9 MM<\/p>\n<p class=\"urun-detay2\">CAL\u0130BRE<\/p>\n\n\t\t<\/div>\n\t<\/div>\n<\/div><\/div><div class=\"nm_column nm_column_inner col-sm-3\"><div class=\"wpb_wrapper\">\n\t<div class=\"wpb_text_column wpb_content_element\" >\n\t\t<div class=\"wpb_wrapper\">\n\t\t\t<p class=\"urun-detay1\">7+1<br \/>\nTROZO<\/p>\n<p class=\"urun-detay2\">CAPACIDAD<\/p>\n\n\t\t<\/div>\n\t<\/div>\n<\/div><\/div><div class=\"nm_column nm_column_inner col-sm-3\"><div class=\"wpb_wrapper\">\n\t<div class=\"wpb_text_column wpb_content_element\" >\n\t\t<div class=\"wpb_wrapper\">\n\t\t\t<p class=\"urun-detay1\">33,5 MM<\/p>\n<p class=\"urun-detay2\">ANCHURA<\/p>\n\n\t\t<\/div>\n\t<\/div>\n<\/div><\/div><div class=\"nm_column nm_column_inner col-sm-3\"><div class=\"wpb_wrapper\">\n\t<div class=\"wpb_text_column wpb_content_element\" >\n\t\t<div class=\"wpb_wrapper\">\n\t\t\t<p class=\"urun-detay1\">PONDERAC\u0130ON: 790.3 GR<br \/>\nLONGITUD: 170 MM<br \/>\nALTURA: 131 MM<\/p>\n<p class=\"urun-detay2\">TAMA\u00d1OS<\/p>\n\n\t\t<\/div>\n\t<\/div>\n<\/div><\/div><\/div><\/div><\/div><\/div><\/div><div class=\"nm-row nm-row-full-nopad vc_row wpb_row  urun-detay-mobile vc_custom_1637841580984\"><div class=\"nm_column wpb_column vc_column_container col-sm-12\"><div class=\"vc_column-inner\"><div class=\"wpb_wrapper\"><div class=\"nm-row nm-row-boxed inner\"><div class=\"nm_column nm_column_inner col-sm-6\"><div class=\"wpb_wrapper\">\n\t<div class=\"wpb_text_column wpb_content_element\" >\n\t\t<div class=\"wpb_wrapper\">\n\t\t\t<p class=\"urun-detay1\">9 MM<\/p>\n<p class=\"urun-detay2\">CAL\u0130BRE<\/p>\n\n\t\t<\/div>\n\t<\/div>\n<\/div><\/div><div class=\"nm_column nm_column_inner col-sm-6\"><div class=\"wpb_wrapper\">\n\t<div class=\"wpb_text_column wpb_content_element\" >\n\t\t<div class=\"wpb_wrapper\">\n\t\t\t<p class=\"urun-detay1\">7+1<br \/>\nTROZO<\/p>\n<p class=\"urun-detay2\">CAPACIDAD<\/p>\n\n\t\t<\/div>\n\t<\/div>\n<\/div><\/div><\/div><div class=\"vc_empty_space\"   style=\"height: 67px\"><span class=\"vc_empty_space_inner\"><\/span><\/div><div class=\"nm-row nm-row-boxed inner\"><div class=\"nm_column nm_column_inner col-sm-6\"><div class=\"wpb_wrapper\">\n\t<div class=\"wpb_text_column wpb_content_element\" >\n\t\t<div class=\"wpb_wrapper\">\n\t\t\t<p class=\"urun-detay1\">33,5 MM<\/p>\n<p class=\"urun-detay2\">ANCHURA<\/p>\n\n\t\t<\/div>\n\t<\/div>\n<\/div><\/div><div class=\"nm_column nm_column_inner col-sm-6\"><div class=\"wpb_wrapper\">\n\t<div class=\"wpb_text_column wpb_content_element\" >\n\t\t<div class=\"wpb_wrapper\">\n\t\t\t<p class=\"urun-detay1\">A\u011eIRLIK: 1225 GR.<br \/>\nLONGITUD: 170 MM<br \/>\nALTURA: 131 MM<\/p>\n<p class=\"urun-detay2\">TAMA\u00d1OS<\/p>\n\n\t\t<\/div>\n\t<\/div>\n<\/div><\/div><\/div><\/div><\/div><\/div><\/div><div class=\"nm-row nm-row-full-nopad vc_row wpb_row\"><div class=\"nm_column wpb_column vc_column_container col-sm-12\"><div class=\"vc_column-inner\"><div class=\"wpb_wrapper\"><div class=\"vc_empty_space\"   style=\"height: 30px\"><span class=\"vc_empty_space_inner\"><\/span><\/div><\/div><\/div><\/div><\/div><div class=\"nm-row nm-row-full vc_row wpb_row\"><div class=\"nm_column wpb_column vc_column_container col-sm-6\"><div class=\"vc_column-inner\"><div class=\"wpb_wrapper\"><h2 style=\"font-size: 22px;color: #1354a1;text-align: left;font-family:Open Sans;font-weight:700;font-style:normal\" class=\"vc_custom_heading\" >Descripci\u00f3n de Producto<\/h2>\r\n    <div class=\"nm-divider separator_align_center\">\r\n        <div class=\"nm-divider-line\" style=\"background:#e2e2e2;\"><\/div>\r\n    <\/div><div class=\"vc_empty_space\"   style=\"height: 20px\"><span class=\"vc_empty_space_inner\"><\/span><\/div>\n\t<div class=\"wpb_text_column wpb_content_element  urun-detay\" >\n\t\t<div class=\"wpb_wrapper\">\n\t\t\t<div role=\"listitem\"><strong>Blow P29<\/strong>Blank Gun, todas las partes de la pistola funcionan como un arma de fuego real y el sonido producido durante el disparo tiene el mismo nivel que un arma de fuego real. La pistola de fogueo Blow P29 es una pistola semiautom\u00e1tica. El cuerpo de la pistola de fogueo Blow P29 est\u00e1 fabricado en zamak. <strong>Blow P29 <\/strong>Pistola de fogueo Blow P29 Esta pistola de fogueo, que tiene un calibre de 9 mm, tiene una capacidad de cargador de 7+1. 790,3 g. El color del cuerpo de esta pistola en blanco, que tiene un peso pesado, es Negro - Ahumado - Satinado - Cromo mate - Cromo brillante - Oro - Parte dorada - Opciones de color bordadas. <strong>Negro - Ahumado - Satinado - Cromo Mate - Cromo Pulido - Oro - Pieza de Oro - Grabado<\/strong> .<\/div>\n<div role=\"listitem\">Color del Mecanismo\u00a0 <strong>Negro- Ahumado - Satinado - Cromado Mate - Cromado Brillante - Oro - Pieza de Oro - Grabado<\/strong><\/div>\n\n\t\t<\/div>\n\t<\/div>\n<div class=\"vc_empty_space\"   style=\"height: 20px\"><span class=\"vc_empty_space_inner\"><\/span><\/div>\n\t<div class=\"wpb_text_column wpb_content_element  urun-detay\" >\n\t\t<div class=\"wpb_wrapper\">\n\t\t\t<p>El arma de fogueo viene en una caja de pl\u00e1stico muy bonita. Por lo general, se consideran armas de fogueo aquellas cuyos cartuchos est\u00e1n rellenos \u00fanicamente de p\u00f3lvora y no contienen n\u00facleo de bala, por lo que s\u00f3lo emiten un sonido al disparar. Si bien el primer prop\u00f3sito de las armas de fogueo es emitir sonido, tambi\u00e9n pueden disparar bengalas con el aparato conectado al extremo. Las armas de fogueo que lanzan cartuchos sonoros y de gas suelen ser las preferidas por los aficionados a las armas de fuego. Las armas que llaman la atenci\u00f3n sobre todo por su dise\u00f1o se incluyen en las colecciones de los aficionados a las armas, mientras que las pistolas que pueden producir un sonido fuerte y de alta calidad son las preferidas para utilizar cartuchos de sonido y de gas.<\/p>\n\n\t\t<\/div>\n\t<\/div>\n<div class=\"vc_empty_space\"   style=\"height: 20px\"><span class=\"vc_empty_space_inner\"><\/span><\/div><\/div><\/div><\/div><div class=\"nm_column wpb_column vc_column_container col-sm-6\"><div class=\"vc_column-inner\"><div class=\"wpb_wrapper\"><h2 style=\"font-size: 22px;color: #1354a1;text-align: left;font-family:Open Sans;font-weight:700;font-style:normal\" class=\"vc_custom_heading\" >Caracter\u00edsticas T\u00e9cnicas<\/h2>\r\n    <div class=\"nm-divider separator_align_center\">\r\n        <div class=\"nm-divider-line\" style=\"background:#e2e2e2;\"><\/div>\r\n    <\/div><div class=\"vc_empty_space\"   style=\"height: 20px\"><span class=\"vc_empty_space_inner\"><\/span><\/div>\n\t<div class=\"wpb_text_column wpb_content_element  urun-detay\" >\n\t\t<div class=\"wpb_wrapper\">\n\t\t\t<div role=\"listitem\"><label>SKU<\/label> <strong><span class=\"strong\" data-condition=\"nullHideParent\" data-sku=\"html\">BLOW P29<\/span><\/strong><\/div>\n<div role=\"listitem\"><label>Modelo<\/label> <strong><span class=\"strong\" data-condition=\"nullHideParent\" data-title=\"html\">P29<\/span><\/strong><\/div>\n<div role=\"listitem\">Calibre <strong><span class=\"strong\" data-condition=\"nullHideParent\" data-caliber-all=\"html\">9 mm<\/span><\/strong><\/div>\n<div role=\"listitem\">Capacidad <strong><span class=\"strong\" data-condition=\"nullHideParent\" data-capacity=\"html\">7+1<\/span><\/strong><\/div>\n<div role=\"listitem\"><label>Longitud General<\/label> <strong><span class=\"strong\" data-condition=\"nullHideParent\" data-color=\"html\">170 mm<\/span><\/strong><\/div>\n<div role=\"listitem\"><label>Anchura<\/label>\u00a0<strong><span class=\"strong\" data-condition=\"nullHideParent\" data-length=\"html\">33,5 mm<\/span><\/strong><\/div>\n<div role=\"listitem\"><span class=\"strong\" data-condition=\"nullHideParent\" data-action=\"html\">Altura <b>131 mm<\/b><\/span><\/div>\n<div role=\"listitem\"><span class=\"strong\" data-condition=\"nullHideParent\" data-grip=\"html\">Ponderaci\u00f3n <b>790,3 g<\/b><\/span><\/div>\n<div role=\"listitem\"><label>Color de Empu\u00f1adura<\/label> <strong><span class=\"strong\" data-condition=\"nullHideParent\" data-barrel-material=\"html\">Madera - Negro<\/span><\/strong><\/div>\n<div role=\"listitem\">Colores de Cuerpo y Mecanismo <strong><span class=\"strong\" data-condition=\"nullHideParent\" data-barrel=\"html\">Negro - Ahumado - Satinado - Cromo Mate - Cromo Pulido - Oro - Pieza de Oro - Grabado<\/span><\/strong><\/div>\n\n\t\t<\/div>\n\t<\/div>\n<\/div><\/div><\/div><\/div><div class=\"nm-row nm-row-full vc_row wpb_row\"><div class=\"nm_column wpb_column vc_column_container col-sm-6\"><div class=\"vc_column-inner\"><div class=\"wpb_wrapper\"><h2 style=\"font-size: 22px;color: #1354a1;text-align: left;font-family:Open Sans;font-weight:700;font-style:normal\" class=\"vc_custom_heading\" >Documentaci\u00f3n del producto<\/h2>\r\n    <div class=\"nm-divider separator_align_center\">\r\n        <div class=\"nm-divider-line\" style=\"background:#e2e2e2;\"><\/div>\r\n    <\/div><div class=\"vc_empty_space\"   style=\"height: 20px\"><span class=\"vc_empty_space_inner\"><\/span><\/div>\n\t<div class=\"wpb_text_column wpb_content_element  urun-detay\" >\n\t\t<div class=\"wpb_wrapper\">\n\t\t\t<p><img src=\"https:\/\/www.zirasilah.com.tr\/wp-content\/uploads\/2021\/11\/pdf-icon3.png\" \/><strong><a style=\"color: #777777;\" href=\"https:\/\/www.zirasilah.com.tr\/wp-content\/uploads\/2022\/04\/p29-parca-listesi-turkce.xlsx\" target=\"_blank\" rel=\"noopener\"> Examinar Lista de Piezas<\/a><\/strong><\/p>\n\n\t\t<\/div>\n\t<\/div>\n\n\t<div class=\"wpb_text_column wpb_content_element  urun-detay\" >\n\t\t<div class=\"wpb_wrapper\">\n\t\t\t<p><img src=\"https:\/\/www.zirasilah.com.tr\/wp-content\/uploads\/2021\/11\/pdf-icon3.png\" \/>\u00a0<strong><a style=\"color: #777777;\" href=\"https:\/\/www.zirasilah.com.tr\/wp-content\/uploads\/2022\/04\/p29-parca-listesi.jpg\" target=\"_blank\" rel=\"noopener\">Visualizar<\/a><\/strong><\/p>\n\n\t\t<\/div>\n\t<\/div>\n<div class=\"vc_empty_space\"   style=\"height: 40px\"><span class=\"vc_empty_space_inner\"><\/span><\/div><\/div><\/div><\/div><div class=\"nm_column wpb_column vc_column_container col-sm-6\"><div class=\"vc_column-inner\"><div class=\"wpb_wrapper\"><\/div><\/div><\/div><\/div><div class=\"nm-row nm-row-full vc_row wpb_row\"><div class=\"nm_column wpb_column vc_column_container col-sm-12\"><div class=\"vc_column-inner\"><div class=\"wpb_wrapper\"><div class=\"vc_empty_space\"   style=\"height: 40px\"><span class=\"vc_empty_space_inner\"><\/span><\/div>\n\t<div class=\"wpb_text_column wpb_content_element\" >\n\t\t<div class=\"wpb_wrapper\">\n\t\t\t<p style=\"text-align: center;\"><strong>TODOS LOS PRODUCTOS EST\u00c1N GARANTIZADOS POR LA POL\u00cdTICA DE CALIDAD DE POR VIDA DEL ZI\u0307RA S\u0130LAH.<\/strong><br \/>\n<strong>LA DISPONIBILIDAD EST\u00c1 SUJETA A LAS LEYES Y NORMATIVAS LOCALES DE LA ZONA.<\/strong><\/p>\n\n\t\t<\/div>\n\t<\/div>\n<\/div><\/div><\/div><\/div><div style=\"max-width:1300px;\" class=\"nm-row nm-row-boxed nm-row-max-width vc_row wpb_row nm-row-flex nm-row-col-middle  vc_custom_1630483776074\"><div class=\"nm_column wpb_column vc_column_container col-sm-12 vc_custom_1439335914871\"><div class=\"vc_column-inner\"><div class=\"wpb_wrapper\"><div class=\"vc_empty_space\"   style=\"height: 50px\"><span class=\"vc_empty_space_inner\"><\/span><\/div><\/div><\/div><\/div><\/div><div style=\"max-width:1920px; min-height:500px; background-image:url(https:\/\/www.zirasilah.com.tr\/wp-content\/uploads\/2015\/08\/bannerp29.png) !important;\" class=\"nm-row nm-row-boxed nm-row-max-width vc_row wpb_row nm-row-full-height nm-row-flex nm-row-col-middle nm-row-parallax nm-row-parallax-static  anasayfa-parallax-gun vc_custom_1650287080125\"><div class=\"nm_column wpb_column vc_column_container col-sm-12 vc_custom_1650287042923\"><div class=\"vc_column-inner\"><div class=\"wpb_wrapper\">\n\t<div class=\"wpb_text_column wpb_content_element  anasayfa-parallax-gun\" >\n\t\t<div class=\"wpb_wrapper\">\n\t\t\t<h3 class=\"hl-1\" style=\"text-align: center;\">EXAMINE M\u00c1S PISTOLAS DE FOGUEO<\/h3>\n\n\t\t<\/div>\n\t<\/div>\n\r\n\t\t\t<div class=\"nm_btn_align_center\">\r\n\t\t\t\t<a href=\"\" class=\"nm_btn nm_btn_md nm_btn_filled\">\r\n\t\t\t\t\t<span class=\"nm_btn_title\">V\u0130SUAL\u0130ZAR<\/span>\r\n\t\t\t\t\t<span class=\"nm_btn_bg\"><\/span>\r\n\t\t\t\t<\/a>\r\n\t\t\t<\/div><\/div><\/div><\/div><\/div><div style=\"max-width:1920px; min-height:600px; background-image:url(https:\/\/www.zirasilah.com.tr\/wp-content\/uploads\/2022\/10\/zrabnnr.png) !important;\" class=\"nm-row nm-row-boxed nm-row-max-width vc_row wpb_row nm-row-flex nm-row-col-middle nm-row-parallax nm-row-parallax-static  anasayfa-parallax-gun\"><div class=\"nm_column wpb_column vc_column_container col-sm-12 vc_custom_1635124555644\"><div class=\"vc_column-inner\"><div class=\"wpb_wrapper\"><h2 style=\"color: #ffffff;text-align: center;font-family:Abril Fatface;font-weight:400;font-style:normal\" class=\"vc_custom_heading\" >\u00daNASE A NUESTRA COMUNIDAD<\/h2>\n\t<div class=\"wpb_text_column wpb_content_element\" >\n\t\t<div class=\"wpb_wrapper\">\n\t\t\t<p style=\"color: white; text-align: center;\">Reciba informaci\u00f3n actualizada sobre productos, noticias y eventos<\/p>\n\n\t\t<\/div>\n\t<\/div>\n<div role=\"form\" class=\"wpcf7\" id=\"wpcf7-f5-o1\" lang=\"en-US\" dir=\"ltr\">\n<div class=\"screen-reader-response\"><p role=\"status\" aria-live=\"polite\" aria-atomic=\"true\"><\/p> <ul><\/ul><\/div>\n<form action=\"\/es\/wp-json\/wp\/v2\/product\/239#wpcf7-f5-o1\" method=\"post\" class=\"wpcf7-form init\" novalidate=\"novalidate\" data-status=\"init\" data-trp-original-action=\"\/es\/wp-json\/wp\/v2\/product\/239#wpcf7-f5-o1\">\n<div style=\"display: none;\">\n<input type=\"hidden\" name=\"_wpcf7\" value=\"5\" \/>\n<input type=\"hidden\" name=\"_wpcf7_version\" value=\"5.5.2\" \/>\n<input type=\"hidden\" name=\"_wpcf7_locale\" value=\"en_US\" \/>\n<input type=\"hidden\" name=\"_wpcf7_unit_tag\" value=\"wpcf7-f5-o1\" \/>\n<input type=\"hidden\" name=\"_wpcf7_container_post\" value=\"0\" \/>\n<input type=\"hidden\" name=\"_wpcf7_posted_data_hash\" value=\"\" \/>\n<\/div>\n<p class=\"half\"><label style=\"margin-left:-60px !important;\" >Correo Electr\u00f3nico<\/label> <span class=\"wpcf7-form-control-wrap your-email\"><input type=\"email\" name=\"your-email\" value=\"\" size=\"40\" class=\"wpcf7-form-control wpcf7-text wpcf7-email wpcf7-validates-as-required wpcf7-validates-as-email\" aria-required=\"true\" aria-invalid=\"false\" placeholder=\"Correo Electr\u00f3nico\" \/><\/span><\/p>\n<p class=\"helfa\" style=\"color:white; font-size:12px !important;\"><span class=\"wpcf7-form-control-wrap checkbox-711\"><span class=\"wpcf7-form-control wpcf7-checkbox wpcf7-validates-as-required\"><span class=\"wpcf7-list-item first last\"><label><input type=\"checkbox\" name=\"checkbox-711[]\" value=\"\u015eartlar &amp; Ko\u015fullar ve Gizlilik Politikas\u0131n\u0131 kabul ediyorum.\" \/><span class=\"wpcf7-list-item-label\">Acepto las Condiciones y T\u00e9rminos y la Pol\u00edtica de Privacidad.<\/span><\/label><\/span><\/span><\/span><\/p>\n<p class=\"half\"><input type=\"submit\" value=\"SUSCRIBASE\" class=\"wpcf7-form-control has-spinner wpcf7-submit\" \/><\/p>\n<div class=\"wpcf7-response-output\" aria-hidden=\"true\"><\/div><input type=\"hidden\" name=\"trp-form-language\" value=\"es\"\/><\/form><\/div><\/div><\/div><\/div><\/div>","protected":false},"excerpt":{"rendered":"<p>Todas las partes de la pistola de fogueo Blow P29 funcionan como un arma de fuego real y el sonido producido durante el disparo tiene el mismo nivel que un arma de fuego real.La pistola de fogueo Blow P29 es una pistola semiautom\u00e1tica.<\/p>","protected":false},"featured_media":8067,"comment_status":"open","ping_status":"closed","template":"","meta":[],"product_cat":[15,20],"product_tag":[],"yoast_head":"<!-- This site is optimized with the Yoast SEO plugin v19.8 - https:\/\/yoast.com\/wordpress\/plugins\/seo\/ -->\n<title>P29 Kurus\u0131k\u0131 Tabanca &raquo; Zira Silah<\/title>\n<meta name=\"robots\" content=\"index, follow, max-snippet:-1, max-image-preview:large, max-video-preview:-1\" \/>\n<link rel=\"canonical\" href=\"https:\/\/www.zirasilah.com.tr\/es\/product\/p29\/\" \/>\n<meta property=\"og:locale\" content=\"es_ES\" \/>\n<meta property=\"og:type\" content=\"article\" \/>\n<meta property=\"og:title\" content=\"P29 Kurus\u0131k\u0131 Tabanca &raquo; Zira Silah\" \/>\n<meta property=\"og:description\" content=\"Blow P29 Kurus\u0131k\u0131 Silah, silah\u0131n t\u00fcm par\u00e7alar\u0131 ger\u00e7ek ate\u015fli silah gibi \u00e7al\u0131\u015fmakta ve at\u0131\u015f s\u0131ras\u0131nda \u00e7\u0131kan ses ger\u00e7ek ate\u015fli silahla ayn\u0131 seviyededir.Blow P29 Kurus\u0131k\u0131 Silah yar\u0131 otomatik bir tabancad\u0131r.\" \/>\n<meta property=\"og:url\" content=\"https:\/\/www.zirasilah.com.tr\/es\/product\/p29\/\" \/>\n<meta property=\"og:site_name\" content=\"Zira Silah\" \/>\n<meta property=\"article:modified_time\" content=\"2022-10-14T06:43:08+00:00\" \/>\n<meta property=\"og:image\" content=\"https:\/\/www.zirasilah.com.tr\/wp-content\/uploads\/2015\/08\/29p.png\" \/>\n\t<meta property=\"og:image:width\" content=\"1000\" \/>\n\t<meta property=\"og:image:height\" content=\"1000\" \/>\n\t<meta property=\"og:image:type\" content=\"image\/png\" \/>\n<meta name=\"twitter:card\" content=\"summary_large_image\" \/>\n<meta name=\"twitter:label1\" content=\"Est. reading time\" \/>\n\t<meta name=\"twitter:data1\" content=\"7 minutos\" \/>\n<script type=\"application\/ld+json\" class=\"yoast-schema-graph\">{\"@context\":\"https:\/\/schema.org\",\"@graph\":[{\"@type\":\"WebPage\",\"@id\":\"https:\/\/www.zirasilah.com.tr\/urun\/p29\/\",\"url\":\"https:\/\/www.zirasilah.com.tr\/urun\/p29\/\",\"name\":\"P29 Kurus\u0131k\u0131 Tabanca &raquo; Zira Silah\",\"isPartOf\":{\"@id\":\"https:\/\/www.zirasilah.com.tr\/#website\"},\"datePublished\":\"2015-08-11T21:52:18+00:00\",\"dateModified\":\"2022-10-14T06:43:08+00:00\",\"breadcrumb\":{\"@id\":\"https:\/\/www.zirasilah.com.tr\/urun\/p29\/#breadcrumb\"},\"inLanguage\":\"es\",\"potentialAction\":[{\"@type\":\"ReadAction\",\"target\":[\"https:\/\/www.zirasilah.com.tr\/urun\/p29\/\"]}]},{\"@type\":\"BreadcrumbList\",\"@id\":\"https:\/\/www.zirasilah.com.tr\/urun\/p29\/#breadcrumb\",\"itemListElement\":[{\"@type\":\"ListItem\",\"position\":1,\"name\":\"Anasayfa\",\"item\":\"https:\/\/www.zirasilah.com.tr\/\"},{\"@type\":\"ListItem\",\"position\":2,\"name\":\"P29\"}]},{\"@type\":\"WebSite\",\"@id\":\"https:\/\/www.zirasilah.com.tr\/#website\",\"url\":\"https:\/\/www.zirasilah.com.tr\/\",\"name\":\"Zira Silah\",\"description\":\"Blow\",\"potentialAction\":[{\"@type\":\"SearchAction\",\"target\":{\"@type\":\"EntryPoint\",\"urlTemplate\":\"https:\/\/www.zirasilah.com.tr\/?s={search_term_string}\"},\"query-input\":\"required name=search_term_string\"}],\"inLanguage\":\"es\"}]}<\/script>\n<!-- \/ Yoast SEO plugin. -->","yoast_head_json":{"title":"P29 Kurus\u0131k\u0131 Tabanca &raquo; Zira Silah","robots":{"index":"index","follow":"follow","max-snippet":"max-snippet:-1","max-image-preview":"max-image-preview:large","max-video-preview":"max-video-preview:-1"},"canonical":"https:\/\/www.zirasilah.com.tr\/es\/product\/p29\/","og_locale":"es_ES","og_type":"article","og_title":"P29 Kurus\u0131k\u0131 Tabanca &raquo; Zira Silah","og_description":"Blow P29 Kurus\u0131k\u0131 Silah, silah\u0131n t\u00fcm par\u00e7alar\u0131 ger\u00e7ek ate\u015fli silah gibi \u00e7al\u0131\u015fmakta ve at\u0131\u015f s\u0131ras\u0131nda \u00e7\u0131kan ses ger\u00e7ek ate\u015fli silahla ayn\u0131 seviyededir.Blow P29 Kurus\u0131k\u0131 Silah yar\u0131 otomatik bir tabancad\u0131r.","og_url":"https:\/\/www.zirasilah.com.tr\/es\/product\/p29\/","og_site_name":"Zira Silah","article_modified_time":"2022-10-14T06:43:08+00:00","og_image":[{"width":1000,"height":1000,"url":"https:\/\/www.zirasilah.com.tr\/wp-content\/uploads\/2015\/08\/29p.png","type":"image\/png"}],"twitter_card":"summary_large_image","twitter_misc":{"Est. reading time":"7 minutos"},"schema":{"@context":"https:\/\/schema.org","@graph":[{"@type":"WebPage","@id":"https:\/\/www.zirasilah.com.tr\/urun\/p29\/","url":"https:\/\/www.zirasilah.com.tr\/urun\/p29\/","name":"P29 Kurus\u0131k\u0131 Tabanca &raquo; Zira Silah","isPartOf":{"@id":"https:\/\/www.zirasilah.com.tr\/#website"},"datePublished":"2015-08-11T21:52:18+00:00","dateModified":"2022-10-14T06:43:08+00:00","breadcrumb":{"@id":"https:\/\/www.zirasilah.com.tr\/urun\/p29\/#breadcrumb"},"inLanguage":"es","potentialAction":[{"@type":"ReadAction","target":["https:\/\/www.zirasilah.com.tr\/urun\/p29\/"]}]},{"@type":"BreadcrumbList","@id":"https:\/\/www.zirasilah.com.tr\/urun\/p29\/#breadcrumb","itemListElement":[{"@type":"ListItem","position":1,"name":"Anasayfa","item":"https:\/\/www.zirasilah.com.tr\/"},{"@type":"ListItem","position":2,"name":"P29"}]},{"@type":"WebSite","@id":"https:\/\/www.zirasilah.com.tr\/#website","url":"https:\/\/www.zirasilah.com.tr\/","name":"Zira Silah","description":"Blow","potentialAction":[{"@type":"SearchAction","target":{"@type":"EntryPoint","urlTemplate":"https:\/\/www.zirasilah.com.tr\/?s={search_term_string}"},"query-input":"required name=search_term_string"}],"inLanguage":"es"}]}},"_links":{"self":[{"href":"https:\/\/www.zirasilah.com.tr\/es\/wp-json\/wp\/v2\/product\/239"}],"collection":[{"href":"https:\/\/www.zirasilah.com.tr\/es\/wp-json\/wp\/v2\/product"}],"about":[{"href":"https:\/\/www.zirasilah.com.tr\/es\/wp-json\/wp\/v2\/types\/product"}],"replies":[{"embeddable":true,"href":"https:\/\/www.zirasilah.com.tr\/es\/wp-json\/wp\/v2\/comments?post=239"}],"wp:featuredmedia":[{"embeddable":true,"href":"https:\/\/www.zirasilah.com.tr\/es\/wp-json\/wp\/v2\/media\/8067"}],"wp:attachment":[{"href":"https:\/\/www.zirasilah.com.tr\/es\/wp-json\/wp\/v2\/media?parent=239"}],"wp:term":[{"taxonomy":"product_cat","embeddable":true,"href":"https:\/\/www.zirasilah.com.tr\/es\/wp-json\/wp\/v2\/product_cat?post=239"},{"taxonomy":"product_tag","embeddable":true,"href":"https:\/\/www.zirasilah.com.tr\/es\/wp-json\/wp\/v2\/product_tag?post=239"}],"curies":[{"name":"wp","href":"https:\/\/api.w.org\/{rel}","templated":true}]}}