{"id":4426,"date":"2021-12-03T15:49:28","date_gmt":"2021-12-03T15:49:28","guid":{"rendered":"https:\/\/www.zirasilah.com.tr\/?page_id=4426"},"modified":"2022-10-19T13:30:42","modified_gmt":"2022-10-19T13:30:42","slug":"garanti-destek","status":"publish","type":"page","link":"https:\/\/www.zirasilah.com.tr\/es\/relacion-con-el-cliente\/soporte-de-garantia\/","title":{"rendered":"Garant\u00eda y Limpieza"},"content":{"rendered":"<div style=\"max-width:1300px;\" class=\"nm-row nm-row-boxed nm-row-max-width vc_row wpb_row nm-row-flex nm-row-col-middle  vc_custom_1630483776074\"><div class=\"nm_column wpb_column vc_column_container col-sm-12 vc_custom_1439335914871\"><div class=\"vc_column-inner\"><div class=\"wpb_wrapper\"><div class=\"vc_empty_space\"   style=\"height: 50px\"><span class=\"vc_empty_space_inner\"><\/span><\/div><div class=\"vc_empty_space\"   style=\"height: 20px\"><span class=\"vc_empty_space_inner\"><\/span><\/div><\/div><\/div><\/div><\/div><div class=\"nm-row nm-row-full vc_row wpb_row  vc_custom_1639573426437\"><div class=\"nm_column wpb_column vc_column_container col-sm-12 hidden-md hidden-sm hidden-xs\"><div class=\"vc_column-inner\"><div class=\"wpb_wrapper\">\n\t<div class=\"wpb_text_column wpb_content_element\" >\n\t\t<div class=\"wpb_wrapper\">\n\t\t\t\t\t\t<!-- Flexy Breadcrumb -->\r\n\t\t\t<div class=\"fbc fbc-page\">\r\n\r\n\t\t\t\t<!-- Breadcrumb wrapper -->\r\n\t\t\t\t<div class=\"fbc-wrap\">\r\n\r\n\t\t\t\t\t<!-- Ordered list-->\r\n\t\t\t\t\t<ol class=\"fbc-items\" itemscope itemtype=\"https:\/\/schema.org\/BreadcrumbList\">\r\n\t\t\t\t\t\t            <li itemprop=\"itemListElement\" itemscope itemtype=\"https:\/\/schema.org\/ListItem\">\r\n                <span itemprop=\"name\">\r\n                    <!-- Home Link -->\r\n                    <a itemprop=\"item\" href=\"https:\/\/www.zirasilah.com.tr\/es\">\r\n                    \r\n                        p\u00e1gina de inicio                    <\/a>\r\n                <\/span>\r\n                <meta itemprop=\"position\" content=\"1\" \/><!-- Meta Position-->\r\n             <\/li><li><span class=\"fbc-separator\">\/<\/span><\/li><li class=\"active\" itemprop=\"itemListElement\" itemscope itemtype=\"https:\/\/schema.org\/ListItem\"><span itemprop=\"name\" title=\"Blog\">Blog<\/span><meta itemprop=\"position\" content=\"2\" \/><\/li>\t\t\t\t\t<\/ol>\r\n\t\t\t\t\t<div class=\"clearfix\"><\/div>\r\n\t\t\t\t<\/div>\r\n\t\t\t<\/div>\r\n\t\t\t\n\n\t\t<\/div>\n\t<\/div>\n<\/div><\/div><\/div><\/div><div style=\"max-width:1300px;\" class=\"nm-row nm-row-boxed nm-row-max-width vc_row wpb_row nm-row-flex nm-row-col-middle  vc_custom_1638013014177\"><div class=\"nm_column wpb_column vc_column_container col-sm-10 vc_custom_1439335914871\"><div class=\"vc_column-inner\"><div class=\"wpb_wrapper\"><div class=\"vc_empty_space\"   style=\"height: 40px\"><span class=\"vc_empty_space_inner\"><\/span><\/div><h2 style=\"font-size: 48px;color: #000000;text-align: left;font-family:Open Sans Condensed;font-weight:700;font-style:normal\" class=\"vc_custom_heading\" >GARANTIA &amp; SOPORTE<\/h2><div class=\"vc_empty_space\"   style=\"height: 40px\"><span class=\"vc_empty_space_inner\"><\/span><\/div>\n\t<div class=\"wpb_text_column wpb_content_element\" >\n\t\t<div class=\"wpb_wrapper\">\n\t\t\t<ul>\n<li><span style=\"font-size: 14px; color: #444444;\">El per\u00edodo de garant\u00eda comienza a partir de la fecha de entrega y es de 2 a\u00f1os.<\/span><\/li>\n<\/ul>\n\n\t\t<\/div>\n\t<\/div>\n\n\t<div class=\"wpb_text_column wpb_content_element\" >\n\t\t<div class=\"wpb_wrapper\">\n\t\t\t<ul>\n<li><span style=\"font-size: 14px; color: #444444;\">Todo el producto, incluyendo todas sus piezas, est\u00e1n bajo garant\u00eda de nuestra empresa.<\/span><\/li>\n<\/ul>\n\n\t\t<\/div>\n\t<\/div>\n\n\t<div class=\"wpb_text_column wpb_content_element\" >\n\t\t<div class=\"wpb_wrapper\">\n\t\t\t<ul>\n<li><span style=\"font-size: 14px; color: #444444;\">Si el dispositivo se falla dentro del per\u00edodo de garant\u00eda, el tiempo que no se puede utilizar el dispositivo por el proceso de reparaci\u00f3n se a\u00f1ade al per\u00edodo de garant\u00eda. El tiempo m\u00e1ximo de reparaci\u00f3n del producto es de 20 d\u00edas h\u00e1biles. Este tiempo inicia desde la fecha en que se comunica a la estaci\u00f3n de servicio, en caso de no existir una estaci\u00f3n de servicio, a vendedor, distribuidor, agencia, representante, productor o importador del producto. El fallo se solucionar\u00e1 en un plazo de 10 d\u00edas h\u00e1biles desde la llegada del producto a nuestra estaci\u00f3n de servicio.<\/span><\/li>\n<\/ul>\n\n\t\t<\/div>\n\t<\/div>\n\n\t<div class=\"wpb_text_column wpb_content_element\" >\n\t\t<div class=\"wpb_wrapper\">\n\t\t\t<ul>\n<li><span style=\"font-size: 14px; color: #444444;\">El producto se reparar\u00e1 sin pedir ning\u00fan pago por mano de obra, precio de pieza sustituida o bajo en cualquier nombre en caso de que la m\u00e1quina se falle dentro de plazo de garant\u00eda por errores de material, mano de obra o montaje.<\/span><\/li>\n<\/ul>\n\n\t\t<\/div>\n\t<\/div>\n\n\t<div class=\"wpb_text_column wpb_content_element\" >\n\t\t<div class=\"wpb_wrapper\">\n\t\t\t<ul>\n<li><span style=\"font-size: 14px; color: #444444;\">El producto se sustituir\u00e1 gratuitamente en siguientes casos;<br \/>\n\u2013 La imposibilidad de beneficiarse de los bienes por m\u00e1s de 4 repeticiones de la misma aver\u00eda o m\u00e1s de 6 incidencias de aver\u00edas diferentes en el plazo de 1 a\u00f1o siempre que siga dentro del periodo de garant\u00eda,<br \/>\n\u2013 Superaci\u00f3n del tiempo m\u00e1ximo necesario para la reparaci\u00f3n,<br \/>\n\u2013 En el caso de que la estaci\u00f3n de servicio no est\u00e9 disponible, en los casos en que se determina que no es posible reparar la aver\u00eda mediante el informe que debe ser emitido por uno de los vendedores, distribuidores, agentes, representantes, importadores o fabricantes, siempre que se obtenga el permiso de las instituciones oficiales que no hay inconveniente en sustituir el producto.<br \/>\n<\/span><\/li>\n<\/ul>\n\n\t\t<\/div>\n\t<\/div>\n\n\t<div class=\"wpb_text_column wpb_content_element\" >\n\t\t<div class=\"wpb_wrapper\">\n\t\t\t<ul>\n<li><span style=\"font-size: 14px; color: #444444;\">Los fallos derivados del uso no autorizado del producto que se menciona en el manual del usuario, no se cubren por la garant\u00eda. <\/span><\/li>\n<\/ul>\n\n\t\t<\/div>\n\t<\/div>\n\n\t<div class=\"wpb_text_column wpb_content_element\" >\n\t\t<div class=\"wpb_wrapper\">\n\t\t\t<ul>\n<li><span style=\"font-size: 14px; color: #444444;\">Durante el per\u00edodo de garant\u00eda, no se cobrar\u00e1 al consumidor mano de obra o tarifa similar por el servicio prestado en el mantenimiento peri\u00f3dico, que es obligatorio que realicen las estaciones de servicio y estipulado por el fabricante y el importador.<\/span><\/li>\n<\/ul>\n\n\t\t<\/div>\n\t<\/div>\n\n\t<div class=\"wpb_text_column wpb_content_element\" >\n\t\t<div class=\"wpb_wrapper\">\n\t\t\t<ul>\n<li><span style=\"font-size: 14px; color: #444444;\">Para los problemas que puedan surgir con respecto a la garant\u00eda, el Consumidor puede aplicar a la Direcci\u00f3n General de Protecci\u00f3n al Consumidor y Vigilancia del Mercado del Ministerio de Aduanas y Comercio. <\/span><\/li>\n<\/ul>\n\n\t\t<\/div>\n\t<\/div>\n\n\t<div class=\"wpb_text_column wpb_content_element\" >\n\t\t<div class=\"wpb_wrapper\">\n\t\t\t<ul>\n<li><span style=\"font-size: 14px; color: #444444;\">El uso de este Certificado de Garant\u00eda est\u00e1 permitido por el Ministerio de Comercio y Direcci\u00f3n General de Protecci\u00f3n de Consumidores y Competencia, conforme a la Ley N\u00b0 4077 y el Comunicado TRKGM-95\/116-117 emitido en base a esta Ley. <\/span><\/li>\n<\/ul>\n\n\t\t<\/div>\n\t<\/div>\n\n\t<div class=\"wpb_text_column wpb_content_element\" >\n\t\t<div class=\"wpb_wrapper\">\n\t\t\t<ul>\n<li><span style=\"font-size: 14px; color: #444444;\">El vendedor, concesionario, agencia o representante al que el consumidor haya comprado el producto es el responsable de entregar el certificado de garant\u00eda al consumidor. <\/span><\/li>\n<\/ul>\n\n\t\t<\/div>\n\t<\/div>\n<div class=\"vc_empty_space\"   style=\"height: 40px\"><span class=\"vc_empty_space_inner\"><\/span><\/div><\/div><\/div><\/div><div class=\"nm_column wpb_column vc_column_container col-sm-2\"><div class=\"vc_column-inner\"><div class=\"wpb_wrapper\"><\/div><\/div><\/div><\/div><div style=\"max-width:1300px;\" class=\"nm-row nm-row-boxed nm-row-max-width vc_row wpb_row nm-row-flex nm-row-col-middle  vc_custom_1630483776074\"><div class=\"nm_column wpb_column vc_column_container col-sm-12 vc_custom_1439335914871\"><div class=\"vc_column-inner\"><div class=\"wpb_wrapper\"><div class=\"vc_empty_space  slider-alti-bosluk\"   style=\"height: 50px\"><span class=\"vc_empty_space_inner\"><\/span><\/div><\/div><\/div><\/div><\/div><div style=\"max-width:1920px; min-height:600px; background-image:url(https:\/\/www.zirasilah.com.tr\/wp-content\/uploads\/2022\/10\/zrabnnr.png) !important;\" class=\"nm-row nm-row-boxed nm-row-max-width vc_row wpb_row nm-row-flex nm-row-col-middle nm-row-parallax nm-row-parallax-static  anasayfa-parallax-gun\"><div class=\"nm_column wpb_column vc_column_container col-sm-12 vc_custom_1635124555644\"><div class=\"vc_column-inner\"><div class=\"wpb_wrapper\"><h2 style=\"color: #ffffff;text-align: center;font-family:Abril Fatface;font-weight:400;font-style:normal\" class=\"vc_custom_heading\" >\u00daNASE A NUESTRA COMUNIDAD<\/h2>\n\t<div class=\"wpb_text_column wpb_content_element\" >\n\t\t<div class=\"wpb_wrapper\">\n\t\t\t<p style=\"color: white; text-align: center;\">Reciba informaci\u00f3n actualizada sobre productos, noticias y eventos<\/p>\n\n\t\t<\/div>\n\t<\/div>\n<div role=\"form\" class=\"wpcf7\" id=\"wpcf7-f5-o1\" lang=\"en-US\" dir=\"ltr\">\n<div class=\"screen-reader-response\"><p role=\"status\" aria-live=\"polite\" aria-atomic=\"true\"><\/p> <ul><\/ul><\/div>\n<form action=\"\/es\/wp-json\/wp\/v2\/pages\/4426#wpcf7-f5-o1\" method=\"post\" class=\"wpcf7-form init\" novalidate=\"novalidate\" data-status=\"init\" data-trp-original-action=\"\/es\/wp-json\/wp\/v2\/pages\/4426#wpcf7-f5-o1\">\n<div style=\"display: none;\">\n<input type=\"hidden\" name=\"_wpcf7\" value=\"5\" \/>\n<input type=\"hidden\" name=\"_wpcf7_version\" value=\"5.5.2\" \/>\n<input type=\"hidden\" name=\"_wpcf7_locale\" value=\"en_US\" \/>\n<input type=\"hidden\" name=\"_wpcf7_unit_tag\" value=\"wpcf7-f5-o1\" \/>\n<input type=\"hidden\" name=\"_wpcf7_container_post\" value=\"0\" \/>\n<input type=\"hidden\" name=\"_wpcf7_posted_data_hash\" value=\"\" \/>\n<\/div>\n<p class=\"half\"><label style=\"margin-left:-60px !important;\" >Correo Electr\u00f3nico<\/label> <span class=\"wpcf7-form-control-wrap your-email\"><input type=\"email\" name=\"your-email\" value=\"\" size=\"40\" class=\"wpcf7-form-control wpcf7-text wpcf7-email wpcf7-validates-as-required wpcf7-validates-as-email\" aria-required=\"true\" aria-invalid=\"false\" placeholder=\"Correo Electr\u00f3nico\" \/><\/span><\/p>\n<p class=\"helfa\" style=\"color:white; font-size:12px !important;\"><span class=\"wpcf7-form-control-wrap checkbox-711\"><span class=\"wpcf7-form-control wpcf7-checkbox wpcf7-validates-as-required\"><span class=\"wpcf7-list-item first last\"><label><input type=\"checkbox\" name=\"checkbox-711[]\" value=\"\u015eartlar &amp; Ko\u015fullar ve Gizlilik Politikas\u0131n\u0131 kabul ediyorum.\" \/><span class=\"wpcf7-list-item-label\">Acepto las Condiciones y T\u00e9rminos y la Pol\u00edtica de Privacidad.<\/span><\/label><\/span><\/span><\/span><\/p>\n<p class=\"half\"><input type=\"submit\" value=\"SUSCRIBASE\" class=\"wpcf7-form-control has-spinner wpcf7-submit\" \/><\/p>\n<div class=\"wpcf7-response-output\" aria-hidden=\"true\"><\/div><input type=\"hidden\" name=\"trp-form-language\" value=\"es\"\/><\/form><\/div><\/div><\/div><\/div><\/div>","protected":false},"excerpt":{"rendered":"Anasayfa \/Blog GARANT\u0130 &amp; DESTEK Garanti s\u00fcresi, mal\u0131n teslim tarihinden itibaren ba\u015flar ve 2 y\u0131ld\u0131r. Mal\u0131n b\u00fct\u00fcn par\u00e7alar\u0131 dahil olmak \u00fczere tamam\u0131 firmam\u0131z\u0131n kapsam\u0131ndad\u0131r. Mal\u0131n garanti s\u00fcresi i\u00e7erisinde ar\u0131zalanmas\u0131 durumunda, tamirde ge\u00e7en s\u00fcre garanti s\u00fcresine eklenir. Mal\u0131n tamir s\u00fcresi en fazla 20 i\u015f g\u00fcn\u00fcd\u00fcr. Bu s\u00fcre, mala ili\u015fkin ar\u0131zan\u0131n servis istasyonuna, servis istasyonunun olmamas\u0131 durumunda, [...]","protected":false},"author":1,"featured_media":0,"parent":4594,"menu_order":0,"comment_status":"closed","ping_status":"closed","template":"templates\/page-full.php","meta":[],"yoast_head":"<!-- This site is optimized with the Yoast SEO plugin v19.8 - https:\/\/yoast.com\/wordpress\/plugins\/seo\/ -->\n<title>Garanti &amp; Destek &raquo; Zira Silah<\/title>\n<meta name=\"description\" content=\"Garanti belgesi ile ilgili detaylara buradan ula\u015fabilirsiniz.\" \/>\n<meta name=\"robots\" content=\"index, follow, max-snippet:-1, max-image-preview:large, max-video-preview:-1\" \/>\n<link rel=\"canonical\" href=\"https:\/\/www.zirasilah.com.tr\/es\/relacion-con-el-cliente\/soporte-de-garantia\/\" \/>\n<meta property=\"og:locale\" content=\"es_ES\" \/>\n<meta property=\"og:type\" content=\"article\" \/>\n<meta property=\"og:title\" content=\"Garanti &amp; Destek &raquo; Zira Silah\" \/>\n<meta property=\"og:description\" content=\"Garanti belgesi ile ilgili detaylara buradan ula\u015fabilirsiniz.\" \/>\n<meta property=\"og:url\" content=\"https:\/\/www.zirasilah.com.tr\/es\/relacion-con-el-cliente\/soporte-de-garantia\/\" \/>\n<meta property=\"og:site_name\" content=\"Zira Silah\" \/>\n<meta property=\"article:modified_time\" content=\"2022-10-19T13:30:42+00:00\" \/>\n<meta name=\"twitter:card\" content=\"summary_large_image\" \/>\n<meta name=\"twitter:label1\" content=\"Est. reading time\" \/>\n\t<meta name=\"twitter:data1\" content=\"3 minutos\" \/>\n<script type=\"application\/ld+json\" class=\"yoast-schema-graph\">{\"@context\":\"https:\/\/schema.org\",\"@graph\":[{\"@type\":\"WebPage\",\"@id\":\"https:\/\/www.zirasilah.com.tr\/musteri-iliskileri\/garanti-destek\/\",\"url\":\"https:\/\/www.zirasilah.com.tr\/musteri-iliskileri\/garanti-destek\/\",\"name\":\"Garanti & Destek &raquo; Zira Silah\",\"isPartOf\":{\"@id\":\"https:\/\/www.zirasilah.com.tr\/#website\"},\"datePublished\":\"2021-12-03T15:49:28+00:00\",\"dateModified\":\"2022-10-19T13:30:42+00:00\",\"description\":\"Garanti belgesi ile ilgili detaylara buradan ula\u015fabilirsiniz.\",\"breadcrumb\":{\"@id\":\"https:\/\/www.zirasilah.com.tr\/musteri-iliskileri\/garanti-destek\/#breadcrumb\"},\"inLanguage\":\"es\",\"potentialAction\":[{\"@type\":\"ReadAction\",\"target\":[\"https:\/\/www.zirasilah.com.tr\/musteri-iliskileri\/garanti-destek\/\"]}]},{\"@type\":\"BreadcrumbList\",\"@id\":\"https:\/\/www.zirasilah.com.tr\/musteri-iliskileri\/garanti-destek\/#breadcrumb\",\"itemListElement\":[{\"@type\":\"ListItem\",\"position\":1,\"name\":\"Anasayfa\",\"item\":\"https:\/\/www.zirasilah.com.tr\/\"},{\"@type\":\"ListItem\",\"position\":2,\"name\":\"M\u00fc\u015fteri \u0130li\u015fkileri\",\"item\":\"https:\/\/www.zirasilah.com.tr\/musteri-iliskileri\/\"},{\"@type\":\"ListItem\",\"position\":3,\"name\":\"Garanti &#038; Destek\"}]},{\"@type\":\"WebSite\",\"@id\":\"https:\/\/www.zirasilah.com.tr\/#website\",\"url\":\"https:\/\/www.zirasilah.com.tr\/\",\"name\":\"Zira Silah\",\"description\":\"Blow\",\"potentialAction\":[{\"@type\":\"SearchAction\",\"target\":{\"@type\":\"EntryPoint\",\"urlTemplate\":\"https:\/\/www.zirasilah.com.tr\/?s={search_term_string}\"},\"query-input\":\"required name=search_term_string\"}],\"inLanguage\":\"es\"}]}<\/script>\n<!-- \/ Yoast SEO plugin. -->","yoast_head_json":{"title":"Garanti & Destek &raquo; Zira Silah","description":"Garanti belgesi ile ilgili detaylara buradan ula\u015fabilirsiniz.","robots":{"index":"index","follow":"follow","max-snippet":"max-snippet:-1","max-image-preview":"max-image-preview:large","max-video-preview":"max-video-preview:-1"},"canonical":"https:\/\/www.zirasilah.com.tr\/es\/relacion-con-el-cliente\/soporte-de-garantia\/","og_locale":"es_ES","og_type":"article","og_title":"Garanti & Destek &raquo; Zira Silah","og_description":"Garanti belgesi ile ilgili detaylara buradan ula\u015fabilirsiniz.","og_url":"https:\/\/www.zirasilah.com.tr\/es\/relacion-con-el-cliente\/soporte-de-garantia\/","og_site_name":"Zira Silah","article_modified_time":"2022-10-19T13:30:42+00:00","twitter_card":"summary_large_image","twitter_misc":{"Est. reading time":"3 minutos"},"schema":{"@context":"https:\/\/schema.org","@graph":[{"@type":"WebPage","@id":"https:\/\/www.zirasilah.com.tr\/musteri-iliskileri\/garanti-destek\/","url":"https:\/\/www.zirasilah.com.tr\/musteri-iliskileri\/garanti-destek\/","name":"Garanti & Destek &raquo; Zira Silah","isPartOf":{"@id":"https:\/\/www.zirasilah.com.tr\/#website"},"datePublished":"2021-12-03T15:49:28+00:00","dateModified":"2022-10-19T13:30:42+00:00","description":"Garanti belgesi ile ilgili detaylara buradan ula\u015fabilirsiniz.","breadcrumb":{"@id":"https:\/\/www.zirasilah.com.tr\/musteri-iliskileri\/garanti-destek\/#breadcrumb"},"inLanguage":"es","potentialAction":[{"@type":"ReadAction","target":["https:\/\/www.zirasilah.com.tr\/musteri-iliskileri\/garanti-destek\/"]}]},{"@type":"BreadcrumbList","@id":"https:\/\/www.zirasilah.com.tr\/musteri-iliskileri\/garanti-destek\/#breadcrumb","itemListElement":[{"@type":"ListItem","position":1,"name":"Anasayfa","item":"https:\/\/www.zirasilah.com.tr\/"},{"@type":"ListItem","position":2,"name":"M\u00fc\u015fteri \u0130li\u015fkileri","item":"https:\/\/www.zirasilah.com.tr\/musteri-iliskileri\/"},{"@type":"ListItem","position":3,"name":"Garanti &#038; Destek"}]},{"@type":"WebSite","@id":"https:\/\/www.zirasilah.com.tr\/#website","url":"https:\/\/www.zirasilah.com.tr\/","name":"Zira Silah","description":"Blow","potentialAction":[{"@type":"SearchAction","target":{"@type":"EntryPoint","urlTemplate":"https:\/\/www.zirasilah.com.tr\/?s={search_term_string}"},"query-input":"required name=search_term_string"}],"inLanguage":"es"}]}},"_links":{"self":[{"href":"https:\/\/www.zirasilah.com.tr\/es\/wp-json\/wp\/v2\/pages\/4426"}],"collection":[{"href":"https:\/\/www.zirasilah.com.tr\/es\/wp-json\/wp\/v2\/pages"}],"about":[{"href":"https:\/\/www.zirasilah.com.tr\/es\/wp-json\/wp\/v2\/types\/page"}],"author":[{"embeddable":true,"href":"https:\/\/www.zirasilah.com.tr\/es\/wp-json\/wp\/v2\/users\/1"}],"replies":[{"embeddable":true,"href":"https:\/\/www.zirasilah.com.tr\/es\/wp-json\/wp\/v2\/comments?post=4426"}],"version-history":[{"count":11,"href":"https:\/\/www.zirasilah.com.tr\/es\/wp-json\/wp\/v2\/pages\/4426\/revisions"}],"predecessor-version":[{"id":8800,"href":"https:\/\/www.zirasilah.com.tr\/es\/wp-json\/wp\/v2\/pages\/4426\/revisions\/8800"}],"up":[{"embeddable":true,"href":"https:\/\/www.zirasilah.com.tr\/es\/wp-json\/wp\/v2\/pages\/4594"}],"wp:attachment":[{"href":"https:\/\/www.zirasilah.com.tr\/es\/wp-json\/wp\/v2\/media?parent=4426"}],"curies":[{"name":"wp","href":"https:\/\/api.w.org\/{rel}","templated":true}]}}