{"id":4421,"date":"2021-12-03T15:46:35","date_gmt":"2021-12-03T15:46:35","guid":{"rendered":"https:\/\/www.zirasilah.com.tr\/?page_id=4421"},"modified":"2022-10-19T13:30:09","modified_gmt":"2022-10-19T13:30:09","slug":"guvenlik","status":"publish","type":"page","link":"https:\/\/www.zirasilah.com.tr\/es\/relacion-con-el-cliente\/seguridad\/","title":{"rendered":"Seguridad"},"content":{"rendered":"<div style=\"max-width:1300px;\" class=\"nm-row nm-row-boxed nm-row-max-width vc_row wpb_row nm-row-flex nm-row-col-middle  vc_custom_1630483776074\"><div class=\"nm_column wpb_column vc_column_container col-sm-12 vc_custom_1439335914871\"><div class=\"vc_column-inner\"><div class=\"wpb_wrapper\"><div class=\"vc_empty_space\"   style=\"height: 50px\"><span class=\"vc_empty_space_inner\"><\/span><\/div><div class=\"vc_empty_space\"   style=\"height: 20px\"><span class=\"vc_empty_space_inner\"><\/span><\/div><\/div><\/div><\/div><\/div><div class=\"nm-row nm-row-full vc_row wpb_row  vc_custom_1639573426437\"><div class=\"nm_column wpb_column vc_column_container col-sm-12 hidden-md hidden-sm hidden-xs\"><div class=\"vc_column-inner\"><div class=\"wpb_wrapper\">\n\t<div class=\"wpb_text_column wpb_content_element\" >\n\t\t<div class=\"wpb_wrapper\">\n\t\t\t\t\t\t<!-- Flexy Breadcrumb -->\r\n\t\t\t<div class=\"fbc fbc-page\">\r\n\r\n\t\t\t\t<!-- Breadcrumb wrapper -->\r\n\t\t\t\t<div class=\"fbc-wrap\">\r\n\r\n\t\t\t\t\t<!-- Ordered list-->\r\n\t\t\t\t\t<ol class=\"fbc-items\" itemscope itemtype=\"https:\/\/schema.org\/BreadcrumbList\">\r\n\t\t\t\t\t\t            <li itemprop=\"itemListElement\" itemscope itemtype=\"https:\/\/schema.org\/ListItem\">\r\n                <span itemprop=\"name\">\r\n                    <!-- Home Link -->\r\n                    <a itemprop=\"item\" href=\"https:\/\/www.zirasilah.com.tr\/es\">\r\n                    \r\n                        p\u00e1gina de inicio                    <\/a>\r\n                <\/span>\r\n                <meta itemprop=\"position\" content=\"1\" \/><!-- Meta Position-->\r\n             <\/li><li><span class=\"fbc-separator\">\/<\/span><\/li><li class=\"active\" itemprop=\"itemListElement\" itemscope itemtype=\"https:\/\/schema.org\/ListItem\"><span itemprop=\"name\" title=\"Blog\">Blog<\/span><meta itemprop=\"position\" content=\"2\" \/><\/li>\t\t\t\t\t<\/ol>\r\n\t\t\t\t\t<div class=\"clearfix\"><\/div>\r\n\t\t\t\t<\/div>\r\n\t\t\t<\/div>\r\n\t\t\t\n\n\t\t<\/div>\n\t<\/div>\n<\/div><\/div><\/div><\/div><div style=\"max-width:1300px;\" class=\"nm-row nm-row-boxed nm-row-max-width vc_row wpb_row nm-row-flex nm-row-col-middle  vc_custom_1638013014177\"><div class=\"nm_column wpb_column vc_column_container col-sm-10 vc_custom_1439335914871\"><div class=\"vc_column-inner\"><div class=\"wpb_wrapper\"><div class=\"vc_empty_space\"   style=\"height: 40px\"><span class=\"vc_empty_space_inner\"><\/span><\/div><h2 style=\"font-size: 48px;color: #000000;text-align: left;font-family:Open Sans Condensed;font-weight:700;font-style:normal\" class=\"vc_custom_heading\" >SEGURIDAD<\/h2><div class=\"vc_empty_space\"   style=\"height: 40px\"><span class=\"vc_empty_space_inner\"><\/span><\/div><h4 style=\"font-size: 48px;color: #000000;text-align: left;font-family:Open Sans Condensed;font-weight:700;font-style:normal\" class=\"vc_custom_heading\" >MANUAL DE USO SEGURO DE ARMAS<\/h4>\n\t<div class=\"wpb_text_column wpb_content_element\" >\n\t\t<div class=\"wpb_wrapper\">\n\t\t\t<p><span style=\"font-size: 14px; color: #444444;\">La responsabilidad de evitar accidentes recae en la persona que utiliza el arma. No se deber\u00eda bromear nunca con una pistola, sin importar el prop\u00f3sito. <\/span><\/p>\n\n\t\t<\/div>\n\t<\/div>\n\n\t<div class=\"wpb_text_column wpb_content_element\" >\n\t\t<div class=\"wpb_wrapper\">\n\t\t\t<p><span style=\"font-size: 14px; color: #444444;\">Respete las normas de seguridad y convi\u00e9rtalas en un h\u00e1bito. <\/span><\/p>\n\n\t\t<\/div>\n\t<\/div>\n\n\t<div class=\"wpb_text_column wpb_content_element\" >\n\t\t<div class=\"wpb_wrapper\">\n\t\t\t<p><span style=\"font-size: 14px; color: #444444;\">Siempre considere su pistola como cargada. Cuando no la utilice, mantenga la pistola vac\u00eda. <\/span><\/p>\n\n\t\t<\/div>\n\t<\/div>\n\n\t<div class=\"wpb_text_column wpb_content_element\" >\n\t\t<div class=\"wpb_wrapper\">\n\t\t\t<p><span style=\"font-size: 14px; color: #444444;\">Aseg\u00farese de utilizar el cartucho y el tipo de bala adecuados. Mantenga la pistola y los cartuchos lejos de la humedad. <\/span><\/p>\n\n\t\t<\/div>\n\t<\/div>\n\n\t<div class=\"wpb_text_column wpb_content_element\" >\n\t\t<div class=\"wpb_wrapper\">\n\t\t\t<p><span style=\"font-size: 14px; color: #444444;\">A menos que exista un peligro inminente, no guarde cartuchos en la rec\u00e1mara del ca\u00f1\u00f3n. <\/span><\/p>\n\n\t\t<\/div>\n\t<\/div>\n\n\t<div class=\"wpb_text_column wpb_content_element\" >\n\t\t<div class=\"wpb_wrapper\">\n\t\t\t<p><span style=\"font-size: 14px; color: #444444;\">Si su pistola debe llevarse en posici\u00f3n \"lista para disparar\", cierre el pestillo de seguridad. El seguro debe estar en la posici\u00f3n \"SEGURA\" para que la pistola resulte segura. <\/span><\/p>\n\n\t\t<\/div>\n\t<\/div>\n\n\t<div class=\"wpb_text_column wpb_content_element\" >\n\t\t<div class=\"wpb_wrapper\">\n\t\t\t<p><span style=\"font-size: 14px; color: #444444;\">En ning\u00fan caso apunte con la pistola a un blanco vivo o a objetos a los que no tenga intenci\u00f3n de disparar. <\/span><\/p>\n\n\t\t<\/div>\n\t<\/div>\n\n\t<div class=\"wpb_text_column wpb_content_element\" >\n\t\t<div class=\"wpb_wrapper\">\n\t\t\t<p><span style=\"font-size: 14px; color: #444444;\">Toque el gatillo s\u00f3lo para disparar. De lo contrario, no mantenga el dedo en el gatillo.<\/span><\/p>\n\n\t\t<\/div>\n\t<\/div>\n\n\t<div class=\"wpb_text_column wpb_content_element\" >\n\t\t<div class=\"wpb_wrapper\">\n\t\t\t<p><span style=\"font-size: 14px; color: #444444;\">Al cargar y descargar la pistola, apunte el ca\u00f1\u00f3n en una direcci\u00f3n segura.<\/span><\/p>\n\n\t\t<\/div>\n\t<\/div>\n\n\t<div class=\"wpb_text_column wpb_content_element\" >\n\t\t<div class=\"wpb_wrapper\">\n\t\t\t<p><span style=\"font-size: 14px; color: #444444;\">No dispare contra superficies duras o agua para evitar rebotes peligrosos.<\/span><\/p>\n\n\t\t<\/div>\n\t<\/div>\n\n\t<div class=\"wpb_text_column wpb_content_element\" >\n\t\t<div class=\"wpb_wrapper\">\n\t\t\t<p><span style=\"font-size: 14px; color: #444444;\">No consuma alcohol ni drogas narc\u00f3ticas mientras lleve una pistola.<\/span><\/p>\n\n\t\t<\/div>\n\t<\/div>\n\n\t<div class=\"wpb_text_column wpb_content_element\" >\n\t\t<div class=\"wpb_wrapper\">\n\t\t\t<p><span style=\"font-size: 14px; color: #444444;\">Aseg\u00farese de utilizar una pistola limpia y en buen estado. Realice un mantenimiento peri\u00f3dico. <\/span><\/p>\n\n\t\t<\/div>\n\t<\/div>\n\n\t<div class=\"wpb_text_column wpb_content_element\" >\n\t\t<div class=\"wpb_wrapper\">\n\t\t\t<p><span style=\"font-size: 14px; color: #444444;\">Mantenga la pistola fuera del alcance de personas no instruidas y de los ni\u00f1os.<\/span><\/p>\n\n\t\t<\/div>\n\t<\/div>\n<div class=\"vc_empty_space\"   style=\"height: 40px\"><span class=\"vc_empty_space_inner\"><\/span><\/div><\/div><\/div><\/div><div class=\"nm_column wpb_column vc_column_container col-sm-2\"><div class=\"vc_column-inner\"><div class=\"wpb_wrapper\"><\/div><\/div><\/div><\/div><div style=\"max-width:1300px;\" class=\"nm-row nm-row-boxed nm-row-max-width vc_row wpb_row nm-row-flex nm-row-col-middle  vc_custom_1630483776074\"><div class=\"nm_column wpb_column vc_column_container col-sm-12 vc_custom_1439335914871\"><div class=\"vc_column-inner\"><div class=\"wpb_wrapper\"><div class=\"vc_empty_space  slider-alti-bosluk\"   style=\"height: 50px\"><span class=\"vc_empty_space_inner\"><\/span><\/div><\/div><\/div><\/div><\/div><div style=\"max-width:1920px; min-height:600px; background-image:url(https:\/\/www.zirasilah.com.tr\/wp-content\/uploads\/2022\/10\/zrabnnr.png) !important;\" class=\"nm-row nm-row-boxed nm-row-max-width vc_row wpb_row nm-row-flex nm-row-col-middle nm-row-parallax nm-row-parallax-static  anasayfa-parallax-gun\"><div class=\"nm_column wpb_column vc_column_container col-sm-12 vc_custom_1635124555644\"><div class=\"vc_column-inner\"><div class=\"wpb_wrapper\"><h2 style=\"color: #ffffff;text-align: center;font-family:Abril Fatface;font-weight:400;font-style:normal\" class=\"vc_custom_heading\" >\u00daNASE A NUESTRA COMUNIDAD<\/h2>\n\t<div class=\"wpb_text_column wpb_content_element\" >\n\t\t<div class=\"wpb_wrapper\">\n\t\t\t<p style=\"color: white; text-align: center;\">Reciba informaci\u00f3n actualizada sobre productos, noticias y eventos<\/p>\n\n\t\t<\/div>\n\t<\/div>\n<div role=\"form\" class=\"wpcf7\" id=\"wpcf7-f5-o1\" lang=\"en-US\" dir=\"ltr\">\n<div class=\"screen-reader-response\"><p role=\"status\" aria-live=\"polite\" aria-atomic=\"true\"><\/p> <ul><\/ul><\/div>\n<form action=\"\/es\/wp-json\/wp\/v2\/pages\/4421#wpcf7-f5-o1\" method=\"post\" class=\"wpcf7-form init\" novalidate=\"novalidate\" data-status=\"init\" data-trp-original-action=\"\/es\/wp-json\/wp\/v2\/pages\/4421#wpcf7-f5-o1\">\n<div style=\"display: none;\">\n<input type=\"hidden\" name=\"_wpcf7\" value=\"5\" \/>\n<input type=\"hidden\" name=\"_wpcf7_version\" value=\"5.5.2\" \/>\n<input type=\"hidden\" name=\"_wpcf7_locale\" value=\"en_US\" \/>\n<input type=\"hidden\" name=\"_wpcf7_unit_tag\" value=\"wpcf7-f5-o1\" \/>\n<input type=\"hidden\" name=\"_wpcf7_container_post\" value=\"0\" \/>\n<input type=\"hidden\" name=\"_wpcf7_posted_data_hash\" value=\"\" \/>\n<\/div>\n<p class=\"half\"><label style=\"margin-left:-60px !important;\" >Correo Electr\u00f3nico<\/label> <span class=\"wpcf7-form-control-wrap your-email\"><input type=\"email\" name=\"your-email\" value=\"\" size=\"40\" class=\"wpcf7-form-control wpcf7-text wpcf7-email wpcf7-validates-as-required wpcf7-validates-as-email\" aria-required=\"true\" aria-invalid=\"false\" placeholder=\"Correo Electr\u00f3nico\" \/><\/span><\/p>\n<p class=\"helfa\" style=\"color:white; font-size:12px !important;\"><span class=\"wpcf7-form-control-wrap checkbox-711\"><span class=\"wpcf7-form-control wpcf7-checkbox wpcf7-validates-as-required\"><span class=\"wpcf7-list-item first last\"><label><input type=\"checkbox\" name=\"checkbox-711[]\" value=\"\u015eartlar &amp; Ko\u015fullar ve Gizlilik Politikas\u0131n\u0131 kabul ediyorum.\" \/><span class=\"wpcf7-list-item-label\">Acepto las Condiciones y T\u00e9rminos y la Pol\u00edtica de Privacidad.<\/span><\/label><\/span><\/span><\/span><\/p>\n<p class=\"half\"><input type=\"submit\" value=\"SUSCRIBASE\" class=\"wpcf7-form-control has-spinner wpcf7-submit\" \/><\/p>\n<div class=\"wpcf7-response-output\" aria-hidden=\"true\"><\/div><input type=\"hidden\" name=\"trp-form-language\" value=\"es\"\/><\/form><\/div><\/div><\/div><\/div><\/div>","protected":false},"excerpt":{"rendered":"Anasayfa \/Blog G\u00dcVENL\u0130KG\u00dcVENL\u0130 S\u0130LAH KULLANIM KILAVUZU Silah\u0131 kullanan ki\u015fi, olabilecek kazalar\u0131 \u00f6nlemekle y\u00fck\u00fcml\u00fcd\u00fcr. Amac\u0131 ne olursa olsun kesinlikle tabancayla \u015faka yap\u0131lmamal\u0131d\u0131r. Emniyet kurallar\u0131na riayet edin ve bunu al\u0131\u015fkanl\u0131k haline getirin. Tabancan\u0131z\u0131, her zaman dolu kabul edin. Kullanmad\u0131\u011f\u0131n\u0131z tabancan\u0131z\u0131 bo\u015f muhafaza edin. Uygun fi\u015fek ve mermi tipi kulland\u0131\u011f\u0131n\u0131zdan emin olun. Tabancay\u0131 ve fi\u015fekleri nem, rutubet vb. [...]","protected":false},"author":1,"featured_media":0,"parent":4594,"menu_order":0,"comment_status":"closed","ping_status":"closed","template":"templates\/page-full.php","meta":[],"yoast_head":"<!-- This site is optimized with the Yoast SEO plugin v19.8 - https:\/\/yoast.com\/wordpress\/plugins\/seo\/ -->\n<title>G\u00fcvenlik &raquo; Zira Silah<\/title>\n<meta name=\"description\" content=\"Silah\u0131 kullanan ki\u015fi, olabilecek kazalar\u0131 \u00f6nlemekle y\u00fck\u00fcml\u00fcd\u00fcr. Amac\u0131 ne olursa olsun kesinlikle tabancayla \u015faka yap\u0131lmamal\u0131d\u0131r.\" \/>\n<meta name=\"robots\" content=\"index, follow, max-snippet:-1, max-image-preview:large, max-video-preview:-1\" \/>\n<link rel=\"canonical\" href=\"https:\/\/www.zirasilah.com.tr\/es\/relacion-con-el-cliente\/seguridad\/\" \/>\n<meta property=\"og:locale\" content=\"es_ES\" \/>\n<meta property=\"og:type\" content=\"article\" \/>\n<meta property=\"og:title\" content=\"G\u00fcvenlik &raquo; Zira Silah\" \/>\n<meta property=\"og:description\" content=\"Silah\u0131 kullanan ki\u015fi, olabilecek kazalar\u0131 \u00f6nlemekle y\u00fck\u00fcml\u00fcd\u00fcr. Amac\u0131 ne olursa olsun kesinlikle tabancayla \u015faka yap\u0131lmamal\u0131d\u0131r.\" \/>\n<meta property=\"og:url\" content=\"https:\/\/www.zirasilah.com.tr\/es\/relacion-con-el-cliente\/seguridad\/\" \/>\n<meta property=\"og:site_name\" content=\"Zira Silah\" \/>\n<meta property=\"article:modified_time\" content=\"2022-10-19T13:30:09+00:00\" \/>\n<meta name=\"twitter:card\" content=\"summary_large_image\" \/>\n<meta name=\"twitter:label1\" content=\"Est. reading time\" \/>\n\t<meta name=\"twitter:data1\" content=\"2 minutos\" \/>\n<script type=\"application\/ld+json\" class=\"yoast-schema-graph\">{\"@context\":\"https:\/\/schema.org\",\"@graph\":[{\"@type\":\"WebPage\",\"@id\":\"https:\/\/www.zirasilah.com.tr\/musteri-iliskileri\/guvenlik\/\",\"url\":\"https:\/\/www.zirasilah.com.tr\/musteri-iliskileri\/guvenlik\/\",\"name\":\"G\u00fcvenlik &raquo; Zira Silah\",\"isPartOf\":{\"@id\":\"https:\/\/www.zirasilah.com.tr\/#website\"},\"datePublished\":\"2021-12-03T15:46:35+00:00\",\"dateModified\":\"2022-10-19T13:30:09+00:00\",\"description\":\"Silah\u0131 kullanan ki\u015fi, olabilecek kazalar\u0131 \u00f6nlemekle y\u00fck\u00fcml\u00fcd\u00fcr. Amac\u0131 ne olursa olsun kesinlikle tabancayla \u015faka yap\u0131lmamal\u0131d\u0131r.\",\"breadcrumb\":{\"@id\":\"https:\/\/www.zirasilah.com.tr\/musteri-iliskileri\/guvenlik\/#breadcrumb\"},\"inLanguage\":\"es\",\"potentialAction\":[{\"@type\":\"ReadAction\",\"target\":[\"https:\/\/www.zirasilah.com.tr\/musteri-iliskileri\/guvenlik\/\"]}]},{\"@type\":\"BreadcrumbList\",\"@id\":\"https:\/\/www.zirasilah.com.tr\/musteri-iliskileri\/guvenlik\/#breadcrumb\",\"itemListElement\":[{\"@type\":\"ListItem\",\"position\":1,\"name\":\"Anasayfa\",\"item\":\"https:\/\/www.zirasilah.com.tr\/\"},{\"@type\":\"ListItem\",\"position\":2,\"name\":\"M\u00fc\u015fteri \u0130li\u015fkileri\",\"item\":\"https:\/\/www.zirasilah.com.tr\/musteri-iliskileri\/\"},{\"@type\":\"ListItem\",\"position\":3,\"name\":\"G\u00fcvenlik\"}]},{\"@type\":\"WebSite\",\"@id\":\"https:\/\/www.zirasilah.com.tr\/#website\",\"url\":\"https:\/\/www.zirasilah.com.tr\/\",\"name\":\"Zira Silah\",\"description\":\"Blow\",\"potentialAction\":[{\"@type\":\"SearchAction\",\"target\":{\"@type\":\"EntryPoint\",\"urlTemplate\":\"https:\/\/www.zirasilah.com.tr\/?s={search_term_string}\"},\"query-input\":\"required name=search_term_string\"}],\"inLanguage\":\"es\"}]}<\/script>\n<!-- \/ Yoast SEO plugin. -->","yoast_head_json":{"title":"G\u00fcvenlik &raquo; Zira Silah","description":"Silah\u0131 kullanan ki\u015fi, olabilecek kazalar\u0131 \u00f6nlemekle y\u00fck\u00fcml\u00fcd\u00fcr. Amac\u0131 ne olursa olsun kesinlikle tabancayla \u015faka yap\u0131lmamal\u0131d\u0131r.","robots":{"index":"index","follow":"follow","max-snippet":"max-snippet:-1","max-image-preview":"max-image-preview:large","max-video-preview":"max-video-preview:-1"},"canonical":"https:\/\/www.zirasilah.com.tr\/es\/relacion-con-el-cliente\/seguridad\/","og_locale":"es_ES","og_type":"article","og_title":"G\u00fcvenlik &raquo; Zira Silah","og_description":"Silah\u0131 kullanan ki\u015fi, olabilecek kazalar\u0131 \u00f6nlemekle y\u00fck\u00fcml\u00fcd\u00fcr. Amac\u0131 ne olursa olsun kesinlikle tabancayla \u015faka yap\u0131lmamal\u0131d\u0131r.","og_url":"https:\/\/www.zirasilah.com.tr\/es\/relacion-con-el-cliente\/seguridad\/","og_site_name":"Zira Silah","article_modified_time":"2022-10-19T13:30:09+00:00","twitter_card":"summary_large_image","twitter_misc":{"Est. reading time":"2 minutos"},"schema":{"@context":"https:\/\/schema.org","@graph":[{"@type":"WebPage","@id":"https:\/\/www.zirasilah.com.tr\/musteri-iliskileri\/guvenlik\/","url":"https:\/\/www.zirasilah.com.tr\/musteri-iliskileri\/guvenlik\/","name":"G\u00fcvenlik &raquo; Zira Silah","isPartOf":{"@id":"https:\/\/www.zirasilah.com.tr\/#website"},"datePublished":"2021-12-03T15:46:35+00:00","dateModified":"2022-10-19T13:30:09+00:00","description":"Silah\u0131 kullanan ki\u015fi, olabilecek kazalar\u0131 \u00f6nlemekle y\u00fck\u00fcml\u00fcd\u00fcr. Amac\u0131 ne olursa olsun kesinlikle tabancayla \u015faka yap\u0131lmamal\u0131d\u0131r.","breadcrumb":{"@id":"https:\/\/www.zirasilah.com.tr\/musteri-iliskileri\/guvenlik\/#breadcrumb"},"inLanguage":"es","potentialAction":[{"@type":"ReadAction","target":["https:\/\/www.zirasilah.com.tr\/musteri-iliskileri\/guvenlik\/"]}]},{"@type":"BreadcrumbList","@id":"https:\/\/www.zirasilah.com.tr\/musteri-iliskileri\/guvenlik\/#breadcrumb","itemListElement":[{"@type":"ListItem","position":1,"name":"Anasayfa","item":"https:\/\/www.zirasilah.com.tr\/"},{"@type":"ListItem","position":2,"name":"M\u00fc\u015fteri \u0130li\u015fkileri","item":"https:\/\/www.zirasilah.com.tr\/musteri-iliskileri\/"},{"@type":"ListItem","position":3,"name":"G\u00fcvenlik"}]},{"@type":"WebSite","@id":"https:\/\/www.zirasilah.com.tr\/#website","url":"https:\/\/www.zirasilah.com.tr\/","name":"Zira Silah","description":"Blow","potentialAction":[{"@type":"SearchAction","target":{"@type":"EntryPoint","urlTemplate":"https:\/\/www.zirasilah.com.tr\/?s={search_term_string}"},"query-input":"required name=search_term_string"}],"inLanguage":"es"}]}},"_links":{"self":[{"href":"https:\/\/www.zirasilah.com.tr\/es\/wp-json\/wp\/v2\/pages\/4421"}],"collection":[{"href":"https:\/\/www.zirasilah.com.tr\/es\/wp-json\/wp\/v2\/pages"}],"about":[{"href":"https:\/\/www.zirasilah.com.tr\/es\/wp-json\/wp\/v2\/types\/page"}],"author":[{"embeddable":true,"href":"https:\/\/www.zirasilah.com.tr\/es\/wp-json\/wp\/v2\/users\/1"}],"replies":[{"embeddable":true,"href":"https:\/\/www.zirasilah.com.tr\/es\/wp-json\/wp\/v2\/comments?post=4421"}],"version-history":[{"count":10,"href":"https:\/\/www.zirasilah.com.tr\/es\/wp-json\/wp\/v2\/pages\/4421\/revisions"}],"predecessor-version":[{"id":8801,"href":"https:\/\/www.zirasilah.com.tr\/es\/wp-json\/wp\/v2\/pages\/4421\/revisions\/8801"}],"up":[{"embeddable":true,"href":"https:\/\/www.zirasilah.com.tr\/es\/wp-json\/wp\/v2\/pages\/4594"}],"wp:attachment":[{"href":"https:\/\/www.zirasilah.com.tr\/es\/wp-json\/wp\/v2\/media?parent=4421"}],"curies":[{"name":"wp","href":"https:\/\/api.w.org\/{rel}","templated":true}]}}