{"id":4409,"date":"2021-12-03T15:36:21","date_gmt":"2021-12-03T15:36:21","guid":{"rendered":"https:\/\/www.zirasilah.com.tr\/?page_id=4409"},"modified":"2022-10-19T13:30:55","modified_gmt":"2022-10-19T13:30:55","slug":"bakim-temizlik","status":"publish","type":"page","link":"https:\/\/www.zirasilah.com.tr\/en\/customer-relationship\/maintenance-cleaning\/","title":{"rendered":"Maintenance &amp; Cleaning"},"content":{"rendered":"<div style=\"max-width:1300px;\" class=\"nm-row nm-row-boxed nm-row-max-width vc_row wpb_row nm-row-flex nm-row-col-middle  vc_custom_1630483776074\"><div class=\"nm_column wpb_column vc_column_container col-sm-12 vc_custom_1439335914871\"><div class=\"vc_column-inner\"><div class=\"wpb_wrapper\"><div class=\"vc_empty_space\"   style=\"height: 50px\"><span class=\"vc_empty_space_inner\"><\/span><\/div><div class=\"vc_empty_space\"   style=\"height: 20px\"><span class=\"vc_empty_space_inner\"><\/span><\/div><\/div><\/div><\/div><\/div><div class=\"nm-row nm-row-full vc_row wpb_row  vc_custom_1639573426437\"><div class=\"nm_column wpb_column vc_column_container col-sm-12 hidden-md hidden-sm hidden-xs\"><div class=\"vc_column-inner\"><div class=\"wpb_wrapper\">\n\t<div class=\"wpb_text_column wpb_content_element\" >\n\t\t<div class=\"wpb_wrapper\">\n\t\t\t\t\t\t<!-- Flexy Breadcrumb -->\r\n\t\t\t<div class=\"fbc fbc-page\">\r\n\r\n\t\t\t\t<!-- Breadcrumb wrapper -->\r\n\t\t\t\t<div class=\"fbc-wrap\">\r\n\r\n\t\t\t\t\t<!-- Ordered list-->\r\n\t\t\t\t\t<ol class=\"fbc-items\" itemscope itemtype=\"https:\/\/schema.org\/BreadcrumbList\">\r\n\t\t\t\t\t\t            <li itemprop=\"itemListElement\" itemscope itemtype=\"https:\/\/schema.org\/ListItem\">\r\n                <span itemprop=\"name\">\r\n                    <!-- Home Link -->\r\n                    <a itemprop=\"item\" href=\"https:\/\/www.zirasilah.com.tr\/en\">\r\n                    \r\n                        Home page                    <\/a>\r\n                <\/span>\r\n                <meta itemprop=\"position\" content=\"1\" \/><!-- Meta Position-->\r\n             <\/li><li><span class=\"fbc-separator\">\/<\/span><\/li><li class=\"active\" itemprop=\"itemListElement\" itemscope itemtype=\"https:\/\/schema.org\/ListItem\"><span itemprop=\"name\" title=\"Blog\">Blog<\/span><meta itemprop=\"position\" content=\"2\" \/><\/li>\t\t\t\t\t<\/ol>\r\n\t\t\t\t\t<div class=\"clearfix\"><\/div>\r\n\t\t\t\t<\/div>\r\n\t\t\t<\/div>\r\n\t\t\t\n\n\t\t<\/div>\n\t<\/div>\n<\/div><\/div><\/div><\/div><div style=\"max-width:1300px;\" class=\"nm-row nm-row-boxed nm-row-max-width vc_row wpb_row nm-row-flex nm-row-col-middle  vc_custom_1638013014177\"><div class=\"nm_column wpb_column vc_column_container col-sm-10 vc_custom_1439335914871\"><div class=\"vc_column-inner\"><div class=\"wpb_wrapper\"><div class=\"vc_empty_space\"   style=\"height: 40px\"><span class=\"vc_empty_space_inner\"><\/span><\/div><h2 style=\"font-size: 48px;color: #000000;text-align: left;font-family:Open Sans Condensed;font-weight:700;font-style:normal\" class=\"vc_custom_heading\" >MAINTENANCE &amp; CLEANING<\/h2><div class=\"vc_empty_space\"   style=\"height: 40px\"><span class=\"vc_empty_space_inner\"><\/span><\/div><h3 style=\"font-size: 28px;color: #444444;line-height: 31px;text-align: left;font-family:Open Sans Condensed;font-weight:700;font-style:normal\" class=\"vc_custom_heading\" >PISTOL CLEANING AND MAINTENANCE MANUAL<\/h3><div class=\"vc_empty_space\"   style=\"height: 40px\"><span class=\"vc_empty_space_inner\"><\/span><\/div>\n\t<div class=\"wpb_text_column wpb_content_element\" >\n\t\t<div class=\"wpb_wrapper\">\n\t\t\t<p><span style=\"font-size: 14px; color: #444444;\"> 1. Shot Maintenance <\/span><\/p>\n<p><span style=\"font-size: 14px; color: #444444;\"> a) Before firing, the barrel is cleaned and dried with a clean cloth. The cap is cleaned and lightly oiled. The return spring and bar are lightly lubricated. <\/span><\/p>\n<p><span style=\"font-size: 14px; color: #444444;\"> b) After firing, the barrel is cleaned and lubricated. The cap is cleaned and lubricated. The execution spring and shaft are cleaned and lubricated. <\/span><\/p>\n<p><span style=\"font-size: 14px; color: #444444;\"> 2. The procedures performed in post-shot maintenance of monthly maintenance are applied. <\/span><\/p>\n<p><span style=\"font-size: 14px; color: #444444;\"> 3. In 6-month maintenance, the procedures performed in post-shot maintenance are applied. <\/span><\/p>\n\n\t\t<\/div>\n\t<\/div>\n<div class=\"vc_empty_space\"   style=\"height: 40px\"><span class=\"vc_empty_space_inner\"><\/span><\/div><h3 style=\"font-size: 28px;color: #444444;line-height: 31px;text-align: left;font-family:Open Sans Condensed;font-weight:700;font-style:normal\" class=\"vc_custom_heading\" >PERFORMING MAINTENANCE AND CLEANING<\/h3><div class=\"vc_empty_space\"   style=\"height: 40px\"><span class=\"vc_empty_space_inner\"><\/span><\/div>\n\t<div class=\"wpb_text_column wpb_content_element\" >\n\t\t<div class=\"wpb_wrapper\">\n\t\t\t<p><span style=\"font-size: 14px; color: #444444;\">a) Cleaning and lubricating the barrel: Pour pistol oil into the small brush supplied with the pistol, move the brush back and forth inside the barrel several times. Wipe the inside of the barrel dry with the cloth supplied with the pistol and a clean cloth. Repeat this process until the cloth comes out of the barrel clean. Clean the slides with a cloth lubricated with cleaning oil; if necessary, use the brush supplied with the pistol. After lightly oiling the inside and outside of the barrel, run a clean cotton cloth dipped in pistol oil over the barrel from one end to the other and lightly oil the slides.<\/span><\/p>\n<p><span style=\"font-size: 14px; color: #444444;\"> b) Cleaning and lubricating the cap: Use a cloth dampened with pistol oil to clean the inside of the cap, the guides and the bead seat, paying particular attention to the inside of the cap. If necessary, use the cleaning brush supplied with the pistol. Lightly lubricate the cap with pistol oil. <\/span><\/p>\n<p><span style=\"font-size: 14px; color: #444444;\"> c) Lubrication of the return spring and bar: Lightly lubricate the spring and spring shaft with pistol oil. If the pistol has not been used for a long period of time, it must first be cleaned with pistol oil and then cleaned with the soft brush supplied with the pistol. <\/span><\/p>\n\n\t\t<\/div>\n\t<\/div>\n<\/div><\/div><\/div><div class=\"nm_column wpb_column vc_column_container col-sm-2\"><div class=\"vc_column-inner\"><div class=\"wpb_wrapper\"><\/div><\/div><\/div><\/div><div style=\"max-width:1300px;\" class=\"nm-row nm-row-boxed nm-row-max-width vc_row wpb_row nm-row-flex nm-row-col-middle  vc_custom_1630483776074\"><div class=\"nm_column wpb_column vc_column_container col-sm-12 vc_custom_1439335914871\"><div class=\"vc_column-inner\"><div class=\"wpb_wrapper\"><div class=\"vc_empty_space  slider-alti-bosluk\"   style=\"height: 50px\"><span class=\"vc_empty_space_inner\"><\/span><\/div><\/div><\/div><\/div><\/div><div style=\"max-width:1920px; min-height:600px; background-image:url(https:\/\/www.zirasilah.com.tr\/wp-content\/uploads\/2022\/10\/zrabnnr.png) !important;\" class=\"nm-row nm-row-boxed nm-row-max-width vc_row wpb_row nm-row-flex nm-row-col-middle nm-row-parallax nm-row-parallax-static  anasayfa-parallax-gun\"><div class=\"nm_column wpb_column vc_column_container col-sm-12 vc_custom_1635124555644\"><div class=\"vc_column-inner\"><div class=\"wpb_wrapper\"><h2 style=\"color: #ffffff;text-align: center;font-family:Abril Fatface;font-weight:400;font-style:normal\" class=\"vc_custom_heading\" >JOIN OUR COMMUNITY<\/h2>\n\t<div class=\"wpb_text_column wpb_content_element\" >\n\t\t<div class=\"wpb_wrapper\">\n\t\t\t<p style=\"color: white; text-align: center;\">Get new and latest updates on products, news and events<\/p>\n\n\t\t<\/div>\n\t<\/div>\n<div role=\"form\" class=\"wpcf7\" id=\"wpcf7-f5-o1\" lang=\"en-US\" dir=\"ltr\">\n<div class=\"screen-reader-response\"><p role=\"status\" aria-live=\"polite\" aria-atomic=\"true\"><\/p> <ul><\/ul><\/div>\n<form action=\"\/en\/wp-json\/wp\/v2\/pages\/4409#wpcf7-f5-o1\" method=\"post\" class=\"wpcf7-form init\" novalidate=\"novalidate\" data-status=\"init\" data-trp-original-action=\"\/en\/wp-json\/wp\/v2\/pages\/4409#wpcf7-f5-o1\">\n<div style=\"display: none;\">\n<input type=\"hidden\" name=\"_wpcf7\" value=\"5\" \/>\n<input type=\"hidden\" name=\"_wpcf7_version\" value=\"5.5.2\" \/>\n<input type=\"hidden\" name=\"_wpcf7_locale\" value=\"en_US\" \/>\n<input type=\"hidden\" name=\"_wpcf7_unit_tag\" value=\"wpcf7-f5-o1\" \/>\n<input type=\"hidden\" name=\"_wpcf7_container_post\" value=\"0\" \/>\n<input type=\"hidden\" name=\"_wpcf7_posted_data_hash\" value=\"\" \/>\n<\/div>\n<p class=\"half\"><label style=\"margin-left:-60px !important;\" >E-mail Address<\/label> <span class=\"wpcf7-form-control-wrap your-email\"><input type=\"email\" name=\"your-email\" value=\"\" size=\"40\" class=\"wpcf7-form-control wpcf7-text wpcf7-email wpcf7-validates-as-required wpcf7-validates-as-email\" aria-required=\"true\" aria-invalid=\"false\" placeholder=\"E-mail Address\" \/><\/span><\/p>\n<p class=\"helfa\" style=\"color:white; font-size:12px !important;\"><span class=\"wpcf7-form-control-wrap checkbox-711\"><span class=\"wpcf7-form-control wpcf7-checkbox wpcf7-validates-as-required\"><span class=\"wpcf7-list-item first last\"><label><input type=\"checkbox\" name=\"checkbox-711[]\" value=\"\u015eartlar &amp; Ko\u015fullar ve Gizlilik Politikas\u0131n\u0131 kabul ediyorum.\" \/><span class=\"wpcf7-list-item-label\">I agree to the Terms &amp; Conditions and Privacy Policy.<\/span><\/label><\/span><\/span><\/span><\/p>\n<p class=\"half\"><input type=\"submit\" value=\"SUBSCRIBE\" class=\"wpcf7-form-control has-spinner wpcf7-submit\" \/><\/p>\n<div class=\"wpcf7-response-output\" aria-hidden=\"true\"><\/div><input type=\"hidden\" name=\"trp-form-language\" value=\"en\"\/><\/form><\/div><\/div><\/div><\/div><\/div>","protected":false},"excerpt":{"rendered":"Anasayfa \/Blog BAKIM &amp; TEM\u0130ZL\u0130KS\u0130LAH TEM\u0130ZL\u0130K VE BAKIM KILAVUZU 1. At\u0131\u015f Bak\u0131m\u0131 a) At\u0131\u015f \u00f6ncesi bak\u0131m namlu temizli\u011fi yap\u0131l\u0131r ve namlu temiz bez ile kurulan\u0131r. Kapak temizli\u011fi yap\u0131l\u0131r ve hafif\u00e7e ya\u011flan\u0131r. \u0130cra yay\u0131 ve mili hafif ya\u011flan\u0131r. b) At\u0131\u015f sonras\u0131 bak\u0131m namlu temizli\u011fi yap\u0131l\u0131r ve namlu ya\u011flan\u0131r. Kapak temizli\u011fi yap\u0131l\u0131r ve ya\u011flan\u0131r. \u0130cra yay\u0131 ve [...]","protected":false},"author":1,"featured_media":0,"parent":4594,"menu_order":0,"comment_status":"closed","ping_status":"closed","template":"templates\/page-full.php","meta":[],"yoast_head":"<!-- This site is optimized with the Yoast SEO plugin v19.8 - https:\/\/yoast.com\/wordpress\/plugins\/seo\/ -->\n<title>Bak\u0131m &amp; Temizlik &raquo; Zira Silah<\/title>\n<meta name=\"description\" content=\"Kurus\u0131k\u0131 silah temizli\u011fi ile ilgili detaylara buradan ula\u015fabilirsiniz.\" \/>\n<meta name=\"robots\" content=\"index, follow, max-snippet:-1, max-image-preview:large, max-video-preview:-1\" \/>\n<link rel=\"canonical\" href=\"https:\/\/www.zirasilah.com.tr\/en\/customer-relationship\/maintenance-cleaning\/\" \/>\n<meta property=\"og:locale\" content=\"en_US\" \/>\n<meta property=\"og:type\" content=\"article\" \/>\n<meta property=\"og:title\" content=\"Bak\u0131m &amp; Temizlik &raquo; Zira Silah\" \/>\n<meta property=\"og:description\" content=\"Kurus\u0131k\u0131 silah temizli\u011fi ile ilgili detaylara buradan ula\u015fabilirsiniz.\" \/>\n<meta property=\"og:url\" content=\"https:\/\/www.zirasilah.com.tr\/en\/customer-relationship\/maintenance-cleaning\/\" \/>\n<meta property=\"og:site_name\" content=\"Zira Silah\" \/>\n<meta property=\"article:modified_time\" content=\"2022-10-19T13:30:55+00:00\" \/>\n<meta name=\"twitter:card\" content=\"summary_large_image\" \/>\n<meta name=\"twitter:label1\" content=\"Est. reading time\" \/>\n\t<meta name=\"twitter:data1\" content=\"3 minutes\" \/>\n<script type=\"application\/ld+json\" class=\"yoast-schema-graph\">{\"@context\":\"https:\/\/schema.org\",\"@graph\":[{\"@type\":\"WebPage\",\"@id\":\"https:\/\/www.zirasilah.com.tr\/musteri-iliskileri\/bakim-temizlik\/\",\"url\":\"https:\/\/www.zirasilah.com.tr\/musteri-iliskileri\/bakim-temizlik\/\",\"name\":\"Bak\u0131m & Temizlik &raquo; Zira Silah\",\"isPartOf\":{\"@id\":\"https:\/\/www.zirasilah.com.tr\/#website\"},\"datePublished\":\"2021-12-03T15:36:21+00:00\",\"dateModified\":\"2022-10-19T13:30:55+00:00\",\"description\":\"Kurus\u0131k\u0131 silah temizli\u011fi ile ilgili detaylara buradan ula\u015fabilirsiniz.\",\"breadcrumb\":{\"@id\":\"https:\/\/www.zirasilah.com.tr\/musteri-iliskileri\/bakim-temizlik\/#breadcrumb\"},\"inLanguage\":\"en-US\",\"potentialAction\":[{\"@type\":\"ReadAction\",\"target\":[\"https:\/\/www.zirasilah.com.tr\/musteri-iliskileri\/bakim-temizlik\/\"]}]},{\"@type\":\"BreadcrumbList\",\"@id\":\"https:\/\/www.zirasilah.com.tr\/musteri-iliskileri\/bakim-temizlik\/#breadcrumb\",\"itemListElement\":[{\"@type\":\"ListItem\",\"position\":1,\"name\":\"Anasayfa\",\"item\":\"https:\/\/www.zirasilah.com.tr\/\"},{\"@type\":\"ListItem\",\"position\":2,\"name\":\"M\u00fc\u015fteri \u0130li\u015fkileri\",\"item\":\"https:\/\/www.zirasilah.com.tr\/musteri-iliskileri\/\"},{\"@type\":\"ListItem\",\"position\":3,\"name\":\"Bak\u0131m &#038; Temizlik\"}]},{\"@type\":\"WebSite\",\"@id\":\"https:\/\/www.zirasilah.com.tr\/#website\",\"url\":\"https:\/\/www.zirasilah.com.tr\/\",\"name\":\"Zira Silah\",\"description\":\"Blow\",\"potentialAction\":[{\"@type\":\"SearchAction\",\"target\":{\"@type\":\"EntryPoint\",\"urlTemplate\":\"https:\/\/www.zirasilah.com.tr\/?s={search_term_string}\"},\"query-input\":\"required name=search_term_string\"}],\"inLanguage\":\"en-US\"}]}<\/script>\n<!-- \/ Yoast SEO plugin. -->","yoast_head_json":{"title":"Bak\u0131m & Temizlik &raquo; Zira Silah","description":"Kurus\u0131k\u0131 silah temizli\u011fi ile ilgili detaylara buradan ula\u015fabilirsiniz.","robots":{"index":"index","follow":"follow","max-snippet":"max-snippet:-1","max-image-preview":"max-image-preview:large","max-video-preview":"max-video-preview:-1"},"canonical":"https:\/\/www.zirasilah.com.tr\/en\/customer-relationship\/maintenance-cleaning\/","og_locale":"en_US","og_type":"article","og_title":"Bak\u0131m & Temizlik &raquo; Zira Silah","og_description":"Kurus\u0131k\u0131 silah temizli\u011fi ile ilgili detaylara buradan ula\u015fabilirsiniz.","og_url":"https:\/\/www.zirasilah.com.tr\/en\/customer-relationship\/maintenance-cleaning\/","og_site_name":"Zira Silah","article_modified_time":"2022-10-19T13:30:55+00:00","twitter_card":"summary_large_image","twitter_misc":{"Est. reading time":"3 minutes"},"schema":{"@context":"https:\/\/schema.org","@graph":[{"@type":"WebPage","@id":"https:\/\/www.zirasilah.com.tr\/musteri-iliskileri\/bakim-temizlik\/","url":"https:\/\/www.zirasilah.com.tr\/musteri-iliskileri\/bakim-temizlik\/","name":"Bak\u0131m & Temizlik &raquo; Zira Silah","isPartOf":{"@id":"https:\/\/www.zirasilah.com.tr\/#website"},"datePublished":"2021-12-03T15:36:21+00:00","dateModified":"2022-10-19T13:30:55+00:00","description":"Kurus\u0131k\u0131 silah temizli\u011fi ile ilgili detaylara buradan ula\u015fabilirsiniz.","breadcrumb":{"@id":"https:\/\/www.zirasilah.com.tr\/musteri-iliskileri\/bakim-temizlik\/#breadcrumb"},"inLanguage":"en-US","potentialAction":[{"@type":"ReadAction","target":["https:\/\/www.zirasilah.com.tr\/musteri-iliskileri\/bakim-temizlik\/"]}]},{"@type":"BreadcrumbList","@id":"https:\/\/www.zirasilah.com.tr\/musteri-iliskileri\/bakim-temizlik\/#breadcrumb","itemListElement":[{"@type":"ListItem","position":1,"name":"Anasayfa","item":"https:\/\/www.zirasilah.com.tr\/"},{"@type":"ListItem","position":2,"name":"M\u00fc\u015fteri \u0130li\u015fkileri","item":"https:\/\/www.zirasilah.com.tr\/musteri-iliskileri\/"},{"@type":"ListItem","position":3,"name":"Bak\u0131m &#038; Temizlik"}]},{"@type":"WebSite","@id":"https:\/\/www.zirasilah.com.tr\/#website","url":"https:\/\/www.zirasilah.com.tr\/","name":"Zira Silah","description":"Blow","potentialAction":[{"@type":"SearchAction","target":{"@type":"EntryPoint","urlTemplate":"https:\/\/www.zirasilah.com.tr\/?s={search_term_string}"},"query-input":"required name=search_term_string"}],"inLanguage":"en-US"}]}},"_links":{"self":[{"href":"https:\/\/www.zirasilah.com.tr\/en\/wp-json\/wp\/v2\/pages\/4409"}],"collection":[{"href":"https:\/\/www.zirasilah.com.tr\/en\/wp-json\/wp\/v2\/pages"}],"about":[{"href":"https:\/\/www.zirasilah.com.tr\/en\/wp-json\/wp\/v2\/types\/page"}],"author":[{"embeddable":true,"href":"https:\/\/www.zirasilah.com.tr\/en\/wp-json\/wp\/v2\/users\/1"}],"replies":[{"embeddable":true,"href":"https:\/\/www.zirasilah.com.tr\/en\/wp-json\/wp\/v2\/comments?post=4409"}],"version-history":[{"count":8,"href":"https:\/\/www.zirasilah.com.tr\/en\/wp-json\/wp\/v2\/pages\/4409\/revisions"}],"predecessor-version":[{"id":8799,"href":"https:\/\/www.zirasilah.com.tr\/en\/wp-json\/wp\/v2\/pages\/4409\/revisions\/8799"}],"up":[{"embeddable":true,"href":"https:\/\/www.zirasilah.com.tr\/en\/wp-json\/wp\/v2\/pages\/4594"}],"wp:attachment":[{"href":"https:\/\/www.zirasilah.com.tr\/en\/wp-json\/wp\/v2\/media?parent=4409"}],"curies":[{"name":"wp","href":"https:\/\/api.w.org\/{rel}","templated":true}]}}