{"id":358,"date":"2015-08-12T12:27:19","date_gmt":"2015-08-12T12:27:19","guid":{"rendered":"http:\/\/savoy.nordicmade.com\/?page_id=358"},"modified":"2022-10-19T13:33:36","modified_gmt":"2022-10-19T13:33:36","slug":"hakkimizda","status":"publish","type":"page","link":"https:\/\/www.zirasilah.com.tr\/en\/about-us\/","title":{"rendered":"About Us"},"content":{"rendered":"<div style=\"max-width:1300px;\" class=\"nm-row nm-row-boxed nm-row-max-width vc_row wpb_row nm-row-flex nm-row-col-middle  vc_custom_1630483776074\"><div class=\"nm_column wpb_column vc_column_container col-sm-12 vc_custom_1439335914871\"><div class=\"vc_column-inner\"><div class=\"wpb_wrapper\"><div class=\"vc_empty_space\"   style=\"height: 50px\"><span class=\"vc_empty_space_inner\"><\/span><\/div><div class=\"vc_empty_space\"   style=\"height: 25px\"><span class=\"vc_empty_space_inner\"><\/span><\/div><\/div><\/div><\/div><\/div><div class=\"nm-row nm-row-full vc_row wpb_row  vc_custom_1639484667065\"><div class=\"nm_column wpb_column vc_column_container col-sm-12\"><div class=\"vc_column-inner\"><div class=\"wpb_wrapper\"><div class=\"vc_empty_space\"   style=\"height: 100px\"><span class=\"vc_empty_space_inner\"><\/span><\/div><h2 style=\"font-size: 44px;line-height: 48.4px;text-align: center;font-family:Open Sans Condensed;font-weight:700;font-style:normal\" class=\"vc_custom_heading\" >THE FIRST PREFERRED BRAND IN BLANK GUNS<\/h2><div class=\"vc_empty_space\"   style=\"height: 20px\"><span class=\"vc_empty_space_inner\"><\/span><\/div><p style=\"font-size: 16px;color: #6b6b6b;line-height: 28.8px;text-align: center;font-family:Merriweather;font-weight:400;font-style:normal\" class=\"vc_custom_heading\" >Throughout our history, we have undertaken an important mission in the development of the \ndomestic arms industry<br \/>\nwith its production quality and groundbreaking innovations, and we empower the Turkish way of life.<\/p><div class=\"vc_empty_space\"   style=\"height: 100px\"><span class=\"vc_empty_space_inner\"><\/span><\/div><\/div><\/div><\/div><\/div><div class=\"nm-row nm-row-full vc_row wpb_row\"><div class=\"nm_column wpb_column vc_column_container col-sm-12\"><div class=\"vc_column-inner\"><div class=\"wpb_wrapper\"><div class=\"vc_empty_space\"   style=\"height: 50px\"><span class=\"vc_empty_space_inner\"><\/span><\/div><h2 style=\"font-size: 44px;text-align: center;font-family:Open Sans Condensed;font-weight:700;font-style:normal\" class=\"vc_custom_heading\" >78-YEAR STORY<\/h2><div class=\"vc_empty_space\"   style=\"height: 20px\"><span class=\"vc_empty_space_inner\"><\/span><\/div><p style=\"font-size: 14px;color: #444444;line-height: 25.2px;text-align: center;font-family:Open Sans;font-weight:400;font-style:normal\" class=\"vc_custom_heading\" >The fact that the company is a member of a family that has been in the arms industry<br \/>\nfor 78 years \nprovides a great advantage. The production of Real Handguns and<br \/>\nShotguns is always within \nthe product range of this family that brings the first innovations.<\/p><div class=\"nm-row nm-row-full inner\"><div class=\"nm_column nm_column_inner col-sm-8 vc_custom_1639555827280\"><div class=\"wpb_wrapper\"><div class=\"vc_empty_space\"   style=\"height: 20px\"><span class=\"vc_empty_space_inner\"><\/span><\/div><h6 style=\"font-size: 10px;color: #163c8c;line-height: 14px;text-align: left;font-family:Open Sans Condensed;font-weight:700;font-style:normal\" class=\"vc_custom_heading\" >About Us<\/h6><div class=\"vc_empty_space\"   style=\"height: 10px\"><span class=\"vc_empty_space_inner\"><\/span><\/div><h2 style=\"font-size: 26px;color: #1e2431;line-height: 36px;text-align: left;font-family:Open Sans;font-weight:600;font-style:normal\" class=\"vc_custom_heading\" >Turkey's Leading Brand<\/h2><div class=\"vc_empty_space\"   style=\"height: 20px\"><span class=\"vc_empty_space_inner\"><\/span><\/div><p style=\"color: #1e2431;text-align: left\" class=\"vc_custom_heading translation-block\" >Zira Silah Sanayi is one of the most well-established organizations in the arms industry, which was the first to start the production of blank gun weapons in Turkey.\nIt has gained a very good place in the world and in Turkey with the blank guns and air pistols it has made so far and has become a sought-after manufacturer with the Blow brand.<br> It owes this good place to the quality of its products and customer satisfaction.\nThanks to the widest range of products it has in the blank gun and air pistol sector and at the same time, it continues its policy of continuous R&amp;D and investment in order to keep this quality continuous and to continue to provide the same quality service to its customers. <br>With years of experience, it proudly maintains real customer satisfaction and product quality.\nIt has distribution networks and customers not only in Turkey but also in many countries in Europe, North and South America, Asia and Africa, in all continents. <br>The fact that the company is a member of a family that has been in the arms industry for 78 years provides a great advantage. The production of Real Handguns and Shotguns is always within the product range of this family that brings the first innovations.\nZira Silah, the manufacturer of Turkey's first blank firearm brand Blow, contributes significantly to the development of the domestic and global arms industry with its innovative and development-oriented approach. <br>Designing products that comply with the laws that are needed in export markets around the world and that vary from country to country, and producing them in accordance with the appropriate quality<\/p><div class=\"vc_empty_space\"   style=\"height: 20px\"><span class=\"vc_empty_space_inner\"><\/span><\/div><\/div><\/div><div class=\"nm_column nm_column_inner col-sm-4 vc_custom_1641895142686\"><div class=\"wpb_wrapper\"><div class=\"vc_empty_space\"   style=\"height: 20px\"><span class=\"vc_empty_space_inner\"><\/span><\/div>\r\n\t\t\t<div class=\"nm-feature layout-icon_left icon-style-image-default bottom-spacing-none\"><div class=\"nm-feature-icon\"><img src=\"https:\/\/www.zirasilah.com.tr\/wp-content\/uploads\/2021\/12\/icon_ihracat.svg\" alt=\"50&lt;br \/&gt;EXPORT TO COUNTRIES\" \/><\/div>\r\n\t\t\t\t<div class=\"nm-feature-content\"><h2>50<br \/>\nEXPORT TO COUNTRIES<\/h2><h3>A sales network that reaches all over the world<\/h3>\r\n\t\t\t\t\t<div class=\"wpb_text_column\"><\/div>\r\n\t\t\t\t<\/div>\r\n\t\t\t<\/div><div class=\"vc_empty_space\"   style=\"height: 20px\"><span class=\"vc_empty_space_inner\"><\/span><\/div><\/div><\/div><div class=\"nm_column nm_column_inner col-sm-4 vc_custom_1641895150117\"><div class=\"wpb_wrapper\"><div class=\"vc_empty_space\"   style=\"height: 20px\"><span class=\"vc_empty_space_inner\"><\/span><\/div>\r\n\t\t\t<div class=\"nm-feature layout-icon_left icon-style-image-default bottom-spacing-none\"><div class=\"nm-feature-icon\"><img src=\"https:\/\/www.zirasilah.com.tr\/wp-content\/uploads\/2021\/12\/silah.svg\" alt=\"70&lt;br \/&gt;DIFFERENT PRODUCTS\" \/><\/div>\r\n\t\t\t\t<div class=\"nm-feature-content\"><h2>70<br \/>\nDIFFERENT PRODUCTS<\/h2><h3>Product range that responds to every need<\/h3>\r\n\t\t\t\t\t<div class=\"wpb_text_column\"><\/div>\r\n\t\t\t\t<\/div>\r\n\t\t\t<\/div><div class=\"vc_empty_space\"   style=\"height: 20px\"><span class=\"vc_empty_space_inner\"><\/span><\/div><\/div><\/div><\/div><\/div><\/div><\/div><\/div><div class=\"nm-row nm-row-full vc_row wpb_row\"><div class=\"nm_column wpb_column vc_column_container col-sm-12 hidden-lg hidden-md hidden-sm hidden-xs vc_custom_1653977892311\"><div class=\"vc_column-inner\"><div class=\"wpb_wrapper\"><div class=\"vc_empty_space\"   style=\"height: 100px\"><span class=\"vc_empty_space_inner\"><\/span><\/div><h2 style=\"font-size: 44px;text-align: center;font-family:Open Sans Condensed;font-weight:700;font-style:normal\" class=\"vc_custom_heading\" >KURUCULARIMIZ<\/h2><div class=\"vc_empty_space\"   style=\"height: 20px\"><span class=\"vc_empty_space_inner\"><\/span><\/div><p style=\"font-size: 14px;color: #444444;line-height: 25.2px;text-align: center;font-family:Open Sans;font-weight:400;font-style:normal\" class=\"vc_custom_heading\" >Ahmet Akdal ve Mehmet Akdal ilk otomatik pompal\u0131 t\u00fcfek \u00fcretme hayallerini ger\u00e7ekle\u015ftirdikleri 1943 y\u0131l\u0131yd\u0131.<br \/>\nSonraki 78 y\u0131l boyunca Zira Silah markas\u0131n\u0131 d\u00fcnyan\u0131n en sayg\u0131n kurus\u0131k\u0131 silah markalar\u0131ndan biri olmak i\u00e7in m\u00fckemmelle\u015ftirdiler.<\/p><div class=\"nm-row nm-row-full-nopad inner nm-row-flex nm-row-col-top\"><div class=\"nm_column nm_column_inner col-sm-6\"><div class=\"wpb_wrapper\">\n\t<div  class=\"wpb_single_image wpb_content_element vc_align_center\">\n\t\t\n\t\t<figure class=\"wpb_wrapper vc_figure\">\n\t\t\t<div class=\"vc_single_image-wrapper   vc_box_border_grey\"><img class=\"vc_single_image-img\"  src=\"http:\/\/vhb-transfer.s3.amazonaws.com\/sw\/layout\/p-sw-1.png\" \/><\/div>\n\t\t<\/figure>\n\t<\/div>\n<\/div><\/div><div class=\"nm_column nm_column_inner col-sm-6\"><div class=\"wpb_wrapper\">\n\t<div  class=\"wpb_single_image wpb_content_element vc_align_center\">\n\t\t\n\t\t<figure class=\"wpb_wrapper vc_figure\">\n\t\t\t<div class=\"vc_single_image-wrapper   vc_box_border_grey\"><img class=\"vc_single_image-img\"  src=\"http:\/\/vhb-transfer.s3.amazonaws.com\/sw\/layout\/p-sw-2.png\" \/><\/div>\n\t\t<\/figure>\n\t<\/div>\n<\/div><\/div><\/div><\/div><\/div><\/div><\/div><div style=\"max-width:1300px;\" class=\"nm-row nm-row-boxed nm-row-max-width vc_row wpb_row nm-row-flex nm-row-col-middle  vc_custom_1630483776074\"><div class=\"nm_column wpb_column vc_column_container col-sm-12 hidden-sm hidden-xs vc_custom_1653988801986\"><div class=\"vc_column-inner\"><div class=\"wpb_wrapper\"><div class=\"vc_empty_space\"   style=\"height: 50px\"><span class=\"vc_empty_space_inner\"><\/span><\/div><\/div><\/div><\/div><\/div><div class=\"nm-row nm-row-full vc_row wpb_row  vc_custom_1639491345330\"><div class=\"nm_column wpb_column vc_column_container col-sm-12 vc_custom_1639491402575\"><div class=\"vc_column-inner\"><div class=\"wpb_wrapper\"><p style=\"font-size: 28px;color: #ffffff;line-height: 50px;text-align: center;font-family:Merriweather;font-weight:700;font-style:normal\" class=\"vc_custom_heading\" >We are not defined by the products we make. We are defined<br \/>\nby the people \nwho make them and<br \/>\nlife stories of the people who own them.<\/p><\/div><\/div><\/div><\/div><div style=\"max-width:1920px; min-height:600px; background-image:url(https:\/\/www.zirasilah.com.tr\/wp-content\/uploads\/2022\/10\/zrabnnr.png) !important;\" class=\"nm-row nm-row-boxed nm-row-max-width vc_row wpb_row nm-row-flex nm-row-col-middle nm-row-parallax nm-row-parallax-static  anasayfa-parallax-gun\"><div class=\"nm_column wpb_column vc_column_container col-sm-12 vc_custom_1635124555644\"><div class=\"vc_column-inner\"><div class=\"wpb_wrapper\"><h2 style=\"color: #ffffff;text-align: center;font-family:Abril Fatface;font-weight:400;font-style:normal\" class=\"vc_custom_heading\" >JOIN OUR COMMUNITY<\/h2>\n\t<div class=\"wpb_text_column wpb_content_element\" >\n\t\t<div class=\"wpb_wrapper\">\n\t\t\t<p style=\"color: white; text-align: center;\">Get new and latest updates on products, news and events<\/p>\n\n\t\t<\/div>\n\t<\/div>\n<div role=\"form\" class=\"wpcf7\" id=\"wpcf7-f5-o1\" lang=\"en-US\" dir=\"ltr\">\n<div class=\"screen-reader-response\"><p role=\"status\" aria-live=\"polite\" aria-atomic=\"true\"><\/p> <ul><\/ul><\/div>\n<form action=\"\/en\/wp-json\/wp\/v2\/pages\/358#wpcf7-f5-o1\" method=\"post\" class=\"wpcf7-form init\" novalidate=\"novalidate\" data-status=\"init\" data-trp-original-action=\"\/en\/wp-json\/wp\/v2\/pages\/358#wpcf7-f5-o1\">\n<div style=\"display: none;\">\n<input type=\"hidden\" name=\"_wpcf7\" value=\"5\" \/>\n<input type=\"hidden\" name=\"_wpcf7_version\" value=\"5.5.2\" \/>\n<input type=\"hidden\" name=\"_wpcf7_locale\" value=\"en_US\" \/>\n<input type=\"hidden\" name=\"_wpcf7_unit_tag\" value=\"wpcf7-f5-o1\" \/>\n<input type=\"hidden\" name=\"_wpcf7_container_post\" value=\"0\" \/>\n<input type=\"hidden\" name=\"_wpcf7_posted_data_hash\" value=\"\" \/>\n<\/div>\n<p class=\"half\"><label style=\"margin-left:-60px !important;\" >E-mail Address<\/label> <span class=\"wpcf7-form-control-wrap your-email\"><input type=\"email\" name=\"your-email\" value=\"\" size=\"40\" class=\"wpcf7-form-control wpcf7-text wpcf7-email wpcf7-validates-as-required wpcf7-validates-as-email\" aria-required=\"true\" aria-invalid=\"false\" placeholder=\"E-mail Address\" \/><\/span><\/p>\n<p class=\"helfa\" style=\"color:white; font-size:12px !important;\"><span class=\"wpcf7-form-control-wrap checkbox-711\"><span class=\"wpcf7-form-control wpcf7-checkbox wpcf7-validates-as-required\"><span class=\"wpcf7-list-item first last\"><label><input type=\"checkbox\" name=\"checkbox-711[]\" value=\"\u015eartlar &amp; Ko\u015fullar ve Gizlilik Politikas\u0131n\u0131 kabul ediyorum.\" \/><span class=\"wpcf7-list-item-label\">I agree to the Terms &amp; Conditions and Privacy Policy.<\/span><\/label><\/span><\/span><\/span><\/p>\n<p class=\"half\"><input type=\"submit\" value=\"SUBSCRIBE\" class=\"wpcf7-form-control has-spinner wpcf7-submit\" \/><\/p>\n<div class=\"wpcf7-response-output\" aria-hidden=\"true\"><\/div><input type=\"hidden\" name=\"trp-form-language\" value=\"en\"\/><\/form><\/div><\/div><\/div><\/div><\/div>","protected":false},"excerpt":{"rendered":"KURUSIKI S\u0130LAH'TA \u0130LK TERC\u0130H ED\u0130LEN MARKATarihimiz boyunca \u00fcretim kalitesi ve \u00e7\u0131\u011f\u0131r a\u00e7an yenilikleriyle yerli silah sanayinin geli\u015fmesinde \u00f6nemli bir misyon \u00fcstlenerek T\u00fcrk ya\u015fam tarz\u0131n\u0131n ya\u015famas\u0131na g\u00fc\u00e7 veriyoruz.78 YILLIK H\u0130KAYEFirman\u0131n 78 y\u0131ll\u0131k silah sekt\u00f6r\u00fcn\u00fcn i\u00e7inden gelen bir ailenin \u00fcyesi olmas\u0131da \u00e7ok b\u00fcy\u00fck bir avantaj sa\u011flamaktad\u0131r. Ger\u00e7ek Tabanca ve Av T\u00fcfekleri imalat\u0131 her zaman ilk yenilikleri getiren [...]","protected":false},"author":1,"featured_media":0,"parent":0,"menu_order":0,"comment_status":"closed","ping_status":"closed","template":"templates\/page-full.php","meta":[],"yoast_head":"<!-- This site is optimized with the Yoast SEO plugin v19.8 - https:\/\/yoast.com\/wordpress\/plugins\/seo\/ -->\n<title>Hakk\u0131m\u0131zda &raquo; Zira Silah<\/title>\n<meta name=\"description\" content=\"Zira silah hakk\u0131nda bilgi sahibi olmak i\u00e7in t\u0131klay\u0131n\u0131z.\" \/>\n<meta name=\"robots\" content=\"index, follow, max-snippet:-1, max-image-preview:large, max-video-preview:-1\" \/>\n<link rel=\"canonical\" href=\"https:\/\/www.zirasilah.com.tr\/en\/about-us\/\" \/>\n<meta property=\"og:locale\" content=\"en_US\" \/>\n<meta property=\"og:type\" content=\"article\" \/>\n<meta property=\"og:title\" content=\"Hakk\u0131m\u0131zda &raquo; Zira Silah\" \/>\n<meta property=\"og:description\" content=\"Zira silah hakk\u0131nda bilgi sahibi olmak i\u00e7in t\u0131klay\u0131n\u0131z.\" \/>\n<meta property=\"og:url\" content=\"https:\/\/www.zirasilah.com.tr\/en\/about-us\/\" \/>\n<meta property=\"og:site_name\" content=\"Zira Silah\" \/>\n<meta property=\"article:modified_time\" content=\"2022-10-19T13:33:36+00:00\" \/>\n<meta name=\"twitter:card\" content=\"summary_large_image\" \/>\n<meta name=\"twitter:label1\" content=\"Est. reading time\" \/>\n\t<meta name=\"twitter:data1\" content=\"4 minutes\" \/>\n<script type=\"application\/ld+json\" class=\"yoast-schema-graph\">{\"@context\":\"https:\/\/schema.org\",\"@graph\":[{\"@type\":\"WebPage\",\"@id\":\"https:\/\/www.zirasilah.com.tr\/hakkimizda\/\",\"url\":\"https:\/\/www.zirasilah.com.tr\/hakkimizda\/\",\"name\":\"Hakk\u0131m\u0131zda &raquo; Zira Silah\",\"isPartOf\":{\"@id\":\"https:\/\/www.zirasilah.com.tr\/#website\"},\"datePublished\":\"2015-08-12T12:27:19+00:00\",\"dateModified\":\"2022-10-19T13:33:36+00:00\",\"description\":\"Zira silah hakk\u0131nda bilgi sahibi olmak i\u00e7in t\u0131klay\u0131n\u0131z.\",\"breadcrumb\":{\"@id\":\"https:\/\/www.zirasilah.com.tr\/hakkimizda\/#breadcrumb\"},\"inLanguage\":\"en-US\",\"potentialAction\":[{\"@type\":\"ReadAction\",\"target\":[\"https:\/\/www.zirasilah.com.tr\/hakkimizda\/\"]}]},{\"@type\":\"BreadcrumbList\",\"@id\":\"https:\/\/www.zirasilah.com.tr\/hakkimizda\/#breadcrumb\",\"itemListElement\":[{\"@type\":\"ListItem\",\"position\":1,\"name\":\"Anasayfa\",\"item\":\"https:\/\/www.zirasilah.com.tr\/\"},{\"@type\":\"ListItem\",\"position\":2,\"name\":\"Hakk\u0131m\u0131zda\"}]},{\"@type\":\"WebSite\",\"@id\":\"https:\/\/www.zirasilah.com.tr\/#website\",\"url\":\"https:\/\/www.zirasilah.com.tr\/\",\"name\":\"Zira Silah\",\"description\":\"Blow\",\"potentialAction\":[{\"@type\":\"SearchAction\",\"target\":{\"@type\":\"EntryPoint\",\"urlTemplate\":\"https:\/\/www.zirasilah.com.tr\/?s={search_term_string}\"},\"query-input\":\"required name=search_term_string\"}],\"inLanguage\":\"en-US\"}]}<\/script>\n<!-- \/ Yoast SEO plugin. -->","yoast_head_json":{"title":"Hakk\u0131m\u0131zda &raquo; Zira Silah","description":"Zira silah hakk\u0131nda bilgi sahibi olmak i\u00e7in t\u0131klay\u0131n\u0131z.","robots":{"index":"index","follow":"follow","max-snippet":"max-snippet:-1","max-image-preview":"max-image-preview:large","max-video-preview":"max-video-preview:-1"},"canonical":"https:\/\/www.zirasilah.com.tr\/en\/about-us\/","og_locale":"en_US","og_type":"article","og_title":"Hakk\u0131m\u0131zda &raquo; Zira Silah","og_description":"Zira silah hakk\u0131nda bilgi sahibi olmak i\u00e7in t\u0131klay\u0131n\u0131z.","og_url":"https:\/\/www.zirasilah.com.tr\/en\/about-us\/","og_site_name":"Zira Silah","article_modified_time":"2022-10-19T13:33:36+00:00","twitter_card":"summary_large_image","twitter_misc":{"Est. reading time":"4 minutes"},"schema":{"@context":"https:\/\/schema.org","@graph":[{"@type":"WebPage","@id":"https:\/\/www.zirasilah.com.tr\/hakkimizda\/","url":"https:\/\/www.zirasilah.com.tr\/hakkimizda\/","name":"Hakk\u0131m\u0131zda &raquo; Zira Silah","isPartOf":{"@id":"https:\/\/www.zirasilah.com.tr\/#website"},"datePublished":"2015-08-12T12:27:19+00:00","dateModified":"2022-10-19T13:33:36+00:00","description":"Zira silah hakk\u0131nda bilgi sahibi olmak i\u00e7in t\u0131klay\u0131n\u0131z.","breadcrumb":{"@id":"https:\/\/www.zirasilah.com.tr\/hakkimizda\/#breadcrumb"},"inLanguage":"en-US","potentialAction":[{"@type":"ReadAction","target":["https:\/\/www.zirasilah.com.tr\/hakkimizda\/"]}]},{"@type":"BreadcrumbList","@id":"https:\/\/www.zirasilah.com.tr\/hakkimizda\/#breadcrumb","itemListElement":[{"@type":"ListItem","position":1,"name":"Anasayfa","item":"https:\/\/www.zirasilah.com.tr\/"},{"@type":"ListItem","position":2,"name":"Hakk\u0131m\u0131zda"}]},{"@type":"WebSite","@id":"https:\/\/www.zirasilah.com.tr\/#website","url":"https:\/\/www.zirasilah.com.tr\/","name":"Zira Silah","description":"Blow","potentialAction":[{"@type":"SearchAction","target":{"@type":"EntryPoint","urlTemplate":"https:\/\/www.zirasilah.com.tr\/?s={search_term_string}"},"query-input":"required name=search_term_string"}],"inLanguage":"en-US"}]}},"_links":{"self":[{"href":"https:\/\/www.zirasilah.com.tr\/en\/wp-json\/wp\/v2\/pages\/358"}],"collection":[{"href":"https:\/\/www.zirasilah.com.tr\/en\/wp-json\/wp\/v2\/pages"}],"about":[{"href":"https:\/\/www.zirasilah.com.tr\/en\/wp-json\/wp\/v2\/types\/page"}],"author":[{"embeddable":true,"href":"https:\/\/www.zirasilah.com.tr\/en\/wp-json\/wp\/v2\/users\/1"}],"replies":[{"embeddable":true,"href":"https:\/\/www.zirasilah.com.tr\/en\/wp-json\/wp\/v2\/comments?post=358"}],"version-history":[{"count":133,"href":"https:\/\/www.zirasilah.com.tr\/en\/wp-json\/wp\/v2\/pages\/358\/revisions"}],"predecessor-version":[{"id":8790,"href":"https:\/\/www.zirasilah.com.tr\/en\/wp-json\/wp\/v2\/pages\/358\/revisions\/8790"}],"wp:attachment":[{"href":"https:\/\/www.zirasilah.com.tr\/en\/wp-json\/wp\/v2\/media?parent=358"}],"curies":[{"name":"wp","href":"https:\/\/api.w.org\/{rel}","templated":true}]}}