{"id":2445,"date":"2021-11-12T13:33:00","date_gmt":"2021-11-12T13:33:00","guid":{"rendered":"https:\/\/www.zirasilah.com.tr\/?post_type=product&#038;p=2445"},"modified":"2022-10-14T06:35:37","modified_gmt":"2022-10-14T06:35:37","slug":"f92-i","status":"publish","type":"product","link":"https:\/\/www.zirasilah.com.tr\/de\/product\/f92-i\/","title":{"rendered":"TR 92 GRAVIERTES GOLDTEIL"},"content":{"rendered":"<div style=\" min-height:250px;\" class=\"nm-row nm-row-full-nopad vc_row wpb_row  urun-detay-desktop vc_custom_1637842045342\"><div class=\"nm_column wpb_column vc_column_container col-sm-12\"><div class=\"vc_column-inner\"><div class=\"wpb_wrapper\"><div class=\"nm-row nm-row-boxed inner nm-row-flex nm-row-col-middle\"><div class=\"nm_column nm_column_inner col-sm-3\"><div class=\"wpb_wrapper\">\n\t<div class=\"wpb_text_column wpb_content_element\" >\n\t\t<div class=\"wpb_wrapper\">\n\t\t\t<p class=\"urun-detay1\">9 MM<\/p>\n<p class=\"urun-detay2\">KAL\u0130BER<\/p>\n\n\t\t<\/div>\n\t<\/div>\n<\/div><\/div><div class=\"nm_column nm_column_inner col-sm-3\"><div class=\"wpb_wrapper\">\n\t<div class=\"wpb_text_column wpb_content_element\" >\n\t\t<div class=\"wpb_wrapper\">\n\t\t\t<p class=\"urun-detay1\">17+1<br \/>\nST\u00dcCK<\/p>\n<p class=\"urun-detay2\">KAPAZIT\u00c4T<\/p>\n\n\t\t<\/div>\n\t<\/div>\n<\/div><\/div><div class=\"nm_column nm_column_inner col-sm-3\"><div class=\"wpb_wrapper\">\n\t<div class=\"wpb_text_column wpb_content_element\" >\n\t\t<div class=\"wpb_wrapper\">\n\t\t\t<p class=\"urun-detay1\">40 MM<\/p>\n<p class=\"urun-detay2\">BRE\u0130TE<\/p>\n\n\t\t<\/div>\n\t<\/div>\n<\/div><\/div><div class=\"nm_column nm_column_inner col-sm-3\"><div class=\"wpb_wrapper\">\n\t<div class=\"wpb_text_column wpb_content_element\" >\n\t\t<div class=\"wpb_wrapper\">\n\t\t\t<p class=\"urun-detay1\">GW\u0130CHT: 1135 G<br \/>\nLANGE:214 MM<br \/>\nH\u00d6HE: 141,7 MM<\/p>\n<p class=\"urun-detay2\">ABMESSUNGEN<\/p>\n\n\t\t<\/div>\n\t<\/div>\n<\/div><\/div><\/div><\/div><\/div><\/div><\/div><div class=\"nm-row nm-row-full-nopad vc_row wpb_row  urun-detay-mobile vc_custom_1637841580984\"><div class=\"nm_column wpb_column vc_column_container col-sm-12\"><div class=\"vc_column-inner\"><div class=\"wpb_wrapper\"><div class=\"nm-row nm-row-boxed inner\"><div class=\"nm_column nm_column_inner col-sm-6\"><div class=\"wpb_wrapper\">\n\t<div class=\"wpb_text_column wpb_content_element\" >\n\t\t<div class=\"wpb_wrapper\">\n\t\t\t<p class=\"urun-detay1\">9 MM<\/p>\n<p class=\"urun-detay2\">KAL\u0130BER<\/p>\n\n\t\t<\/div>\n\t<\/div>\n<\/div><\/div><div class=\"nm_column nm_column_inner col-sm-6\"><div class=\"wpb_wrapper\">\n\t<div class=\"wpb_text_column wpb_content_element\" >\n\t\t<div class=\"wpb_wrapper\">\n\t\t\t<p class=\"urun-detay1\">17+1<br \/>\nST\u00dcCK<\/p>\n<p class=\"urun-detay2\">KAPAZIT\u00c4T<\/p>\n\n\t\t<\/div>\n\t<\/div>\n<\/div><\/div><\/div><div class=\"vc_empty_space\"   style=\"height: 67px\"><span class=\"vc_empty_space_inner\"><\/span><\/div><div class=\"nm-row nm-row-boxed inner\"><div class=\"nm_column nm_column_inner col-sm-6\"><div class=\"wpb_wrapper\">\n\t<div class=\"wpb_text_column wpb_content_element\" >\n\t\t<div class=\"wpb_wrapper\">\n\t\t\t<p class=\"urun-detay1\">40 MM<\/p>\n<p class=\"urun-detay2\">BRE\u0130TE<\/p>\n\n\t\t<\/div>\n\t<\/div>\n<\/div><\/div><div class=\"nm_column nm_column_inner col-sm-6\"><div class=\"wpb_wrapper\">\n\t<div class=\"wpb_text_column wpb_content_element\" >\n\t\t<div class=\"wpb_wrapper\">\n\t\t\t<p class=\"urun-detay1\">GW\u0130CHT: 1135 G<br \/>\nLANGE:214 MM<br \/>\nH\u00d6HE: 141,7 MM<\/p>\n<p class=\"urun-detay2\">ABMESSUNGEN<\/p>\n\n\t\t<\/div>\n\t<\/div>\n<\/div><\/div><\/div><\/div><\/div><\/div><\/div><div class=\"nm-row nm-row-full-nopad vc_row wpb_row\"><div class=\"nm_column wpb_column vc_column_container col-sm-12\"><div class=\"vc_column-inner\"><div class=\"wpb_wrapper\"><div class=\"vc_empty_space\"   style=\"height: 30px\"><span class=\"vc_empty_space_inner\"><\/span><\/div><\/div><\/div><\/div><\/div><div class=\"nm-row nm-row-full vc_row wpb_row\"><div class=\"nm_column wpb_column vc_column_container col-sm-6\"><div class=\"vc_column-inner\"><div class=\"wpb_wrapper\"><h2 style=\"font-size: 22px;color: #1354a1;text-align: left;font-family:Open Sans;font-weight:700;font-style:normal\" class=\"vc_custom_heading\" >Beschreibung des Produkts<\/h2>\r\n    <div class=\"nm-divider separator_align_center\">\r\n        <div class=\"nm-divider-line\" style=\"background:#e2e2e2;\"><\/div>\r\n    <\/div><div class=\"vc_empty_space\"   style=\"height: 20px\"><span class=\"vc_empty_space_inner\"><\/span><\/div>\n\t<div class=\"wpb_text_column wpb_content_element  urun-detay\" >\n\t\t<div class=\"wpb_wrapper\">\n\t\t\t<div role=\"listitem\"><strong>Blow F92 Graviertes Goldteil<\/strong>Die Schreckschusspistole ist eine halbautomatische und automatische Schreckschusspistole. <strong>Blow F92 Graviertes Goldteil<\/strong> \u00a0Der K\u00f6rper der ist aus Zamak gefertigt. Diese Schreckschusspistole, die ein Kaliber von 9 mm hat, hat eine Kapazit\u00e4t von 17+1 Magazinen. Diese 1135 Gramm schwere Schreckschusspistole ist in den Farbvarianten <label>Schwarz, Rauch, Satin, Matt Chrom, Gl\u00e4nzend Chrom und Gold <\/label>f\u00fcr K\u00f6rper und Mechanismus erh\u00e4ltlich.<\/div>\n\n\t\t<\/div>\n\t<\/div>\n<div class=\"vc_empty_space\"   style=\"height: 20px\"><span class=\"vc_empty_space_inner\"><\/span><\/div>\n\t<div class=\"wpb_text_column wpb_content_element  urun-detay\" >\n\t\t<div class=\"wpb_wrapper\">\n\t\t\t<p>Die Schreckschusspistole kommt mit einer sch\u00f6nen Kunststoff-Box. Im Allgemeinen handelt es sich bei Schreckschusspistolen um Waffen, deren Patronen nur mit Schie\u00dfpulver gef\u00fcllt sind, kein Geschoss enthalten und beim Abfeuern nur ein Ger\u00e4usch erzeugen k\u00f6nnen. Obwohl der Hauptzweck von Schreckschusspistolen darin besteht, Schall zu erzeugen, k\u00f6nnen sie auch Signalpatronen abfeuern, an deren Ende ein Ger\u00e4t angebracht ist. Schreckschusspistolen, die Gas- und Schallpatronen verschie\u00dfen k\u00f6nnen, werden von Waffenliebhabern h\u00e4ufig bevorzugt. W\u00e4hrend Pistolen, die vor allem durch ihr Design auffallen, in die Sammlungen von Waffenliebhabern aufgenommen werden, werden Pistolen, die hochwertige und laute T\u00f6ne erzeugen k\u00f6nnen, bevorzugt mit Schall- und Gaspatronen geschossen.<\/p>\n\n\t\t<\/div>\n\t<\/div>\n<div class=\"vc_empty_space\"   style=\"height: 20px\"><span class=\"vc_empty_space_inner\"><\/span><\/div><\/div><\/div><\/div><div class=\"nm_column wpb_column vc_column_container col-sm-6\"><div class=\"vc_column-inner\"><div class=\"wpb_wrapper\"><h2 style=\"font-size: 22px;color: #1354a1;text-align: left;font-family:Open Sans;font-weight:700;font-style:normal\" class=\"vc_custom_heading\" >Technische Daten<\/h2>\r\n    <div class=\"nm-divider separator_align_center\">\r\n        <div class=\"nm-divider-line\" style=\"background:#e2e2e2;\"><\/div>\r\n    <\/div><div class=\"vc_empty_space\"   style=\"height: 20px\"><span class=\"vc_empty_space_inner\"><\/span><\/div>\n\t<div class=\"wpb_text_column wpb_content_element  urun-detay\" >\n\t\t<div class=\"wpb_wrapper\">\n\t\t\t<div role=\"listitem\">\n<div role=\"listitem\">\n<div role=\"listitem\">\n<div role=\"listitem\"><label>SKU<\/label>\u00a0<strong><span class=\"strong\" data-condition=\"nullHideParent\" data-sku=\"html\">Blow F92 Graviertes Goldteil<\/span><\/strong><\/div>\n<div role=\"listitem\"><label>Modell<\/label>\u00a0<strong><span class=\"strong\" data-condition=\"nullHideParent\" data-title=\"html\">TR 92 GRAVIERTES GOLDTEIL<\/span><\/strong><\/div>\n<div role=\"listitem\">Kaliber\u00a0<strong><span class=\"strong\" data-condition=\"nullHideParent\" data-caliber-all=\"html\">9 mm<\/span><\/strong><\/div>\n<div role=\"listitem\">Kapacitat <strong><span class=\"strong\" data-condition=\"nullHideParent\" data-capacity=\"html\">17+1<\/span><\/strong><\/div>\n<div role=\"listitem\"><strong>Kapazit\u00e4t 30+1 kompatibel<\/strong><\/div>\n<div role=\"listitem\"><label>Gesamtl\u00e4nge<\/label>\u00a0<strong><span class=\"strong\" data-condition=\"nullHideParent\" data-color=\"html\">214 mm<\/span><\/strong><\/div>\n<div role=\"listitem\"><label>Breite<\/label> <strong><span class=\"strong\" data-condition=\"nullHideParent\" data-length=\"html\">40 mm<\/span><\/strong><\/div>\n<div role=\"listitem\"><span class=\"strong\" data-condition=\"nullHideParent\" data-action=\"html\">H\u00f6he\u00a0<b>141,7 mm<\/b><\/span><\/div>\n<div role=\"listitem\"><span class=\"strong\" data-condition=\"nullHideParent\" data-grip=\"html\">Gewicht\u00a0<b>1135 g<\/b><\/span><\/div>\n<div role=\"listitem\"><label>Farbe des Griffs<\/label>\u00a0<strong><span class=\"strong\" data-condition=\"nullHideParent\" data-barrel-material=\"html\">Holz - Schwarz\u00a0<\/span><\/strong><\/div>\n<div role=\"listitem\"><label>K\u00f6rper- und Mechanismusfarbe<\/label>\u00a0<strong><span class=\"strong\" data-condition=\"nullHideParent\" data-barrel=\"html\">Schwarz - Rauch - Satin - Mattes Chrom - Gl\u00e4nzendes Chrom - Gold - Goldteil - Graviert<\/span><\/strong><\/div>\n<\/div>\n<\/div>\n<\/div>\n\n\t\t<\/div>\n\t<\/div>\n<\/div><\/div><\/div><\/div><div class=\"nm-row nm-row-full vc_row wpb_row\"><div class=\"nm_column wpb_column vc_column_container col-sm-6\"><div class=\"vc_column-inner\"><div class=\"wpb_wrapper\"><h2 style=\"font-size: 22px;color: #1354a1;text-align: left;font-family:Open Sans;font-weight:700;font-style:normal\" class=\"vc_custom_heading\" >Beschreibung des Produkts<\/h2>\r\n    <div class=\"nm-divider separator_align_center\">\r\n        <div class=\"nm-divider-line\" style=\"background:#e2e2e2;\"><\/div>\r\n    <\/div><div class=\"vc_empty_space\"   style=\"height: 20px\"><span class=\"vc_empty_space_inner\"><\/span><\/div>\n\t<div class=\"wpb_text_column wpb_content_element  urun-detay\" >\n\t\t<div class=\"wpb_wrapper\">\n\t\t\t<p><img src=\"https:\/\/www.zirasilah.com.tr\/wp-content\/uploads\/2021\/11\/pdf-icon3.png\" \/><strong><a style=\"color: #777777;\" href=\"https:\/\/www.zirasilah.com.tr\/wp-content\/uploads\/2022\/04\/f92-parca-listesi-turkce.xlsx\" target=\"_blank\" rel=\"noopener\"> Teileliste anzeigen<\/a><\/strong><\/p>\n\n\t\t<\/div>\n\t<\/div>\n\n\t<div class=\"wpb_text_column wpb_content_element  urun-detay\" >\n\t\t<div class=\"wpb_wrapper\">\n\t\t\t<p><img src=\"https:\/\/www.zirasilah.com.tr\/wp-content\/uploads\/2021\/11\/pdf-icon3.png\" \/>\u00a0<strong><a style=\"color: #777777;\" href=\"https:\/\/www.zirasilah.com.tr\/wp-content\/uploads\/2022\/08\/f92.jpg\" target=\"_blank\" rel=\"noopener\">Ansehen<\/a><\/strong><\/p>\n\n\t\t<\/div>\n\t<\/div>\n<div class=\"vc_empty_space\"   style=\"height: 40px\"><span class=\"vc_empty_space_inner\"><\/span><\/div><\/div><\/div><\/div><div class=\"nm_column wpb_column vc_column_container col-sm-6\"><div class=\"vc_column-inner\"><div class=\"wpb_wrapper\"><\/div><\/div><\/div><\/div><div class=\"nm-row nm-row-full vc_row wpb_row\"><div class=\"nm_column wpb_column vc_column_container col-sm-12\"><div class=\"vc_column-inner\"><div class=\"wpb_wrapper\"><div class=\"vc_empty_space\"   style=\"height: 40px\"><span class=\"vc_empty_space_inner\"><\/span><\/div>\n\t<div class=\"wpb_text_column wpb_content_element\" >\n\t\t<div class=\"wpb_wrapper\">\n\t\t\t<p style=\"text-align: center;\"><strong>F\u00dcR ALLE PRODUKTE GILT DIE LEBENSLANGE QUALIT\u00c4TSPOLITIK VON ZIRA SILAH.<\/strong><br \/>\n<strong>DIE VERF\u00dcGBARKEIT UNTERLIEGT DEN \u00d6RTLICHEN GESETZEN UND VORSCHRIFTEN IN DER REGION.<\/strong><\/p>\n\n\t\t<\/div>\n\t<\/div>\n<\/div><\/div><\/div><\/div><div style=\"max-width:1300px;\" class=\"nm-row nm-row-boxed nm-row-max-width vc_row wpb_row nm-row-flex nm-row-col-middle  vc_custom_1630483776074\"><div class=\"nm_column wpb_column vc_column_container col-sm-12 vc_custom_1439335914871\"><div class=\"vc_column-inner\"><div class=\"wpb_wrapper\"><div class=\"vc_empty_space\"   style=\"height: 50px\"><span class=\"vc_empty_space_inner\"><\/span><\/div><\/div><\/div><\/div><\/div><div style=\"max-width:1920px; min-height:500px; background-image:url(https:\/\/www.zirasilah.com.tr\/wp-content\/uploads\/2021\/11\/bannerf92i.png) !important;\" class=\"nm-row nm-row-boxed nm-row-max-width vc_row wpb_row nm-row-full-height nm-row-flex nm-row-col-middle nm-row-parallax nm-row-parallax-static  anasayfa-parallax-gun vc_custom_1650288557080\"><div class=\"nm_column wpb_column vc_column_container col-sm-12 vc_custom_1650288564615\"><div class=\"vc_column-inner\"><div class=\"wpb_wrapper\">\n\t<div class=\"wpb_text_column wpb_content_element  anasayfa-parallax-gun\" >\n\t\t<div class=\"wpb_wrapper\">\n\t\t\t<h3 class=\"hl-1\" style=\"text-align: center;\">MEHR SCHRECKSCHUSSPISTOLEN ANZEIGEN<\/h3>\n\n\t\t<\/div>\n\t<\/div>\n\r\n\t\t\t<div class=\"nm_btn_align_center\">\r\n\t\t\t\t<a href=\"\" class=\"nm_btn nm_btn_md nm_btn_filled\">\r\n\t\t\t\t\t<span class=\"nm_btn_title\">ANSEHEN<\/span>\r\n\t\t\t\t\t<span class=\"nm_btn_bg\"><\/span>\r\n\t\t\t\t<\/a>\r\n\t\t\t<\/div><\/div><\/div><\/div><\/div><div style=\"max-width:1920px; min-height:600px; background-image:url(https:\/\/www.zirasilah.com.tr\/wp-content\/uploads\/2022\/10\/zrabnnr.png) !important;\" class=\"nm-row nm-row-boxed nm-row-max-width vc_row wpb_row nm-row-flex nm-row-col-middle nm-row-parallax nm-row-parallax-static  anasayfa-parallax-gun\"><div class=\"nm_column wpb_column vc_column_container col-sm-12 vc_custom_1635124555644\"><div class=\"vc_column-inner\"><div class=\"wpb_wrapper\"><h2 style=\"color: #ffffff;text-align: center;font-family:Abril Fatface;font-weight:400;font-style:normal\" class=\"vc_custom_heading\" >WERDEN SIE MITGLIED UNSERER GEMEINSCHAFT<\/h2>\n\t<div class=\"wpb_text_column wpb_content_element\" >\n\t\t<div class=\"wpb_wrapper\">\n\t\t\t<p style=\"color: white; text-align: center;\">Erhalten Sie neue und aktuelle Informationen \u00fcber Produkte, Neuigkeiten und Veranstaltungen<\/p>\n\n\t\t<\/div>\n\t<\/div>\n<div role=\"form\" class=\"wpcf7\" id=\"wpcf7-f5-o1\" lang=\"en-US\" dir=\"ltr\">\n<div class=\"screen-reader-response\"><p role=\"status\" aria-live=\"polite\" aria-atomic=\"true\"><\/p> <ul><\/ul><\/div>\n<form action=\"\/de\/wp-json\/wp\/v2\/product\/2445#wpcf7-f5-o1\" method=\"post\" class=\"wpcf7-form init\" novalidate=\"novalidate\" data-status=\"init\" data-trp-original-action=\"\/de\/wp-json\/wp\/v2\/product\/2445#wpcf7-f5-o1\">\n<div style=\"display: none;\">\n<input type=\"hidden\" name=\"_wpcf7\" value=\"5\" \/>\n<input type=\"hidden\" name=\"_wpcf7_version\" value=\"5.5.2\" \/>\n<input type=\"hidden\" name=\"_wpcf7_locale\" value=\"en_US\" \/>\n<input type=\"hidden\" name=\"_wpcf7_unit_tag\" value=\"wpcf7-f5-o1\" \/>\n<input type=\"hidden\" name=\"_wpcf7_container_post\" value=\"0\" \/>\n<input type=\"hidden\" name=\"_wpcf7_posted_data_hash\" value=\"\" \/>\n<\/div>\n<p class=\"half\"><label style=\"margin-left:-60px !important;\" >E-mail Adresse<\/label> <span class=\"wpcf7-form-control-wrap your-email\"><input type=\"email\" name=\"your-email\" value=\"\" size=\"40\" class=\"wpcf7-form-control wpcf7-text wpcf7-email wpcf7-validates-as-required wpcf7-validates-as-email\" aria-required=\"true\" aria-invalid=\"false\" placeholder=\"E-mail Adresse\" \/><\/span><\/p>\n<p class=\"helfa\" style=\"color:white; font-size:12px !important;\"><span class=\"wpcf7-form-control-wrap checkbox-711\"><span class=\"wpcf7-form-control wpcf7-checkbox wpcf7-validates-as-required\"><span class=\"wpcf7-list-item first last\"><label><input type=\"checkbox\" name=\"checkbox-711[]\" value=\"\u015eartlar &amp; Ko\u015fullar ve Gizlilik Politikas\u0131n\u0131 kabul ediyorum.\" \/><span class=\"wpcf7-list-item-label\">Ich stimme den Allgemeinen Gesch\u00e4ftsbedingungen und der Datenschutzrichtlinie zu.<\/span><\/label><\/span><\/span><\/span><\/p>\n<p class=\"half\"><input type=\"submit\" value=\"ABONNIEREN\" class=\"wpcf7-form-control has-spinner wpcf7-submit\" \/><\/p>\n<div class=\"wpcf7-response-output\" aria-hidden=\"true\"><\/div><input type=\"hidden\" name=\"trp-form-language\" value=\"de\"\/><\/form><\/div><\/div><\/div><\/div><\/div>","protected":false},"excerpt":{"rendered":"<p><strong>Blow F92 Graviertes Goldteil<\/strong> Die Schreckschusspistole ist eine halbautomatische und automatische Schreckschusspistole.<\/p>","protected":false},"featured_media":7353,"comment_status":"open","ping_status":"closed","template":"","meta":[],"product_cat":[15,189,20],"product_tag":[],"yoast_head":"<!-- This site is optimized with the Yoast SEO plugin v19.8 - https:\/\/yoast.com\/wordpress\/plugins\/seo\/ -->\n<title>F92 \u0130\u015flemeli Alt\u0131n Par\u00e7al\u0131 Kurus\u0131k\u0131 Tabanca &raquo; Zira Silah<\/title>\n<meta name=\"robots\" content=\"index, follow, max-snippet:-1, max-image-preview:large, max-video-preview:-1\" \/>\n<link rel=\"canonical\" href=\"https:\/\/www.zirasilah.com.tr\/de\/product\/f92-i\/\" \/>\n<meta property=\"og:locale\" content=\"de_DE\" \/>\n<meta property=\"og:type\" content=\"article\" \/>\n<meta property=\"og:title\" content=\"F92 \u0130\u015flemeli Alt\u0131n Par\u00e7al\u0131 Kurus\u0131k\u0131 Tabanca &raquo; Zira Silah\" \/>\n<meta property=\"og:description\" content=\"Blow F92 \u0130\u015flemeli Alt\u0131n Par\u00e7al\u0131 Kurus\u0131k\u0131 Silah, yar\u0131 otomatik ve otomatik bir kurus\u0131k\u0131 tabancad\u0131r.\" \/>\n<meta property=\"og:url\" content=\"https:\/\/www.zirasilah.com.tr\/de\/product\/f92-i\/\" \/>\n<meta property=\"og:site_name\" content=\"Zira Silah\" \/>\n<meta property=\"article:modified_time\" content=\"2022-10-14T06:35:37+00:00\" \/>\n<meta property=\"og:image\" content=\"https:\/\/www.zirasilah.com.tr\/wp-content\/uploads\/2022\/03\/f92-siyah-altinparca-islemeli-ahsap-kabze-2.jpg\" \/>\n\t<meta property=\"og:image:width\" content=\"1000\" \/>\n\t<meta property=\"og:image:height\" content=\"1000\" \/>\n\t<meta property=\"og:image:type\" content=\"image\/jpeg\" \/>\n<meta name=\"twitter:card\" content=\"summary_large_image\" \/>\n<meta name=\"twitter:label1\" content=\"Est. reading time\" \/>\n\t<meta name=\"twitter:data1\" content=\"6 Minuten\" \/>\n<script type=\"application\/ld+json\" class=\"yoast-schema-graph\">{\"@context\":\"https:\/\/schema.org\",\"@graph\":[{\"@type\":\"WebPage\",\"@id\":\"https:\/\/www.zirasilah.com.tr\/urun\/f92-i\/\",\"url\":\"https:\/\/www.zirasilah.com.tr\/urun\/f92-i\/\",\"name\":\"F92 \u0130\u015flemeli Alt\u0131n Par\u00e7al\u0131 Kurus\u0131k\u0131 Tabanca &raquo; Zira Silah\",\"isPartOf\":{\"@id\":\"https:\/\/www.zirasilah.com.tr\/#website\"},\"datePublished\":\"2021-11-12T13:33:00+00:00\",\"dateModified\":\"2022-10-14T06:35:37+00:00\",\"breadcrumb\":{\"@id\":\"https:\/\/www.zirasilah.com.tr\/urun\/f92-i\/#breadcrumb\"},\"inLanguage\":\"de-DE\",\"potentialAction\":[{\"@type\":\"ReadAction\",\"target\":[\"https:\/\/www.zirasilah.com.tr\/urun\/f92-i\/\"]}]},{\"@type\":\"BreadcrumbList\",\"@id\":\"https:\/\/www.zirasilah.com.tr\/urun\/f92-i\/#breadcrumb\",\"itemListElement\":[{\"@type\":\"ListItem\",\"position\":1,\"name\":\"Anasayfa\",\"item\":\"https:\/\/www.zirasilah.com.tr\/\"},{\"@type\":\"ListItem\",\"position\":2,\"name\":\"F92 \u0130\u015flemeli Alt\u0131n Par\u00e7al\u0131\"}]},{\"@type\":\"WebSite\",\"@id\":\"https:\/\/www.zirasilah.com.tr\/#website\",\"url\":\"https:\/\/www.zirasilah.com.tr\/\",\"name\":\"Zira Silah\",\"description\":\"Blow\",\"potentialAction\":[{\"@type\":\"SearchAction\",\"target\":{\"@type\":\"EntryPoint\",\"urlTemplate\":\"https:\/\/www.zirasilah.com.tr\/?s={search_term_string}\"},\"query-input\":\"required name=search_term_string\"}],\"inLanguage\":\"de-DE\"}]}<\/script>\n<!-- \/ Yoast SEO plugin. -->","yoast_head_json":{"title":"F92 \u0130\u015flemeli Alt\u0131n Par\u00e7al\u0131 Kurus\u0131k\u0131 Tabanca &raquo; Zira Silah","robots":{"index":"index","follow":"follow","max-snippet":"max-snippet:-1","max-image-preview":"max-image-preview:large","max-video-preview":"max-video-preview:-1"},"canonical":"https:\/\/www.zirasilah.com.tr\/de\/product\/f92-i\/","og_locale":"de_DE","og_type":"article","og_title":"F92 \u0130\u015flemeli Alt\u0131n Par\u00e7al\u0131 Kurus\u0131k\u0131 Tabanca &raquo; Zira Silah","og_description":"Blow F92 \u0130\u015flemeli Alt\u0131n Par\u00e7al\u0131 Kurus\u0131k\u0131 Silah, yar\u0131 otomatik ve otomatik bir kurus\u0131k\u0131 tabancad\u0131r.","og_url":"https:\/\/www.zirasilah.com.tr\/de\/product\/f92-i\/","og_site_name":"Zira Silah","article_modified_time":"2022-10-14T06:35:37+00:00","og_image":[{"width":1000,"height":1000,"url":"https:\/\/www.zirasilah.com.tr\/wp-content\/uploads\/2022\/03\/f92-siyah-altinparca-islemeli-ahsap-kabze-2.jpg","type":"image\/jpeg"}],"twitter_card":"summary_large_image","twitter_misc":{"Est. reading time":"6 Minuten"},"schema":{"@context":"https:\/\/schema.org","@graph":[{"@type":"WebPage","@id":"https:\/\/www.zirasilah.com.tr\/urun\/f92-i\/","url":"https:\/\/www.zirasilah.com.tr\/urun\/f92-i\/","name":"F92 \u0130\u015flemeli Alt\u0131n Par\u00e7al\u0131 Kurus\u0131k\u0131 Tabanca &raquo; Zira Silah","isPartOf":{"@id":"https:\/\/www.zirasilah.com.tr\/#website"},"datePublished":"2021-11-12T13:33:00+00:00","dateModified":"2022-10-14T06:35:37+00:00","breadcrumb":{"@id":"https:\/\/www.zirasilah.com.tr\/urun\/f92-i\/#breadcrumb"},"inLanguage":"de-DE","potentialAction":[{"@type":"ReadAction","target":["https:\/\/www.zirasilah.com.tr\/urun\/f92-i\/"]}]},{"@type":"BreadcrumbList","@id":"https:\/\/www.zirasilah.com.tr\/urun\/f92-i\/#breadcrumb","itemListElement":[{"@type":"ListItem","position":1,"name":"Anasayfa","item":"https:\/\/www.zirasilah.com.tr\/"},{"@type":"ListItem","position":2,"name":"F92 \u0130\u015flemeli Alt\u0131n Par\u00e7al\u0131"}]},{"@type":"WebSite","@id":"https:\/\/www.zirasilah.com.tr\/#website","url":"https:\/\/www.zirasilah.com.tr\/","name":"Zira Silah","description":"Blow","potentialAction":[{"@type":"SearchAction","target":{"@type":"EntryPoint","urlTemplate":"https:\/\/www.zirasilah.com.tr\/?s={search_term_string}"},"query-input":"required name=search_term_string"}],"inLanguage":"de-DE"}]}},"_links":{"self":[{"href":"https:\/\/www.zirasilah.com.tr\/de\/wp-json\/wp\/v2\/product\/2445"}],"collection":[{"href":"https:\/\/www.zirasilah.com.tr\/de\/wp-json\/wp\/v2\/product"}],"about":[{"href":"https:\/\/www.zirasilah.com.tr\/de\/wp-json\/wp\/v2\/types\/product"}],"replies":[{"embeddable":true,"href":"https:\/\/www.zirasilah.com.tr\/de\/wp-json\/wp\/v2\/comments?post=2445"}],"wp:featuredmedia":[{"embeddable":true,"href":"https:\/\/www.zirasilah.com.tr\/de\/wp-json\/wp\/v2\/media\/7353"}],"wp:attachment":[{"href":"https:\/\/www.zirasilah.com.tr\/de\/wp-json\/wp\/v2\/media?parent=2445"}],"wp:term":[{"taxonomy":"product_cat","embeddable":true,"href":"https:\/\/www.zirasilah.com.tr\/de\/wp-json\/wp\/v2\/product_cat?post=2445"},{"taxonomy":"product_tag","embeddable":true,"href":"https:\/\/www.zirasilah.com.tr\/de\/wp-json\/wp\/v2\/product_tag?post=2445"}],"curies":[{"name":"wp","href":"https:\/\/api.w.org\/{rel}","templated":true}]}}