{"id":3091,"date":"2021-11-29T08:41:34","date_gmt":"2021-11-29T08:41:34","guid":{"rendered":"https:\/\/www.zirasilah.com.tr\/?post_type=product&#038;p=3091"},"modified":"2022-10-14T06:35:34","modified_gmt":"2022-10-14T06:35:34","slug":"f92","status":"publish","type":"product","link":"https:\/\/www.zirasilah.com.tr\/ar\/product\/f92\/","title":{"rendered":"F92"},"content":{"rendered":"<div style=\" min-height:250px;\" class=\"nm-row nm-row-full-nopad vc_row wpb_row  urun-detay-desktop vc_custom_1637842045342\"><div class=\"nm_column wpb_column vc_column_container col-sm-12\"><div class=\"vc_column-inner\"><div class=\"wpb_wrapper\"><div class=\"nm-row nm-row-boxed inner nm-row-flex nm-row-col-middle\"><div class=\"nm_column nm_column_inner col-sm-3\"><div class=\"wpb_wrapper\">\n\t<div class=\"wpb_text_column wpb_content_element\" >\n\t\t<div class=\"wpb_wrapper\">\n\t\t\t<p class=\"urun-detay1\">9 \u0645\u0645<\/p>\n<p class=\"urun-detay2\">\u0627\u0644\u0639\u064a\u0627\u0631<\/p>\n\n\t\t<\/div>\n\t<\/div>\n<\/div><\/div><div class=\"nm_column nm_column_inner col-sm-3\"><div class=\"wpb_wrapper\">\n\t<div class=\"wpb_text_column wpb_content_element\" >\n\t\t<div class=\"wpb_wrapper\">\n\t\t\t<p class=\"urun-detay1\">17+1<br \/>\n\u0642\u0637\u0639\u0629<\/p>\n<p class=\"urun-detay2\">\u0627\u0644\u0633\u0639\u0629<\/p>\n\n\t\t<\/div>\n\t<\/div>\n<\/div><\/div><div class=\"nm_column nm_column_inner col-sm-3\"><div class=\"wpb_wrapper\">\n\t<div class=\"wpb_text_column wpb_content_element\" >\n\t\t<div class=\"wpb_wrapper\">\n\t\t\t<p class=\"urun-detay1\">40 \u0645\u0645<\/p>\n<p class=\"urun-detay2\">\u0627\u0644\u0639\u0631\u0636<\/p>\n\n\t\t<\/div>\n\t<\/div>\n<\/div><\/div><div class=\"nm_column nm_column_inner col-sm-3\"><div class=\"wpb_wrapper\">\n\t<div class=\"wpb_text_column wpb_content_element\" >\n\t\t<div class=\"wpb_wrapper\">\n\t\t\t<p class=\"urun-detay1\">\u0627\u0644\u0648\u0632\u0646: 1135 \u063a<br \/>\n\u0627\u0644\u0637\u0648\u0644:214 \u0645\u0645<br \/>\n\u0627\u0644\u0625\u0631\u062a\u0641\u0627\u0639:141,7 \u0645\u0645<\/p>\n<p class=\"urun-detay2\">\u0627\u0644\u0623\u0628\u0639\u0627\u062f<\/p>\n\n\t\t<\/div>\n\t<\/div>\n<\/div><\/div><\/div><\/div><\/div><\/div><\/div><div class=\"nm-row nm-row-full-nopad vc_row wpb_row  urun-detay-mobile vc_custom_1637841580984\"><div class=\"nm_column wpb_column vc_column_container col-sm-12\"><div class=\"vc_column-inner\"><div class=\"wpb_wrapper\"><div class=\"nm-row nm-row-boxed inner\"><div class=\"nm_column nm_column_inner col-sm-6\"><div class=\"wpb_wrapper\">\n\t<div class=\"wpb_text_column wpb_content_element\" >\n\t\t<div class=\"wpb_wrapper\">\n\t\t\t<p class=\"urun-detay1\">9 \u0645\u0645<\/p>\n<p class=\"urun-detay2\">\u0627\u0644\u0639\u064a\u0627\u0631<\/p>\n\n\t\t<\/div>\n\t<\/div>\n<\/div><\/div><div class=\"nm_column nm_column_inner col-sm-6\"><div class=\"wpb_wrapper\">\n\t<div class=\"wpb_text_column wpb_content_element\" >\n\t\t<div class=\"wpb_wrapper\">\n\t\t\t<p class=\"urun-detay1\">17+1<br \/>\n\u0642\u0637\u0639\u0629<\/p>\n<p class=\"urun-detay2\">\u0627\u0644\u0633\u0639\u0629<\/p>\n\n\t\t<\/div>\n\t<\/div>\n<\/div><\/div><\/div><div class=\"vc_empty_space\"   style=\"height: 67px\"><span class=\"vc_empty_space_inner\"><\/span><\/div><div class=\"nm-row nm-row-boxed inner\"><div class=\"nm_column nm_column_inner col-sm-6\"><div class=\"wpb_wrapper\">\n\t<div class=\"wpb_text_column wpb_content_element\" >\n\t\t<div class=\"wpb_wrapper\">\n\t\t\t<p class=\"urun-detay1\">40 \u0645\u0645<\/p>\n<p class=\"urun-detay2\">\u0627\u0644\u0639\u0631\u0636<\/p>\n\n\t\t<\/div>\n\t<\/div>\n<\/div><\/div><div class=\"nm_column nm_column_inner col-sm-6\"><div class=\"wpb_wrapper\">\n\t<div class=\"wpb_text_column wpb_content_element\" >\n\t\t<div class=\"wpb_wrapper\">\n\t\t\t<p class=\"urun-detay1\">\u0627\u0644\u0648\u0632\u0646: 1135 \u063a<br \/>\n\u0627\u0644\u0637\u0648\u0644:214 \u0645\u0645<br \/>\n\u0627\u0644\u0625\u0631\u062a\u0641\u0627\u0639:141,7 \u0645\u0645<\/p>\n<p class=\"urun-detay2\">\u0627\u0644\u0623\u0628\u0639\u0627\u062f<\/p>\n\n\t\t<\/div>\n\t<\/div>\n<\/div><\/div><\/div><\/div><\/div><\/div><\/div><div class=\"nm-row nm-row-full-nopad vc_row wpb_row\"><div class=\"nm_column wpb_column vc_column_container col-sm-12\"><div class=\"vc_column-inner\"><div class=\"wpb_wrapper\"><div class=\"vc_empty_space\"   style=\"height: 30px\"><span class=\"vc_empty_space_inner\"><\/span><\/div><\/div><\/div><\/div><\/div><div class=\"nm-row nm-row-full vc_row wpb_row\"><div class=\"nm_column wpb_column vc_column_container col-sm-6\"><div class=\"vc_column-inner\"><div class=\"wpb_wrapper\"><h2 style=\"font-size: 22px;color: #1354a1;text-align: left;font-family:Open Sans;font-weight:700;font-style:normal\" class=\"vc_custom_heading\" >\u0648\u0635\u0641 \u0627\u0644\u0645\u0646\u062a\u062c<\/h2>\r\n    <div class=\"nm-divider separator_align_center\">\r\n        <div class=\"nm-divider-line\" style=\"background:#e2e2e2;\"><\/div>\r\n    <\/div><div class=\"vc_empty_space\"   style=\"height: 20px\"><span class=\"vc_empty_space_inner\"><\/span><\/div>\n\t<div class=\"wpb_text_column wpb_content_element  urun-detay\" >\n\t\t<div class=\"wpb_wrapper\">\n\t\t\t<div role=\"listitem\">\n<div role=\"listitem\">\n<div role=\"listitem\">\n<div role=\"listitem\"><strong>Blow F92<\/strong>\u0627\u0644\u0645\u0633\u062f\u0633 \u0627\u0644\u062e\u0644\u0628\u064a \u0639\u0628\u0627\u0631\u0629 \u0639\u0646 \u0645\u0633\u062f\u0633 \u062e\u0644\u0628\u064a \u0646\u0635\u0641 \u0622\u0644\u064a \u0648\u0622\u0644\u064a. \u0647\u064a\u0643\u0644 \u0627\u0644\u0645\u0633\u062f\u0633 \u0627\u0644\u062e\u0644\u0628\u064a  \u0645\u0646 \u0645\u0627\u062f\u0629 \u0632\u0645\u0643. \u0647\u0630\u0627 \u0627\u0644\u0645\u0633\u062f\u0633 \u0627\u0644\u062e\u0644\u0628\u064a \u0628\u0639\u064a\u0627\u0631 9 \u0645\u0645 \u0644\u062f\u064a\u0647 \u0633\u0639\u0629 \u0645\u062e\u0632\u0646 17+1. \u0648\u064a\u0628\u0644\u063a \u0648\u0632\u0646 \u0647\u0630\u0627 \u0627\u0644\u0645\u0633\u062f\u0633 1135 \u063a \u060c \u0648\u0647\u0648 \u0645\u062a\u0648\u0641\u0631 \u062e\u064a\u0627\u0631\u0627\u062a \u0644\u0648\u0646 \u0627\u0644\u0622\u0644\u064a\u0629 &amp; \u0627\u0644\u0647\u064a\u0643\u0644 \u0628\u0627\u0644\u0644\u0648\u0646 \u0627\u0644\u0623\u0633\u0648\u062f - \u0627\u0644\u062f\u062e\u0627\u0646\u064a - \u0627\u0644\u0630\u0647\u0628\u064a - \u0627\u0644\u0633\u0627\u062a\u0627\u0646 - \u0627\u0644\u0643\u0631\u0648\u0645 \u063a\u064a\u0631 \u0627\u0644\u0644\u0627\u0645\u0639 - \u0627\u0644\u0643\u0631\u0648\u0645 \u0627\u0644\u0644\u0627\u0645\u0639.<\/div>\n<\/div>\n<\/div>\n<\/div>\n\n\t\t<\/div>\n\t<\/div>\n<div class=\"vc_empty_space\"   style=\"height: 20px\"><span class=\"vc_empty_space_inner\"><\/span><\/div>\n\t<div class=\"wpb_text_column wpb_content_element  urun-detay\" >\n\t\t<div class=\"wpb_wrapper\">\n\t\t\t<p>\u064a\u0623\u062a\u064a \u0627\u0644\u0633\u0644\u0627\u062d \u0627\u0644\u062e\u064f\u0644\u0628\u064a \u0628\u0635\u0646\u062f\u0648\u0642 \u0628\u0644\u0627\u0633\u062a\u064a\u0643\u064a \u062c\u0645\u064a\u0644 \u060c \u0648\u0627\u0644\u0633\u0644\u0627\u062d \u0627\u0644\u062e\u0644\u0628\u064a \u0628\u0634\u0643\u0644 \u0639\u0627\u0645 \u0633\u0644\u0627\u062d \u0645\u0645\u0644\u0648\u0621\u0629 \u0628\u0627\u0644\u0628\u0627\u0631\u0648\u062f \u0648\u0644\u0627 \u062a\u062d\u062a\u0648\u064a \u0639\u0644\u0649 \u0642\u0637\u0639\u0629 \u0627\u0644\u0631\u0635\u0627\u0635 \u0648\u064a\u0645\u0643\u0646 \u0623\u0646 \u062a\u0635\u062f\u0631 \u0635\u0648\u062a\u064b\u0627 \u0641\u0642\u0637 \u0639\u0646\u062f \u0625\u0637\u0644\u0627\u0642\u0647\u0627. \u0648\u0639\u0644\u0649 \u0627\u0644\u0631\u063a\u0645 \u0645\u0646 \u0623\u0646 \u0627\u0644\u063a\u0631\u0636 \u0627\u0644\u0623\u0633\u0627\u0633\u064a \u0645\u0646 \u0627\u0644\u0645\u0633\u062f\u0633\u0627\u062a \u0627\u0644\u062e\u0644\u0628\u064a\u0629 \u0647\u0648 \u0625\u0635\u062f\u0627\u0631 \u0635\u0648\u062a \u060c \u0625\u0644\u0627 \u0623\u0646\u0647 \u064a\u0645\u0643\u0646\u0647\u0645 \u0623\u064a\u0636\u064b\u0627 \u0625\u0637\u0644\u0627\u0642 \u0645\u0634\u0627\u0639\u0644 \u0628\u0627\u0633\u062a\u062e\u062f\u0627\u0645 \u0627\u0644\u062c\u0647\u0627\u0632 \u0627\u0644\u0645\u062a\u0635\u0644 \u0628\u0627\u0644\u0631\u0623\u0633. \u0648\u063a\u0627\u0644\u0628\u064b\u0627 \u0645\u0627 \u064a\u0641\u0636\u0644 \u0639\u0634\u0627\u0642 \u0627\u0644\u0633\u0644\u0627\u062d \u0627\u0644\u0645\u0633\u062f\u0633 \u0627\u0644\u0641\u0627\u0631\u063a \u060c \u0627\u0644\u0630\u064a \u064a\u0645\u0643\u0646\u0647 \u0625\u0637\u0644\u0627\u0642 \u0637\u0644\u0642\u0627\u062a \u0627\u0644\u063a\u0627\u0632 \u0648\u0627\u0644\u0635\u0648\u062a. \u0641\u064a \u062d\u064a\u0646 \u0623\u0646 \u0627\u0644\u0623\u0633\u0644\u062d\u0629 \u0627\u0644\u062a\u064a \u062a\u062c\u0630\u0628 \u0627\u0644\u0627\u0646\u062a\u0628\u0627\u0647 \u0645\u0646 \u062d\u064a\u062b \u0627\u0644\u062a\u0635\u0645\u064a\u0645 \u0645\u0648\u062c\u0648\u062f\u0629 \u0641\u064a \u0645\u062c\u0645\u0648\u0639\u0627\u062a \u0639\u0634\u0627\u0642 \u0627\u0644\u0633\u0644\u0627\u062d \u060c \u064a\u0641\u0636\u0644 \u0627\u0633\u062a\u062e\u062f\u0627\u0645 \u0627\u0644\u0623\u0633\u0644\u062d\u0629 \u0639\u0627\u0644\u064a\u0629 \u0627\u0644\u062c\u0648\u062f\u0629 \u0648\u0627\u0644\u0635\u0627\u062e\u0628\u0629 \u0644\u0627\u0633\u062a\u062e\u062f\u0627\u0645 \u0637\u0644\u0642\u0627\u062a \u0627\u0644\u0635\u0648\u062a \u0648\u0627\u0644\u063a\u0627\u0632.<\/p>\n\n\t\t<\/div>\n\t<\/div>\n<div class=\"vc_empty_space\"   style=\"height: 20px\"><span class=\"vc_empty_space_inner\"><\/span><\/div><\/div><\/div><\/div><div class=\"nm_column wpb_column vc_column_container col-sm-6\"><div class=\"vc_column-inner\"><div class=\"wpb_wrapper\"><h2 style=\"font-size: 22px;color: #1354a1;text-align: left;font-family:Open Sans;font-weight:700;font-style:normal\" class=\"vc_custom_heading\" >\u0627\u0644\u0645\u0648\u0627\u0635\u0641\u0627\u062a \u0627\u0644\u0641\u0646\u064a\u0629<\/h2>\r\n    <div class=\"nm-divider separator_align_center\">\r\n        <div class=\"nm-divider-line\" style=\"background:#e2e2e2;\"><\/div>\r\n    <\/div><div class=\"vc_empty_space\"   style=\"height: 20px\"><span class=\"vc_empty_space_inner\"><\/span><\/div>\n\t<div class=\"wpb_text_column wpb_content_element  urun-detay\" >\n\t\t<div class=\"wpb_wrapper\">\n\t\t\t<div role=\"listitem\">\n<div role=\"listitem\">\n<div role=\"listitem\"><label>SKU<\/label>\u00a0<strong><span class=\"strong\" data-condition=\"nullHideParent\" data-sku=\"html\">BLOW F92<\/span><\/strong><\/div>\n<div role=\"listitem\"><label>\u0627\u0644\u0645\u0648\u062f\u064a\u0644<\/label> <strong><span class=\"strong\" data-condition=\"nullHideParent\" data-sku=\"html\">BLOW F92<\/span><\/strong><\/div>\n<div role=\"listitem\">\u0627\u0644\u0639\u064a\u0627\u0631\u00a0<strong><span class=\"strong\" data-condition=\"nullHideParent\" data-caliber-all=\"html\">9 \u0645\u0645<\/span><\/strong><\/div>\n<div role=\"listitem\">\u0627\u0644\u0633\u0639\u0629 <strong><span class=\"strong\" data-condition=\"nullHideParent\" data-capacity=\"html\">17+1<\/span><\/strong><\/div>\n<div role=\"listitem\"><strong>\u0627\u0644\u0633\u0639\u0629 30 + 1 \u0645\u062a\u0648\u0627\u0641\u0642\u0629<\/strong><\/div>\n<div role=\"listitem\"><label>\u0627\u0644\u0637\u0648\u0644 \u0627\u0644\u0639\u0627\u0645<\/label> <strong><span class=\"strong\" data-condition=\"nullHideParent\" data-color=\"html\">214 \u0645\u0645<\/span><\/strong><\/div>\n<div role=\"listitem\"><label>\u0627\u0644\u0639\u0631\u0636<\/label> <strong><span class=\"strong\" data-condition=\"nullHideParent\" data-length=\"html\">40 \u0645\u0645<\/span><\/strong><\/div>\n<div role=\"listitem\"><span class=\"strong\" data-condition=\"nullHideParent\" data-action=\"html\">\u0627\u0644\u0625\u0631\u062a\u0641\u0627\u0639 <b>141.7 \u0645\u0645<\/b><\/span><\/div>\n<div role=\"listitem\"><span class=\"strong\" data-condition=\"nullHideParent\" data-grip=\"html\">\u0627\u0644\u0648\u0632\u0646 <b>1135 g<\/b><\/span><\/div>\n<div role=\"listitem\"><label>\u0644\u0648\u0646 \u0627\u0644\u0642\u0628\u0636\u0629<\/label>\u00a0<strong><span class=\"strong\" data-condition=\"nullHideParent\" data-barrel-material=\"html\">\u062e\u0634\u0628\u064a - \u0623\u0633\u0648\u062f<\/span><\/strong><\/div>\n<div role=\"listitem\">\u0623\u0644\u0648\u0627\u0646 \u0627\u0644\u0647\u064a\u0643\u0644 &amp; \u0648\u0627\u0644\u0622\u0644\u064a\u0629 <strong><span class=\"strong\" data-condition=\"nullHideParent\" data-barrel=\"html\">\u0644\u0648\u0646 \u0627\u0644\u0622\u0644\u064a\u0629 \u0623\u0633\u0648\u062f - \u062f\u062e\u0627\u0646\u064a - \u0633\u0627\u062a\u0627\u0646 - \u0643\u0631\u0648\u0645 \u063a\u064a\u0631 \u0644\u0627\u0645\u0639 - \u0643\u0631\u0648\u0645 \u0644\u0627\u0645\u0639 - \u0630\u0647\u0628\u064a - \u062c\u0632\u0621 \u0630\u0647\u0628\u064a - \u0645\u0632\u062e\u0631\u0641<\/span><\/strong><\/div>\n<\/div>\n<\/div>\n\n\t\t<\/div>\n\t<\/div>\n<\/div><\/div><\/div><\/div><div class=\"nm-row nm-row-full vc_row wpb_row\"><div class=\"nm_column wpb_column vc_column_container col-sm-6\"><div class=\"vc_column-inner\"><div class=\"wpb_wrapper\">\r\n    <div class=\"nm-divider separator_align_center\">\r\n        <div class=\"nm-divider-line\" style=\"background:#e2e2e2;\"><\/div>\r\n    <\/div><div class=\"vc_empty_space\"   style=\"height: 20px\"><span class=\"vc_empty_space_inner\"><\/span><\/div>\n\t<div class=\"wpb_text_column wpb_content_element  urun-detay\" >\n\t\t<div class=\"wpb_wrapper\">\n\t\t\t<p><img src=\"https:\/\/www.zirasilah.com.tr\/wp-content\/uploads\/2021\/11\/pdf-icon3.png\" \/><strong><a style=\"color: #777777;\" href=\"https:\/\/www.zirasilah.com.tr\/wp-content\/uploads\/2022\/04\/f92-parca-listesi-turkce.xlsx\" target=\"_blank\" rel=\"noopener\"> \u0645\u0639\u0627\u064a\u0646\u0629 \u0642\u0627\u0626\u0645\u0629 \u0627\u0644\u0642\u0637\u0639<\/a><\/strong><\/p>\n\n\t\t<\/div>\n\t<\/div>\n\n\t<div class=\"wpb_text_column wpb_content_element  urun-detay\" >\n\t\t<div class=\"wpb_wrapper\">\n\t\t\t<p><img src=\"https:\/\/www.zirasilah.com.tr\/wp-content\/uploads\/2021\/11\/pdf-icon3.png\" \/>\u00a0<strong><a style=\"color: #777777;\" href=\"https:\/\/www.zirasilah.com.tr\/wp-content\/uploads\/2022\/08\/f92.jpg\" target=\"_blank\" rel=\"noopener\">\u0625\u0638\u0647\u0627\u0631<\/a><\/strong><\/p>\n\n\t\t<\/div>\n\t<\/div>\n<div class=\"vc_empty_space\"   style=\"height: 40px\"><span class=\"vc_empty_space_inner\"><\/span><\/div><\/div><\/div><\/div><div class=\"nm_column wpb_column vc_column_container col-sm-6\"><div class=\"vc_column-inner\"><div class=\"wpb_wrapper\"><\/div><\/div><\/div><\/div><div class=\"nm-row nm-row-full vc_row wpb_row\"><div class=\"nm_column wpb_column vc_column_container col-sm-12\"><div class=\"vc_column-inner\"><div class=\"wpb_wrapper\"><div class=\"vc_empty_space\"   style=\"height: 40px\"><span class=\"vc_empty_space_inner\"><\/span><\/div>\n\t<div class=\"wpb_text_column wpb_content_element\" >\n\t\t<div class=\"wpb_wrapper\">\n\t\t\t<p style=\"text-align: center;\"><strong>\u064a\u062a\u0645 \u062f\u0639\u0645 \u062c\u0645\u064a\u0639 \u0627\u0644\u0645\u0646\u062a\u062c\u0627\u062a \u0645\u0646 \u062e\u0644\u0627\u0644 \u0633\u064a\u0627\u0633\u0629 \u0627\u0644\u062c\u0648\u062f\u0629 \u0645\u062f\u0649 \u0627\u0644\u062d\u064a\u0627\u0629 \u0644\u0632\u064a\u0631\u0627 \u0644\u0644\u0633\u0644\u0627\u062d.<\/strong><br \/>\n<strong>\u064a\u062e\u0636\u0639 \u0627\u0644\u062a\u0648\u0627\u0641\u0631 \u0644\u0644\u0642\u0648\u0627\u0646\u064a\u0646 \u0648\u0627\u0644\u0644\u0648\u0627\u0626\u062d \u0627\u0644\u0645\u062d\u0644\u064a\u0629 \u0641\u064a \u0627\u0644\u0645\u0646\u0637\u0642\u0629 \u0627\u0644\u0645\u062a\u0648\u0641\u0631\u0629<\/strong><\/p>\n\n\t\t<\/div>\n\t<\/div>\n<\/div><\/div><\/div><\/div><div style=\"max-width:1300px;\" class=\"nm-row nm-row-boxed nm-row-max-width vc_row wpb_row nm-row-flex nm-row-col-middle  vc_custom_1630483776074\"><div class=\"nm_column wpb_column vc_column_container col-sm-12 vc_custom_1439335914871\"><div class=\"vc_column-inner\"><div class=\"wpb_wrapper\"><div class=\"vc_empty_space\"   style=\"height: 50px\"><span class=\"vc_empty_space_inner\"><\/span><\/div><\/div><\/div><\/div><\/div><div style=\"max-width:1920px; min-height:500px; background-image:url(https:\/\/www.zirasilah.com.tr\/wp-content\/uploads\/2021\/11\/bannerf92.png) !important;\" class=\"nm-row nm-row-boxed nm-row-max-width vc_row wpb_row nm-row-full-height nm-row-flex nm-row-col-middle nm-row-parallax nm-row-parallax-static  anasayfa-parallax-gun vc_custom_1650288291148\"><div class=\"nm_column wpb_column vc_column_container col-sm-12 vc_custom_1650288353881\"><div class=\"vc_column-inner\"><div class=\"wpb_wrapper\">\n\t<div class=\"wpb_text_column wpb_content_element  anasayfa-parallax-gun\" >\n\t\t<div class=\"wpb_wrapper\">\n\t\t\t<h3 class=\"hl-1\" style=\"text-align: center;\">\u0645\u0639\u0627\u064a\u0646\u0629 \u0627\u0644\u0645\u0632\u064a\u062f \u0645\u0646 \u0627\u0644\u0645\u0633\u062f\u0633\u0627\u062a<\/h3>\n\n\t\t<\/div>\n\t<\/div>\n\r\n\t\t\t<div class=\"nm_btn_align_center\">\r\n\t\t\t\t<a href=\"\" class=\"nm_btn nm_btn_md nm_btn_filled\">\r\n\t\t\t\t\t<span class=\"nm_btn_title\">\u0625\u0638\u0647\u0627\u0631<\/span>\r\n\t\t\t\t\t<span class=\"nm_btn_bg\"><\/span>\r\n\t\t\t\t<\/a>\r\n\t\t\t<\/div><\/div><\/div><\/div><\/div><div style=\"max-width:1920px; min-height:600px; background-image:url(https:\/\/www.zirasilah.com.tr\/wp-content\/uploads\/2022\/10\/zrabnnr.png) !important;\" class=\"nm-row nm-row-boxed nm-row-max-width vc_row wpb_row nm-row-flex nm-row-col-middle nm-row-parallax nm-row-parallax-static  anasayfa-parallax-gun\"><div class=\"nm_column wpb_column vc_column_container col-sm-12 vc_custom_1635124555644\"><div class=\"vc_column-inner\"><div class=\"wpb_wrapper\"><h2 style=\"color: #ffffff;text-align: center;font-family:Abril Fatface;font-weight:400;font-style:normal\" class=\"vc_custom_heading\" >\u0627\u0646\u0636\u0645 \u0625\u0644\u0649 \u0645\u062c\u062a\u0645\u0639\u0646\u0627<\/h2>\n\t<div class=\"wpb_text_column wpb_content_element\" >\n\t\t<div class=\"wpb_wrapper\">\n\t\t\t<p style=\"color: white; text-align: center;\">\u0627\u062d\u0635\u0644 \u0639\u0644\u0649 \u0622\u062e\u0631 \u0627\u0644\u062a\u062d\u062f\u064a\u062b\u0627\u062a \u0639\u0644\u0649 \u0627\u0644\u0645\u0646\u062a\u062c\u0627\u062a \u0648\u0627\u0644\u0623\u062e\u0628\u0627\u0631 \u0648\u0627\u0644\u0623\u062d\u062f\u0627\u062b<\/p>\n\n\t\t<\/div>\n\t<\/div>\n<div role=\"form\" class=\"wpcf7\" id=\"wpcf7-f5-o1\" lang=\"en-US\" dir=\"ltr\">\n<div class=\"screen-reader-response\"><p role=\"status\" aria-live=\"polite\" aria-atomic=\"true\"><\/p> <ul><\/ul><\/div>\n<form action=\"\/ar\/wp-json\/wp\/v2\/product\/3091#wpcf7-f5-o1\" method=\"post\" class=\"wpcf7-form init\" novalidate=\"novalidate\" data-status=\"init\" data-trp-original-action=\"\/ar\/wp-json\/wp\/v2\/product\/3091#wpcf7-f5-o1\">\n<div style=\"display: none;\">\n<input type=\"hidden\" name=\"_wpcf7\" value=\"5\" \/>\n<input type=\"hidden\" name=\"_wpcf7_version\" value=\"5.5.2\" \/>\n<input type=\"hidden\" name=\"_wpcf7_locale\" value=\"en_US\" \/>\n<input type=\"hidden\" name=\"_wpcf7_unit_tag\" value=\"wpcf7-f5-o1\" \/>\n<input type=\"hidden\" name=\"_wpcf7_container_post\" value=\"0\" \/>\n<input type=\"hidden\" name=\"_wpcf7_posted_data_hash\" value=\"\" \/>\n<\/div>\n<p class=\"half\"><label style=\"margin-left:-60px !important;\" >\u0627\u0644\u0628\u0631\u064a\u062f \u0627\u0644\u0627\u0644\u0643\u062a\u0631\u0648\u0646\u064a<\/label> <span class=\"wpcf7-form-control-wrap your-email\"><input type=\"email\" name=\"your-email\" value=\"\" size=\"40\" class=\"wpcf7-form-control wpcf7-text wpcf7-email wpcf7-validates-as-required wpcf7-validates-as-email\" aria-required=\"true\" aria-invalid=\"false\" placeholder=\"\u0627\u0644\u0628\u0631\u064a\u062f \u0627\u0644\u0627\u0644\u0643\u062a\u0631\u0648\u0646\u064a\" \/><\/span><\/p>\n<p class=\"helfa\" style=\"color:white; font-size:12px !important;\"><span class=\"wpcf7-form-control-wrap checkbox-711\"><span class=\"wpcf7-form-control wpcf7-checkbox wpcf7-validates-as-required\"><span class=\"wpcf7-list-item first last\"><label><input type=\"checkbox\" name=\"checkbox-711[]\" value=\"\u015eartlar &amp; Ko\u015fullar ve Gizlilik Politikas\u0131n\u0131 kabul ediyorum.\" \/><span class=\"wpcf7-list-item-label\">\u0623\u0648\u0627\u0641\u0642 \u0639\u0644\u0649 \u0627\u0644\u0634\u0631\u0648\u0637 \u0648\u0627\u0644\u0623\u062d\u0643\u0627\u0645 \u0648\u0633\u064a\u0627\u0633\u0629 \u0627\u0644\u062e\u0635\u0648\u0635\u064a\u0629.<\/span><\/label><\/span><\/span><\/span><\/p>\n<p class=\"half\"><input type=\"submit\" value=\"\u0627\u0634\u062a\u0631\u0627\u0643\" class=\"wpcf7-form-control has-spinner wpcf7-submit\" \/><\/p>\n<div class=\"wpcf7-response-output\" aria-hidden=\"true\"><\/div><input type=\"hidden\" name=\"trp-form-language\" value=\"ar\"\/><\/form><\/div><\/div><\/div><\/div><\/div>","protected":false},"excerpt":{"rendered":"<p><strong><span class=\"strong\" data-condition=\"nullHideParent\" data-sku=\"html\">BLOW F92<\/span><\/strong> \u0627\u0644\u0645\u0633\u062f\u0633 \u0627\u0644\u062e\u0644\u0628\u064a \u0639\u0628\u0627\u0631\u0629 \u0639\u0646 \u0645\u0633\u062f\u0633 \u062e\u064f\u0644\u0628\u064a \u0646\u0635\u0641 \u0622\u0644\u064a \u0648\u0622\u0644\u064a.<\/p>","protected":false},"featured_media":7344,"comment_status":"open","ping_status":"closed","template":"","meta":[],"product_cat":[15,189,20],"product_tag":[],"yoast_head":"<!-- This site is optimized with the Yoast SEO plugin v19.8 - https:\/\/yoast.com\/wordpress\/plugins\/seo\/ -->\n<title>F92 Kurus\u0131k\u0131 Tabanca &raquo; Zira Silah<\/title>\n<meta name=\"robots\" content=\"index, follow, max-snippet:-1, max-image-preview:large, max-video-preview:-1\" \/>\n<link rel=\"canonical\" href=\"https:\/\/www.zirasilah.com.tr\/ar\/product\/f92\/\" \/>\n<meta property=\"og:locale\" content=\"ar_AR\" \/>\n<meta property=\"og:type\" content=\"article\" \/>\n<meta property=\"og:title\" content=\"F92 Kurus\u0131k\u0131 Tabanca &raquo; Zira Silah\" \/>\n<meta property=\"og:description\" content=\"BLOW F92 Kurus\u0131k\u0131 Silah, yar\u0131 otomatik ve otomatik bir kurus\u0131k\u0131 tabancad\u0131r.\" \/>\n<meta property=\"og:url\" content=\"https:\/\/www.zirasilah.com.tr\/ar\/product\/f92\/\" \/>\n<meta property=\"og:site_name\" content=\"Zira Silah\" \/>\n<meta property=\"article:modified_time\" content=\"2022-10-14T06:35:34+00:00\" \/>\n<meta property=\"og:image\" content=\"https:\/\/www.zirasilah.com.tr\/wp-content\/uploads\/2022\/03\/f92-fume.jpg\" \/>\n\t<meta property=\"og:image:width\" content=\"1000\" \/>\n\t<meta property=\"og:image:height\" content=\"1000\" \/>\n\t<meta property=\"og:image:type\" content=\"image\/jpeg\" \/>\n<meta name=\"twitter:card\" content=\"summary_large_image\" \/>\n<meta name=\"twitter:label1\" content=\"Est. reading time\" \/>\n\t<meta name=\"twitter:data1\" content=\"6 \u062f\u0642\u0627\u0626\u0642\" \/>\n<script type=\"application\/ld+json\" class=\"yoast-schema-graph\">{\"@context\":\"https:\/\/schema.org\",\"@graph\":[{\"@type\":\"WebPage\",\"@id\":\"https:\/\/www.zirasilah.com.tr\/urun\/f92\/\",\"url\":\"https:\/\/www.zirasilah.com.tr\/urun\/f92\/\",\"name\":\"F92 Kurus\u0131k\u0131 Tabanca &raquo; Zira Silah\",\"isPartOf\":{\"@id\":\"https:\/\/www.zirasilah.com.tr\/#website\"},\"datePublished\":\"2021-11-29T08:41:34+00:00\",\"dateModified\":\"2022-10-14T06:35:34+00:00\",\"breadcrumb\":{\"@id\":\"https:\/\/www.zirasilah.com.tr\/urun\/f92\/#breadcrumb\"},\"inLanguage\":\"ar\",\"potentialAction\":[{\"@type\":\"ReadAction\",\"target\":[\"https:\/\/www.zirasilah.com.tr\/urun\/f92\/\"]}]},{\"@type\":\"BreadcrumbList\",\"@id\":\"https:\/\/www.zirasilah.com.tr\/urun\/f92\/#breadcrumb\",\"itemListElement\":[{\"@type\":\"ListItem\",\"position\":1,\"name\":\"Anasayfa\",\"item\":\"https:\/\/www.zirasilah.com.tr\/\"},{\"@type\":\"ListItem\",\"position\":2,\"name\":\"F92\"}]},{\"@type\":\"WebSite\",\"@id\":\"https:\/\/www.zirasilah.com.tr\/#website\",\"url\":\"https:\/\/www.zirasilah.com.tr\/\",\"name\":\"Zira Silah\",\"description\":\"Blow\",\"potentialAction\":[{\"@type\":\"SearchAction\",\"target\":{\"@type\":\"EntryPoint\",\"urlTemplate\":\"https:\/\/www.zirasilah.com.tr\/?s={search_term_string}\"},\"query-input\":\"required name=search_term_string\"}],\"inLanguage\":\"ar\"}]}<\/script>\n<!-- \/ Yoast SEO plugin. -->","yoast_head_json":{"title":"F92 Kurus\u0131k\u0131 Tabanca &raquo; Zira Silah","robots":{"index":"index","follow":"follow","max-snippet":"max-snippet:-1","max-image-preview":"max-image-preview:large","max-video-preview":"max-video-preview:-1"},"canonical":"https:\/\/www.zirasilah.com.tr\/ar\/product\/f92\/","og_locale":"ar_AR","og_type":"article","og_title":"F92 Kurus\u0131k\u0131 Tabanca &raquo; Zira Silah","og_description":"BLOW F92 Kurus\u0131k\u0131 Silah, yar\u0131 otomatik ve otomatik bir kurus\u0131k\u0131 tabancad\u0131r.","og_url":"https:\/\/www.zirasilah.com.tr\/ar\/product\/f92\/","og_site_name":"Zira Silah","article_modified_time":"2022-10-14T06:35:34+00:00","og_image":[{"width":1000,"height":1000,"url":"https:\/\/www.zirasilah.com.tr\/wp-content\/uploads\/2022\/03\/f92-fume.jpg","type":"image\/jpeg"}],"twitter_card":"summary_large_image","twitter_misc":{"Est. reading time":"6 \u062f\u0642\u0627\u0626\u0642"},"schema":{"@context":"https:\/\/schema.org","@graph":[{"@type":"WebPage","@id":"https:\/\/www.zirasilah.com.tr\/urun\/f92\/","url":"https:\/\/www.zirasilah.com.tr\/urun\/f92\/","name":"F92 Kurus\u0131k\u0131 Tabanca &raquo; Zira Silah","isPartOf":{"@id":"https:\/\/www.zirasilah.com.tr\/#website"},"datePublished":"2021-11-29T08:41:34+00:00","dateModified":"2022-10-14T06:35:34+00:00","breadcrumb":{"@id":"https:\/\/www.zirasilah.com.tr\/urun\/f92\/#breadcrumb"},"inLanguage":"ar","potentialAction":[{"@type":"ReadAction","target":["https:\/\/www.zirasilah.com.tr\/urun\/f92\/"]}]},{"@type":"BreadcrumbList","@id":"https:\/\/www.zirasilah.com.tr\/urun\/f92\/#breadcrumb","itemListElement":[{"@type":"ListItem","position":1,"name":"Anasayfa","item":"https:\/\/www.zirasilah.com.tr\/"},{"@type":"ListItem","position":2,"name":"F92"}]},{"@type":"WebSite","@id":"https:\/\/www.zirasilah.com.tr\/#website","url":"https:\/\/www.zirasilah.com.tr\/","name":"Zira Silah","description":"Blow","potentialAction":[{"@type":"SearchAction","target":{"@type":"EntryPoint","urlTemplate":"https:\/\/www.zirasilah.com.tr\/?s={search_term_string}"},"query-input":"required name=search_term_string"}],"inLanguage":"ar"}]}},"_links":{"self":[{"href":"https:\/\/www.zirasilah.com.tr\/ar\/wp-json\/wp\/v2\/product\/3091"}],"collection":[{"href":"https:\/\/www.zirasilah.com.tr\/ar\/wp-json\/wp\/v2\/product"}],"about":[{"href":"https:\/\/www.zirasilah.com.tr\/ar\/wp-json\/wp\/v2\/types\/product"}],"replies":[{"embeddable":true,"href":"https:\/\/www.zirasilah.com.tr\/ar\/wp-json\/wp\/v2\/comments?post=3091"}],"wp:featuredmedia":[{"embeddable":true,"href":"https:\/\/www.zirasilah.com.tr\/ar\/wp-json\/wp\/v2\/media\/7344"}],"wp:attachment":[{"href":"https:\/\/www.zirasilah.com.tr\/ar\/wp-json\/wp\/v2\/media?parent=3091"}],"wp:term":[{"taxonomy":"product_cat","embeddable":true,"href":"https:\/\/www.zirasilah.com.tr\/ar\/wp-json\/wp\/v2\/product_cat?post=3091"},{"taxonomy":"product_tag","embeddable":true,"href":"https:\/\/www.zirasilah.com.tr\/ar\/wp-json\/wp\/v2\/product_tag?post=3091"}],"curies":[{"name":"wp","href":"https:\/\/api.w.org\/{rel}","templated":true}]}}