{"id":237,"date":"2015-08-11T21:48:06","date_gmt":"2015-08-11T21:48:06","guid":{"rendered":"http:\/\/savoy.nordicmade.com\/product\/round-tray-table\/"},"modified":"2022-10-19T13:38:26","modified_gmt":"2022-10-19T13:38:26","slug":"air-pistol","status":"publish","type":"product","link":"https:\/\/www.zirasilah.com.tr\/ar\/product\/%d9%85%d8%b3%d8%af%d8%b3-%d9%87%d9%88%d8%a7%d8%a6%d9%8a\/","title":{"rendered":"\u0627\u0644\u0645\u0633\u062f\u0633 \u0627\u0644\u0647\u0648\u0627\u0626\u064a BLOW"},"content":{"rendered":"<div style=\" min-height:250px;\" class=\"nm-row nm-row-full-nopad vc_row wpb_row  urun-detay-desktop vc_custom_1637842045342\"><div class=\"nm_column wpb_column vc_column_container col-sm-12\"><div class=\"vc_column-inner\"><div class=\"wpb_wrapper\"><div class=\"nm-row nm-row-boxed inner nm-row-flex nm-row-col-middle\"><div class=\"nm_column nm_column_inner col-sm-3\"><div class=\"wpb_wrapper\">\n\t<div class=\"wpb_text_column wpb_content_element\" >\n\t\t<div class=\"wpb_wrapper\">\n\t\t\t<p class=\"urun-detay1\">177 &#8211; 4.5 MM<\/p>\n<p class=\"urun-detay2\">\u0627\u0644\u0639\u064a\u0627\u0631<\/p>\n\n\t\t<\/div>\n\t<\/div>\n<\/div><\/div><div class=\"nm_column nm_column_inner col-sm-3\"><div class=\"wpb_wrapper\">\n\t<div class=\"wpb_text_column wpb_content_element\" >\n\t\t<div class=\"wpb_wrapper\">\n\t\t\t<p class=\"urun-detay1\">Y\u0130VL\u0130 \u00c7EL\u0130K<br \/>\n\u0627\u0644\u0633\u0628\u0637\u0627\u0646\u0629<\/p>\n<p class=\"urun-detay2\">\u0627\u0644\u0633\u0628\u0637\u0627\u0646\u0629<\/p>\n\n\t\t<\/div>\n\t<\/div>\n<\/div><\/div><div class=\"nm_column nm_column_inner col-sm-3\"><div class=\"wpb_wrapper\">\n\t<div class=\"wpb_text_column wpb_content_element\" >\n\t\t<div class=\"wpb_wrapper\">\n\t\t\t<p class=\"urun-detay1\">33 &#8211; MM<\/p>\n<p class=\"urun-detay2\">\u0627\u0644\u0639\u0631\u0636<\/p>\n\n\t\t<\/div>\n\t<\/div>\n<\/div><\/div><div class=\"nm_column nm_column_inner col-sm-3\"><div class=\"wpb_wrapper\">\n\t<div class=\"wpb_text_column wpb_content_element\" >\n\t\t<div class=\"wpb_wrapper\">\n\t\t\t<p class=\"urun-detay1\">\u0627\u0644\u0648\u0632\u0646: 950 GR<br \/>\n\u0627\u0644\u0637\u0648\u0644: 323 MM<br \/>\n\u0627\u0644\u0625\u0631\u062a\u0641\u0627\u0639: 152 MM<\/p>\n<p class=\"urun-detay2\">\u0627\u0644\u0623\u0628\u0639\u0627\u062f<\/p>\n\n\t\t<\/div>\n\t<\/div>\n<\/div><\/div><\/div><\/div><\/div><\/div><\/div><div class=\"nm-row nm-row-full-nopad vc_row wpb_row  urun-detay-mobile vc_custom_1637841580984\"><div class=\"nm_column wpb_column vc_column_container col-sm-12\"><div class=\"vc_column-inner\"><div class=\"wpb_wrapper\"><div class=\"nm-row nm-row-boxed inner\"><div class=\"nm_column nm_column_inner col-sm-6\"><div class=\"wpb_wrapper\">\n\t<div class=\"wpb_text_column wpb_content_element\" >\n\t\t<div class=\"wpb_wrapper\">\n\t\t\t<p class=\"urun-detay1\">177 &#8211; 4.5 MM<\/p>\n<p class=\"urun-detay2\">\u0627\u0644\u0639\u064a\u0627\u0631<\/p>\n\n\t\t<\/div>\n\t<\/div>\n<\/div><\/div><div class=\"nm_column nm_column_inner col-sm-6\"><div class=\"wpb_wrapper\">\n\t<div class=\"wpb_text_column wpb_content_element\" >\n\t\t<div class=\"wpb_wrapper\">\n\t\t\t<p class=\"urun-detay1\">Y\u0130VL\u0130 \u00c7EL\u0130K<br \/>\n\u0627\u0644\u0633\u0628\u0637\u0627\u0646\u0629<\/p>\n<p class=\"urun-detay2\">\u0627\u0644\u0633\u0628\u0637\u0627\u0646\u0629<\/p>\n\n\t\t<\/div>\n\t<\/div>\n<\/div><\/div><\/div><div class=\"vc_empty_space\"   style=\"height: 67px\"><span class=\"vc_empty_space_inner\"><\/span><\/div><div class=\"nm-row nm-row-boxed inner\"><div class=\"nm_column nm_column_inner col-sm-6\"><div class=\"wpb_wrapper\">\n\t<div class=\"wpb_text_column wpb_content_element\" >\n\t\t<div class=\"wpb_wrapper\">\n\t\t\t<p class=\"urun-detay1\">33 MM<\/p>\n<p class=\"urun-detay2\">\u0627\u0644\u0639\u0631\u0636<\/p>\n\n\t\t<\/div>\n\t<\/div>\n<\/div><\/div><div class=\"nm_column nm_column_inner col-sm-6\"><div class=\"wpb_wrapper\">\n\t<div class=\"wpb_text_column wpb_content_element\" >\n\t\t<div class=\"wpb_wrapper\">\n\t\t\t<p class=\"urun-detay1\">\u0627\u0644\u0648\u0632\u0646: 950 GR<br \/>\n\u0627\u0644\u0637\u0648\u0644: 323 MM<br \/>\nY\u00dcKSEKL\u0130K: 140 MM<\/p>\n<p class=\"urun-detay2\">\u0627\u0644\u0623\u0628\u0639\u0627\u062f<\/p>\n\n\t\t<\/div>\n\t<\/div>\n<\/div><\/div><\/div><\/div><\/div><\/div><\/div><div class=\"nm-row nm-row-full-nopad vc_row wpb_row\"><div class=\"nm_column wpb_column vc_column_container col-sm-12\"><div class=\"vc_column-inner\"><div class=\"wpb_wrapper\"><div class=\"vc_empty_space\"   style=\"height: 30px\"><span class=\"vc_empty_space_inner\"><\/span><\/div><\/div><\/div><\/div><\/div><div class=\"nm-row nm-row-full vc_row wpb_row\"><div class=\"nm_column wpb_column vc_column_container col-sm-6\"><div class=\"vc_column-inner\"><div class=\"wpb_wrapper\"><h2 style=\"font-size: 22px;color: #1354a1;text-align: left;font-family:Open Sans;font-weight:700;font-style:normal\" class=\"vc_custom_heading\" >\u0648\u0635\u0641 \u0627\u0644\u0645\u0646\u062a\u062c<\/h2>\r\n    <div class=\"nm-divider separator_align_center\">\r\n        <div class=\"nm-divider-line\" style=\"background:#e2e2e2;\"><\/div>\r\n    <\/div><div class=\"vc_empty_space\"   style=\"height: 20px\"><span class=\"vc_empty_space_inner\"><\/span><\/div>\n\t<div class=\"wpb_text_column wpb_content_element  urun-detay\" >\n\t\t<div class=\"wpb_wrapper\">\n\t\t\t<p><strong>\u0644\u0645\u0633\u062f\u0633 \u0627\u0644\u0647\u0648\u0627\u0626\u064a Blow<\/strong> 4,5 mm kalibre ve tek at\u0131\u015f, k\u0131rma namlu sistemli, yay kurmal\u0131 haval\u0131 tabancad\u0131r. Sa\u00e7man\u0131n (para\u015f\u00fct merminin) namlu \u00e7\u0131k\u0131\u015f h\u0131z\u0131 120 metre\/saniyedir.<\/p>\n\n\t\t<\/div>\n\t<\/div>\n<div class=\"vc_empty_space\"   style=\"height: 20px\"><span class=\"vc_empty_space_inner\"><\/span><\/div>\n\t<div class=\"wpb_text_column wpb_content_element  urun-detay\" >\n\t\t<div class=\"wpb_wrapper\">\n\t\t\t<p>Blow Air Pistol haval\u0131 tabanca modeli yerli \u00fcretim bir haval\u0131 silah modelidir. \u0130stanbul&#8217;da \u00fcretimi Zira Silah Sanayi taraf\u0131ndan yap\u0131lmaktad\u0131r. Blow Air Pistol haval\u0131 tabanca modelinin genel uzunlu\u011fu 323 mm&#8217;dir. Kullan\u0131m\u0131 kolay ve uygun fiyatl\u0131 bir haval\u0131 tabancad\u0131r. Ucuz ve iyi bir haval\u0131 tabanca ile ba\u015flamak isteyenler i\u00e7in tercih edilebilir bir modeldir. Malzeme yap\u0131s\u0131 olarak da olduk\u00e7a sa\u011flam malzeme yap\u0131s\u0131 ile dikkat \u00e7ekmektedir. G\u00f6vde rengi olarak siyah ve ah\u015fap renk se\u00e7ene\u011fi ile kullan\u0131c\u0131lar\u0131n dikkatini \u00e7ekmektedir. Yeni ba\u015flayan ve orta d\u00fczey kullan\u0131c\u0131lar i\u00e7in tavsiye edilen bir modeldir.<\/p>\n\n\t\t<\/div>\n\t<\/div>\n<div class=\"vc_empty_space\"   style=\"height: 20px\"><span class=\"vc_empty_space_inner\"><\/span><\/div><\/div><\/div><\/div><div class=\"nm_column wpb_column vc_column_container col-sm-6\"><div class=\"vc_column-inner\"><div class=\"wpb_wrapper\"><h2 style=\"font-size: 22px;color: #1354a1;text-align: left;font-family:Open Sans;font-weight:700;font-style:normal\" class=\"vc_custom_heading\" >\u0627\u0644\u0645\u0648\u0627\u0635\u0641\u0627\u062a \u0627\u0644\u0641\u0646\u064a\u0629<\/h2>\r\n    <div class=\"nm-divider separator_align_center\">\r\n        <div class=\"nm-divider-line\" style=\"background:#e2e2e2;\"><\/div>\r\n    <\/div><div class=\"vc_empty_space\"   style=\"height: 20px\"><span class=\"vc_empty_space_inner\"><\/span><\/div>\n\t<div class=\"wpb_text_column wpb_content_element  urun-detay\" >\n\t\t<div class=\"wpb_wrapper\">\n\t\t\t<div role=\"listitem\"><label>SKU<\/label> <strong>BLOW <span class=\"strong\" data-condition=\"nullHideParent\" data-title=\"html\">Air Pistol<\/span><\/strong><\/div>\n<div role=\"listitem\"><label>\u0627\u0644\u0645\u0648\u062f\u064a\u0644<\/label> <strong>BLOW <span class=\"strong\" data-condition=\"nullHideParent\" data-title=\"html\">Air Pistol<\/span><\/strong><\/div>\n<div role=\"listitem\"><label>\u0627\u0644\u0639\u064a\u0627\u0631<\/label>\u00a0<strong><span class=\"strong\" data-condition=\"nullHideParent\" data-caliber-all=\"html\">177 &#8211; 4.5 mm<\/span><\/strong><\/div>\n<div role=\"listitem\"><label>\u0627\u0644\u0637\u0648\u0644 \u0627\u0644\u0639\u0627\u0645<\/label>\u00a0<strong><span class=\"strong\" data-condition=\"nullHideParent\" data-optic=\"html\">323 mm<\/span><\/strong><\/div>\n<div role=\"listitem\">\u0627\u0644\u0639\u0631\u0636 <strong><span class=\"strong\" data-condition=\"nullHideParent\" data-safety=\"html\">33 mm<\/span><\/strong><\/div>\n<div role=\"listitem\"><label>\u0627\u0644\u0625\u0631\u062a\u0641\u0627\u0639<\/label> <strong><span class=\"strong\" data-condition=\"nullHideParent\" data-length=\"html\">152 mm<\/span><\/strong><\/div>\n<div role=\"listitem\"><span class=\"strong\" data-condition=\"nullHideParent\" data-action=\"html\">\u0637\u0648\u0644 \u0627\u0644\u0633\u0628\u0637\u0627\u0646\u0629 <b>160 mm<\/b><\/span><\/div>\n<div role=\"listitem\"><label>\u0627\u0644\u0633\u0628\u0637\u0627\u0646\u0629<\/label>\u00a0<strong><span class=\"strong\" data-condition=\"nullHideParent\" data-stock=\"html\">Yivli \u00c7elik Namlu<\/span><\/strong><\/div>\n<div role=\"listitem\"><label>\u0627\u0644\u0648\u0632\u0646<\/label><strong>\u00a0<span class=\"strong\" data-condition=\"nullHideParent\" data-grip=\"html\">950 gr.<\/span><\/strong><\/div>\n<div role=\"listitem\"><label>\u0627\u0644\u0633\u0631\u0639\u0629<\/label>\u00a0<strong><span class=\"strong\" data-condition=\"nullHideParent\" data-barrel-material=\"html\">120 m\/seg<\/span><\/strong><\/div>\n<div role=\"listitem\"><label>\u0642\u0648\u0629 \u0627\u0644\u062a\u0644\u0642\u064a<\/label>\u00a0<strong><span class=\"strong\" data-condition=\"nullHideParent\" data-barrel=\"html\">13 kgf<\/span><\/strong><\/div>\n<div role=\"listitem\"><label>Tetik D\u00fc\u015f\u00fcrme Kuvveti<\/label> 600 <strong><span class=\"strong\" data-condition=\"nullHideParent\" data-weight=\"html\">gr.<\/span><\/strong><\/div>\n<div role=\"listitem\"><span class=\"strong\" data-condition=\"nullHideParent\" data-weight=\"html\">\u0644\u0648\u0646 \u0627\u0644\u0642\u0628\u0636\u0629 <b>Siyah &#8211; Ah\u015fap<\/b><\/span><\/div>\n<div role=\"listitem\">\u0623\u0644\u0648\u0627\u0646 \u0627\u0644\u0647\u064a\u0643\u0644 <strong><span class=\"strong\" data-condition=\"nullHideParent\" data-weight=\"html\">\u0623\u0633\u0648\u062f<\/span><\/strong><\/div>\n\n\t\t<\/div>\n\t<\/div>\n<\/div><\/div><\/div><\/div><div class=\"nm-row nm-row-full vc_row wpb_row\"><div class=\"nm_column wpb_column vc_column_container col-sm-6\"><div class=\"vc_column-inner\"><div class=\"wpb_wrapper\"><h2 style=\"font-size: 22px;color: #1354a1;text-align: left;font-family:Open Sans;font-weight:700;font-style:normal\" class=\"vc_custom_heading\" >\u0648\u062b\u0627\u0626\u0642 \u0627\u0644\u0645\u0646\u062a\u062c<\/h2>\r\n    <div class=\"nm-divider separator_align_center\">\r\n        <div class=\"nm-divider-line\" style=\"background:#e2e2e2;\"><\/div>\r\n    <\/div><div class=\"vc_empty_space\"   style=\"height: 20px\"><span class=\"vc_empty_space_inner\"><\/span><\/div>\n\t<div class=\"wpb_text_column wpb_content_element  urun-detay\" >\n\t\t<div class=\"wpb_wrapper\">\n\t\t\t<p><img src=\"https:\/\/www.zirasilah.com.tr\/wp-content\/uploads\/2021\/11\/pdf-icon3.png\" \/><strong><a style=\"color: #777777;\" href=\"https:\/\/www.zirasilah.com.tr\/wp-content\/uploads\/2015\/08\/c75-parca-listesi-turkce-1.xlsx\" target=\"_blank\" rel=\"noopener\"> \u0645\u0639\u0627\u064a\u0646\u0629 \u0642\u0627\u0626\u0645\u0629 \u0627\u0644\u0642\u0637\u0639<\/a><\/strong><\/p>\n\n\t\t<\/div>\n\t<\/div>\n\n\t<div class=\"wpb_text_column wpb_content_element  urun-detay\" >\n\t\t<div class=\"wpb_wrapper\">\n\t\t\t<p><img src=\"https:\/\/www.zirasilah.com.tr\/wp-content\/uploads\/2021\/11\/pdf-icon3.png\" \/>\u00a0<strong><a style=\"color: #777777;\" href=\"https:\/\/www.zirasilah.com.tr\/wp-content\/uploads\/2022\/04\/c75-parca-listesi-turkce.jpg\" target=\"_blank\" rel=\"noopener\">\u0625\u0638\u0647\u0627\u0631<\/a><\/strong><\/p>\n\n\t\t<\/div>\n\t<\/div>\n<div class=\"vc_empty_space\"   style=\"height: 40px\"><span class=\"vc_empty_space_inner\"><\/span><\/div><\/div><\/div><\/div><div class=\"nm_column wpb_column vc_column_container col-sm-6\"><div class=\"vc_column-inner\"><div class=\"wpb_wrapper\"><\/div><\/div><\/div><\/div><div class=\"nm-row nm-row-full vc_row wpb_row\"><div class=\"nm_column wpb_column vc_column_container col-sm-12\"><div class=\"vc_column-inner\"><div class=\"wpb_wrapper\"><div class=\"vc_empty_space\"   style=\"height: 40px\"><span class=\"vc_empty_space_inner\"><\/span><\/div>\n\t<div class=\"wpb_text_column wpb_content_element\" >\n\t\t<div class=\"wpb_wrapper\">\n\t\t\t<p style=\"text-align: center;\"><strong>\u064a\u062a\u0645 \u062f\u0639\u0645 \u062c\u0645\u064a\u0639 \u0627\u0644\u0645\u0646\u062a\u062c\u0627\u062a \u0645\u0646 \u062e\u0644\u0627\u0644 \u0633\u064a\u0627\u0633\u0629 \u0627\u0644\u062c\u0648\u062f\u0629 \u0645\u062f\u0649 \u0627\u0644\u062d\u064a\u0627\u0629 \u0644\u0632\u064a\u0631\u0627 \u0644\u0644\u0633\u0644\u0627\u062d.<\/strong><br \/>\n<strong>\u064a\u062e\u0636\u0639 \u0627\u0644\u062a\u0648\u0627\u0641\u0631 \u0644\u0644\u0642\u0648\u0627\u0646\u064a\u0646 \u0648\u0627\u0644\u0644\u0648\u0627\u0626\u062d \u0627\u0644\u0645\u062d\u0644\u064a\u0629 \u0641\u064a \u0627\u0644\u0645\u0646\u0637\u0642\u0629 \u0627\u0644\u0645\u062a\u0648\u0641\u0631\u0629<\/strong><\/p>\n\n\t\t<\/div>\n\t<\/div>\n<\/div><\/div><\/div><\/div><div style=\"max-width:1300px;\" class=\"nm-row nm-row-boxed nm-row-max-width vc_row wpb_row nm-row-flex nm-row-col-middle  vc_custom_1630483776074\"><div class=\"nm_column wpb_column vc_column_container col-sm-12 vc_custom_1439335914871\"><div class=\"vc_column-inner\"><div class=\"wpb_wrapper\"><div class=\"vc_empty_space\"   style=\"height: 50px\"><span class=\"vc_empty_space_inner\"><\/span><\/div><\/div><\/div><\/div><\/div><div style=\"max-width:1920px; min-height:500px; background-image:url(https:\/\/www.zirasilah.com.tr\/wp-content\/uploads\/2022\/03\/havalitabanca-banner.jpg) !important;\" class=\"nm-row nm-row-boxed nm-row-max-width vc_row wpb_row nm-row-full-height nm-row-flex nm-row-col-middle nm-row-parallax nm-row-parallax-static  anasayfa-parallax-gun vc_custom_1647420155799\"><div class=\"nm_column wpb_column vc_column_container col-sm-12 vc_custom_1647419558701\"><div class=\"vc_column-inner\"><div class=\"wpb_wrapper\">\n\t<div class=\"wpb_text_column wpb_content_element  anasayfa-parallax-gun\" >\n\t\t<div class=\"wpb_wrapper\">\n\t\t\t<h3 class=\"hl-1\" style=\"text-align: center;\">\u0627\u0633\u062a\u0639\u0631\u0627\u0636 \u0627\u0644\u0645\u0632\u064a\u062f \u0645\u0646 \u0628\u0646\u062f\u0642\u064a\u0629 \u0627\u0644\u0647\u0648\u0627\u0621<\/h3>\n\n\t\t<\/div>\n\t<\/div>\n\r\n\t\t\t<div class=\"nm_btn_align_center\">\r\n\t\t\t\t<a href=\"https:\/\/www.zirasilah.com.tr\/ar\/%d8%a8%d9%86%d8%a7%d8%af%d9%82-%d8%a7%d9%84%d9%87%d9%88%d8%a7%d8%a1\/\" class=\"nm_btn nm_btn_md nm_btn_filled\" title=\"Haval\u0131 Tabancalar\">\r\n\t\t\t\t\t<span class=\"nm_btn_title\">\u0625\u0638\u0647\u0627\u0631<\/span>\r\n\t\t\t\t\t<span class=\"nm_btn_bg\"><\/span>\r\n\t\t\t\t<\/a>\r\n\t\t\t<\/div><\/div><\/div><\/div><\/div><div style=\"max-width:1920px; min-height:600px; background-image:url(https:\/\/www.zirasilah.com.tr\/wp-content\/uploads\/2022\/10\/zrabnnr.png) !important;\" class=\"nm-row nm-row-boxed nm-row-max-width vc_row wpb_row nm-row-flex nm-row-col-middle nm-row-parallax nm-row-parallax-static  anasayfa-parallax-gun\"><div class=\"nm_column wpb_column vc_column_container col-sm-12 vc_custom_1635124555644\"><div class=\"vc_column-inner\"><div class=\"wpb_wrapper\"><h2 style=\"color: #ffffff;text-align: center;font-family:Abril Fatface;font-weight:400;font-style:normal\" class=\"vc_custom_heading\" >\u0627\u0646\u0636\u0645 \u0625\u0644\u0649 \u0645\u062c\u062a\u0645\u0639\u0646\u0627<\/h2>\n\t<div class=\"wpb_text_column wpb_content_element\" >\n\t\t<div class=\"wpb_wrapper\">\n\t\t\t<p style=\"color: white; text-align: center;\">\u0627\u062d\u0635\u0644 \u0639\u0644\u0649 \u0622\u062e\u0631 \u0627\u0644\u062a\u062d\u062f\u064a\u062b\u0627\u062a \u0639\u0644\u0649 \u0627\u0644\u0645\u0646\u062a\u062c\u0627\u062a \u0648\u0627\u0644\u0623\u062e\u0628\u0627\u0631 \u0648\u0627\u0644\u0623\u062d\u062f\u0627\u062b<\/p>\n\n\t\t<\/div>\n\t<\/div>\n<div role=\"form\" class=\"wpcf7\" id=\"wpcf7-f5-o1\" lang=\"en-US\" dir=\"ltr\">\n<div class=\"screen-reader-response\"><p role=\"status\" aria-live=\"polite\" aria-atomic=\"true\"><\/p> <ul><\/ul><\/div>\n<form action=\"\/ar\/wp-json\/wp\/v2\/product\/237#wpcf7-f5-o1\" method=\"post\" class=\"wpcf7-form init\" novalidate=\"novalidate\" data-status=\"init\" data-trp-original-action=\"\/ar\/wp-json\/wp\/v2\/product\/237#wpcf7-f5-o1\">\n<div style=\"display: none;\">\n<input type=\"hidden\" name=\"_wpcf7\" value=\"5\" \/>\n<input type=\"hidden\" name=\"_wpcf7_version\" value=\"5.5.2\" \/>\n<input type=\"hidden\" name=\"_wpcf7_locale\" value=\"en_US\" \/>\n<input type=\"hidden\" name=\"_wpcf7_unit_tag\" value=\"wpcf7-f5-o1\" \/>\n<input type=\"hidden\" name=\"_wpcf7_container_post\" value=\"0\" \/>\n<input type=\"hidden\" name=\"_wpcf7_posted_data_hash\" value=\"\" \/>\n<\/div>\n<p class=\"half\"><label style=\"margin-left:-60px !important;\" >\u0627\u0644\u0628\u0631\u064a\u062f \u0627\u0644\u0627\u0644\u0643\u062a\u0631\u0648\u0646\u064a<\/label> <span class=\"wpcf7-form-control-wrap your-email\"><input type=\"email\" name=\"your-email\" value=\"\" size=\"40\" class=\"wpcf7-form-control wpcf7-text wpcf7-email wpcf7-validates-as-required wpcf7-validates-as-email\" aria-required=\"true\" aria-invalid=\"false\" placeholder=\"\u0627\u0644\u0628\u0631\u064a\u062f \u0627\u0644\u0627\u0644\u0643\u062a\u0631\u0648\u0646\u064a\" \/><\/span><\/p>\n<p class=\"helfa\" style=\"color:white; font-size:12px !important;\"><span class=\"wpcf7-form-control-wrap checkbox-711\"><span class=\"wpcf7-form-control wpcf7-checkbox wpcf7-validates-as-required\"><span class=\"wpcf7-list-item first last\"><label><input type=\"checkbox\" name=\"checkbox-711[]\" value=\"\u015eartlar &amp; Ko\u015fullar ve Gizlilik Politikas\u0131n\u0131 kabul ediyorum.\" \/><span class=\"wpcf7-list-item-label\">\u0623\u0648\u0627\u0641\u0642 \u0639\u0644\u0649 \u0627\u0644\u0634\u0631\u0648\u0637 \u0648\u0627\u0644\u0623\u062d\u0643\u0627\u0645 \u0648\u0633\u064a\u0627\u0633\u0629 \u0627\u0644\u062e\u0635\u0648\u0635\u064a\u0629.<\/span><\/label><\/span><\/span><\/span><\/p>\n<p class=\"half\"><input type=\"submit\" value=\"\u0627\u0634\u062a\u0631\u0627\u0643\" class=\"wpcf7-form-control has-spinner wpcf7-submit\" \/><\/p>\n<div class=\"wpcf7-response-output\" aria-hidden=\"true\"><\/div><input type=\"hidden\" name=\"trp-form-language\" value=\"ar\"\/><\/form><\/div><\/div><\/div><\/div><\/div>","protected":false},"excerpt":{"rendered":"<p><b>\u0644\u0645\u0633\u062f\u0633 \u0627\u0644\u0647\u0648\u0627\u0626\u064a Blow<\/b> 4.5 \u0645\u0645 \u0647\u0648 \u0645\u0633\u062f\u0633 \u0647\u0648\u0627\u0621 \u0646\u0638\u0627\u0645 \u0643\u0633\u0631 \u0627\u0644\u0633\u0628\u0637\u0627\u0646\u0629 \u060c \u0648\u0647\u0648 \u0646\u0648\u0639 \u0645\u0646 \u0645\u0633\u062f\u0633 \u0636\u063a\u0637 \u0627\u0644\u0647\u0648\u0627\u0621 \u0627\u0644\u0630\u064a \u064a\u0645\u0643\u0646\u0647 \u0625\u0637\u0644\u0627\u0642 \u0627\u0644\u0643\u0631\u064a\u0627\u062a \u0628\u0645\u0633\u0627\u0639\u062f\u0629 \u0627\u0644\u0647\u0648\u0627\u0621 \u0627\u0644\u0645\u0636\u063a\u0648\u0637.<b> \u0644\u0645\u0633\u062f\u0633 \u0627\u0644\u0647\u0648\u0627\u0626\u064a Blow<\/b> . \u064a\u0633\u062a\u062e\u062f\u0645 \u0637\u0644\u0642\u0627\u062a \u0628\u0627\u0631\u0627\u0634\u0648\u062a \u0639\u064a\u0627\u0631 4.5 \u0645\u0645.<b> \u0644\u0645\u0633\u062f\u0633 \u0627\u0644\u0647\u0648\u0627\u0626\u064a Blow<\/b> 4.5 \u0645\u0645 \u0633\u0631\u0639\u0629 \u0643\u0645\u0627\u0645\u0629 120 \u0645\u062a\u0631\/ \u062b\u0627\u0646\u064a\u0629.<\/p>","protected":false},"featured_media":7329,"comment_status":"open","ping_status":"closed","template":"","meta":[],"product_cat":[15,28],"product_tag":[],"yoast_head":"<!-- This site is optimized with the Yoast SEO plugin v19.8 - https:\/\/yoast.com\/wordpress\/plugins\/seo\/ -->\n<title>BLOW Air Pistol Kurus\u0131k\u0131 Tabanca &raquo; Zira Silah<\/title>\n<meta name=\"description\" content=\"Blow Air Pistol 4.5 mm para\u015f\u00fct sa\u00e7ma kullan\u0131l\u0131r. Blow Air Pistol 4.5 mm namlu \u00e7\u0131k\u0131\u015f h\u0131z\u0131 120 metre\/saniyedir.\" \/>\n<meta name=\"robots\" content=\"index, follow, max-snippet:-1, max-image-preview:large, max-video-preview:-1\" \/>\n<link rel=\"canonical\" href=\"https:\/\/www.zirasilah.com.tr\/ar\/product\/\u0645\u0633\u062f\u0633-\u0647\u0648\u0627\u0626\u064a\/\" \/>\n<meta property=\"og:locale\" content=\"ar_AR\" \/>\n<meta property=\"og:type\" content=\"article\" \/>\n<meta property=\"og:title\" content=\"BLOW Air Pistol Kurus\u0131k\u0131 Tabanca &raquo; Zira Silah\" \/>\n<meta property=\"og:description\" content=\"Blow Air Pistol 4.5 mm para\u015f\u00fct sa\u00e7ma kullan\u0131l\u0131r. Blow Air Pistol 4.5 mm namlu \u00e7\u0131k\u0131\u015f h\u0131z\u0131 120 metre\/saniyedir.\" \/>\n<meta property=\"og:url\" content=\"https:\/\/www.zirasilah.com.tr\/ar\/product\/\u0645\u0633\u062f\u0633-\u0647\u0648\u0627\u0626\u064a\/\" \/>\n<meta property=\"og:site_name\" content=\"Zira Silah\" \/>\n<meta property=\"article:modified_time\" content=\"2022-10-19T13:38:26+00:00\" \/>\n<meta property=\"og:image\" content=\"https:\/\/www.zirasilah.com.tr\/wp-content\/uploads\/2022\/03\/havali-siyah.jpg\" \/>\n\t<meta property=\"og:image:width\" content=\"1000\" \/>\n\t<meta property=\"og:image:height\" content=\"1000\" \/>\n\t<meta property=\"og:image:type\" content=\"image\/jpeg\" \/>\n<meta name=\"twitter:card\" content=\"summary_large_image\" \/>\n<meta name=\"twitter:label1\" content=\"Est. reading time\" \/>\n\t<meta name=\"twitter:data1\" content=\"4 \u062f\u0642\u0627\u0626\u0642\" \/>\n<script type=\"application\/ld+json\" class=\"yoast-schema-graph\">{\"@context\":\"https:\/\/schema.org\",\"@graph\":[{\"@type\":\"WebPage\",\"@id\":\"https:\/\/www.zirasilah.com.tr\/urun\/air-pistol\/\",\"url\":\"https:\/\/www.zirasilah.com.tr\/urun\/air-pistol\/\",\"name\":\"BLOW Air Pistol Kurus\u0131k\u0131 Tabanca &raquo; Zira Silah\",\"isPartOf\":{\"@id\":\"https:\/\/www.zirasilah.com.tr\/#website\"},\"datePublished\":\"2015-08-11T21:48:06+00:00\",\"dateModified\":\"2022-10-19T13:38:26+00:00\",\"description\":\"Blow Air Pistol 4.5 mm para\u015f\u00fct sa\u00e7ma kullan\u0131l\u0131r. Blow Air Pistol 4.5 mm namlu \u00e7\u0131k\u0131\u015f h\u0131z\u0131 120 metre\/saniyedir.\",\"breadcrumb\":{\"@id\":\"https:\/\/www.zirasilah.com.tr\/urun\/air-pistol\/#breadcrumb\"},\"inLanguage\":\"ar\",\"potentialAction\":[{\"@type\":\"ReadAction\",\"target\":[\"https:\/\/www.zirasilah.com.tr\/urun\/air-pistol\/\"]}]},{\"@type\":\"BreadcrumbList\",\"@id\":\"https:\/\/www.zirasilah.com.tr\/urun\/air-pistol\/#breadcrumb\",\"itemListElement\":[{\"@type\":\"ListItem\",\"position\":1,\"name\":\"Anasayfa\",\"item\":\"https:\/\/www.zirasilah.com.tr\/\"},{\"@type\":\"ListItem\",\"position\":2,\"name\":\"BLOW Air Pistol\"}]},{\"@type\":\"WebSite\",\"@id\":\"https:\/\/www.zirasilah.com.tr\/#website\",\"url\":\"https:\/\/www.zirasilah.com.tr\/\",\"name\":\"Zira Silah\",\"description\":\"Blow\",\"potentialAction\":[{\"@type\":\"SearchAction\",\"target\":{\"@type\":\"EntryPoint\",\"urlTemplate\":\"https:\/\/www.zirasilah.com.tr\/?s={search_term_string}\"},\"query-input\":\"required name=search_term_string\"}],\"inLanguage\":\"ar\"}]}<\/script>\n<!-- \/ Yoast SEO plugin. -->","yoast_head_json":{"title":"BLOW Air Pistol Kurus\u0131k\u0131 Tabanca &raquo; Zira Silah","description":"Blow Air Pistol 4.5 mm para\u015f\u00fct sa\u00e7ma kullan\u0131l\u0131r. Blow Air Pistol 4.5 mm namlu \u00e7\u0131k\u0131\u015f h\u0131z\u0131 120 metre\/saniyedir.","robots":{"index":"index","follow":"follow","max-snippet":"max-snippet:-1","max-image-preview":"max-image-preview:large","max-video-preview":"max-video-preview:-1"},"canonical":"https:\/\/www.zirasilah.com.tr\/ar\/product\/\u0645\u0633\u062f\u0633-\u0647\u0648\u0627\u0626\u064a\/","og_locale":"ar_AR","og_type":"article","og_title":"BLOW Air Pistol Kurus\u0131k\u0131 Tabanca &raquo; Zira Silah","og_description":"Blow Air Pistol 4.5 mm para\u015f\u00fct sa\u00e7ma kullan\u0131l\u0131r. Blow Air Pistol 4.5 mm namlu \u00e7\u0131k\u0131\u015f h\u0131z\u0131 120 metre\/saniyedir.","og_url":"https:\/\/www.zirasilah.com.tr\/ar\/product\/\u0645\u0633\u062f\u0633-\u0647\u0648\u0627\u0626\u064a\/","og_site_name":"Zira Silah","article_modified_time":"2022-10-19T13:38:26+00:00","og_image":[{"width":1000,"height":1000,"url":"https:\/\/www.zirasilah.com.tr\/wp-content\/uploads\/2022\/03\/havali-siyah.jpg","type":"image\/jpeg"}],"twitter_card":"summary_large_image","twitter_misc":{"Est. reading time":"4 \u062f\u0642\u0627\u0626\u0642"},"schema":{"@context":"https:\/\/schema.org","@graph":[{"@type":"WebPage","@id":"https:\/\/www.zirasilah.com.tr\/urun\/air-pistol\/","url":"https:\/\/www.zirasilah.com.tr\/urun\/air-pistol\/","name":"BLOW Air Pistol Kurus\u0131k\u0131 Tabanca &raquo; Zira Silah","isPartOf":{"@id":"https:\/\/www.zirasilah.com.tr\/#website"},"datePublished":"2015-08-11T21:48:06+00:00","dateModified":"2022-10-19T13:38:26+00:00","description":"Blow Air Pistol 4.5 mm para\u015f\u00fct sa\u00e7ma kullan\u0131l\u0131r. Blow Air Pistol 4.5 mm namlu \u00e7\u0131k\u0131\u015f h\u0131z\u0131 120 metre\/saniyedir.","breadcrumb":{"@id":"https:\/\/www.zirasilah.com.tr\/urun\/air-pistol\/#breadcrumb"},"inLanguage":"ar","potentialAction":[{"@type":"ReadAction","target":["https:\/\/www.zirasilah.com.tr\/urun\/air-pistol\/"]}]},{"@type":"BreadcrumbList","@id":"https:\/\/www.zirasilah.com.tr\/urun\/air-pistol\/#breadcrumb","itemListElement":[{"@type":"ListItem","position":1,"name":"Anasayfa","item":"https:\/\/www.zirasilah.com.tr\/"},{"@type":"ListItem","position":2,"name":"BLOW Air Pistol"}]},{"@type":"WebSite","@id":"https:\/\/www.zirasilah.com.tr\/#website","url":"https:\/\/www.zirasilah.com.tr\/","name":"Zira Silah","description":"Blow","potentialAction":[{"@type":"SearchAction","target":{"@type":"EntryPoint","urlTemplate":"https:\/\/www.zirasilah.com.tr\/?s={search_term_string}"},"query-input":"required name=search_term_string"}],"inLanguage":"ar"}]}},"_links":{"self":[{"href":"https:\/\/www.zirasilah.com.tr\/ar\/wp-json\/wp\/v2\/product\/237"}],"collection":[{"href":"https:\/\/www.zirasilah.com.tr\/ar\/wp-json\/wp\/v2\/product"}],"about":[{"href":"https:\/\/www.zirasilah.com.tr\/ar\/wp-json\/wp\/v2\/types\/product"}],"replies":[{"embeddable":true,"href":"https:\/\/www.zirasilah.com.tr\/ar\/wp-json\/wp\/v2\/comments?post=237"}],"wp:featuredmedia":[{"embeddable":true,"href":"https:\/\/www.zirasilah.com.tr\/ar\/wp-json\/wp\/v2\/media\/7329"}],"wp:attachment":[{"href":"https:\/\/www.zirasilah.com.tr\/ar\/wp-json\/wp\/v2\/media?parent=237"}],"wp:term":[{"taxonomy":"product_cat","embeddable":true,"href":"https:\/\/www.zirasilah.com.tr\/ar\/wp-json\/wp\/v2\/product_cat?post=237"},{"taxonomy":"product_tag","embeddable":true,"href":"https:\/\/www.zirasilah.com.tr\/ar\/wp-json\/wp\/v2\/product_tag?post=237"}],"curies":[{"name":"wp","href":"https:\/\/api.w.org\/{rel}","templated":true}]}}