{"id":4594,"date":"2021-12-21T10:30:08","date_gmt":"2021-12-21T10:30:08","guid":{"rendered":"https:\/\/www.zirasilah.com.tr\/?page_id=4594"},"modified":"2022-10-19T13:31:33","modified_gmt":"2022-10-19T13:31:33","slug":"musteri-iliskileri","status":"publish","type":"page","link":"https:\/\/www.zirasilah.com.tr\/ar\/%d8%b9%d9%84%d8%a7%d9%82%d8%a7%d8%aa-%d8%a7%d9%84%d8%b9%d9%85%d9%84%d8%a7%d8%a1\/","title":{"rendered":"\u0639\u0644\u0627\u0642\u0627\u062a \u0627\u0644\u0639\u0645\u0644\u0627\u0621"},"content":{"rendered":"<div style=\"max-width:1300px;\" class=\"nm-row nm-row-boxed nm-row-max-width vc_row wpb_row nm-row-flex nm-row-col-middle  vc_custom_1630483776074\"><div class=\"nm_column wpb_column vc_column_container col-sm-12 vc_custom_1439335914871\"><div class=\"vc_column-inner\"><div class=\"wpb_wrapper\"><div class=\"vc_empty_space\"   style=\"height: 50px\"><span class=\"vc_empty_space_inner\"><\/span><\/div><div class=\"vc_empty_space\"   style=\"height: 20px\"><span class=\"vc_empty_space_inner\"><\/span><\/div><\/div><\/div><\/div><\/div><div class=\"nm-row nm-row-full vc_row wpb_row  vc_custom_1639573426437\"><div class=\"nm_column wpb_column vc_column_container col-sm-12 hidden-md hidden-sm hidden-xs\"><div class=\"vc_column-inner\"><div class=\"wpb_wrapper\">\n\t<div class=\"wpb_text_column wpb_content_element\" >\n\t\t<div class=\"wpb_wrapper\">\n\t\t\t\t\t\t<!-- Flexy Breadcrumb -->\r\n\t\t\t<div class=\"fbc fbc-page\">\r\n\r\n\t\t\t\t<!-- Breadcrumb wrapper -->\r\n\t\t\t\t<div class=\"fbc-wrap\">\r\n\r\n\t\t\t\t\t<!-- Ordered list-->\r\n\t\t\t\t\t<ol class=\"fbc-items\" itemscope itemtype=\"https:\/\/schema.org\/BreadcrumbList\">\r\n\t\t\t\t\t\t            <li itemprop=\"itemListElement\" itemscope itemtype=\"https:\/\/schema.org\/ListItem\">\r\n                <span itemprop=\"name\">\r\n                    <!-- Home Link -->\r\n                    <a itemprop=\"item\" href=\"https:\/\/www.zirasilah.com.tr\/ar\">\r\n                    \r\n                        \u0627\u0644\u0635\u0641\u062d\u0629 \u0627\u0644\u0631\u0626\u064a\u0633\u064a\u0629                    <\/a>\r\n                <\/span>\r\n                <meta itemprop=\"position\" content=\"1\" \/><!-- Meta Position-->\r\n             <\/li><li><span class=\"fbc-separator\">\/<\/span><\/li><li class=\"active\" itemprop=\"itemListElement\" itemscope itemtype=\"https:\/\/schema.org\/ListItem\"><span itemprop=\"name\" title=\"Blog\">Blog<\/span><meta itemprop=\"position\" content=\"2\" \/><\/li>\t\t\t\t\t<\/ol>\r\n\t\t\t\t\t<div class=\"clearfix\"><\/div>\r\n\t\t\t\t<\/div>\r\n\t\t\t<\/div>\r\n\t\t\t\n\n\t\t<\/div>\n\t<\/div>\n<\/div><\/div><\/div><\/div><div style=\"max-width:1300px;\" class=\"nm-row nm-row-boxed nm-row-max-width vc_row wpb_row nm-row-flex nm-row-col-middle  vc_custom_1638013014177\"><div class=\"nm_column wpb_column vc_column_container col-sm-10 vc_custom_1439335914871\"><div class=\"vc_column-inner\"><div class=\"wpb_wrapper\"><div class=\"vc_empty_space\"   style=\"height: 40px\"><span class=\"vc_empty_space_inner\"><\/span><\/div><h2 style=\"font-size: 48px;color: #000000;text-align: left;font-family:Open Sans Condensed;font-weight:700;font-style:normal\" class=\"vc_custom_heading\" >\u0631\u0636\u0627 \u0627\u0644\u0639\u0645\u0644\u0627\u0621 \u0627\u0644\u062e\u0627\u0635\u0629<\/h2><div class=\"vc_empty_space\"   style=\"height: 40px\"><span class=\"vc_empty_space_inner\"><\/span><\/div>\n\t<div class=\"wpb_text_column wpb_content_element\" >\n\t\t<div class=\"wpb_wrapper\">\n\t\t\t<p><span style=\"font-size: 14px; color: #444444;\">\u0646\u0639\u0645\u0644 \u0628\u0627\u0633\u062a\u0645\u0631\u0627\u0631 \u0639\u0644\u0649 \u062a\u062d\u0633\u064a\u0646 \u0639\u0645\u0644\u064a\u0627\u062a\u0646\u0627 \u0628\u0645\u0627 \u064a\u062a\u0645\u0627\u0634\u0649 \u0645\u0639 \u0645\u062a\u0637\u0644\u0628\u0627\u062a \u0627\u0644\u0639\u0645\u0644\u0627\u0621 \u0648\u062a\u0648\u0642\u0639\u0627\u062a\u0647\u0645 \u0648\u0646\u0647\u062f\u0641 \u0625\u0644\u0649 \u0625\u0642\u0627\u0645\u0629 \u0639\u0644\u0627\u0642\u0627\u062a \u0637\u0648\u064a\u0644\u0629 \u0627\u0644\u0623\u0645\u062f \u0645\u0639 \u0639\u0645\u0644\u0627\u0626\u0646\u0627. \u0648\u0625\u0630\u0627 \u0643\u0646\u062a \u062a\u0631\u063a\u0628 \u0641\u064a \u062a\u0642\u064a\u064a\u0645 \u0645\u0646\u062a\u062c\u0627\u062a\u0646\u0627 \u0648\u062e\u062f\u0645\u0627\u062a\u0646\u0627 \u060c \u064a\u0645\u0643\u0646\u0643 \u0645\u0644\u0621 \u0646\u0645\u0648\u0630\u062c \u0627\u0644\u0631\u0636\u0627 \u0648\u0625\u0631\u0633\u0627\u0644\u0647 \u0625\u0644\u064a\u0646\u0627.<\/span><\/p>\n\n\t\t<\/div>\n\t<\/div>\n<div class=\"vc_empty_space\"   style=\"height: 40px\"><span class=\"vc_empty_space_inner\"><\/span><\/div><h2 style=\"font-size: 28px;color: #444444;line-height: 31px;text-align: left;font-family:Open Sans Condensed;font-weight:700;font-style:normal\" class=\"vc_custom_heading\" >\u0639\u0645\u0644\u064a\u0629 \u0625\u062f\u0627\u0631\u0629 \u0627\u0644\u0634\u0643\u0627\u0648\u0649<\/h2><div class=\"vc_empty_space\"   style=\"height: 40px\"><span class=\"vc_empty_space_inner\"><\/span><\/div>\n\t<div class=\"wpb_text_column wpb_content_element\" >\n\t\t<div class=\"wpb_wrapper\">\n\t\t\t<p><span style=\"font-size: 14px; color: #444444;\">\u0628\u0635\u0641\u062a\u0646\u0627 \u0634\u0631\u0643\u0629 \u0632\u064a\u0631\u0627 \u0644\u0644\u0633\u0644\u0627\u062d \u0648\u0627\u0644\u0635\u0646\u0627\u0639\u0629 \u0648\u0627\u0644\u062a\u062c\u0627\u0631\u0629 \u0627\u0644\u0645\u062d\u062f\u0648\u062f\u0629 Zira Silah Sanayi ve Tic.Ltd.\u015eti \u060c \u0646\u0647\u062f\u0641 \u0625\u0644\u0649 \u0627\u0644\u062d\u0641\u0627\u0638 \u0639\u0644\u0649 \u0631\u0636\u0627 \u0639\u0645\u0644\u0627\u0626\u0646\u0627 \u0639\u0644\u0649 \u0623\u0639\u0644\u0649 \u0645\u0633\u062a\u0648\u0649 \u0641\u064a \u062e\u062f\u0645\u0627\u062a\u0646\u0627. \u0644\u0647\u0630\u0627 \u0627\u0644\u063a\u0631\u0636 \u060c \u064a\u062a\u0645 \u062a\u0646\u0641\u064a\u0630 \u0639\u0645\u0644\u064a\u0629 \u0625\u062f\u0627\u0631\u0629 \u0627\u0644\u0634\u0643\u0627\u0648\u0649 \u0627\u0644\u062e\u0627\u0635\u0629 \u0628\u0646\u0627 \u0645\u0646 \u0623\u062c\u0644 \u0627\u0644\u062a\u0642\u064a\u064a\u0645 \u0627\u0644\u0645\u0648\u0636\u0648\u0639\u064a \u0648\u0627\u0644\u062d\u064a\u0627\u062f\u064a \u0644\u0634\u0643\u0627\u0648\u0627\u0643 \u0641\u064a\u0645\u0627 \u064a\u062a\u0639\u0644\u0642 \u0628\u0627\u0644\u0645\u0634\u0643\u0644\u0627\u062a \u0627\u0644\u062a\u064a \u0644\u0627 \u062a\u062c\u062f\u0647\u0627 \u0643\u0627\u0641\u064a\u0629 \u0644\u062a\u0644\u0628\u064a\u0629 \u0637\u0644\u0628\u0627\u062a \u0648\u0627\u062d\u062a\u064a\u0627\u062c\u0627\u062a \u0639\u0645\u0644\u0627\u0626\u0646\u0627 \u060c \u0648\u064a\u062a\u0645 \u062a\u0642\u064a\u064a\u0645 \u0634\u0643\u0648\u0627\u0643 \u0648\u062d\u0644\u0647\u0627.<\/span><\/p>\n\n\t\t<\/div>\n\t<\/div>\n<div class=\"vc_empty_space\"   style=\"height: 20px\"><span class=\"vc_empty_space_inner\"><\/span><\/div>\n\t<div class=\"wpb_text_column wpb_content_element\" >\n\t\t<div class=\"wpb_wrapper\">\n\t\t\t<p><span style=\"font-size: 14px; color: #444444;\">\u064a\u062a\u0645 \u062a\u0633\u062c\u064a\u0644 \u0648\u062a\u0642\u064a\u064a\u0645 \u062c\u0645\u064a\u0639 \u0627\u0644\u0634\u0643\u0627\u0648\u0649 \u0627\u0644\u062a\u064a \u062a\u062a\u0644\u0642\u0627\u0647\u0627 \u0634\u0631\u0643\u0629 \u0632\u064a\u0631\u0627 \u0644\u0644\u0633\u0644\u0627\u062d \u0648\u0627\u0644\u0635\u0646\u0627\u0639\u0629 \u0648\u0627\u0644\u062a\u062c\u0627\u0631\u0629 \u0627\u0644\u0645\u062d\u062f\u0648\u062f\u0629 Silah Sanayi ve Tic.Ltd.\u015eti. \u0639\u0646 \u0637\u0631\u064a\u0642 \u0627\u0644\u0647\u0627\u062a\u0641 \u0648\u0627\u0644\u0641\u0627\u0643\u0633 \u0648\u0627\u0644\u0628\u0631\u064a\u062f \u0627\u0644\u0625\u0644\u0643\u062a\u0631\u0648\u0646\u064a \u0648\u0627\u0633\u062a\u0645\u0627\u0631\u0629 \u062a\u0642\u0631\u064a\u0631 \u0627\u0644\u0634\u0643\u0648\u0649 \u0627\u0644\u0645\u062a\u0627\u062d \u0639\u0644\u0649 \u0627\u0644\u0645\u0648\u0642\u0639 \u0627\u0644\u0627\u0644\u0643\u062a\u0631\u0648\u0646\u064a \u0627\u0644\u062e\u0627\u0635 \u0628\u0634\u0631\u0643\u062a\u0646\u0627 \u0648\u062a\u0642\u064a\u064a\u0645\u0647\u0627 \u0628\u0634\u0643\u0644 \u0645\u0648\u0636\u0648\u0639\u064a \u060c \u0628\u063a\u0636 \u0627\u0644\u0646\u0638\u0631 \u0639\u0646 \u0627\u0644\u0634\u062e\u0635 \u0623\u0648 \u0627\u0644\u0645\u0624\u0633\u0633\u0629 \u0627\u0644\u062a\u064a \u062a\u0642\u062f\u0645 \u0627\u0644\u0634\u0643\u0648\u0649.<\/span><\/p>\n\n\t\t<\/div>\n\t<\/div>\n<div class=\"vc_empty_space\"   style=\"height: 20px\"><span class=\"vc_empty_space_inner\"><\/span><\/div>\n\t<div class=\"wpb_text_column wpb_content_element\" >\n\t\t<div class=\"wpb_wrapper\">\n\t\t\t<p><span style=\"font-size: 14px; color: #444444;\">\u0628\u0639\u062f \u062a\u0642\u064a\u064a\u0645 \u0645\u062d\u062a\u0648\u0649 \u0627\u0644\u0634\u0643\u0648\u0649 \u060c \u062a\u0642\u0631\u0631 \u0645\u0627 \u0625\u0630\u0627 \u0643\u0627\u0646\u062a \u0634\u0631\u0643\u0629 \u0632\u064a\u0631\u0627 \u0644\u0644\u0633\u0644\u0627\u062d \u0648\u0627\u0644\u0635\u0646\u0627\u0639\u0629 \u0648\u0627\u0644\u062a\u062c\u0627\u0631\u0629 \u0627\u0644\u0645\u062d\u062f\u0648\u062f\u0629 Zira Silah Sanayi ve Tic.Ltd.\u015eti. \u062a\u0642\u0639 \u0636\u0645\u0646 \u0646\u0637\u0627\u0642 \u0627\u0644\u0645\u0633\u0624\u0648\u0644\u064a\u0629. \u064a\u062a\u0645 \u062a\u0642\u064a\u064a\u0645 \u0627\u0644\u0634\u0643\u0627\u0648\u0649 \u0627\u0644\u062a\u064a \u062a\u0642\u0639 \u062a\u062d\u062a \u0645\u0633\u0624\u0648\u0644\u064a\u0629 \u0634\u0631\u0643\u0629 \u0632\u064a\u0631\u0627 \u0644\u0644\u0633\u0644\u0627\u062d \u0648\u0627\u0644\u0635\u0646\u0627\u0639\u0629 \u0648\u0627\u0644\u062a\u062c\u0627\u0631\u0629 \u0627\u0644\u0645\u062d\u062f\u0648\u062f\u0629. \u0645\u0646 \u0642\u0628\u0644 \u0645\u0648\u0638\u0641\u064a \u0634\u0631\u0643\u0629 \u0632\u064a\u0631\u0627 \u0644\u0644\u0633\u0644\u0627\u062d \u0648\u0627\u0644\u0635\u0646\u0627\u0639\u0629 \u0648\u0627\u0644\u062a\u062c\u0627\u0631\u0629 \u0627\u0644\u0645\u062d\u062f\u0648\u062f\u0629 \u0630\u064a \u0627\u0644\u0635\u0644\u0629 \u060c \u0648\u064a\u062a\u0642\u0631\u0631 \u0627\u0644\u0625\u062c\u0631\u0627\u0621 \u0627\u0644\u0644\u0627\u0632\u0645 \u0644\u062d\u0644\u0647\u0627. \u0648\u064a\u062a\u0645 \u062a\u0646\u0641\u064a\u0630 \u0627\u0644\u0625\u062c\u0631\u0627\u0621 \u0627\u0644\u0648\u0627\u062c\u0628 \u0627\u062a\u062e\u0627\u0630\u0647 \u0644\u062d\u0644 \u0627\u0644\u0634\u0643\u0648\u0649 \u0643\u0645\u0627 \u0647\u0648 \u0645\u062e\u0637\u0637 \u0644\u0647 \u0648\u0625\u063a\u0644\u0627\u0642 \u0627\u0644\u0634\u0643\u0648\u0649. \u0648\u064a\u062a\u0645 \u0625\u0628\u0644\u0627\u063a \u0627\u0644\u0639\u0645\u064a\u0644 \u0628\u0639\u0645\u0644\u064a\u0629 \u062a\u0642\u064a\u064a\u0645 \u0627\u0644\u0634\u0643\u0627\u0648\u0649 \u0648\u0627\u0644\u0623\u0646\u0634\u0637\u0629 \u0627\u0644\u062a\u064a \u064a\u062a\u0645 \u062a\u0646\u0641\u064a\u0630\u0647\u0627. <\/span><\/p>\n\n\t\t<\/div>\n\t<\/div>\n<div class=\"vc_empty_space\"   style=\"height: 20px\"><span class=\"vc_empty_space_inner\"><\/span><\/div>\n\t<div class=\"wpb_text_column wpb_content_element\" >\n\t\t<div class=\"wpb_wrapper\">\n\t\t\t<p><span style=\"font-size: 14px; color: #444444;\">\u0645\u0646 \u0627\u0644\u0645\u0642\u0631\u0631 \u062d\u0644 \u0627\u0644\u0634\u0643\u0627\u0648\u0649 \u0641\u064a \u063a\u0636\u0648\u0646 3 \u0623\u064a\u0627\u0645 \u0639\u0645\u0644 \u0639\u0644\u0649 \u0627\u0644\u0623\u0643\u062b\u0631. \u0648\u0645\u0639 \u0630\u0644\u0643 \u060c \u0625\u0630\u0627 \u062a\u0639\u0630\u0631 \u062d\u0644 \u0627\u0644\u0634\u0643\u0648\u0649 \u0641\u064a \u063a\u0636\u0648\u0646 3 \u0623\u064a\u0627\u0645 \u0639\u0645\u0644 \u060c \u0633\u064a\u062a\u0645 \u0625\u0628\u0644\u0627\u063a \u0627\u0644\u0639\u0645\u064a\u0644 \u0628\u0630\u0644\u0643. <\/span><\/p>\n\n\t\t<\/div>\n\t<\/div>\n<div class=\"vc_empty_space\"   style=\"height: 20px\"><span class=\"vc_empty_space_inner\"><\/span><\/div><h2 style=\"font-size: 28px;color: #444444;line-height: 31px;text-align: left;font-family:Open Sans Condensed;font-weight:700;font-style:normal\" class=\"vc_custom_heading\" >\u0627\u0644\u0633\u0631\u064a\u0629<\/h2><div class=\"vc_empty_space\"   style=\"height: 20px\"><span class=\"vc_empty_space_inner\"><\/span><\/div>\n\t<div class=\"wpb_text_column wpb_content_element\" >\n\t\t<div class=\"wpb_wrapper\">\n\t\t\t<p><span style=\"font-size: 14px; color: #444444;\">\u0625\u0646\u0651 \u0627\u0644\u0645\u0639\u0644\u0648\u0645\u0627\u062a \u0648\u0627\u0644\u0648\u062b\u0627\u0626\u0642 \u0648\u0627\u0644\u0633\u062c\u0644\u0627\u062a \u0627\u0644\u062a\u064a \u064a\u062a\u0645 \u0627\u0644\u062d\u0635\u0648\u0644 \u0639\u0644\u064a\u0647\u0627 \u0623\u062b\u0646\u0627\u0621 \u0645\u0639\u0627\u0644\u062c\u0629 \u0627\u0644\u0634\u0643\u0627\u0648\u0649 \u0633\u0631\u064a\u0629 \u0648\u0644\u0627 \u064a\u062a\u0645 \u062a\u0642\u062f\u064a\u0645\u0647\u0627 \u0625\u0644\u0649 \u0623\u0637\u0631\u0627\u0641 \u062b\u0627\u0644\u062b\u0629 \u062a\u062d\u062a \u0623\u064a \u0638\u0631\u0641 \u0645\u0646 \u0627\u0644\u0638\u0631\u0648\u0641. \u0625\u0646\u0651 \u0634\u0631\u0643\u0629 \u0632\u064a\u0631\u0627 \u0644\u0644\u0633\u0644\u0627\u062d \u0648\u0627\u0644\u0635\u0646\u0627\u0639\u0629 \u0648\u0627\u0644\u062a\u062c\u0627\u0631\u0629 \u0627\u0644\u0645\u062d\u062f\u0648\u062f\u0629 \u062a\u064f\u0639\u0644\u0645 \u0627\u0644\u0639\u0645\u064a\u0644 \u0628\u0647\u0630\u0627 \u0627\u0644\u0645\u0648\u0642\u0641 \u0639\u0646\u062f\u0645\u0627 \u064a\u062a\u0639\u064a\u0646 \u0639\u0644\u064a\u0647\u0627 \u062a\u0642\u062f\u064a\u0645 \u0645\u0639\u0644\u0648\u0645\u0627\u062a \u0625\u0644\u0649 \u0623\u0637\u0631\u0627\u0641 \u062b\u0627\u0644\u062b\u0629 \u0628\u0633\u0628\u0628 \u0627\u0644\u0645\u062a\u0637\u0644\u0628\u0627\u062a \u0627\u0644\u0642\u0627\u0646\u0648\u0646\u064a\u0629. <\/span><\/p>\n\n\t\t<\/div>\n\t<\/div>\n<div class=\"vc_empty_space\"   style=\"height: 40px\"><span class=\"vc_empty_space_inner\"><\/span><\/div>\n\t<div class=\"wpb_text_column wpb_content_element\" >\n\t\t<div class=\"wpb_wrapper\">\n\t\t\t<p><strong> <a href=\"https:\/\/www.zirasilah.com.tr\/ar\/%d8%b4%d9%83%d9%88%d9%89-%d9%86%d9%85%d9%88%d8%b0%d8%ac-%d8%a7%d9%84%d8%a5%d8%ae%d8%b7%d8%a7%d8%b1\/\"><span style=\"color: #0000ff;\">\u0627\u0633\u062a\u0645\u0627\u0631\u0629 \u062a\u0642\u0631\u064a\u0631 \u0627\u0644\u0634\u0643\u0627\u0648\u0649<\/span><\/a><\/strong><\/p>\n\n\t\t<\/div>\n\t<\/div>\n<div class=\"vc_empty_space\"   style=\"height: 20px\"><span class=\"vc_empty_space_inner\"><\/span><\/div>\n\t<div class=\"wpb_text_column wpb_content_element\" >\n\t\t<div class=\"wpb_wrapper\">\n\t\t\t<p><span style=\"font-size: 14px; color: #444444;\">\u064a\u0645\u0643\u0646\u0643 \u0627\u0644\u0648\u0635\u0648\u0644 \u0625\u0644\u064a\u0646\u0627 \u0639\u0628\u0631 \u0627\u0644\u0631\u0627\u0628\u0637 \u0623\u0639\u0644\u0627\u0647 \u0623\u0648 \u0642\u0646\u0648\u0627\u062a \u0627\u0644\u0627\u062a\u0635\u0627\u0644 \u0627\u0644\u062a\u064a \u0634\u0627\u0631\u0643\u0646\u0627\u0647\u0627 \u0623\u062f\u0646\u0627\u0647. <\/span><\/p>\n\n\t\t<\/div>\n\t<\/div>\n<div class=\"vc_empty_space\"   style=\"height: 20px\"><span class=\"vc_empty_space_inner\"><\/span><\/div>\n\t<div class=\"wpb_text_column wpb_content_element\" >\n\t\t<div class=\"wpb_wrapper\">\n\t\t\t<p>\u0645\u0645\u062b\u0644 \u0625\u062f\u0627\u0631\u0629 \u0627\u0644\u062c\u0648\u062f\u0629<br \/>\n\u0627\u0644\u0628\u0631\u064a\u062f \u0627\u0644\u0627\u0644\u0643\u062a\u0631\u0648\u0646\u064a :info@zirasilah.com.tr<br \/>\n\u0647\u0627\u062a\u0641: +90 216 527 44 99<br \/>\n\u0641\u0627\u0643\u0633: +90 216 527 18 29<\/p>\n\n\t\t<\/div>\n\t<\/div>\n<\/div><\/div><\/div><div class=\"nm_column wpb_column vc_column_container col-sm-2\"><div class=\"vc_column-inner\"><div class=\"wpb_wrapper\"><\/div><\/div><\/div><\/div><div style=\"max-width:1300px;\" class=\"nm-row nm-row-boxed nm-row-max-width vc_row wpb_row nm-row-flex nm-row-col-middle  vc_custom_1630483776074\"><div class=\"nm_column wpb_column vc_column_container col-sm-12 vc_custom_1439335914871\"><div class=\"vc_column-inner\"><div class=\"wpb_wrapper\"><div class=\"vc_empty_space  slider-alti-bosluk\"   style=\"height: 50px\"><span class=\"vc_empty_space_inner\"><\/span><\/div><\/div><\/div><\/div><\/div><div style=\"max-width:1920px; min-height:600px; background-image:url(https:\/\/www.zirasilah.com.tr\/wp-content\/uploads\/2022\/10\/zrabnnr.png) !important;\" class=\"nm-row nm-row-boxed nm-row-max-width vc_row wpb_row nm-row-flex nm-row-col-middle nm-row-parallax nm-row-parallax-static  anasayfa-parallax-gun\"><div class=\"nm_column wpb_column vc_column_container col-sm-12 vc_custom_1635124555644\"><div class=\"vc_column-inner\"><div class=\"wpb_wrapper\"><h2 style=\"color: #ffffff;text-align: center;font-family:Abril Fatface;font-weight:400;font-style:normal\" class=\"vc_custom_heading\" >\u0627\u0646\u0636\u0645 \u0625\u0644\u0649 \u0645\u062c\u062a\u0645\u0639\u0646\u0627<\/h2>\n\t<div class=\"wpb_text_column wpb_content_element\" >\n\t\t<div class=\"wpb_wrapper\">\n\t\t\t<p style=\"color: white; text-align: center;\">\u0627\u062d\u0635\u0644 \u0639\u0644\u0649 \u0622\u062e\u0631 \u0627\u0644\u062a\u062d\u062f\u064a\u062b\u0627\u062a \u0639\u0644\u0649 \u0627\u0644\u0645\u0646\u062a\u062c\u0627\u062a \u0648\u0627\u0644\u0623\u062e\u0628\u0627\u0631 \u0648\u0627\u0644\u0623\u062d\u062f\u0627\u062b<\/p>\n\n\t\t<\/div>\n\t<\/div>\n<div role=\"form\" class=\"wpcf7\" id=\"wpcf7-f5-o1\" lang=\"en-US\" dir=\"ltr\">\n<div class=\"screen-reader-response\"><p role=\"status\" aria-live=\"polite\" aria-atomic=\"true\"><\/p> <ul><\/ul><\/div>\n<form action=\"\/ar\/wp-json\/wp\/v2\/pages\/4594#wpcf7-f5-o1\" method=\"post\" class=\"wpcf7-form init\" novalidate=\"novalidate\" data-status=\"init\" data-trp-original-action=\"\/ar\/wp-json\/wp\/v2\/pages\/4594#wpcf7-f5-o1\">\n<div style=\"display: none;\">\n<input type=\"hidden\" name=\"_wpcf7\" value=\"5\" \/>\n<input type=\"hidden\" name=\"_wpcf7_version\" value=\"5.5.2\" \/>\n<input type=\"hidden\" name=\"_wpcf7_locale\" value=\"en_US\" \/>\n<input type=\"hidden\" name=\"_wpcf7_unit_tag\" value=\"wpcf7-f5-o1\" \/>\n<input type=\"hidden\" name=\"_wpcf7_container_post\" value=\"0\" \/>\n<input type=\"hidden\" name=\"_wpcf7_posted_data_hash\" value=\"\" \/>\n<\/div>\n<p class=\"half\"><label style=\"margin-left:-60px !important;\" >\u0627\u0644\u0628\u0631\u064a\u062f \u0627\u0644\u0627\u0644\u0643\u062a\u0631\u0648\u0646\u064a<\/label> <span class=\"wpcf7-form-control-wrap your-email\"><input type=\"email\" name=\"your-email\" value=\"\" size=\"40\" class=\"wpcf7-form-control wpcf7-text wpcf7-email wpcf7-validates-as-required wpcf7-validates-as-email\" aria-required=\"true\" aria-invalid=\"false\" placeholder=\"\u0627\u0644\u0628\u0631\u064a\u062f \u0627\u0644\u0627\u0644\u0643\u062a\u0631\u0648\u0646\u064a\" \/><\/span><\/p>\n<p class=\"helfa\" style=\"color:white; font-size:12px !important;\"><span class=\"wpcf7-form-control-wrap checkbox-711\"><span class=\"wpcf7-form-control wpcf7-checkbox wpcf7-validates-as-required\"><span class=\"wpcf7-list-item first last\"><label><input type=\"checkbox\" name=\"checkbox-711[]\" value=\"\u015eartlar &amp; Ko\u015fullar ve Gizlilik Politikas\u0131n\u0131 kabul ediyorum.\" \/><span class=\"wpcf7-list-item-label\">\u0623\u0648\u0627\u0641\u0642 \u0639\u0644\u0649 \u0627\u0644\u0634\u0631\u0648\u0637 \u0648\u0627\u0644\u0623\u062d\u0643\u0627\u0645 \u0648\u0633\u064a\u0627\u0633\u0629 \u0627\u0644\u062e\u0635\u0648\u0635\u064a\u0629.<\/span><\/label><\/span><\/span><\/span><\/p>\n<p class=\"half\"><input type=\"submit\" value=\"\u0627\u0634\u062a\u0631\u0627\u0643\" class=\"wpcf7-form-control has-spinner wpcf7-submit\" \/><\/p>\n<div class=\"wpcf7-response-output\" aria-hidden=\"true\"><\/div><input type=\"hidden\" name=\"trp-form-language\" value=\"ar\"\/><\/form><\/div><\/div><\/div><\/div><\/div>","protected":false},"excerpt":{"rendered":"Anasayfa \/Blog M\u00dc\u015eTER\u0130 MEMNUN\u0130YET\u0130 M\u00fc\u015fteri talep ve beklentileri do\u011frultusunda s\u00fcre\u00e7lerimizi s\u00fcrekli iyile\u015ftirir ve m\u00fc\u015fterilerimizle uzun s\u00fcreli ili\u015fkiler kurmay\u0131 hedefleriz. \u00dcr\u00fcn ve hizmetlerimizi de\u011ferlendirmek isterseniz memnuniyet formunu doldurarak bizlere ula\u015ft\u0131rabilirsiniz. \u015e\u0130KAYET Y\u00d6NET\u0130M S\u00dcREC\u0130 Zira Silah Sanayi ve Tic. Ltd. \u015eti. olarak hizmetlerimizde, m\u00fc\u015fterilerimizin memnuniyetini en \u00fcst seviyede tutmay\u0131 hedeflemekteyiz. Bu ama\u00e7la, siz m\u00fc\u015fterilerimizin istek ve ihtiya\u00e7lar\u0131n\u0131n [...]","protected":false},"author":1,"featured_media":0,"parent":0,"menu_order":0,"comment_status":"closed","ping_status":"closed","template":"templates\/page-full.php","meta":[],"yoast_head":"<!-- This site is optimized with the Yoast SEO plugin v19.8 - https:\/\/yoast.com\/wordpress\/plugins\/seo\/ -->\n<title>M\u00fc\u015fteri \u0130li\u015fkileri &raquo; Zira Silah<\/title>\n<meta name=\"description\" content=\"M\u00fc\u015fteri ili\u015fkileri hakk\u0131nda bilgi sahibi olmak i\u00e7in t\u0131klay\u0131n\u0131z.\" \/>\n<meta name=\"robots\" content=\"index, follow, max-snippet:-1, max-image-preview:large, max-video-preview:-1\" \/>\n<link rel=\"canonical\" href=\"https:\/\/www.zirasilah.com.tr\/ar\/\u0639\u0644\u0627\u0642\u0627\u062a-\u0627\u0644\u0639\u0645\u0644\u0627\u0621\/\" \/>\n<meta property=\"og:locale\" content=\"ar_AR\" \/>\n<meta property=\"og:type\" content=\"article\" \/>\n<meta property=\"og:title\" content=\"M\u00fc\u015fteri \u0130li\u015fkileri &raquo; Zira Silah\" \/>\n<meta property=\"og:description\" content=\"M\u00fc\u015fteri ili\u015fkileri hakk\u0131nda bilgi sahibi olmak i\u00e7in t\u0131klay\u0131n\u0131z.\" \/>\n<meta property=\"og:url\" content=\"https:\/\/www.zirasilah.com.tr\/ar\/\u0639\u0644\u0627\u0642\u0627\u062a-\u0627\u0644\u0639\u0645\u0644\u0627\u0621\/\" \/>\n<meta property=\"og:site_name\" content=\"Zira Silah\" \/>\n<meta property=\"article:modified_time\" content=\"2022-10-19T13:31:33+00:00\" \/>\n<meta name=\"twitter:card\" content=\"summary_large_image\" \/>\n<meta name=\"twitter:label1\" content=\"Est. reading time\" \/>\n\t<meta name=\"twitter:data1\" content=\"3 \u062f\u0642\u0627\u0626\u0642\" \/>\n<script type=\"application\/ld+json\" class=\"yoast-schema-graph\">{\"@context\":\"https:\/\/schema.org\",\"@graph\":[{\"@type\":\"WebPage\",\"@id\":\"https:\/\/www.zirasilah.com.tr\/musteri-iliskileri\/\",\"url\":\"https:\/\/www.zirasilah.com.tr\/musteri-iliskileri\/\",\"name\":\"M\u00fc\u015fteri \u0130li\u015fkileri &raquo; Zira Silah\",\"isPartOf\":{\"@id\":\"https:\/\/www.zirasilah.com.tr\/#website\"},\"datePublished\":\"2021-12-21T10:30:08+00:00\",\"dateModified\":\"2022-10-19T13:31:33+00:00\",\"description\":\"M\u00fc\u015fteri ili\u015fkileri hakk\u0131nda bilgi sahibi olmak i\u00e7in t\u0131klay\u0131n\u0131z.\",\"breadcrumb\":{\"@id\":\"https:\/\/www.zirasilah.com.tr\/musteri-iliskileri\/#breadcrumb\"},\"inLanguage\":\"ar\",\"potentialAction\":[{\"@type\":\"ReadAction\",\"target\":[\"https:\/\/www.zirasilah.com.tr\/musteri-iliskileri\/\"]}]},{\"@type\":\"BreadcrumbList\",\"@id\":\"https:\/\/www.zirasilah.com.tr\/musteri-iliskileri\/#breadcrumb\",\"itemListElement\":[{\"@type\":\"ListItem\",\"position\":1,\"name\":\"Anasayfa\",\"item\":\"https:\/\/www.zirasilah.com.tr\/\"},{\"@type\":\"ListItem\",\"position\":2,\"name\":\"M\u00fc\u015fteri \u0130li\u015fkileri\"}]},{\"@type\":\"WebSite\",\"@id\":\"https:\/\/www.zirasilah.com.tr\/#website\",\"url\":\"https:\/\/www.zirasilah.com.tr\/\",\"name\":\"Zira Silah\",\"description\":\"Blow\",\"potentialAction\":[{\"@type\":\"SearchAction\",\"target\":{\"@type\":\"EntryPoint\",\"urlTemplate\":\"https:\/\/www.zirasilah.com.tr\/?s={search_term_string}\"},\"query-input\":\"required name=search_term_string\"}],\"inLanguage\":\"ar\"}]}<\/script>\n<!-- \/ Yoast SEO plugin. -->","yoast_head_json":{"title":"M\u00fc\u015fteri \u0130li\u015fkileri &raquo; Zira Silah","description":"M\u00fc\u015fteri ili\u015fkileri hakk\u0131nda bilgi sahibi olmak i\u00e7in t\u0131klay\u0131n\u0131z.","robots":{"index":"index","follow":"follow","max-snippet":"max-snippet:-1","max-image-preview":"max-image-preview:large","max-video-preview":"max-video-preview:-1"},"canonical":"https:\/\/www.zirasilah.com.tr\/ar\/\u0639\u0644\u0627\u0642\u0627\u062a-\u0627\u0644\u0639\u0645\u0644\u0627\u0621\/","og_locale":"ar_AR","og_type":"article","og_title":"M\u00fc\u015fteri \u0130li\u015fkileri &raquo; Zira Silah","og_description":"M\u00fc\u015fteri ili\u015fkileri hakk\u0131nda bilgi sahibi olmak i\u00e7in t\u0131klay\u0131n\u0131z.","og_url":"https:\/\/www.zirasilah.com.tr\/ar\/\u0639\u0644\u0627\u0642\u0627\u062a-\u0627\u0644\u0639\u0645\u0644\u0627\u0621\/","og_site_name":"Zira Silah","article_modified_time":"2022-10-19T13:31:33+00:00","twitter_card":"summary_large_image","twitter_misc":{"Est. reading time":"3 \u062f\u0642\u0627\u0626\u0642"},"schema":{"@context":"https:\/\/schema.org","@graph":[{"@type":"WebPage","@id":"https:\/\/www.zirasilah.com.tr\/musteri-iliskileri\/","url":"https:\/\/www.zirasilah.com.tr\/musteri-iliskileri\/","name":"M\u00fc\u015fteri \u0130li\u015fkileri &raquo; Zira Silah","isPartOf":{"@id":"https:\/\/www.zirasilah.com.tr\/#website"},"datePublished":"2021-12-21T10:30:08+00:00","dateModified":"2022-10-19T13:31:33+00:00","description":"M\u00fc\u015fteri ili\u015fkileri hakk\u0131nda bilgi sahibi olmak i\u00e7in t\u0131klay\u0131n\u0131z.","breadcrumb":{"@id":"https:\/\/www.zirasilah.com.tr\/musteri-iliskileri\/#breadcrumb"},"inLanguage":"ar","potentialAction":[{"@type":"ReadAction","target":["https:\/\/www.zirasilah.com.tr\/musteri-iliskileri\/"]}]},{"@type":"BreadcrumbList","@id":"https:\/\/www.zirasilah.com.tr\/musteri-iliskileri\/#breadcrumb","itemListElement":[{"@type":"ListItem","position":1,"name":"Anasayfa","item":"https:\/\/www.zirasilah.com.tr\/"},{"@type":"ListItem","position":2,"name":"M\u00fc\u015fteri \u0130li\u015fkileri"}]},{"@type":"WebSite","@id":"https:\/\/www.zirasilah.com.tr\/#website","url":"https:\/\/www.zirasilah.com.tr\/","name":"Zira Silah","description":"Blow","potentialAction":[{"@type":"SearchAction","target":{"@type":"EntryPoint","urlTemplate":"https:\/\/www.zirasilah.com.tr\/?s={search_term_string}"},"query-input":"required name=search_term_string"}],"inLanguage":"ar"}]}},"_links":{"self":[{"href":"https:\/\/www.zirasilah.com.tr\/ar\/wp-json\/wp\/v2\/pages\/4594"}],"collection":[{"href":"https:\/\/www.zirasilah.com.tr\/ar\/wp-json\/wp\/v2\/pages"}],"about":[{"href":"https:\/\/www.zirasilah.com.tr\/ar\/wp-json\/wp\/v2\/types\/page"}],"author":[{"embeddable":true,"href":"https:\/\/www.zirasilah.com.tr\/ar\/wp-json\/wp\/v2\/users\/1"}],"replies":[{"embeddable":true,"href":"https:\/\/www.zirasilah.com.tr\/ar\/wp-json\/wp\/v2\/comments?post=4594"}],"version-history":[{"count":16,"href":"https:\/\/www.zirasilah.com.tr\/ar\/wp-json\/wp\/v2\/pages\/4594\/revisions"}],"predecessor-version":[{"id":5261,"href":"https:\/\/www.zirasilah.com.tr\/ar\/wp-json\/wp\/v2\/pages\/4594\/revisions\/5261"}],"wp:attachment":[{"href":"https:\/\/www.zirasilah.com.tr\/ar\/wp-json\/wp\/v2\/media?parent=4594"}],"curies":[{"name":"wp","href":"https:\/\/api.w.org\/{rel}","templated":true}]}}