{"id":4404,"date":"2021-12-03T15:34:16","date_gmt":"2021-12-03T15:34:16","guid":{"rendered":"https:\/\/www.zirasilah.com.tr\/?page_id=4404"},"modified":"2022-10-19T13:31:15","modified_gmt":"2022-10-19T13:31:15","slug":"ar-ge","status":"publish","type":"page","link":"https:\/\/www.zirasilah.com.tr\/ar\/%d8%b9%d9%84%d8%a7%d9%82%d8%a7%d8%aa-%d8%a7%d9%84%d8%b9%d9%85%d9%84%d8%a7%d8%a1\/ar-ge\/","title":{"rendered":"\u0627\u0644\u0628\u062d\u062b \u0648\u0627\u0644\u062a\u0637\u0648\u064a\u0631"},"content":{"rendered":"<div style=\"max-width:1300px;\" class=\"nm-row nm-row-boxed nm-row-max-width vc_row wpb_row nm-row-flex nm-row-col-middle  vc_custom_1630483776074\"><div class=\"nm_column wpb_column vc_column_container col-sm-12 vc_custom_1439335914871\"><div class=\"vc_column-inner\"><div class=\"wpb_wrapper\"><div class=\"vc_empty_space\"   style=\"height: 50px\"><span class=\"vc_empty_space_inner\"><\/span><\/div><div class=\"vc_empty_space\"   style=\"height: 20px\"><span class=\"vc_empty_space_inner\"><\/span><\/div><\/div><\/div><\/div><\/div><div class=\"nm-row nm-row-full vc_row wpb_row  vc_custom_1639573426437\"><div class=\"nm_column wpb_column vc_column_container col-sm-12 hidden-md hidden-sm hidden-xs\"><div class=\"vc_column-inner\"><div class=\"wpb_wrapper\">\n\t<div class=\"wpb_text_column wpb_content_element\" >\n\t\t<div class=\"wpb_wrapper\">\n\t\t\t\t\t\t<!-- Flexy Breadcrumb -->\r\n\t\t\t<div class=\"fbc fbc-page\">\r\n\r\n\t\t\t\t<!-- Breadcrumb wrapper -->\r\n\t\t\t\t<div class=\"fbc-wrap\">\r\n\r\n\t\t\t\t\t<!-- Ordered list-->\r\n\t\t\t\t\t<ol class=\"fbc-items\" itemscope itemtype=\"https:\/\/schema.org\/BreadcrumbList\">\r\n\t\t\t\t\t\t            <li itemprop=\"itemListElement\" itemscope itemtype=\"https:\/\/schema.org\/ListItem\">\r\n                <span itemprop=\"name\">\r\n                    <!-- Home Link -->\r\n                    <a itemprop=\"item\" href=\"https:\/\/www.zirasilah.com.tr\/ar\">\r\n                    \r\n                        \u0627\u0644\u0635\u0641\u062d\u0629 \u0627\u0644\u0631\u0626\u064a\u0633\u064a\u0629                    <\/a>\r\n                <\/span>\r\n                <meta itemprop=\"position\" content=\"1\" \/><!-- Meta Position-->\r\n             <\/li><li><span class=\"fbc-separator\">\/<\/span><\/li><li class=\"active\" itemprop=\"itemListElement\" itemscope itemtype=\"https:\/\/schema.org\/ListItem\"><span itemprop=\"name\" title=\"Blog\">Blog<\/span><meta itemprop=\"position\" content=\"2\" \/><\/li>\t\t\t\t\t<\/ol>\r\n\t\t\t\t\t<div class=\"clearfix\"><\/div>\r\n\t\t\t\t<\/div>\r\n\t\t\t<\/div>\r\n\t\t\t\n\n\t\t<\/div>\n\t<\/div>\n<\/div><\/div><\/div><\/div><div style=\"max-width:1300px;\" class=\"nm-row nm-row-boxed nm-row-max-width vc_row wpb_row nm-row-flex nm-row-col-middle  vc_custom_1638013014177\"><div class=\"nm_column wpb_column vc_column_container col-sm-10 vc_custom_1439335914871\"><div class=\"vc_column-inner\"><div class=\"wpb_wrapper\"><div class=\"vc_empty_space\"   style=\"height: 40px\"><span class=\"vc_empty_space_inner\"><\/span><\/div><h2 style=\"font-size: 48px;color: #000000;text-align: left;font-family:Open Sans Condensed;font-weight:700;font-style:normal\" class=\"vc_custom_heading\" >\u0627\u0644\u0628\u062d\u062b \u0648\u0627\u0644\u062a\u0637\u0648\u064a\u0631<\/h2><div class=\"vc_empty_space\"   style=\"height: 40px\"><span class=\"vc_empty_space_inner\"><\/span><\/div>\n\t<div class=\"wpb_text_column wpb_content_element\" >\n\t\t<div class=\"wpb_wrapper\">\n\t\t\t<p><span style=\"color: #444444;\">\u0625\u0646\u0646\u0627 \u0628\u0635\u0641\u062a\u0647\u0627 \u0627\u0644\u0634\u0631\u0643\u0629 \u0627\u0644\u0645\u0635\u0646\u0639\u0629 \u0644\u0640 Blow \u060c \u0623\u0648\u0644 \u0639\u0644\u0627\u0645\u0629 \u062a\u062c\u0627\u0631\u064a\u0629 \u0644\u0644\u0623\u0633\u0644\u062d\u0629 \u0627\u0644\u0646\u0627\u0631\u064a\u0629 \u0641\u064a \u062a\u0631\u0643\u064a\u0627 \u060c \u062a\u0642\u062f\u0645 \u0632\u064a\u0631\u0627 \u0644\u0644\u0633\u0644\u0627\u062d \u0645\u0633\u0627\u0647\u0645\u0627\u062a \u0643\u0628\u064a\u0631\u0629 \u0641\u064a \u062a\u0637\u0648\u064a\u0631 \u0635\u0646\u0627\u0639\u0629 \u0627\u0644\u0623\u0633\u0644\u062d\u0629 \u0627\u0644\u0645\u062d\u0644\u064a\u0629 \u0648\u0627\u0644\u0639\u0627\u0644\u0645\u064a\u0629 \u0645\u0646 \u062e\u0644\u0627\u0644 \u0646\u0647\u062c\u0647\u0627 \u0627\u0644\u0645\u0628\u062a\u0643\u0631 \u0648\u0627\u0644\u0645\u0648\u062c\u0647 \u0646\u062d\u0648 \u0627\u0644\u062a\u0646\u0645\u064a\u0629.<\/span><\/p>\n<p>\u0633\u0646\u0648\u0627\u062a \u0645\u062f\u064a\u062f\u0629 \u0645\u0646 \u0627\u0644\u062e\u0628\u0631\u0629<br \/>\n\u0627\u0644\u0633\u0639\u064a \u0627\u0644\u062f\u0627\u0626\u0645 \u0644\u062a\u062d\u0642\u064a\u0642 \u0627\u0644\u062a\u0645\u064a\u0632<br \/>\n\u0627\u0644\u0625\u064a\u0645\u0627\u0646 \u0628\u0627\u0644\u0642\u064a\u0645 \u0627\u0644\u0639\u0627\u0644\u0645\u064a\u0629<br \/>\n\u0627\u0644\u0625\u064a\u0645\u0627\u0646 \u0628\u062e\u062f\u0645\u0629 \u0627\u0644\u0625\u0646\u0633\u0627\u0646\u064a\u0629<br \/>\n\u0627\u0644\u0639\u0645\u0644 \u0645\u0639 \u0641\u0631\u064a\u0642 \u0634\u0627\u0628 \u0648\u062f\u064a\u0646\u0627\u0645\u064a\u0643\u064a \u0648\u0645\u0648\u0647\u0648\u0628<br \/>\n\u0627\u0644\u062a\u0648\u062c\u0647 \u0646\u062d\u0648 \u0627\u0644\u0647\u062f\u0641 \u0648\u0627\u0644\u062d\u0644\u0648\u0644<br \/>\n\u0627\u0644\u0625\u064a\u0645\u0627\u0646 \u0631\u0636\u0627 \u0627\u0644\u0639\u0645\u0644\u0627\u0621<\/p>\n\n\t\t<\/div>\n\t<\/div>\n<div class=\"vc_empty_space\"   style=\"height: 40px\"><span class=\"vc_empty_space_inner\"><\/span><\/div>\n\t<div class=\"wpb_text_column wpb_content_element\" >\n\t\t<div class=\"wpb_wrapper\">\n\t\t\t<p><span style=\"color: #444444;\">\u0623\u062b\u0646\u0627\u0621 \u0645\u062a\u0627\u0628\u0639\u0629 \u0627\u0644\u0627\u062a\u062c\u0627\u0647\u0627\u062a \u0648\u0627\u0644\u0627\u0628\u062a\u0643\u0627\u0631\u0627\u062a \u0627\u0644\u0639\u0627\u0644\u0645\u064a\u0629 \u0639\u0644\u0649 \u0627\u0644\u0641\u0648\u0631 \u060c \u062a\u0634\u0645\u0644 \u0632\u064a\u0631\u0627 \u0644\u0644\u0633\u0644\u0627\u062d \u0623\u064a\u0636\u064b\u0627 \u0627\u0644\u062a\u0642\u0646\u064a\u0627\u062a \u0627\u0644\u0645\u062a\u0637\u0648\u0631\u0629 \u0641\u064a \u0639\u0645\u0644\u064a\u0629 \u0627\u0644\u0625\u0646\u062a\u0627\u062c \u060c \u0648\u062a\u0634\u0627\u0631\u0643 \u0645\u0639\u0631\u0641\u062a\u0647\u0627 \u0648\u062e\u0628\u0631\u062a\u0647\u0627 \u0645\u0639 \u0627\u0644\u0642\u0637\u0627\u0639 \u062d\u0648\u0644 \u062a\u0642\u0646\u064a\u0627\u062a \u062a\u0635\u0646\u064a\u0639 \u0627\u0644\u0623\u0633\u0644\u062d\u0629 \u0648\u0627\u0644\u0645\u0648\u0627\u062f \u0627\u0644\u062e\u0627\u0645 \u0641\u064a \u0627\u0644\u0645\u0633\u062a\u0642\u0628\u0644. \u0648\u0630\u0644\u0643 \u0645\u0646 \u062e\u0644\u0627\u0644 \u062a\u062e\u0635\u064a\u0635 \u0645\u0648\u0631\u062f \u0645\u0647\u0645 \u0644\u062f\u0631\u0627\u0633\u0627\u062a \u0627\u0644\u0628\u062d\u062b \u0648\u0627\u0644\u062a\u0637\u0648\u064a\u0631 \u0644\u0644\u0627\u0628\u062a\u0643\u0627\u0631\u0627\u062a \u0627\u0644\u062a\u064a \u0633\u062a\u0634\u0643\u0643 \u0641\u064a \u0627\u0644\u0645\u0639\u0627\u064a\u064a\u0631 \u0627\u0644\u062d\u0627\u0644\u064a\u0629 \u0648\u062a\u0639\u064a\u062f \u062a\u062d\u062f\u064a\u062f \u062d\u062f\u0648\u062f \u0645\u0627 \u064a\u0645\u0643\u0646 \u0627\u0644\u0642\u064a\u0627\u0645 \u0628\u0647 \u060c \u0648\u062a\u0636\u064a\u0641 \u0632\u064a\u0631\u0627 \u0644\u0644\u0633\u0644\u0627\u062d \u0642\u064a\u0645\u0629 \u0645\u0636\u0627\u0641\u0629 \u0625\u0644\u0649 \u0635\u0646\u0627\u0639\u0629 \u0627\u0644\u0623\u0633\u0644\u062d\u0629 \u0645\u0639 \u0643\u0644 \u0627\u0628\u062a\u0643\u0627\u0631 \u062a\u0637\u0648\u0631\u0647 \u0648\u064a\u0633\u0627\u0647\u0645 \u0641\u064a \u062a\u0637\u0648\u064a\u0631\u0647\u0627. \u0625\u0646\u0651 \u0632\u064a\u0631\u0627 \u0644\u0644\u0633\u0644\u0627\u062d \u0627\u0644\u062a\u064a \u062a\u0646\u0641\u0630 \u062c\u0645\u064a\u0639 \u0627\u0644\u0645\u0631\u0627\u062d\u0644 \u0627\u0628\u062a\u062f\u0627\u0621\u0627\u064b \u0645\u0646 \u062f\u062e\u0648\u0644 \u0627\u0644\u0645\u0648\u0627\u062f \u0627\u0644\u062e\u0627\u0645 \u0648\u062d\u062a\u0649 \u062a\u0642\u062f\u064a\u0645 \u0627\u0644\u0645\u0646\u062a\u062c\u0627\u062a \u0644\u0644\u0639\u0645\u0644\u0627\u0621 \u0641\u064a \u062c\u0645\u064a\u0639 \u0627\u0644\u0645\u0646\u062a\u062c\u0627\u062a \u0627\u0644\u062a\u064a \u062a\u0646\u062a\u062c\u0647\u0627 \u060c \u0648\u0630\u0644\u0643 \u0648\u0641\u0642\u064b\u0627 \u0644\u0644\u0645\u0639\u0627\u064a\u064a\u0631 \u0627\u0644\u0645\u062d\u0644\u064a\u0629 \u0648\u0627\u0644\u062f\u0648\u0644\u064a\u0629 \u060c \u0627\u0644\u0630\u064a \u062a\u0647\u062f\u0641 \u0645\u0646 \u062e\u0644\u0627\u0644\u0647 \u0625\u0644\u0649 \u0627\u0644\u0625\u0646\u062a\u0627\u062c \u0628\u0623\u0642\u0644 \u0646\u0633\u0628\u0629 \u062e\u0637\u0623.<\/span><\/p>\n\n\t\t<\/div>\n\t<\/div>\n<\/div><\/div><\/div><div class=\"nm_column wpb_column vc_column_container col-sm-2\"><div class=\"vc_column-inner\"><div class=\"wpb_wrapper\"><\/div><\/div><\/div><\/div><div style=\"max-width:1300px;\" class=\"nm-row nm-row-boxed nm-row-max-width vc_row wpb_row nm-row-flex nm-row-col-middle  vc_custom_1630483776074\"><div class=\"nm_column wpb_column vc_column_container col-sm-12 vc_custom_1439335914871\"><div class=\"vc_column-inner\"><div class=\"wpb_wrapper\"><div class=\"vc_empty_space  slider-alti-bosluk\"   style=\"height: 50px\"><span class=\"vc_empty_space_inner\"><\/span><\/div><\/div><\/div><\/div><\/div><div style=\"max-width:1920px; min-height:600px; background-image:url(https:\/\/www.zirasilah.com.tr\/wp-content\/uploads\/2022\/10\/zrabnnr.png) !important;\" class=\"nm-row nm-row-boxed nm-row-max-width vc_row wpb_row nm-row-flex nm-row-col-middle nm-row-parallax nm-row-parallax-static  anasayfa-parallax-gun\"><div class=\"nm_column wpb_column vc_column_container col-sm-12 vc_custom_1635124555644\"><div class=\"vc_column-inner\"><div class=\"wpb_wrapper\"><h2 style=\"color: #ffffff;text-align: center;font-family:Abril Fatface;font-weight:400;font-style:normal\" class=\"vc_custom_heading\" >\u0627\u0646\u0636\u0645 \u0625\u0644\u0649 \u0645\u062c\u062a\u0645\u0639\u0646\u0627<\/h2>\n\t<div class=\"wpb_text_column wpb_content_element\" >\n\t\t<div class=\"wpb_wrapper\">\n\t\t\t<p style=\"color: white; text-align: center;\">\u0627\u062d\u0635\u0644 \u0639\u0644\u0649 \u0622\u062e\u0631 \u0627\u0644\u062a\u062d\u062f\u064a\u062b\u0627\u062a \u0639\u0644\u0649 \u0627\u0644\u0645\u0646\u062a\u062c\u0627\u062a \u0648\u0627\u0644\u0623\u062e\u0628\u0627\u0631 \u0648\u0627\u0644\u0623\u062d\u062f\u0627\u062b<\/p>\n\n\t\t<\/div>\n\t<\/div>\n<div role=\"form\" class=\"wpcf7\" id=\"wpcf7-f5-o1\" lang=\"en-US\" dir=\"ltr\">\n<div class=\"screen-reader-response\"><p role=\"status\" aria-live=\"polite\" aria-atomic=\"true\"><\/p> <ul><\/ul><\/div>\n<form action=\"\/ar\/wp-json\/wp\/v2\/pages\/4404#wpcf7-f5-o1\" method=\"post\" class=\"wpcf7-form init\" novalidate=\"novalidate\" data-status=\"init\" data-trp-original-action=\"\/ar\/wp-json\/wp\/v2\/pages\/4404#wpcf7-f5-o1\">\n<div style=\"display: none;\">\n<input type=\"hidden\" name=\"_wpcf7\" value=\"5\" \/>\n<input type=\"hidden\" name=\"_wpcf7_version\" value=\"5.5.2\" \/>\n<input type=\"hidden\" name=\"_wpcf7_locale\" value=\"en_US\" \/>\n<input type=\"hidden\" name=\"_wpcf7_unit_tag\" value=\"wpcf7-f5-o1\" \/>\n<input type=\"hidden\" name=\"_wpcf7_container_post\" value=\"0\" \/>\n<input type=\"hidden\" name=\"_wpcf7_posted_data_hash\" value=\"\" \/>\n<\/div>\n<p class=\"half\"><label style=\"margin-left:-60px !important;\" >\u0627\u0644\u0628\u0631\u064a\u062f \u0627\u0644\u0627\u0644\u0643\u062a\u0631\u0648\u0646\u064a<\/label> <span class=\"wpcf7-form-control-wrap your-email\"><input type=\"email\" name=\"your-email\" value=\"\" size=\"40\" class=\"wpcf7-form-control wpcf7-text wpcf7-email wpcf7-validates-as-required wpcf7-validates-as-email\" aria-required=\"true\" aria-invalid=\"false\" placeholder=\"\u0627\u0644\u0628\u0631\u064a\u062f \u0627\u0644\u0627\u0644\u0643\u062a\u0631\u0648\u0646\u064a\" \/><\/span><\/p>\n<p class=\"helfa\" style=\"color:white; font-size:12px !important;\"><span class=\"wpcf7-form-control-wrap checkbox-711\"><span class=\"wpcf7-form-control wpcf7-checkbox wpcf7-validates-as-required\"><span class=\"wpcf7-list-item first last\"><label><input type=\"checkbox\" name=\"checkbox-711[]\" value=\"\u015eartlar &amp; Ko\u015fullar ve Gizlilik Politikas\u0131n\u0131 kabul ediyorum.\" \/><span class=\"wpcf7-list-item-label\">\u0623\u0648\u0627\u0641\u0642 \u0639\u0644\u0649 \u0627\u0644\u0634\u0631\u0648\u0637 \u0648\u0627\u0644\u0623\u062d\u0643\u0627\u0645 \u0648\u0633\u064a\u0627\u0633\u0629 \u0627\u0644\u062e\u0635\u0648\u0635\u064a\u0629.<\/span><\/label><\/span><\/span><\/span><\/p>\n<p class=\"half\"><input type=\"submit\" value=\"\u0627\u0634\u062a\u0631\u0627\u0643\" class=\"wpcf7-form-control has-spinner wpcf7-submit\" \/><\/p>\n<div class=\"wpcf7-response-output\" aria-hidden=\"true\"><\/div><input type=\"hidden\" name=\"trp-form-language\" value=\"ar\"\/><\/form><\/div><\/div><\/div><\/div><\/div>","protected":false},"excerpt":{"rendered":"Anasayfa \/Blog AR-GE T\u00fcrkiye'nin ilk kuru s\u0131k\u0131 silah markas\u0131 Blow'un \u00fcreticisi olan Zira Silah, yenilik\u00e7i ve geli\u015fim odakl\u0131 yakla\u015f\u0131m\u0131yla yerli ve global silah sanayinin geli\u015fmesine \u00f6nemli katk\u0131lar sa\u011flamaktad\u0131r. Uzun y\u0131llar\u0131n tecr\u00fcbesi Daima m\u00fckemmellik aray\u0131\u015f\u0131 i\u00e7inde olmak Evrensel de\u011ferlere inanmak \u0130nsanl\u0131\u011fa hizmete inanmak Gen\u00e7, dinamik ve yetenekli bir ekiple \u00e7al\u0131\u015fmak Hedef ve \u00e7\u00f6z\u00fcm odakl\u0131 olmak M\u00fc\u015fteri [...]","protected":false},"author":1,"featured_media":0,"parent":4594,"menu_order":0,"comment_status":"closed","ping_status":"closed","template":"templates\/page-full.php","meta":[],"yoast_head":"<!-- This site is optimized with the Yoast SEO plugin v19.8 - https:\/\/yoast.com\/wordpress\/plugins\/seo\/ -->\n<title>Ar-ge &raquo; Zira Silah<\/title>\n<meta name=\"description\" content=\"Ar-ge ile ilgili detaylara buradan ula\u015fabilirsiniz.\" \/>\n<meta name=\"robots\" content=\"index, follow, max-snippet:-1, max-image-preview:large, max-video-preview:-1\" \/>\n<link rel=\"canonical\" href=\"https:\/\/www.zirasilah.com.tr\/ar\/\u0639\u0644\u0627\u0642\u0627\u062a-\u0627\u0644\u0639\u0645\u0644\u0627\u0621\/ar-ge\/\" \/>\n<meta property=\"og:locale\" content=\"ar_AR\" \/>\n<meta property=\"og:type\" content=\"article\" \/>\n<meta property=\"og:title\" content=\"Ar-ge &raquo; Zira Silah\" \/>\n<meta property=\"og:description\" content=\"Ar-ge ile ilgili detaylara buradan ula\u015fabilirsiniz.\" \/>\n<meta property=\"og:url\" content=\"https:\/\/www.zirasilah.com.tr\/ar\/\u0639\u0644\u0627\u0642\u0627\u062a-\u0627\u0644\u0639\u0645\u0644\u0627\u0621\/ar-ge\/\" \/>\n<meta property=\"og:site_name\" content=\"Zira Silah\" \/>\n<meta property=\"article:modified_time\" content=\"2022-10-19T13:31:15+00:00\" \/>\n<meta name=\"twitter:card\" content=\"summary_large_image\" \/>\n<meta name=\"twitter:label1\" content=\"Est. reading time\" \/>\n\t<meta name=\"twitter:data1\" content=\"\u062f\u0642\u064a\u0642\u062a\u0627\u0646\" \/>\n<script type=\"application\/ld+json\" class=\"yoast-schema-graph\">{\"@context\":\"https:\/\/schema.org\",\"@graph\":[{\"@type\":\"WebPage\",\"@id\":\"https:\/\/www.zirasilah.com.tr\/musteri-iliskileri\/ar-ge\/\",\"url\":\"https:\/\/www.zirasilah.com.tr\/musteri-iliskileri\/ar-ge\/\",\"name\":\"Ar-ge &raquo; Zira Silah\",\"isPartOf\":{\"@id\":\"https:\/\/www.zirasilah.com.tr\/#website\"},\"datePublished\":\"2021-12-03T15:34:16+00:00\",\"dateModified\":\"2022-10-19T13:31:15+00:00\",\"description\":\"Ar-ge ile ilgili detaylara buradan ula\u015fabilirsiniz.\",\"breadcrumb\":{\"@id\":\"https:\/\/www.zirasilah.com.tr\/musteri-iliskileri\/ar-ge\/#breadcrumb\"},\"inLanguage\":\"ar\",\"potentialAction\":[{\"@type\":\"ReadAction\",\"target\":[\"https:\/\/www.zirasilah.com.tr\/musteri-iliskileri\/ar-ge\/\"]}]},{\"@type\":\"BreadcrumbList\",\"@id\":\"https:\/\/www.zirasilah.com.tr\/musteri-iliskileri\/ar-ge\/#breadcrumb\",\"itemListElement\":[{\"@type\":\"ListItem\",\"position\":1,\"name\":\"Anasayfa\",\"item\":\"https:\/\/www.zirasilah.com.tr\/\"},{\"@type\":\"ListItem\",\"position\":2,\"name\":\"M\u00fc\u015fteri \u0130li\u015fkileri\",\"item\":\"https:\/\/www.zirasilah.com.tr\/musteri-iliskileri\/\"},{\"@type\":\"ListItem\",\"position\":3,\"name\":\"Ar-ge\"}]},{\"@type\":\"WebSite\",\"@id\":\"https:\/\/www.zirasilah.com.tr\/#website\",\"url\":\"https:\/\/www.zirasilah.com.tr\/\",\"name\":\"Zira Silah\",\"description\":\"Blow\",\"potentialAction\":[{\"@type\":\"SearchAction\",\"target\":{\"@type\":\"EntryPoint\",\"urlTemplate\":\"https:\/\/www.zirasilah.com.tr\/?s={search_term_string}\"},\"query-input\":\"required name=search_term_string\"}],\"inLanguage\":\"ar\"}]}<\/script>\n<!-- \/ Yoast SEO plugin. -->","yoast_head_json":{"title":"Ar-ge &raquo; Zira Silah","description":"Ar-ge ile ilgili detaylara buradan ula\u015fabilirsiniz.","robots":{"index":"index","follow":"follow","max-snippet":"max-snippet:-1","max-image-preview":"max-image-preview:large","max-video-preview":"max-video-preview:-1"},"canonical":"https:\/\/www.zirasilah.com.tr\/ar\/\u0639\u0644\u0627\u0642\u0627\u062a-\u0627\u0644\u0639\u0645\u0644\u0627\u0621\/ar-ge\/","og_locale":"ar_AR","og_type":"article","og_title":"Ar-ge &raquo; Zira Silah","og_description":"Ar-ge ile ilgili detaylara buradan ula\u015fabilirsiniz.","og_url":"https:\/\/www.zirasilah.com.tr\/ar\/\u0639\u0644\u0627\u0642\u0627\u062a-\u0627\u0644\u0639\u0645\u0644\u0627\u0621\/ar-ge\/","og_site_name":"Zira Silah","article_modified_time":"2022-10-19T13:31:15+00:00","twitter_card":"summary_large_image","twitter_misc":{"Est. reading time":"\u062f\u0642\u064a\u0642\u062a\u0627\u0646"},"schema":{"@context":"https:\/\/schema.org","@graph":[{"@type":"WebPage","@id":"https:\/\/www.zirasilah.com.tr\/musteri-iliskileri\/ar-ge\/","url":"https:\/\/www.zirasilah.com.tr\/musteri-iliskileri\/ar-ge\/","name":"Ar-ge &raquo; Zira Silah","isPartOf":{"@id":"https:\/\/www.zirasilah.com.tr\/#website"},"datePublished":"2021-12-03T15:34:16+00:00","dateModified":"2022-10-19T13:31:15+00:00","description":"Ar-ge ile ilgili detaylara buradan ula\u015fabilirsiniz.","breadcrumb":{"@id":"https:\/\/www.zirasilah.com.tr\/musteri-iliskileri\/ar-ge\/#breadcrumb"},"inLanguage":"ar","potentialAction":[{"@type":"ReadAction","target":["https:\/\/www.zirasilah.com.tr\/musteri-iliskileri\/ar-ge\/"]}]},{"@type":"BreadcrumbList","@id":"https:\/\/www.zirasilah.com.tr\/musteri-iliskileri\/ar-ge\/#breadcrumb","itemListElement":[{"@type":"ListItem","position":1,"name":"Anasayfa","item":"https:\/\/www.zirasilah.com.tr\/"},{"@type":"ListItem","position":2,"name":"M\u00fc\u015fteri \u0130li\u015fkileri","item":"https:\/\/www.zirasilah.com.tr\/musteri-iliskileri\/"},{"@type":"ListItem","position":3,"name":"Ar-ge"}]},{"@type":"WebSite","@id":"https:\/\/www.zirasilah.com.tr\/#website","url":"https:\/\/www.zirasilah.com.tr\/","name":"Zira Silah","description":"Blow","potentialAction":[{"@type":"SearchAction","target":{"@type":"EntryPoint","urlTemplate":"https:\/\/www.zirasilah.com.tr\/?s={search_term_string}"},"query-input":"required name=search_term_string"}],"inLanguage":"ar"}]}},"_links":{"self":[{"href":"https:\/\/www.zirasilah.com.tr\/ar\/wp-json\/wp\/v2\/pages\/4404"}],"collection":[{"href":"https:\/\/www.zirasilah.com.tr\/ar\/wp-json\/wp\/v2\/pages"}],"about":[{"href":"https:\/\/www.zirasilah.com.tr\/ar\/wp-json\/wp\/v2\/types\/page"}],"author":[{"embeddable":true,"href":"https:\/\/www.zirasilah.com.tr\/ar\/wp-json\/wp\/v2\/users\/1"}],"replies":[{"embeddable":true,"href":"https:\/\/www.zirasilah.com.tr\/ar\/wp-json\/wp\/v2\/comments?post=4404"}],"version-history":[{"count":13,"href":"https:\/\/www.zirasilah.com.tr\/ar\/wp-json\/wp\/v2\/pages\/4404\/revisions"}],"predecessor-version":[{"id":8798,"href":"https:\/\/www.zirasilah.com.tr\/ar\/wp-json\/wp\/v2\/pages\/4404\/revisions\/8798"}],"up":[{"embeddable":true,"href":"https:\/\/www.zirasilah.com.tr\/ar\/wp-json\/wp\/v2\/pages\/4594"}],"wp:attachment":[{"href":"https:\/\/www.zirasilah.com.tr\/ar\/wp-json\/wp\/v2\/media?parent=4404"}],"curies":[{"name":"wp","href":"https:\/\/api.w.org\/{rel}","templated":true}]}}